{"id":1510,"date":"2017-04-04T16:29:46","date_gmt":"2017-04-04T14:29:46","guid":{"rendered":"http:\/\/www.jugend-im-berggebiet.ch\/?page_id=1510"},"modified":"2025-11-08T15:04:47","modified_gmt":"2025-11-08T14:04:47","slug":"fluehli-soerenberg-lu","status":"publish","type":"page","link":"https:\/\/www.jugend-im-berggebiet.ch\/fr\/un-label-pour-les-communes__trashed\/fluehli-soerenberg-lu\/","title":{"rendered":"Fl\u00fchli-S\u00f6renberg (LU)"},"content":{"rendered":"\n<h2 class=\"wp-block-heading\">Principales caract\u00e9ristiques<\/h2>\n\n\n\n<div class=\"wp-block-columns is-layout-flex wp-container-core-columns-is-layout-9d6595d7 wp-block-columns-is-layout-flex\">\n<div class=\"wp-block-column is-layout-flow wp-block-column-is-layout-flow\" style=\"flex-basis:66.66%\">\n<ul class=\"wp-block-list\">\n<li>Canton&nbsp;: Lucerne<\/li>\n\n\n\n<li>R\u00e9gion : Entlebuch<\/li>\n\n\n\n<li>Habitants : 1&rsquo;985<\/li>\n\n\n\n<li>Langue officielle : Allemand<\/li>\n\n\n\n<li>Superficie en km<sup>2<\/sup>&nbsp;: 108<\/li>\n\n\n\n<li>Point le plus haut : 2&rsquo;350 m d\u2019altitude (Brienzer Rothorn)<\/li>\n\n\n\n<li>Point le plus bas : 803 m d\u2019altitude (Waldemme)<\/li>\n\n\n\n<li>Site web : <a href=\"http:\/\/www.fluehli.ch\" data-type=\"link\" data-id=\"www.fluehli.ch\" target=\"_blank\" rel=\"noreferrer noopener\">www.fluehli.ch<\/a><\/li>\n\n\n\n<li>Obtention du label&nbsp;: 2016<\/li>\n<\/ul>\n\n\n\n<hr class=\"wp-block-separator has-css-opacity aligncenter is-style-dots\"\/>\n\n\n\n<h2 class=\"wp-block-heading\">R\u00e9ussites<\/h2>\n\n\n\n<p>La commune de Fl\u00fchli propose diff\u00e9rentes <strong>possibilit\u00e9s de participation<\/strong> aux adolescents du secondaire et aux jeunes adultes \u00e0 partir de 16 ans.<\/p>\n\n\n\n<p>Une \u00e9quipe du local des jeunes, une nouvelle association appel\u00e9e \u00ab 6173 Crew \u00bb destin\u00e9e aux jeunes de plus de 16 ans, les journ\u00e9es culturelles pour les jeunes (<a href=\"https:\/\/www.jugendkulturtage.ch\/\" target=\"_blank\" rel=\"noreferrer noopener\"><strong>Jugendkulturtage Amt Entlebuch<\/strong><\/a>), des projets en int\u00e9rieur et en ext\u00e9rieur et un point de contact facilement accessible permettent de toucher un large public.<\/p>\n\n\n\n<p>La commune de Fl\u00fchli s&rsquo;appuie sur les principes professionnels de <strong>l&rsquo;animation de jeunesse<\/strong> (en allemand: Offene Jugendarbeit). Cette approche favorise la durabilit\u00e9 et donc la participation.<\/p>\n\n\n\n<p><strong>Site web de l&rsquo;animation de jeunesse Sch\u00fcpfheim-Fl\u00fchli-S\u00f6renberg :<\/strong><br><strong><a href=\"http:\/\/www.jugendarbeit-sfs.ch\" data-type=\"link\" data-id=\"www.jugendarbeit-sfs.ch\" target=\"_blank\" rel=\"noreferrer noopener\">www.jugendarbeit-sfs.ch<\/a><\/strong><\/p>\n\n\n\n<hr class=\"wp-block-separator has-text-color has-black-color has-css-opacity has-black-background-color has-background aligncenter is-style-dots\"\/>\n\n\n\n<h2 class=\"wp-block-heading\">Projets en cours<\/h2>\n\n\n\n<ul class=\"wp-block-list\">\n<li><strong>Bureau des jeunes de Fl\u00fchli<\/strong> <strong>:<\/strong> recherche d&rsquo;un nouvel emplacement<\/li>\n\n\n\n<li><strong>Local des jeunes <em>Reggy<\/em><\/strong> : renforcer l&rsquo;accompagnement les vendredis soirs par un sp\u00e9cialiste suppl\u00e9mentaire, planifier \u00e0 l&rsquo;avance les changements grands \u00e0 venir au sein de l&rsquo;\u00e9quipe, proposer des soir\u00e9es ouvertes aux jeunes \u00e2g\u00e9s de 12 \u00e0 15 ans <strong><strong><u>et<\/u><\/strong><\/strong> de plus de 16 ans<\/li>\n\n\n\n<li>\u00c9valuer et r\u00e9pertorier la <strong>disponibilit\u00e9 des locaux<\/strong> pour d&rsquo;\u00e9ventuelles f\u00eates d&rsquo;anniversaire ou salles pour des groupes d&rsquo;amis \u00e0 Fl\u00fchli.<\/li>\n\n\n\n<li><strong>\u00c9quipe de la confirmation<\/strong> : \u00e9valuation du concept de la confirmation (\u00e2ge des confirmands, accompagnateurs, contenu)<\/li>\n\n\n\n<li><strong>Projets pour les jeunes avec moins de 16 ans<\/strong> : accompagner huit projets visant l&rsquo;auto-organisation<\/li>\n\n\n\n<li><strong>Projets pour les jeunes avec plus de 16 ans<\/strong> : soutenir davantage les besoins \/ projets, fid\u00e8les \u00e0 la devise \u00ab aider&nbsp;\u00e0 s&rsquo;aider&nbsp;soi-m\u00eame \u00bb<\/li>\n\n\n\n<li><strong>Lancer des projets sp\u00e9cifiques au genre<\/strong> : organiser deux cours d&rsquo;autod\u00e9fense pour les jeunes<\/li>\n\n\n\n<li><strong>Parents<\/strong> : organiser la soir\u00e9e des parents \u00ab vapes, snus, cannabis, tabac \u00e0 priser \u00bb en collaboration avec la direction de l&rsquo;\u00e9cole et le service social scolaire<\/li>\n\n\n\n<li><strong>Jeunes 16+<\/strong> : r\u00e9alisation de l&rsquo;atelier pr\u00e9vu et de la premi\u00e8re partie du <a href=\"https:\/\/www.hslu.ch\/de-ch\/hochschule-luzern\/forschung\/projekte\/detail\/?pid=6772\" data-type=\"link\" data-id=\"https:\/\/www.hslu.ch\/de-ch\/hochschule-luzern\/forschung\/projekte\/detail\/?pid=6772\">projet 16+<\/a> (partenaires HSLU, REGIO WEST)<\/li>\n<\/ul>\n\n\n\n<hr class=\"wp-block-separator has-text-color has-black-color has-css-opacity has-black-background-color has-background aligncenter is-style-dots\"\/>\n\n\n\n<h2 class=\"wp-block-heading\">Difficult\u00e9s<\/h2>\n\n\n\n<ul class=\"wp-block-list\">\n<li>Emplacement du bureau des jeunes \/ du point de contact<\/li>\n\n\n\n<li>Temps consacr\u00e9 \u00e0 l&rsquo;analyse et \u00e0 la satisfaction des besoins des adolescents \/ jeunes adultes dans le cadre d&rsquo;un atelier<\/li>\n<\/ul>\n\n\n\n<hr class=\"wp-block-separator has-text-color has-black-color has-css-opacity has-black-background-color has-background aligncenter is-style-dots\"\/>\n<\/div>\n\n\n\n<div class=\"wp-block-column is-layout-flow wp-block-column-is-layout-flow\" style=\"flex-basis:33.33%\">\n<figure class=\"wp-block-image size-full\"><a href=\"https:\/\/www.jugend-im-berggebiet.ch\/wp-content\/uploads\/2025\/07\/Fluehli-Soerenberg.png\"><img loading=\"lazy\" decoding=\"async\" width=\"526\" height=\"357\" src=\"https:\/\/www.jugend-im-berggebiet.ch\/wp-content\/uploads\/2025\/07\/Fluehli-Soerenberg.png\" alt=\"\" class=\"wp-image-6606\" srcset=\"https:\/\/www.jugend-im-berggebiet.ch\/wp-content\/uploads\/2025\/07\/Fluehli-Soerenberg.png 526w, https:\/\/www.jugend-im-berggebiet.ch\/wp-content\/uploads\/2025\/07\/Fluehli-Soerenberg-300x204.png 300w\" sizes=\"auto, (max-width: 526px) 100vw, 526px\" \/><\/a><\/figure>\n<\/div>\n<\/div>\n\n\n\n<h2 class=\"wp-block-heading\">Images<\/h2>\n\n\n\n<figure class=\"wp-block-gallery has-nested-images columns-default is-cropped wp-block-gallery-1 is-layout-flex wp-block-gallery-is-layout-flex\">\n<figure class=\"wp-block-image size-large\"><a href=\"https:\/\/www.jugend-im-berggebiet.ch\/wp-content\/uploads\/2025\/07\/Vorplatzgestaltung-Jugendtreff-30.08.23-scaled.jpg\"><img loading=\"lazy\" decoding=\"async\" width=\"1024\" height=\"768\" data-id=\"6646\" src=\"https:\/\/www.jugend-im-berggebiet.ch\/wp-content\/uploads\/2025\/07\/Vorplatzgestaltung-Jugendtreff-30.08.23-1024x768.jpg\" alt=\"\" class=\"wp-image-6646\" srcset=\"https:\/\/www.jugend-im-berggebiet.ch\/wp-content\/uploads\/2025\/07\/Vorplatzgestaltung-Jugendtreff-30.08.23-1024x768.jpg 1024w, https:\/\/www.jugend-im-berggebiet.ch\/wp-content\/uploads\/2025\/07\/Vorplatzgestaltung-Jugendtreff-30.08.23-300x225.jpg 300w, https:\/\/www.jugend-im-berggebiet.ch\/wp-content\/uploads\/2025\/07\/Vorplatzgestaltung-Jugendtreff-30.08.23-768x576.jpg 768w, https:\/\/www.jugend-im-berggebiet.ch\/wp-content\/uploads\/2025\/07\/Vorplatzgestaltung-Jugendtreff-30.08.23-1536x1152.jpg 1536w, https:\/\/www.jugend-im-berggebiet.ch\/wp-content\/uploads\/2025\/07\/Vorplatzgestaltung-Jugendtreff-30.08.23-2048x1536.jpg 2048w\" sizes=\"auto, (max-width: 1024px) 100vw, 1024px\" \/><\/a><figcaption class=\"wp-element-caption\">Des jeunes am\u00e9nagent le parvis du local de jeunesse<\/figcaption><\/figure>\n\n\n\n<figure class=\"wp-block-image size-large\"><a href=\"https:\/\/www.jugend-im-berggebiet.ch\/wp-content\/uploads\/2025\/07\/Freaky-Friday-Jugendfestival-12.05.23-scaled.jpg\"><img loading=\"lazy\" decoding=\"async\" width=\"1024\" height=\"768\" data-id=\"6633\" src=\"https:\/\/www.jugend-im-berggebiet.ch\/wp-content\/uploads\/2025\/07\/Freaky-Friday-Jugendfestival-12.05.23-1024x768.jpg\" alt=\"\" class=\"wp-image-6633\" srcset=\"https:\/\/www.jugend-im-berggebiet.ch\/wp-content\/uploads\/2025\/07\/Freaky-Friday-Jugendfestival-12.05.23-1024x768.jpg 1024w, https:\/\/www.jugend-im-berggebiet.ch\/wp-content\/uploads\/2025\/07\/Freaky-Friday-Jugendfestival-12.05.23-300x225.jpg 300w, https:\/\/www.jugend-im-berggebiet.ch\/wp-content\/uploads\/2025\/07\/Freaky-Friday-Jugendfestival-12.05.23-768x576.jpg 768w, https:\/\/www.jugend-im-berggebiet.ch\/wp-content\/uploads\/2025\/07\/Freaky-Friday-Jugendfestival-12.05.23-1536x1152.jpg 1536w, https:\/\/www.jugend-im-berggebiet.ch\/wp-content\/uploads\/2025\/07\/Freaky-Friday-Jugendfestival-12.05.23-2048x1536.jpg 2048w\" sizes=\"auto, (max-width: 1024px) 100vw, 1024px\" \/><\/a><figcaption class=\"wp-element-caption\">Le festival jeunesse \u00ab Freaky Friday \u00bb<\/figcaption><\/figure>\n\n\n\n<figure class=\"wp-block-image size-large\"><a href=\"https:\/\/www.jugend-im-berggebiet.ch\/wp-content\/uploads\/2025\/07\/Lichtbildprojekt-29.09.23-scaled.jpg\"><img loading=\"lazy\" decoding=\"async\" width=\"1024\" height=\"768\" data-id=\"6629\" src=\"https:\/\/www.jugend-im-berggebiet.ch\/wp-content\/uploads\/2025\/07\/Lichtbildprojekt-29.09.23-1024x768.jpg\" alt=\"\" class=\"wp-image-6629\" srcset=\"https:\/\/www.jugend-im-berggebiet.ch\/wp-content\/uploads\/2025\/07\/Lichtbildprojekt-29.09.23-1024x768.jpg 1024w, https:\/\/www.jugend-im-berggebiet.ch\/wp-content\/uploads\/2025\/07\/Lichtbildprojekt-29.09.23-300x225.jpg 300w, https:\/\/www.jugend-im-berggebiet.ch\/wp-content\/uploads\/2025\/07\/Lichtbildprojekt-29.09.23-768x576.jpg 768w, https:\/\/www.jugend-im-berggebiet.ch\/wp-content\/uploads\/2025\/07\/Lichtbildprojekt-29.09.23-1536x1152.jpg 1536w, https:\/\/www.jugend-im-berggebiet.ch\/wp-content\/uploads\/2025\/07\/Lichtbildprojekt-29.09.23-2048x1536.jpg 2048w\" sizes=\"auto, (max-width: 1024px) 100vw, 1024px\" \/><\/a><figcaption class=\"wp-element-caption\">Projet de cr\u00e9ation d&rsquo;images avec des lumi\u00e8res.<\/figcaption><\/figure>\n\n\n\n<figure class=\"wp-block-image size-large\"><a href=\"https:\/\/www.jugend-im-berggebiet.ch\/wp-content\/uploads\/2025\/07\/Schrattenfluh-mit-Dorf-Soerenberg-und-Rothornkette-vom-19.10.2024-erstellt-durch-Guido-Kueng-Fluehli-\u00a9-3-scaled.jpg\"><img loading=\"lazy\" decoding=\"async\" width=\"1024\" height=\"683\" data-id=\"6638\" src=\"https:\/\/www.jugend-im-berggebiet.ch\/wp-content\/uploads\/2025\/07\/Schrattenfluh-mit-Dorf-Soerenberg-und-Rothornkette-vom-19.10.2024-erstellt-durch-Guido-Kueng-Fluehli-\u00a9-3-1024x683.jpg\" alt=\"\" class=\"wp-image-6638\" srcset=\"https:\/\/www.jugend-im-berggebiet.ch\/wp-content\/uploads\/2025\/07\/Schrattenfluh-mit-Dorf-Soerenberg-und-Rothornkette-vom-19.10.2024-erstellt-durch-Guido-Kueng-Fluehli-\u00a9-3-1024x683.jpg 1024w, https:\/\/www.jugend-im-berggebiet.ch\/wp-content\/uploads\/2025\/07\/Schrattenfluh-mit-Dorf-Soerenberg-und-Rothornkette-vom-19.10.2024-erstellt-durch-Guido-Kueng-Fluehli-\u00a9-3-300x200.jpg 300w, https:\/\/www.jugend-im-berggebiet.ch\/wp-content\/uploads\/2025\/07\/Schrattenfluh-mit-Dorf-Soerenberg-und-Rothornkette-vom-19.10.2024-erstellt-durch-Guido-Kueng-Fluehli-\u00a9-3-768x512.jpg 768w, https:\/\/www.jugend-im-berggebiet.ch\/wp-content\/uploads\/2025\/07\/Schrattenfluh-mit-Dorf-Soerenberg-und-Rothornkette-vom-19.10.2024-erstellt-durch-Guido-Kueng-Fluehli-\u00a9-3-1536x1024.jpg 1536w, https:\/\/www.jugend-im-berggebiet.ch\/wp-content\/uploads\/2025\/07\/Schrattenfluh-mit-Dorf-Soerenberg-und-Rothornkette-vom-19.10.2024-erstellt-durch-Guido-Kueng-Fluehli-\u00a9-3-2048x1365.jpg 2048w\" sizes=\"auto, (max-width: 1024px) 100vw, 1024px\" \/><\/a><figcaption class=\"wp-element-caption\">Vue depuis Schrattenfluh sur S\u00f6renberg et la cha\u00eene du Rothorn<\/figcaption><\/figure>\n\n\n\n<figure class=\"wp-block-image size-large\"><a href=\"https:\/\/www.jugend-im-berggebiet.ch\/wp-content\/uploads\/2025\/07\/Hagleren-im-Herbst-vom-12.10.2018-erstellt-durch-Guido-Kueng-Fluehli-\u00a9-scaled.jpg\"><img loading=\"lazy\" decoding=\"async\" width=\"1024\" height=\"683\" data-id=\"6642\" src=\"https:\/\/www.jugend-im-berggebiet.ch\/wp-content\/uploads\/2025\/07\/Hagleren-im-Herbst-vom-12.10.2018-erstellt-durch-Guido-Kueng-Fluehli-\u00a9-1024x683.jpg\" alt=\"\" class=\"wp-image-6642\" srcset=\"https:\/\/www.jugend-im-berggebiet.ch\/wp-content\/uploads\/2025\/07\/Hagleren-im-Herbst-vom-12.10.2018-erstellt-durch-Guido-Kueng-Fluehli-\u00a9-1024x683.jpg 1024w, https:\/\/www.jugend-im-berggebiet.ch\/wp-content\/uploads\/2025\/07\/Hagleren-im-Herbst-vom-12.10.2018-erstellt-durch-Guido-Kueng-Fluehli-\u00a9-300x200.jpg 300w, https:\/\/www.jugend-im-berggebiet.ch\/wp-content\/uploads\/2025\/07\/Hagleren-im-Herbst-vom-12.10.2018-erstellt-durch-Guido-Kueng-Fluehli-\u00a9-768x512.jpg 768w, https:\/\/www.jugend-im-berggebiet.ch\/wp-content\/uploads\/2025\/07\/Hagleren-im-Herbst-vom-12.10.2018-erstellt-durch-Guido-Kueng-Fluehli-\u00a9-1536x1024.jpg 1536w, https:\/\/www.jugend-im-berggebiet.ch\/wp-content\/uploads\/2025\/07\/Hagleren-im-Herbst-vom-12.10.2018-erstellt-durch-Guido-Kueng-Fluehli-\u00a9-2048x1365.jpg 2048w\" sizes=\"auto, (max-width: 1024px) 100vw, 1024px\" \/><\/a><figcaption class=\"wp-element-caption\">Le site mar\u00e9cageux de Haglere en automne<\/figcaption><\/figure>\n<figcaption class=\"blocks-gallery-caption wp-element-caption\">Les images de Schrattenfluh et de Haglere: Guido K\u00fcng, Fl\u00fchli<\/figcaption><\/figure>\n","protected":false},"excerpt":{"rendered":"<p>Principales caract\u00e9ristiques Canton&nbsp;: Lucerne R\u00e9gion : Entlebuch Habitants : 1&rsquo;985 Langue officielle : Allemand Superficie en km2&nbsp;: 108 Point le plus haut : 2&rsquo;350 m d\u2019altitude (Brienzer Rothorn) Point le plus bas : 803 m d\u2019altitude (Waldemme) Site web : www.fluehli.ch Obtention du label&nbsp;: 2016 R\u00e9ussites La commune de Fl\u00fchli propose diff\u00e9rentes possibilit\u00e9s de participation [&hellip;]<\/p>\n","protected":false},"author":5,"featured_media":0,"parent":653,"menu_order":0,"comment_status":"closed","ping_status":"closed","template":"","meta":{"footnotes":""},"class_list":["post-1510","page","type-page","status-publish","hentry"],"_links":{"self":[{"href":"https:\/\/www.jugend-im-berggebiet.ch\/fr\/wp-json\/wp\/v2\/pages\/1510","targetHints":{"allow":["GET"]}}],"collection":[{"href":"https:\/\/www.jugend-im-berggebiet.ch\/fr\/wp-json\/wp\/v2\/pages"}],"about":[{"href":"https:\/\/www.jugend-im-berggebiet.ch\/fr\/wp-json\/wp\/v2\/types\/page"}],"author":[{"embeddable":true,"href":"https:\/\/www.jugend-im-berggebiet.ch\/fr\/wp-json\/wp\/v2\/users\/5"}],"replies":[{"embeddable":true,"href":"https:\/\/www.jugend-im-berggebiet.ch\/fr\/wp-json\/wp\/v2\/comments?post=1510"}],"version-history":[{"count":19,"href":"https:\/\/www.jugend-im-berggebiet.ch\/fr\/wp-json\/wp\/v2\/pages\/1510\/revisions"}],"predecessor-version":[{"id":8329,"href":"https:\/\/www.jugend-im-berggebiet.ch\/fr\/wp-json\/wp\/v2\/pages\/1510\/revisions\/8329"}],"up":[{"embeddable":true,"href":"https:\/\/www.jugend-im-berggebiet.ch\/fr\/wp-json\/wp\/v2\/pages\/653"}],"wp:attachment":[{"href":"https:\/\/www.jugend-im-berggebiet.ch\/fr\/wp-json\/wp\/v2\/media?parent=1510"}],"curies":[{"name":"wp","href":"https:\/\/api.w.org\/{rel}","templated":true}]}}