{"id":1778,"date":"2017-08-03T09:04:51","date_gmt":"2017-08-03T07:04:51","guid":{"rendered":"http:\/\/www.jugend-im-berggebiet.ch\/?page_id=1778"},"modified":"2025-02-06T09:58:13","modified_gmt":"2025-02-06T08:58:13","slug":"veysonnaz-vs","status":"publish","type":"page","link":"https:\/\/www.jugend-im-berggebiet.ch\/fr\/un-label-pour-les-communes__trashed\/veysonnaz-vs\/","title":{"rendered":"Veysonnaz (VS)"},"content":{"rendered":"<p>La commune valaisanne de Veysonnaz a obtenu le label du SAB, en 2017 avec les meilleures notes. Cette commune planifie ses actions \u00e0 long terme. Voici un extrait des mesures adopt\u00e9es :<\/p>\n<ul>\n<li><strong>Garderie d\u2019enfants<\/strong> : la commune a d\u00e9j\u00e0 mis en place une cr\u00e8che. Dans ce cadre, des activit\u00e9s permettent de sensibiliser les enfants quant \u00e0 la nature et \u00e0 la production alimentaire. Lors d\u2019une \u00e9tape ult\u00e9rieure, il s\u2019agira de planifier des menus pr\u00e9par\u00e9s avec des produits r\u00e9gionaux.<\/li>\n<li><strong>Exp\u00e9rience professionnelle et jobs d&rsquo;\u00e9t\u00e9<\/strong> : pour les \u00e9l\u00e8ves et les \u00e9tudiants, la commune offre des jobs d&rsquo;\u00e9t\u00e9 : par exemple, \u00e0 la cr\u00e8che ou \u00e0 l&rsquo;office du tourisme.<\/li>\n<li>Cr\u00e9ation d\u2019une rubrique, sur un site Internet, permettant aux entreprises de communiquer leurs <strong>offres d&#8217;emploi<\/strong>.<\/li>\n<li><strong>Promotion de l&rsquo;association de jeunes<\/strong> : les activit\u00e9s et projets de l&rsquo;association de jeunes \u00ab\u00a0Barloukette\u00a0\u00bb sont soutenus par la commune. La salle de gymnastique est mise \u00e0 disposition un soir par semaine.<\/li>\n<\/ul>\n<p><a href=\"http:\/\/jeunesse-barloukette.weebly.com\/\">Commune de Veysonnaz, la Jeunesse Barloukette<\/a><\/p>\n","protected":false},"excerpt":{"rendered":"<p>La commune valaisanne de Veysonnaz a obtenu le label du SAB, en 2017 avec les meilleures notes. Cette commune planifie ses actions \u00e0 long terme. Voici un extrait des mesures adopt\u00e9es : Garderie d\u2019enfants : la commune a d\u00e9j\u00e0 mis en place une cr\u00e8che. Dans ce cadre, des activit\u00e9s permettent de sensibiliser les enfants quant [&hellip;]<\/p>\n","protected":false},"author":5,"featured_media":0,"parent":653,"menu_order":0,"comment_status":"closed","ping_status":"closed","template":"","meta":{"footnotes":""},"class_list":["post-1778","page","type-page","status-publish","hentry"],"_links":{"self":[{"href":"https:\/\/www.jugend-im-berggebiet.ch\/fr\/wp-json\/wp\/v2\/pages\/1778","targetHints":{"allow":["GET"]}}],"collection":[{"href":"https:\/\/www.jugend-im-berggebiet.ch\/fr\/wp-json\/wp\/v2\/pages"}],"about":[{"href":"https:\/\/www.jugend-im-berggebiet.ch\/fr\/wp-json\/wp\/v2\/types\/page"}],"author":[{"embeddable":true,"href":"https:\/\/www.jugend-im-berggebiet.ch\/fr\/wp-json\/wp\/v2\/users\/5"}],"replies":[{"embeddable":true,"href":"https:\/\/www.jugend-im-berggebiet.ch\/fr\/wp-json\/wp\/v2\/comments?post=1778"}],"version-history":[{"count":5,"href":"https:\/\/www.jugend-im-berggebiet.ch\/fr\/wp-json\/wp\/v2\/pages\/1778\/revisions"}],"predecessor-version":[{"id":3992,"href":"https:\/\/www.jugend-im-berggebiet.ch\/fr\/wp-json\/wp\/v2\/pages\/1778\/revisions\/3992"}],"up":[{"embeddable":true,"href":"https:\/\/www.jugend-im-berggebiet.ch\/fr\/wp-json\/wp\/v2\/pages\/653"}],"wp:attachment":[{"href":"https:\/\/www.jugend-im-berggebiet.ch\/fr\/wp-json\/wp\/v2\/media?parent=1778"}],"curies":[{"name":"wp","href":"https:\/\/api.w.org\/{rel}","templated":true}]}}