{"id":1849,"date":"2017-08-16T08:52:58","date_gmt":"2017-08-16T06:52:58","guid":{"rendered":"http:\/\/www.jugend-im-berggebiet.ch\/?page_id=1849"},"modified":"2025-11-12T14:12:21","modified_gmt":"2025-11-12T13:12:21","slug":"ernen-vs","status":"publish","type":"page","link":"https:\/\/www.jugend-im-berggebiet.ch\/fr\/un-label-pour-les-communes__trashed\/ernen-vs\/","title":{"rendered":"Ernen (VS)"},"content":{"rendered":"\n<h2 class=\"wp-block-heading\">Principales caract\u00e9ristiques<\/h2>\n\n\n\n<div class=\"wp-block-columns is-layout-flex wp-container-core-columns-is-layout-9d6595d7 wp-block-columns-is-layout-flex\">\n<div class=\"wp-block-column is-layout-flow wp-block-column-is-layout-flow\" style=\"flex-basis:66.66%\">\n<ul class=\"wp-block-list\">\n<li>Canton : Valais<\/li>\n\n\n\n<li>R\u00e9gion : Haut-Valais<\/li>\n\n\n\n<li>Habitants : 550<\/li>\n\n\n\n<li>Langue officielle : Allemand<\/li>\n\n\n\n<li>Superficie&nbsp;en km<sup>2<\/sup> : 35.38<\/li>\n\n\n\n<li>Point le plus haut : 3&rsquo;175 m d\u2019altitude (Rappenhorn)<\/li>\n\n\n\n<li>Point le plus bas : 867 m d\u2019altitude<\/li>\n\n\n\n<li>Communes fusionn\u00e9es : Steinhaus, M\u00fchlebach, Ernen et Ausserbinn (fusion en 2005)<\/li>\n\n\n\n<li>Site web : <a href=\"http:\/\/www.ernen.ch\" target=\"_blank\" rel=\"noreferrer noopener\">www.ernen.ch<\/a><\/li>\n\n\n\n<li>Obtention du label : 2017<\/li>\n<\/ul>\n\n\n\n<hr class=\"wp-block-separator has-css-opacity is-style-dots\"\/>\n\n\n\n<h2 class=\"wp-block-heading\">R\u00e9ussites<\/h2>\n\n\n\n<p>La commune a progress\u00e9 beaucoup dans le domaine du <strong>logement<\/strong> et a construit deux immeubles collectifs. D&rsquo;autres sont actuellement en projet. Les logements modernes et abordables sont tr\u00e8s recherch\u00e9s et essentiels si la commune souhaite que sa population reste dans le village.<\/p>\n\n\n\n<p>La <strong>communication peu compliqu\u00e9e<\/strong> entre la commune et la population est un atout majeur. Les jeunes font part de leurs pr\u00e9occupations directement au conseil communal. Mais la commune peut \u00e9galement s&rsquo;adresser aux jeunes si elle a besoin d&rsquo;aide, et la population est pr\u00eate \u00e0 s&rsquo;engager sans h\u00e9siter.<\/p>\n\n\n\n<p>Ernen est un <strong>village tr\u00e8s actif, vivant et ouvert<\/strong>, o\u00f9 r\u00e8gne un fort engagement. Il offre des perspectives formidables et de belles perspectives d&rsquo;avenir. Les projets et la rel\u00e8ve sont assur\u00e9s.<\/p>\n\n\n\n<p>Le <strong>Parc naturel de la Vall\u00e9e de Binn<\/strong> est une v\u00e9ritable b\u00e9n\u00e9diction pour Ernen. Il contribue de mani\u00e8re significative au tourisme doux et garantit un environnement sain et respectueux de la nature. Gr\u00e2ce \u00e0 l&rsquo;\u00e9ducation et aux activit\u00e9s propos\u00e9es aux enfants, ces valeurs sont transmises tr\u00e8s t\u00f4t aux jeunes habitants.<\/p>\n\n\n\n<hr class=\"wp-block-separator has-css-opacity is-style-dots\"\/>\n\n\n\n<h2 class=\"wp-block-heading\">Projets en cours<\/h2>\n\n\n\n<p>La commune d&rsquo;Ernen s&rsquo;est assur\u00e9e le terrain pour la construction de la deuxi\u00e8me \u00e9tape du <em>WOGE Bieuti<\/em> (<strong>coop\u00e9rative d&rsquo;habitation<\/strong>) et est en train d&rsquo;\u00e9laborer un projet.<\/p>\n\n\n\n<p>La commune soutient la remise en \u00e9tat ou la <strong>r\u00e9novation compl\u00e8te de b\u00e2timents \u00e0 usage d&rsquo;habitation<\/strong> dans la zone villageoise par une contribution \u00e0 la r\u00e9novation.<\/p>\n\n\n\n<p>Un <strong>projet d&rsquo;\u00e9cole nature<\/strong> a \u00e9t\u00e9 lanc\u00e9. Des discussions sont en cours. Le Parc naturel de la Vall\u00e9e de Binn participe \u00e0 ce projet. Actuellement, des journ\u00e9es dans le parc sont propos\u00e9es aux \u00e9l\u00e8ves des \u00e9coles d&rsquo;Untergoms.<\/p>\n\n\n\n<p>\u00c0 Ernen, des <strong>ateliers sur l&rsquo;avenir<\/strong> avec la population sont pr\u00e9vus et ont d\u00e9j\u00e0 \u00e9t\u00e9 organis\u00e9s.<\/p>\n\n\n\n<hr class=\"wp-block-separator has-css-opacity is-style-dots\"\/>\n\n\n\n<h2 class=\"wp-block-heading\">Difficult\u00e9s<\/h2>\n\n\n\n<p>La <strong>r\u00e9gionalisation de l&rsquo;\u00e9cole<\/strong> est probablement la plus grande difficult\u00e9. Il n&rsquo;y a plus d&rsquo;\u00e9cole \u00e0 Ernen et, depuis 2023, plus non plus \u00e0 Binn. Malgr\u00e9 les nombreux efforts d\u00e9ploy\u00e9s pour mettre en place une \u00e9cole \u00e0 Ernen, cela reste un d\u00e9fi.<\/p>\n\n\n\n<hr class=\"wp-block-separator has-css-opacity is-style-dots\"\/>\n<\/div>\n\n\n\n<div class=\"wp-block-column is-layout-flow wp-block-column-is-layout-flow\" style=\"flex-basis:33.33%\">\n<figure class=\"wp-block-image size-full\"><a href=\"https:\/\/www.jugend-im-berggebiet.ch\/wp-content\/uploads\/2025\/07\/Ernen.png\"><img loading=\"lazy\" decoding=\"async\" width=\"446\" height=\"300\" src=\"https:\/\/www.jugend-im-berggebiet.ch\/wp-content\/uploads\/2025\/07\/Ernen.png\" alt=\"\" class=\"wp-image-4429\" srcset=\"https:\/\/www.jugend-im-berggebiet.ch\/wp-content\/uploads\/2025\/07\/Ernen.png 446w, https:\/\/www.jugend-im-berggebiet.ch\/wp-content\/uploads\/2025\/07\/Ernen-300x202.png 300w\" sizes=\"auto, (max-width: 446px) 100vw, 446px\" \/><\/a><\/figure>\n<\/div>\n<\/div>\n\n\n\n<h2 class=\"wp-block-heading\">Images<\/h2>\n\n\n\n<figure class=\"wp-block-gallery has-nested-images columns-default is-cropped wp-block-gallery-1 is-layout-flex wp-block-gallery-is-layout-flex\">\n<figure class=\"wp-block-image size-large\"><a href=\"https:\/\/www.jugend-im-berggebiet.ch\/wp-content\/uploads\/2025\/07\/Ernen.jpg\"><img loading=\"lazy\" decoding=\"async\" width=\"1024\" height=\"560\" data-id=\"4437\" src=\"https:\/\/www.jugend-im-berggebiet.ch\/wp-content\/uploads\/2025\/07\/Ernen-1024x560.jpg\" alt=\"\" class=\"wp-image-4437\" srcset=\"https:\/\/www.jugend-im-berggebiet.ch\/wp-content\/uploads\/2025\/07\/Ernen-1024x560.jpg 1024w, https:\/\/www.jugend-im-berggebiet.ch\/wp-content\/uploads\/2025\/07\/Ernen-300x164.jpg 300w, https:\/\/www.jugend-im-berggebiet.ch\/wp-content\/uploads\/2025\/07\/Ernen-768x420.jpg 768w, https:\/\/www.jugend-im-berggebiet.ch\/wp-content\/uploads\/2025\/07\/Ernen-1536x839.jpg 1536w, https:\/\/www.jugend-im-berggebiet.ch\/wp-content\/uploads\/2025\/07\/Ernen.jpg 2000w\" sizes=\"auto, (max-width: 1024px) 100vw, 1024px\" \/><\/a><figcaption class=\"wp-element-caption\">Le centre du village d&rsquo;Ernen<\/figcaption><\/figure>\n\n\n\n<figure class=\"wp-block-image size-large\"><a href=\"https:\/\/www.jugend-im-berggebiet.ch\/wp-content\/uploads\/2025\/07\/20241012_CZ_Herbstmarkt-38-scaled.jpg\"><img loading=\"lazy\" decoding=\"async\" width=\"1024\" height=\"683\" data-id=\"4439\" src=\"https:\/\/www.jugend-im-berggebiet.ch\/wp-content\/uploads\/2025\/07\/20241012_CZ_Herbstmarkt-38-1024x683.jpg\" alt=\"\" class=\"wp-image-4439\" srcset=\"https:\/\/www.jugend-im-berggebiet.ch\/wp-content\/uploads\/2025\/07\/20241012_CZ_Herbstmarkt-38-1024x683.jpg 1024w, https:\/\/www.jugend-im-berggebiet.ch\/wp-content\/uploads\/2025\/07\/20241012_CZ_Herbstmarkt-38-300x200.jpg 300w, https:\/\/www.jugend-im-berggebiet.ch\/wp-content\/uploads\/2025\/07\/20241012_CZ_Herbstmarkt-38-768x512.jpg 768w, https:\/\/www.jugend-im-berggebiet.ch\/wp-content\/uploads\/2025\/07\/20241012_CZ_Herbstmarkt-38-1536x1024.jpg 1536w, https:\/\/www.jugend-im-berggebiet.ch\/wp-content\/uploads\/2025\/07\/20241012_CZ_Herbstmarkt-38-2048x1365.jpg 2048w\" sizes=\"auto, (max-width: 1024px) 100vw, 1024px\" \/><\/a><figcaption class=\"wp-element-caption\">March\u00e9 d&rsquo;automne sur la place du village<\/figcaption><\/figure>\n\n\n\n<figure class=\"wp-block-image size-full\"><a href=\"https:\/\/www.jugend-im-berggebiet.ch\/wp-content\/uploads\/2025\/07\/Kirche.jpg\"><img loading=\"lazy\" decoding=\"async\" width=\"950\" height=\"712\" data-id=\"4436\" src=\"https:\/\/www.jugend-im-berggebiet.ch\/wp-content\/uploads\/2025\/07\/Kirche.jpg\" alt=\"\" class=\"wp-image-4436\" srcset=\"https:\/\/www.jugend-im-berggebiet.ch\/wp-content\/uploads\/2025\/07\/Kirche.jpg 950w, https:\/\/www.jugend-im-berggebiet.ch\/wp-content\/uploads\/2025\/07\/Kirche-300x225.jpg 300w, https:\/\/www.jugend-im-berggebiet.ch\/wp-content\/uploads\/2025\/07\/Kirche-768x576.jpg 768w\" sizes=\"auto, (max-width: 950px) 100vw, 950px\" \/><\/a><figcaption class=\"wp-element-caption\">L&rsquo;\u00e9glise d&rsquo;Ernen<\/figcaption><\/figure>\n\n\n\n<figure class=\"wp-block-image size-large\"><a href=\"https:\/\/www.jugend-im-berggebiet.ch\/wp-content\/uploads\/2025\/07\/20240504_MB_Putztag-Zauberwald-97-scaled.jpg\"><img loading=\"lazy\" decoding=\"async\" width=\"1024\" height=\"683\" data-id=\"4440\" src=\"https:\/\/www.jugend-im-berggebiet.ch\/wp-content\/uploads\/2025\/07\/20240504_MB_Putztag-Zauberwald-97-1024x683.jpg\" alt=\"\" class=\"wp-image-4440\" srcset=\"https:\/\/www.jugend-im-berggebiet.ch\/wp-content\/uploads\/2025\/07\/20240504_MB_Putztag-Zauberwald-97-1024x683.jpg 1024w, https:\/\/www.jugend-im-berggebiet.ch\/wp-content\/uploads\/2025\/07\/20240504_MB_Putztag-Zauberwald-97-300x200.jpg 300w, https:\/\/www.jugend-im-berggebiet.ch\/wp-content\/uploads\/2025\/07\/20240504_MB_Putztag-Zauberwald-97-768x512.jpg 768w, https:\/\/www.jugend-im-berggebiet.ch\/wp-content\/uploads\/2025\/07\/20240504_MB_Putztag-Zauberwald-97-1536x1024.jpg 1536w, https:\/\/www.jugend-im-berggebiet.ch\/wp-content\/uploads\/2025\/07\/20240504_MB_Putztag-Zauberwald-97-2048x1365.jpg 2048w\" sizes=\"auto, (max-width: 1024px) 100vw, 1024px\" \/><\/a><figcaption class=\"wp-element-caption\">Journ\u00e9e de nettoyage dans la for\u00eat enchant\u00e9e<\/figcaption><\/figure>\n\n\n\n<figure class=\"wp-block-image size-full\"><a href=\"https:\/\/www.jugend-im-berggebiet.ch\/wp-content\/uploads\/2025\/07\/fotos04g.jpg\"><img loading=\"lazy\" decoding=\"async\" width=\"500\" height=\"500\" data-id=\"4435\" src=\"https:\/\/www.jugend-im-berggebiet.ch\/wp-content\/uploads\/2025\/07\/fotos04g.jpg\" alt=\"\" class=\"wp-image-4435\" srcset=\"https:\/\/www.jugend-im-berggebiet.ch\/wp-content\/uploads\/2025\/07\/fotos04g.jpg 500w, https:\/\/www.jugend-im-berggebiet.ch\/wp-content\/uploads\/2025\/07\/fotos04g-300x300.jpg 300w, https:\/\/www.jugend-im-berggebiet.ch\/wp-content\/uploads\/2025\/07\/fotos04g-150x150.jpg 150w\" sizes=\"auto, (max-width: 500px) 100vw, 500px\" \/><\/a><figcaption class=\"wp-element-caption\">L&rsquo;\u00e9glise d&rsquo;Ernen<\/figcaption><\/figure>\n\n\n\n<figure class=\"wp-block-image size-large\"><a href=\"https:\/\/www.jugend-im-berggebiet.ch\/wp-content\/uploads\/2025\/07\/20240726_Maerliabend-7-scaled.jpg\"><img loading=\"lazy\" decoding=\"async\" width=\"1024\" height=\"683\" data-id=\"4438\" src=\"https:\/\/www.jugend-im-berggebiet.ch\/wp-content\/uploads\/2025\/07\/20240726_Maerliabend-7-1024x683.jpg\" alt=\"\" class=\"wp-image-4438\" srcset=\"https:\/\/www.jugend-im-berggebiet.ch\/wp-content\/uploads\/2025\/07\/20240726_Maerliabend-7-1024x683.jpg 1024w, https:\/\/www.jugend-im-berggebiet.ch\/wp-content\/uploads\/2025\/07\/20240726_Maerliabend-7-300x200.jpg 300w, https:\/\/www.jugend-im-berggebiet.ch\/wp-content\/uploads\/2025\/07\/20240726_Maerliabend-7-768x512.jpg 768w, https:\/\/www.jugend-im-berggebiet.ch\/wp-content\/uploads\/2025\/07\/20240726_Maerliabend-7-1536x1024.jpg 1536w, https:\/\/www.jugend-im-berggebiet.ch\/wp-content\/uploads\/2025\/07\/20240726_Maerliabend-7-2048x1365.jpg 2048w\" sizes=\"auto, (max-width: 1024px) 100vw, 1024px\" \/><\/a><figcaption class=\"wp-element-caption\">Soir\u00e9e contes dans la for\u00eat enchant\u00e9e<\/figcaption><\/figure>\n<\/figure>\n","protected":false},"excerpt":{"rendered":"<p>Principales caract\u00e9ristiques Canton : Valais R\u00e9gion : Haut-Valais Habitants : 550 Langue officielle : Allemand Superficie&nbsp;en km2 : 35.38 Point le plus haut : 3&rsquo;175 m d\u2019altitude (Rappenhorn) Point le plus bas : 867 m d\u2019altitude Communes fusionn\u00e9es : Steinhaus, M\u00fchlebach, Ernen et Ausserbinn (fusion en 2005) Site web : www.ernen.ch Obtention du label : [&hellip;]<\/p>\n","protected":false},"author":5,"featured_media":0,"parent":653,"menu_order":0,"comment_status":"closed","ping_status":"closed","template":"","meta":{"footnotes":""},"class_list":["post-1849","page","type-page","status-publish","hentry"],"_links":{"self":[{"href":"https:\/\/www.jugend-im-berggebiet.ch\/fr\/wp-json\/wp\/v2\/pages\/1849","targetHints":{"allow":["GET"]}}],"collection":[{"href":"https:\/\/www.jugend-im-berggebiet.ch\/fr\/wp-json\/wp\/v2\/pages"}],"about":[{"href":"https:\/\/www.jugend-im-berggebiet.ch\/fr\/wp-json\/wp\/v2\/types\/page"}],"author":[{"embeddable":true,"href":"https:\/\/www.jugend-im-berggebiet.ch\/fr\/wp-json\/wp\/v2\/users\/5"}],"replies":[{"embeddable":true,"href":"https:\/\/www.jugend-im-berggebiet.ch\/fr\/wp-json\/wp\/v2\/comments?post=1849"}],"version-history":[{"count":12,"href":"https:\/\/www.jugend-im-berggebiet.ch\/fr\/wp-json\/wp\/v2\/pages\/1849\/revisions"}],"predecessor-version":[{"id":8550,"href":"https:\/\/www.jugend-im-berggebiet.ch\/fr\/wp-json\/wp\/v2\/pages\/1849\/revisions\/8550"}],"up":[{"embeddable":true,"href":"https:\/\/www.jugend-im-berggebiet.ch\/fr\/wp-json\/wp\/v2\/pages\/653"}],"wp:attachment":[{"href":"https:\/\/www.jugend-im-berggebiet.ch\/fr\/wp-json\/wp\/v2\/media?parent=1849"}],"curies":[{"name":"wp","href":"https:\/\/api.w.org\/{rel}","templated":true}]}}