{"id":2137,"date":"2018-09-06T14:37:45","date_gmt":"2018-09-06T12:37:45","guid":{"rendered":"http:\/\/www.jugend-im-berggebiet.ch\/?page_id=2137"},"modified":"2026-03-27T15:28:37","modified_gmt":"2026-03-27T14:28:37","slug":"andermatt-ur","status":"publish","type":"page","link":"https:\/\/www.jugend-im-berggebiet.ch\/fr\/un-label-pour-les-communes__trashed\/andermatt-ur\/","title":{"rendered":"Andermatt (UR)"},"content":{"rendered":"\n<h2 class=\"wp-block-heading\">Principales caract\u00e9ristiques<\/h2>\n\n\n\n<div class=\"wp-block-columns is-layout-flex wp-container-core-columns-is-layout-9d6595d7 wp-block-columns-is-layout-flex\">\n<div class=\"wp-block-column is-layout-flow wp-block-column-is-layout-flow\" style=\"flex-basis:66.66%\">\n<ul class=\"wp-block-list\">\n<li>Canton : Uri<\/li>\n\n\n\n<li>R\u00e9gion : &#8211;<\/li>\n\n\n\n<li>Habitants : 1&rsquo;665<\/li>\n\n\n\n<li>Langue officielle : Allemand<\/li>\n\n\n\n<li>Superficie en km<sup>2<\/sup>: 62.26<\/li>\n\n\n\n<li>Point le plus haut : 3&rsquo;001 m d\u2019altitude (Piz Centrale)<\/li>\n\n\n\n<li>Point le plus bas : 1&rsquo;327 m d\u2019altitude (Br\u00fcggwald)<\/li>\n\n\n\n<li>Site web : <a href=\"http:\/\/www.gemeinde-andermatt.ch\" data-type=\"link\" data-id=\"www.gemeinde-andermatt.ch\" target=\"_blank\" rel=\"noreferrer noopener\">www.gemeinde-andermatt.ch<\/a><\/li>\n\n\n\n<li>Obtention du label&nbsp;: 2018<\/li>\n<\/ul>\n\n\n\n<hr class=\"wp-block-separator has-css-opacity aligncenter is-style-dots\"\/>\n\n\n\n<h2 class=\"wp-block-heading\">R\u00e9ussites<\/h2>\n\n\n\n<p>La commune d&rsquo;Andermatt s&rsquo;engage <strong>activement en faveur de la jeunesse<\/strong>. Les infrastructures scolaires ont \u00e9t\u00e9 r\u00e9nov\u00e9es et agrandies, de plus en plus de places d&rsquo;apprentissage int\u00e9ressantes sont cr\u00e9\u00e9es et l&rsquo;offre en aires de jeux est constamment \u00e9largie. De plus, les liaisons de transports publics sont assur\u00e9es et adapt\u00e9es aux besoins des pendulaires.<\/p>\n\n\n\n<p><strong>\u00c9cole du village<\/strong> : Andermatt maintient la coop\u00e9ration \u00e9prouv\u00e9e depuis de nombreuses ann\u00e9es entre l&rsquo;\u00e9cole du district d&rsquo;Ursern et les communes de Hospental et Realp. Les services de transport scolaire contribuent au bon fonctionnement de l&rsquo;\u00e9cole. Le service d&rsquo;accueil p\u00e9riscolaire compl\u00e8te l&rsquo;offre. Il y a quelques ann\u00e9es, la commune a investi dans la r\u00e9novation des salles de classe et l&rsquo;agrandissement des ateliers et des salles polyvalentes. Ces derni\u00e8res offrent \u00e9galement plus d&rsquo;espace pour les \u00e9v\u00e9nements associatifs.<\/p>\n\n\n\n<p><strong>Local pour les jeunes<\/strong> : Le local pour les jeunes a \u00e9t\u00e9 r\u00e9am\u00e9nag\u00e9 et \u00e9quip\u00e9 en collaboration avec les jeunes. Depuis 2014, dans le cadre du projet <em>Midnight Point<\/em>, la salle de sport est r\u00e9serv\u00e9e aux jeunes deux soirs par mois pour faire du sport, s&rsquo;amuser et se retrouver.<\/p>\n\n\n\n<hr class=\"wp-block-separator has-text-color has-black-color has-css-opacity has-black-background-color has-background aligncenter is-style-dots\"\/>\n\n\n\n<h2 class=\"wp-block-heading\">Projets en cours<\/h2>\n\n\n\n<p><strong>Projet pilote \u00e9cole \u00e0 journ\u00e9e continue<\/strong> : Depuis quelques ann\u00e9es, les familles b\u00e9n\u00e9ficient d&rsquo;une offre de prise en charge pour les enfants \u00e2g\u00e9s de 3 mois \u00e0 12 ans. Depuis peu, cette offre a \u00e9t\u00e9 \u00e9largie avec la mise en place d&rsquo;un service d&rsquo;accueil pendant la pause de midi dans l&rsquo;UAPE.<\/p>\n\n\n\n<p><strong>Implication dans la politique<\/strong> : Andermatt mise sur la participation. Ceux qui vivent ici doivent pouvoir s&rsquo;impliquer, y compris les plus jeunes. La premi\u00e8re conf\u00e9rence des enfants s&rsquo;est r\u00e9cemment tenue \u00e0 Andermatt. Les enfants et les jeunes de la 5e \u00e0 la 9e classe ont pu faire part de leurs id\u00e9es et de leurs souhaits directement \u00e0 la commune. Un Parlement des jeunes se r\u00e9unit \u00e9galement chaque ann\u00e9e.<\/p>\n\n\n\n<p><strong>Formation sur place<\/strong> : Andermatt n&rsquo;est pas seulement un lieu de travail en croissance, mais accorde \u00e9galement une grande importance \u00e0 l&rsquo;\u00e9largissement des possibilit\u00e9s de formation pour ses jeunes dipl\u00f4m\u00e9s. La commune mise pour cela sur une \u00e9troite collaboration avec les autorit\u00e9s cantonales et les entreprises locales afin de garantir des places d&rsquo;apprentissage et surtout de cr\u00e9er de nouvelles places de formation.<\/p>\n\n\n\n<hr class=\"wp-block-separator has-text-color has-black-color has-css-opacity has-black-background-color has-background aligncenter is-style-dots\"\/>\n\n\n\n<h2 class=\"wp-block-heading\">Difficult\u00e9s<\/h2>\n\n\n\n<p>Avec son complexe touristique, Andermatt a <strong>rapidement chang\u00e9<\/strong> ces derni\u00e8res ann\u00e9es. C&rsquo;est un d\u00e9fi pour la commune, car il ne s&rsquo;agit pas seulement de suivre la dynamique, mais aussi de rester attractive \u2013 pour les familles, les personnes \u00e2g\u00e9es, les personnes actifs et les jeunes. Pour ce dernier groupe cible, la commune d&rsquo;Andermatt mise sur des mesures particuli\u00e8res.<\/p>\n\n\n\n<p>Il n&rsquo;est pas toujours facile d&rsquo;inciter les jeunes adultes \u00e0 initier, mettre en \u0153uvre ou g\u00e9rer eux-m\u00eames des projets, ni de susciter leur <strong>int\u00e9r\u00eat pour la politique<\/strong>.<\/p>\n\n\n\n<hr class=\"wp-block-separator has-text-color has-black-color has-css-opacity has-black-background-color has-background aligncenter is-style-dots\"\/>\n<\/div>\n\n\n\n<div class=\"wp-block-column is-layout-flow wp-block-column-is-layout-flow\" style=\"flex-basis:33.33%\">\n<figure class=\"wp-block-image size-full\"><a href=\"https:\/\/www.jugend-im-berggebiet.ch\/wp-content\/uploads\/2025\/07\/Andermatt-2.png\"><img loading=\"lazy\" decoding=\"async\" width=\"655\" height=\"444\" src=\"https:\/\/www.jugend-im-berggebiet.ch\/wp-content\/uploads\/2025\/07\/Andermatt-2.png\" alt=\"\" class=\"wp-image-6932\" srcset=\"https:\/\/www.jugend-im-berggebiet.ch\/wp-content\/uploads\/2025\/07\/Andermatt-2.png 655w, https:\/\/www.jugend-im-berggebiet.ch\/wp-content\/uploads\/2025\/07\/Andermatt-2-300x203.png 300w\" sizes=\"auto, (max-width: 655px) 100vw, 655px\" \/><\/a><\/figure>\n<\/div>\n<\/div>\n\n\n\n<h2 class=\"wp-block-heading\">Images<\/h2>\n\n\n\n<figure class=\"wp-block-gallery has-nested-images columns-3 is-cropped wp-block-gallery-1 is-layout-flex wp-block-gallery-is-layout-flex\">\n<figure class=\"wp-block-image size-large\"><a href=\"https:\/\/www.jugend-im-berggebiet.ch\/wp-content\/uploads\/2025\/08\/Andermatt-bild-3-1-scaled.jpg\"><img loading=\"lazy\" decoding=\"async\" width=\"1024\" height=\"683\" data-id=\"7449\" src=\"https:\/\/www.jugend-im-berggebiet.ch\/wp-content\/uploads\/2025\/08\/Andermatt-bild-3-1-1024x683.jpg\" alt=\"\" class=\"wp-image-7449\" srcset=\"https:\/\/www.jugend-im-berggebiet.ch\/wp-content\/uploads\/2025\/08\/Andermatt-bild-3-1-1024x683.jpg 1024w, https:\/\/www.jugend-im-berggebiet.ch\/wp-content\/uploads\/2025\/08\/Andermatt-bild-3-1-300x200.jpg 300w, https:\/\/www.jugend-im-berggebiet.ch\/wp-content\/uploads\/2025\/08\/Andermatt-bild-3-1-768x512.jpg 768w, https:\/\/www.jugend-im-berggebiet.ch\/wp-content\/uploads\/2025\/08\/Andermatt-bild-3-1-1536x1024.jpg 1536w, https:\/\/www.jugend-im-berggebiet.ch\/wp-content\/uploads\/2025\/08\/Andermatt-bild-3-1-2048x1365.jpg 2048w\" sizes=\"auto, (max-width: 1024px) 100vw, 1024px\" \/><\/a><figcaption class=\"wp-element-caption\">Le village d&rsquo;Andermatt<\/figcaption><\/figure>\n\n\n\n<figure class=\"wp-block-image size-large\"><a href=\"https:\/\/www.jugend-im-berggebiet.ch\/wp-content\/uploads\/2025\/08\/04-Hockeynight_01-scaled.jpg\"><img loading=\"lazy\" decoding=\"async\" width=\"1024\" height=\"768\" data-id=\"7445\" src=\"https:\/\/www.jugend-im-berggebiet.ch\/wp-content\/uploads\/2025\/08\/04-Hockeynight_01-1024x768.jpg\" alt=\"\" class=\"wp-image-7445\" srcset=\"https:\/\/www.jugend-im-berggebiet.ch\/wp-content\/uploads\/2025\/08\/04-Hockeynight_01-1024x768.jpg 1024w, https:\/\/www.jugend-im-berggebiet.ch\/wp-content\/uploads\/2025\/08\/04-Hockeynight_01-300x225.jpg 300w, https:\/\/www.jugend-im-berggebiet.ch\/wp-content\/uploads\/2025\/08\/04-Hockeynight_01-768x576.jpg 768w, https:\/\/www.jugend-im-berggebiet.ch\/wp-content\/uploads\/2025\/08\/04-Hockeynight_01-1536x1152.jpg 1536w, https:\/\/www.jugend-im-berggebiet.ch\/wp-content\/uploads\/2025\/08\/04-Hockeynight_01-2048x1536.jpg 2048w\" sizes=\"auto, (max-width: 1024px) 100vw, 1024px\" \/><\/a><figcaption class=\"wp-element-caption\">Soir\u00e9e hockey<\/figcaption><\/figure>\n\n\n\n<figure class=\"wp-block-image size-large\"><a href=\"https:\/\/www.jugend-im-berggebiet.ch\/wp-content\/uploads\/2025\/08\/08-Spielplatz-Bodenstrasse-scaled.jpg\"><img loading=\"lazy\" decoding=\"async\" width=\"1024\" height=\"768\" data-id=\"7454\" src=\"https:\/\/www.jugend-im-berggebiet.ch\/wp-content\/uploads\/2025\/08\/08-Spielplatz-Bodenstrasse-1024x768.jpg\" alt=\"\" class=\"wp-image-7454\" srcset=\"https:\/\/www.jugend-im-berggebiet.ch\/wp-content\/uploads\/2025\/08\/08-Spielplatz-Bodenstrasse-1024x768.jpg 1024w, https:\/\/www.jugend-im-berggebiet.ch\/wp-content\/uploads\/2025\/08\/08-Spielplatz-Bodenstrasse-300x225.jpg 300w, https:\/\/www.jugend-im-berggebiet.ch\/wp-content\/uploads\/2025\/08\/08-Spielplatz-Bodenstrasse-768x576.jpg 768w, https:\/\/www.jugend-im-berggebiet.ch\/wp-content\/uploads\/2025\/08\/08-Spielplatz-Bodenstrasse-1536x1152.jpg 1536w, https:\/\/www.jugend-im-berggebiet.ch\/wp-content\/uploads\/2025\/08\/08-Spielplatz-Bodenstrasse-2048x1536.jpg 2048w\" sizes=\"auto, (max-width: 1024px) 100vw, 1024px\" \/><\/a><figcaption class=\"wp-element-caption\">L&rsquo;aire de jeux am\u00e9nag\u00e9e de mani\u00e8re naturelle<\/figcaption><\/figure>\n\n\n\n<figure class=\"wp-block-image size-large\"><a href=\"https:\/\/www.jugend-im-berggebiet.ch\/wp-content\/uploads\/2025\/08\/Schneeschuh-laufen-Andermatt-Unteralp-scaled.jpg\"><img loading=\"lazy\" decoding=\"async\" width=\"1024\" height=\"683\" data-id=\"7462\" src=\"https:\/\/www.jugend-im-berggebiet.ch\/wp-content\/uploads\/2025\/08\/Schneeschuh-laufen-Andermatt-Unteralp-1024x683.jpg\" alt=\"\" class=\"wp-image-7462\" srcset=\"https:\/\/www.jugend-im-berggebiet.ch\/wp-content\/uploads\/2025\/08\/Schneeschuh-laufen-Andermatt-Unteralp-1024x683.jpg 1024w, https:\/\/www.jugend-im-berggebiet.ch\/wp-content\/uploads\/2025\/08\/Schneeschuh-laufen-Andermatt-Unteralp-300x200.jpg 300w, https:\/\/www.jugend-im-berggebiet.ch\/wp-content\/uploads\/2025\/08\/Schneeschuh-laufen-Andermatt-Unteralp-768x512.jpg 768w, https:\/\/www.jugend-im-berggebiet.ch\/wp-content\/uploads\/2025\/08\/Schneeschuh-laufen-Andermatt-Unteralp-1536x1024.jpg 1536w, https:\/\/www.jugend-im-berggebiet.ch\/wp-content\/uploads\/2025\/08\/Schneeschuh-laufen-Andermatt-Unteralp-2048x1365.jpg 2048w\" sizes=\"auto, (max-width: 1024px) 100vw, 1024px\" \/><\/a><figcaption class=\"wp-element-caption\">Vue sur le village depuis Unteralp<\/figcaption><\/figure>\n\n\n\n<figure class=\"wp-block-image size-large\"><a href=\"https:\/\/www.jugend-im-berggebiet.ch\/wp-content\/uploads\/2025\/08\/18-Wooldmanndli_2019-8-scaled.jpeg\"><img loading=\"lazy\" decoding=\"async\" width=\"1024\" height=\"768\" data-id=\"7461\" src=\"https:\/\/www.jugend-im-berggebiet.ch\/wp-content\/uploads\/2025\/08\/18-Wooldmanndli_2019-8-1024x768.jpeg\" alt=\"\" class=\"wp-image-7461\" srcset=\"https:\/\/www.jugend-im-berggebiet.ch\/wp-content\/uploads\/2025\/08\/18-Wooldmanndli_2019-8-1024x768.jpeg 1024w, https:\/\/www.jugend-im-berggebiet.ch\/wp-content\/uploads\/2025\/08\/18-Wooldmanndli_2019-8-300x225.jpeg 300w, https:\/\/www.jugend-im-berggebiet.ch\/wp-content\/uploads\/2025\/08\/18-Wooldmanndli_2019-8-768x576.jpeg 768w, https:\/\/www.jugend-im-berggebiet.ch\/wp-content\/uploads\/2025\/08\/18-Wooldmanndli_2019-8-1536x1152.jpeg 1536w, https:\/\/www.jugend-im-berggebiet.ch\/wp-content\/uploads\/2025\/08\/18-Wooldmanndli_2019-8-2048x1536.jpeg 2048w\" sizes=\"auto, (max-width: 1024px) 100vw, 1024px\" \/><\/a><figcaption class=\"wp-element-caption\">Le d\u00e9fil\u00e9 traditionnel des petits hommes des bois (<em>Woldmanndli<\/em>)<\/figcaption><\/figure>\n\n\n\n<figure class=\"wp-block-image size-large\"><a href=\"https:\/\/www.jugend-im-berggebiet.ch\/wp-content\/uploads\/2025\/08\/Bild2-Homepage-scaled.jpg\"><img loading=\"lazy\" decoding=\"async\" width=\"1024\" height=\"768\" data-id=\"7453\" src=\"https:\/\/www.jugend-im-berggebiet.ch\/wp-content\/uploads\/2025\/08\/Bild2-Homepage-1024x768.jpg\" alt=\"\" class=\"wp-image-7453\" srcset=\"https:\/\/www.jugend-im-berggebiet.ch\/wp-content\/uploads\/2025\/08\/Bild2-Homepage-1024x768.jpg 1024w, https:\/\/www.jugend-im-berggebiet.ch\/wp-content\/uploads\/2025\/08\/Bild2-Homepage-300x225.jpg 300w, https:\/\/www.jugend-im-berggebiet.ch\/wp-content\/uploads\/2025\/08\/Bild2-Homepage-768x576.jpg 768w, https:\/\/www.jugend-im-berggebiet.ch\/wp-content\/uploads\/2025\/08\/Bild2-Homepage-1536x1152.jpg 1536w, https:\/\/www.jugend-im-berggebiet.ch\/wp-content\/uploads\/2025\/08\/Bild2-Homepage-2048x1536.jpg 2048w\" sizes=\"auto, (max-width: 1024px) 100vw, 1024px\" \/><\/a><figcaption class=\"wp-element-caption\">Andermatt, chef-lieu de la vall\u00e9e d&rsquo;Urseren<\/figcaption><\/figure>\n<\/figure>\n","protected":false},"excerpt":{"rendered":"<p>Principales caract\u00e9ristiques Canton : Uri R\u00e9gion : &#8211; Habitants : 1&rsquo;665 Langue officielle : Allemand Superficie en km2: 62.26 Point le plus haut : 3&rsquo;001 m d\u2019altitude (Piz Centrale) Point le plus bas : 1&rsquo;327 m d\u2019altitude (Br\u00fcggwald) Site web : www.gemeinde-andermatt.ch Obtention du label&nbsp;: 2018 R\u00e9ussites La commune d&rsquo;Andermatt s&rsquo;engage activement en faveur de [&hellip;]<\/p>\n","protected":false},"author":5,"featured_media":5280,"parent":653,"menu_order":0,"comment_status":"closed","ping_status":"closed","template":"template-fullwidth.php","meta":{"footnotes":""},"class_list":["post-2137","page","type-page","status-publish","has-post-thumbnail","hentry"],"_links":{"self":[{"href":"https:\/\/www.jugend-im-berggebiet.ch\/fr\/wp-json\/wp\/v2\/pages\/2137","targetHints":{"allow":["GET"]}}],"collection":[{"href":"https:\/\/www.jugend-im-berggebiet.ch\/fr\/wp-json\/wp\/v2\/pages"}],"about":[{"href":"https:\/\/www.jugend-im-berggebiet.ch\/fr\/wp-json\/wp\/v2\/types\/page"}],"author":[{"embeddable":true,"href":"https:\/\/www.jugend-im-berggebiet.ch\/fr\/wp-json\/wp\/v2\/users\/5"}],"replies":[{"embeddable":true,"href":"https:\/\/www.jugend-im-berggebiet.ch\/fr\/wp-json\/wp\/v2\/comments?post=2137"}],"version-history":[{"count":13,"href":"https:\/\/www.jugend-im-berggebiet.ch\/fr\/wp-json\/wp\/v2\/pages\/2137\/revisions"}],"predecessor-version":[{"id":8969,"href":"https:\/\/www.jugend-im-berggebiet.ch\/fr\/wp-json\/wp\/v2\/pages\/2137\/revisions\/8969"}],"up":[{"embeddable":true,"href":"https:\/\/www.jugend-im-berggebiet.ch\/fr\/wp-json\/wp\/v2\/pages\/653"}],"wp:featuredmedia":[{"embeddable":true,"href":"https:\/\/www.jugend-im-berggebiet.ch\/fr\/wp-json\/wp\/v2\/media\/5280"}],"wp:attachment":[{"href":"https:\/\/www.jugend-im-berggebiet.ch\/fr\/wp-json\/wp\/v2\/media?parent=2137"}],"curies":[{"name":"wp","href":"https:\/\/api.w.org\/{rel}","templated":true}]}}