{"id":2141,"date":"2018-09-06T14:40:34","date_gmt":"2018-09-06T12:40:34","guid":{"rendered":"http:\/\/www.jugend-im-berggebiet.ch\/?page_id=2141"},"modified":"2026-03-27T16:39:53","modified_gmt":"2026-03-27T15:39:53","slug":"hergiswil-b-w-lu","status":"publish","type":"page","link":"https:\/\/www.jugend-im-berggebiet.ch\/fr\/un-label-pour-les-communes__trashed\/hergiswil-b-w-lu\/","title":{"rendered":"Hergiswil b. W. (LU)"},"content":{"rendered":"\n<h2 class=\"wp-block-heading\">Principales caract\u00e9ristiques<\/h2>\n\n\n\n<div class=\"wp-block-columns is-layout-flex wp-container-core-columns-is-layout-9d6595d7 wp-block-columns-is-layout-flex\">\n<div class=\"wp-block-column is-layout-flow wp-block-column-is-layout-flow\" style=\"flex-basis:66.66%\">\n<ul class=\"wp-block-list\">\n<li>Canton : Lucerne<\/li>\n\n\n\n<li>R\u00e9gion : Luzern West<\/li>\n\n\n\n<li>Habitants : 1&rsquo;942<\/li>\n\n\n\n<li>Langue officielle : Allemand<\/li>\n\n\n\n<li>Superficie en km<sup>2<\/sup> : 31.34<\/li>\n\n\n\n<li>Point le plus haut : 1&rsquo;380 m d\u2019altitude (Dreil\u00e4nderstein Napf)<\/li>\n\n\n\n<li>Point le plus bas : 612 m d\u2019altitude (Feldmatt)<\/li>\n\n\n\n<li>Site web : <a href=\"http:\/\/www.hergiswil-lu.ch\" target=\"_blank\" rel=\"noreferrer noopener\">www.hergiswil-lu.ch<\/a><\/li>\n\n\n\n<li>Obtention du label : 2018<\/li>\n<\/ul>\n\n\n\n<hr class=\"wp-block-separator has-css-opacity is-style-dots\"\/>\n\n\n\n<h2 class=\"wp-block-heading\">R\u00e9ussites<\/h2>\n\n\n\n<p><strong>Local pour les jeunes \u2013 g\u00e9r\u00e9 par les jeunes<\/strong><br>Le local pour les jeunes est mis gratuitement \u00e0 la disposition de l&rsquo;association des jeunes de Hergiswil, qui existe depuis plus de 50 ans, afin de servir de lieu d&rsquo;\u00e9change et de rencontre. L&rsquo;association des jeunes de Hergiswil est libre d&rsquo;organiser elle-m\u00eame la gestion du local (<a href=\"https:\/\/www.jugend-im-berggebiet.ch\/wp-content\/uploads\/2025\/12\/Willisauer-Bote_Hergiswil-Dorfjugend_28.11.2025.pdf\" data-type=\"link\" data-id=\"https:\/\/www.jugend-im-berggebiet.ch\/wp-content\/uploads\/2025\/12\/Willisauer-Bote_Hergiswil-Dorfjugend_28.11.2025.pdf\" target=\"_blank\" rel=\"noreferrer noopener\">article dans le \u00ab Willisauer Bote \u00bb<\/a>). Les jeunes ont ainsi la possibilit\u00e9 de s&rsquo;initier \u00e0 l&rsquo;organisation et \u00e0 la gestion d&rsquo;une association. Cette exp\u00e9rience est tr\u00e8s appr\u00e9ci\u00e9e par les deux parties et contribue au d\u00e9veloppement des jeunes. Ainsi, ils doivent assumer des responsabilit\u00e9s.<\/p>\n\n\n\n<p><strong>Transports publics \u2013 horaires cadenc\u00e9s<\/strong><br>La nouvelle boucle de retournement pour les bus r\u00e9alis\u00e9e en 2018\/2019 dans le hameau de H\u00fcbeli a permis d&rsquo;am\u00e9liorer les liaisons de transports publics. Les jeunes peuvent ainsi se rendre \u00e0 Willisau et revenir une fois par heure. Un bus de nuit leur permet de rentrer chez eux le week-end jusqu&rsquo;\u00e0 1 heure du matin. Pendant des ann\u00e9es, les jeunes ont souhait\u00e9 \u00e0 plusieurs reprises la mise en place d&rsquo;un bus de nuit. Le fait que celui-ci ait pu \u00eatre mis en service le 1er d\u00e9cembre 2019 avec la communaut\u00e9 de transport a constitu\u00e9 une \u00e9tape importante pour les jeunes.<\/p>\n\n\n\n<p><strong>Coop\u00e9ration entre l&rsquo;\u00e9cole et l&rsquo;association des arts et m\u00e9tiers<\/strong><br>Afin de pr\u00e9parer au mieux les jeunes \u00e0 leur future vie professionnelle, des \u00e9changes r\u00e9guliers ont lieu entre l&rsquo;association des arts et m\u00e9tiers et l&rsquo;\u00e9cole, au cours desquels les jeunes peuvent d\u00e9couvrir des entreprises commerciales et recueillir des conseils utiles pour postuler \u00e0 un emploi.<\/p>\n\n\n\n<p><strong>Soutien aux camps de jeunes<\/strong><br>Les camps de jeunes sont soutenus par la commune gr\u00e2ce \u00e0 un fonds d\u00e9di\u00e9 \u00e0 la jeunesse. Les jeunes peuvent ainsi participer \u00e0 des camps de vacances de leur choix. Tous les deux ans, pendant les vacances d&rsquo;automne, a lieu le <em>FerienSpass<\/em> (des activit\u00e9s de vacances amusantes). Tous les enfants, de l&rsquo;\u00e9cole enfantine au secondaire, participent \u00e0 divers ateliers.<\/p>\n\n\n\n<hr class=\"wp-block-separator has-css-opacity is-style-dots\"\/>\n\n\n\n<h2 class=\"wp-block-heading\">Projets en cours<\/h2>\n\n\n\n<p>Dans le cadre de l&rsquo;agrandissement du b\u00e2timent scolaire, achev\u00e9 en 2021, le <strong>terrain de jeux et de sport<\/strong> a \u00e9t\u00e9 r\u00e9am\u00e9nag\u00e9 \u00e0 l&rsquo;\u00e9t\u00e9 2024. \u00c0 cette occasion, un terrain de beach-volley, souhait\u00e9 depuis des ann\u00e9es par de nombreux jeunes, a \u00e9galement \u00e9t\u00e9 am\u00e9nag\u00e9. Cela offre de nouvelles possibilit\u00e9s de loisirs et, comme un terrain de p\u00e9tanque se trouve juste \u00e0 c\u00f4t\u00e9 pour la g\u00e9n\u00e9ration \u00ab plus \u00e2g\u00e9e \u00bb, les \u00e9changes entre les g\u00e9n\u00e9rations sont \u00e9galement renforc\u00e9s.<\/p>\n\n\n\n<hr class=\"wp-block-separator has-css-opacity is-style-dots\"\/>\n\n\n\n<h2 class=\"wp-block-heading\">Difficult\u00e9s<\/h2>\n\n\n\n<p>Les r\u00e9unions annuels et les commentaires recueillis lors de la c\u00e9r\u00e9monie pour accueillir les nouveaux citoyens de la commune (ayant atteint l\u2019\u00e2ge de 18 ans) montrent que les jeunes sont actuellement tr\u00e8s satisfaits de leur situation. Le d\u00e9fi consiste \u00e0 les inciter \u00e0 continuer \u00e0 s&rsquo;engager en faveur du local des jeunes et de la jeunesse, et donc \u00e0 s&rsquo;investir pour l&rsquo;avenir. <strong>Les associations et la soci\u00e9t\u00e9 ont besoin de jeunes engag\u00e9s et innovants.<\/strong> Il faut motiver et soutenir les jeunes.<\/p>\n\n\n\n<hr class=\"wp-block-separator has-css-opacity is-style-dots\"\/>\n<\/div>\n\n\n\n<div class=\"wp-block-column is-layout-flow wp-block-column-is-layout-flow\" style=\"flex-basis:33.33%\">\n<figure class=\"wp-block-image size-full\"><a href=\"https:\/\/www.jugend-im-berggebiet.ch\/wp-content\/uploads\/2025\/07\/Hergiswil-b.-W..png\"><img loading=\"lazy\" decoding=\"async\" width=\"544\" height=\"373\" src=\"https:\/\/www.jugend-im-berggebiet.ch\/wp-content\/uploads\/2025\/07\/Hergiswil-b.-W..png\" alt=\"\" class=\"wp-image-4447\" srcset=\"https:\/\/www.jugend-im-berggebiet.ch\/wp-content\/uploads\/2025\/07\/Hergiswil-b.-W..png 544w, https:\/\/www.jugend-im-berggebiet.ch\/wp-content\/uploads\/2025\/07\/Hergiswil-b.-W.-300x206.png 300w\" sizes=\"auto, (max-width: 544px) 100vw, 544px\" \/><\/a><\/figure>\n<\/div>\n<\/div>\n\n\n\n<h2 class=\"wp-block-heading\">Images<\/h2>\n\n\n\n<figure class=\"wp-block-gallery has-nested-images columns-default is-cropped wp-block-gallery-1 is-layout-flex wp-block-gallery-is-layout-flex\">\n<figure class=\"wp-block-image size-large\"><a href=\"https:\/\/www.jugend-im-berggebiet.ch\/wp-content\/uploads\/2025\/07\/Winter-Hergiswil.jpg\"><img loading=\"lazy\" decoding=\"async\" width=\"1024\" height=\"682\" data-id=\"4453\" src=\"https:\/\/www.jugend-im-berggebiet.ch\/wp-content\/uploads\/2025\/07\/Winter-Hergiswil-1024x682.jpg\" alt=\"\" class=\"wp-image-4453\" srcset=\"https:\/\/www.jugend-im-berggebiet.ch\/wp-content\/uploads\/2025\/07\/Winter-Hergiswil-1024x682.jpg 1024w, https:\/\/www.jugend-im-berggebiet.ch\/wp-content\/uploads\/2025\/07\/Winter-Hergiswil-300x200.jpg 300w, https:\/\/www.jugend-im-berggebiet.ch\/wp-content\/uploads\/2025\/07\/Winter-Hergiswil-768x512.jpg 768w, https:\/\/www.jugend-im-berggebiet.ch\/wp-content\/uploads\/2025\/07\/Winter-Hergiswil.jpg 1280w\" sizes=\"auto, (max-width: 1024px) 100vw, 1024px\" \/><\/a><figcaption class=\"wp-element-caption\">Hergiswil en hiver<\/figcaption><\/figure>\n\n\n\n<figure class=\"wp-block-image size-large\"><a href=\"https:\/\/www.jugend-im-berggebiet.ch\/wp-content\/uploads\/2025\/07\/20180830_160824-scaled.jpg\"><img loading=\"lazy\" decoding=\"async\" width=\"1024\" height=\"576\" data-id=\"4455\" src=\"https:\/\/www.jugend-im-berggebiet.ch\/wp-content\/uploads\/2025\/07\/20180830_160824-1024x576.jpg\" alt=\"\" class=\"wp-image-4455\" srcset=\"https:\/\/www.jugend-im-berggebiet.ch\/wp-content\/uploads\/2025\/07\/20180830_160824-1024x576.jpg 1024w, https:\/\/www.jugend-im-berggebiet.ch\/wp-content\/uploads\/2025\/07\/20180830_160824-300x169.jpg 300w, https:\/\/www.jugend-im-berggebiet.ch\/wp-content\/uploads\/2025\/07\/20180830_160824-768x432.jpg 768w, https:\/\/www.jugend-im-berggebiet.ch\/wp-content\/uploads\/2025\/07\/20180830_160824-1536x864.jpg 1536w, https:\/\/www.jugend-im-berggebiet.ch\/wp-content\/uploads\/2025\/07\/20180830_160824-2048x1152.jpg 2048w\" sizes=\"auto, (max-width: 1024px) 100vw, 1024px\" \/><\/a><figcaption class=\"wp-element-caption\">La remise du label en 2018<\/figcaption><\/figure>\n\n\n\n<figure class=\"wp-block-image size-large\"><a href=\"https:\/\/www.jugend-im-berggebiet.ch\/wp-content\/uploads\/2025\/07\/Dorf-vom-Kirchenturm-scaled.jpg\"><img loading=\"lazy\" decoding=\"async\" width=\"1024\" height=\"921\" data-id=\"4454\" src=\"https:\/\/www.jugend-im-berggebiet.ch\/wp-content\/uploads\/2025\/07\/Dorf-vom-Kirchenturm-1024x921.jpg\" alt=\"\" class=\"wp-image-4454\" srcset=\"https:\/\/www.jugend-im-berggebiet.ch\/wp-content\/uploads\/2025\/07\/Dorf-vom-Kirchenturm-1024x921.jpg 1024w, https:\/\/www.jugend-im-berggebiet.ch\/wp-content\/uploads\/2025\/07\/Dorf-vom-Kirchenturm-300x270.jpg 300w, https:\/\/www.jugend-im-berggebiet.ch\/wp-content\/uploads\/2025\/07\/Dorf-vom-Kirchenturm-768x690.jpg 768w, https:\/\/www.jugend-im-berggebiet.ch\/wp-content\/uploads\/2025\/07\/Dorf-vom-Kirchenturm-1536x1381.jpg 1536w, https:\/\/www.jugend-im-berggebiet.ch\/wp-content\/uploads\/2025\/07\/Dorf-vom-Kirchenturm-2048x1841.jpg 2048w\" sizes=\"auto, (max-width: 1024px) 100vw, 1024px\" \/><\/a><figcaption class=\"wp-element-caption\">Le Forum des jeunes a eu lieu \u00e0 Hergiswil en 2023.<\/figcaption><\/figure>\n\n\n\n<figure class=\"wp-block-image size-large\"><a href=\"https:\/\/www.jugend-im-berggebiet.ch\/wp-content\/uploads\/2025\/07\/Sagiacher-2017-scaled.jpg\"><img loading=\"lazy\" decoding=\"async\" width=\"1024\" height=\"592\" data-id=\"4458\" src=\"https:\/\/www.jugend-im-berggebiet.ch\/wp-content\/uploads\/2025\/07\/Sagiacher-2017-1024x592.jpg\" alt=\"\" class=\"wp-image-4458\" srcset=\"https:\/\/www.jugend-im-berggebiet.ch\/wp-content\/uploads\/2025\/07\/Sagiacher-2017-1024x592.jpg 1024w, https:\/\/www.jugend-im-berggebiet.ch\/wp-content\/uploads\/2025\/07\/Sagiacher-2017-300x173.jpg 300w, https:\/\/www.jugend-im-berggebiet.ch\/wp-content\/uploads\/2025\/07\/Sagiacher-2017-768x444.jpg 768w, https:\/\/www.jugend-im-berggebiet.ch\/wp-content\/uploads\/2025\/07\/Sagiacher-2017-1536x888.jpg 1536w, https:\/\/www.jugend-im-berggebiet.ch\/wp-content\/uploads\/2025\/07\/Sagiacher-2017-2048x1184.jpg 2048w\" sizes=\"auto, (max-width: 1024px) 100vw, 1024px\" \/><\/a><figcaption class=\"wp-element-caption\">Le hameau de Sagiacher<\/figcaption><\/figure>\n\n\n\n<figure class=\"wp-block-image size-large\"><a href=\"https:\/\/www.jugend-im-berggebiet.ch\/wp-content\/uploads\/2025\/07\/Buchaer-2019-Original-scaled.jpg\"><img loading=\"lazy\" decoding=\"async\" width=\"1024\" height=\"683\" data-id=\"4457\" src=\"https:\/\/www.jugend-im-berggebiet.ch\/wp-content\/uploads\/2025\/07\/Buchaer-2019-Original-1024x683.jpg\" alt=\"\" class=\"wp-image-4457\" srcset=\"https:\/\/www.jugend-im-berggebiet.ch\/wp-content\/uploads\/2025\/07\/Buchaer-2019-Original-1024x683.jpg 1024w, https:\/\/www.jugend-im-berggebiet.ch\/wp-content\/uploads\/2025\/07\/Buchaer-2019-Original-300x200.jpg 300w, https:\/\/www.jugend-im-berggebiet.ch\/wp-content\/uploads\/2025\/07\/Buchaer-2019-Original-768x512.jpg 768w, https:\/\/www.jugend-im-berggebiet.ch\/wp-content\/uploads\/2025\/07\/Buchaer-2019-Original-1536x1024.jpg 1536w, https:\/\/www.jugend-im-berggebiet.ch\/wp-content\/uploads\/2025\/07\/Buchaer-2019-Original-2048x1365.jpg 2048w\" sizes=\"auto, (max-width: 1024px) 100vw, 1024px\" \/><\/a><figcaption class=\"wp-element-caption\">Vue depuis Buacher<\/figcaption><\/figure>\n\n\n\n<figure class=\"wp-block-image size-large\"><a href=\"https:\/\/www.jugend-im-berggebiet.ch\/wp-content\/uploads\/2025\/07\/DSC_1532k-Steinacherareal-scaled.jpg\"><img loading=\"lazy\" decoding=\"async\" width=\"1024\" height=\"788\" data-id=\"4456\" src=\"https:\/\/www.jugend-im-berggebiet.ch\/wp-content\/uploads\/2025\/07\/DSC_1532k-Steinacherareal-1024x788.jpg\" alt=\"\" class=\"wp-image-4456\" srcset=\"https:\/\/www.jugend-im-berggebiet.ch\/wp-content\/uploads\/2025\/07\/DSC_1532k-Steinacherareal-1024x788.jpg 1024w, https:\/\/www.jugend-im-berggebiet.ch\/wp-content\/uploads\/2025\/07\/DSC_1532k-Steinacherareal-300x231.jpg 300w, https:\/\/www.jugend-im-berggebiet.ch\/wp-content\/uploads\/2025\/07\/DSC_1532k-Steinacherareal-768x591.jpg 768w, https:\/\/www.jugend-im-berggebiet.ch\/wp-content\/uploads\/2025\/07\/DSC_1532k-Steinacherareal-1536x1182.jpg 1536w, https:\/\/www.jugend-im-berggebiet.ch\/wp-content\/uploads\/2025\/07\/DSC_1532k-Steinacherareal-2048x1576.jpg 2048w\" sizes=\"auto, (max-width: 1024px) 100vw, 1024px\" \/><\/a><figcaption class=\"wp-element-caption\">Le terrain Steinacher<\/figcaption><\/figure>\n<\/figure>\n","protected":false},"excerpt":{"rendered":"<p>Principales caract\u00e9ristiques Canton : Lucerne R\u00e9gion : Luzern West Habitants : 1&rsquo;942 Langue officielle : Allemand Superficie en km2 : 31.34 Point le plus haut : 1&rsquo;380 m d\u2019altitude (Dreil\u00e4nderstein Napf) Point le plus bas : 612 m d\u2019altitude (Feldmatt) Site web : www.hergiswil-lu.ch Obtention du label : 2018 R\u00e9ussites Local pour les jeunes \u2013 [&hellip;]<\/p>\n","protected":false},"author":5,"featured_media":0,"parent":653,"menu_order":0,"comment_status":"closed","ping_status":"closed","template":"template-fullwidth.php","meta":{"footnotes":""},"class_list":["post-2141","page","type-page","status-publish","hentry"],"_links":{"self":[{"href":"https:\/\/www.jugend-im-berggebiet.ch\/fr\/wp-json\/wp\/v2\/pages\/2141","targetHints":{"allow":["GET"]}}],"collection":[{"href":"https:\/\/www.jugend-im-berggebiet.ch\/fr\/wp-json\/wp\/v2\/pages"}],"about":[{"href":"https:\/\/www.jugend-im-berggebiet.ch\/fr\/wp-json\/wp\/v2\/types\/page"}],"author":[{"embeddable":true,"href":"https:\/\/www.jugend-im-berggebiet.ch\/fr\/wp-json\/wp\/v2\/users\/5"}],"replies":[{"embeddable":true,"href":"https:\/\/www.jugend-im-berggebiet.ch\/fr\/wp-json\/wp\/v2\/comments?post=2141"}],"version-history":[{"count":21,"href":"https:\/\/www.jugend-im-berggebiet.ch\/fr\/wp-json\/wp\/v2\/pages\/2141\/revisions"}],"predecessor-version":[{"id":8977,"href":"https:\/\/www.jugend-im-berggebiet.ch\/fr\/wp-json\/wp\/v2\/pages\/2141\/revisions\/8977"}],"up":[{"embeddable":true,"href":"https:\/\/www.jugend-im-berggebiet.ch\/fr\/wp-json\/wp\/v2\/pages\/653"}],"wp:attachment":[{"href":"https:\/\/www.jugend-im-berggebiet.ch\/fr\/wp-json\/wp\/v2\/media?parent=2141"}],"curies":[{"name":"wp","href":"https:\/\/api.w.org\/{rel}","templated":true}]}}