{"id":2569,"date":"2019-08-11T20:30:50","date_gmt":"2019-08-11T18:30:50","guid":{"rendered":"http:\/\/www.jugend-im-berggebiet.ch\/?page_id=2569"},"modified":"2025-11-09T19:30:37","modified_gmt":"2025-11-09T18:30:37","slug":"orsieres-liddes","status":"publish","type":"page","link":"https:\/\/www.jugend-im-berggebiet.ch\/fr\/un-label-pour-les-communes__trashed\/orsieres-liddes\/","title":{"rendered":"R\u00e9gion Orsi\u00e8res-Liddes (VS)"},"content":{"rendered":"\n<p>La r\u00e9gion est compos\u00e9e de deux communes, <strong>Orsi\u00e8res<\/strong> et <strong>Liddes<\/strong>.<\/p>\n\n\n\n<h2 class=\"wp-block-heading\">Principales caract\u00e9ristiques de Liddes<\/h2>\n\n\n\n<div class=\"wp-block-columns is-layout-flex wp-container-core-columns-is-layout-9d6595d7 wp-block-columns-is-layout-flex\">\n<div class=\"wp-block-column is-layout-flow wp-block-column-is-layout-flow\" style=\"flex-basis:66.66%\">\n<ul class=\"wp-block-list\">\n<li>Canton : Valais<\/li>\n\n\n\n<li>R\u00e9gion : Bas-Valais<\/li>\n\n\n\n<li>Habitants : 745 (fin 2022)<\/li>\n\n\n\n<li>Langue officielle : Fran\u00e7ais<\/li>\n\n\n\n<li>Superficie en km<sup>2<\/sup> : 60.16<\/li>\n\n\n\n<li>Point le plus haut : 3&rsquo;663 m d\u2019altitude (Le Combin de Boveire)<\/li>\n\n\n\n<li>Point le plus bas : 1\u2019020 m d\u2019altitude (jonction du torrent de Pont-Sec avec la Dranse)<\/li>\n\n\n\n<li>Site web : <a href=\"https:\/\/www.liddes.ch\/\" target=\"_blank\" rel=\"noreferrer noopener\">www.liddes.ch<\/a><\/li>\n\n\n\n<li>Obtention du label : 2019<\/li>\n<\/ul>\n\n\n\n<hr class=\"wp-block-separator has-css-opacity is-style-dots\"\/>\n\n\n\n<h2 class=\"wp-block-heading\">R\u00e9ussites<\/h2>\n\n\n\n<p><strong>Forum des jeunes&nbsp;<\/strong>:<strong> <\/strong>En 2019, la commune de Liddes a organis\u00e9, en commun avec Orsi\u00e8res, le premier forum des jeunes de la vall\u00e9e d\u2019Entremont. Cette soir\u00e9e a \u00e9t\u00e9 suivie par environ 70 jeunes, \u00e2g\u00e9s de 12 \u00e0 30 ans et \u00e9tait une premi\u00e8re du genre dans une commune de montagne en Valais. Les responsables ont recueilli leurs demandes et ont organis\u00e9 une soir\u00e9e en 2022 pour leur faire part des mesures qui avaient \u00e9t\u00e9 r\u00e9alis\u00e9es, celles qui sont en cours de r\u00e9alisation et celles qui sont impossible \u00e0 r\u00e9aliser. Le processus complet ayant abouti, un deuxi\u00e8me forum a vu le jour.<\/p>\n\n\n\n<p><strong>No\u00ebl des a\u00een\u00e9s<\/strong>&nbsp;: La communication entre l\u2019\u00e9cole et la paroisse de Liddes qui organise le No\u00ebl des a\u00een\u00e9s \u00e9tait rompue depuis plusieurs ann\u00e9es. Apr\u00e8s l\u2019engagement d\u2019une animatrice socio-culturelle, la commune lui a demand\u00e9 de renouer le dialogue entre les deux parties. Celui-ci \u00e9tant revenu, les enfants des \u00e9coles viennent animer le No\u00ebl des a\u00een\u00e9s pour le plus grand bonheur de tous.<\/p>\n\n\n\n<hr class=\"wp-block-separator has-css-opacity is-style-dots\"\/>\n\n\n\n<h2 class=\"wp-block-heading\">Projets en cours<\/h2>\n\n\n\n<p><strong>Abri du Martinet<\/strong>&nbsp;: A l\u2019heure actuelle, il existe un abri qui tombe en ruine dans le village. La volont\u00e9 de la commune est de le r\u00e9nover compl\u00e8tement avec une plue-value sous la forme d\u2019un parc de jeu sur le th\u00e8me de l\u2019eau et ses diff\u00e9rentes utilisations. Le but final est d\u2019avoir un bel espace pour pouvoir y organiser f\u00eates de famille ou autres manifestations et que les jeunes et enfants puissent s\u2019amuser dans le parc tout en apprenant des petites choses sur l\u2019eau, ses dangers et ses avantages.<\/p>\n\n\n\n<p><strong>G\u00e9n\u00e9rations&nbsp;<\/strong>:<strong> <\/strong>Une maison des g\u00e9n\u00e9rations devrait \u00eatre cr\u00e9\u00e9e \u00e0 Liddes. Afin de pallier les besoins d\u2019un syst\u00e8me de garde d\u2019enfants et de maintien \u00e0 domicile de la personne \u00e2g\u00e9e, la commune se lance dans le projet de r\u00e9novation du b\u00e2timent de la cure afin de r\u00e9unir un lieu d\u2019accueil de l\u2019enfance et des appartements prot\u00e9g\u00e9es.<\/p>\n\n\n\n<hr class=\"wp-block-separator has-css-opacity is-style-dots\"\/>\n\n\n\n<h2 class=\"wp-block-heading\">Difficult\u00e9s<\/h2>\n\n\n\n<p>Les principales difficult\u00e9s de cette commune de montagne pour la jeunesse sont la <strong>mobilit\u00e9<\/strong> et le <strong>logement<\/strong>. Elle est en pleine refonte du r\u00e8glement des constructions et des zones. Parall\u00e8lement, une r\u00e9flexion est men\u00e9e pour mettre sur pied une aide au logement pour les jeunes d\u00e9sirant s\u2019\u00e9tablir sur la commune. Il est compliqu\u00e9 de pouvoir agir directement sur le logement mais l\u2019optimisme r\u00e8gne car les avantages de Liddes sont plus nombreux que la difficult\u00e9 de trouver un logement.<\/p>\n\n\n\n<hr class=\"wp-block-separator has-css-opacity is-style-dots\"\/>\n<\/div>\n\n\n\n<div class=\"wp-block-column is-layout-flow wp-block-column-is-layout-flow\" style=\"flex-basis:33.33%\">\n<figure class=\"wp-block-image size-full\"><a href=\"https:\/\/www.jugend-im-berggebiet.ch\/wp-content\/uploads\/2025\/07\/Liddes-5.png\"><img loading=\"lazy\" decoding=\"async\" width=\"604\" height=\"415\" src=\"https:\/\/www.jugend-im-berggebiet.ch\/wp-content\/uploads\/2025\/07\/Liddes-5.png\" alt=\"\" class=\"wp-image-7214\" srcset=\"https:\/\/www.jugend-im-berggebiet.ch\/wp-content\/uploads\/2025\/07\/Liddes-5.png 604w, https:\/\/www.jugend-im-berggebiet.ch\/wp-content\/uploads\/2025\/07\/Liddes-5-300x206.png 300w\" sizes=\"auto, (max-width: 604px) 100vw, 604px\" \/><\/a><\/figure>\n\n\n\n<p><\/p>\n\n\n\n<p><\/p>\n\n\n\n<p><\/p>\n\n\n\n<p><\/p>\n\n\n\n<p><\/p>\n\n\n\n<p><\/p>\n\n\n\n<p><\/p>\n\n\n\n<p><\/p>\n\n\n\n<p><\/p>\n\n\n\n<p><\/p>\n\n\n\n<p><\/p>\n\n\n\n<p><\/p>\n\n\n\n<p><\/p>\n<\/div>\n<\/div>\n\n\n\n<h2 class=\"wp-block-heading\">Images<\/h2>\n\n\n\n<figure class=\"wp-block-gallery has-nested-images columns-2 is-cropped wp-block-gallery-1 is-layout-flex wp-block-gallery-is-layout-flex\">\n<figure class=\"wp-block-image size-large\"><a href=\"https:\/\/www.jugend-im-berggebiet.ch\/wp-content\/uploads\/2025\/07\/Liddes-hiver-3-scaled.jpg\"><img loading=\"lazy\" decoding=\"async\" width=\"1024\" height=\"683\" data-id=\"7312\" src=\"https:\/\/www.jugend-im-berggebiet.ch\/wp-content\/uploads\/2025\/07\/Liddes-hiver-3-1024x683.jpg\" alt=\"\" class=\"wp-image-7312\" srcset=\"https:\/\/www.jugend-im-berggebiet.ch\/wp-content\/uploads\/2025\/07\/Liddes-hiver-3-1024x683.jpg 1024w, https:\/\/www.jugend-im-berggebiet.ch\/wp-content\/uploads\/2025\/07\/Liddes-hiver-3-300x200.jpg 300w, https:\/\/www.jugend-im-berggebiet.ch\/wp-content\/uploads\/2025\/07\/Liddes-hiver-3-768x512.jpg 768w, https:\/\/www.jugend-im-berggebiet.ch\/wp-content\/uploads\/2025\/07\/Liddes-hiver-3-1536x1024.jpg 1536w, https:\/\/www.jugend-im-berggebiet.ch\/wp-content\/uploads\/2025\/07\/Liddes-hiver-3-2048x1365.jpg 2048w\" sizes=\"auto, (max-width: 1024px) 100vw, 1024px\" \/><\/a><figcaption class=\"wp-element-caption\">Liddes est situ\u00e9e sur l&rsquo;axe international du Grand-Saint-Bernard.<\/figcaption><\/figure>\n\n\n\n<figure class=\"wp-block-image size-large\"><a href=\"https:\/\/www.jugend-im-berggebiet.ch\/wp-content\/uploads\/2025\/07\/Commune-de-Liddes-scaled.jpg\"><img loading=\"lazy\" decoding=\"async\" width=\"1024\" height=\"768\" data-id=\"7300\" src=\"https:\/\/www.jugend-im-berggebiet.ch\/wp-content\/uploads\/2025\/07\/Commune-de-Liddes-1024x768.jpg\" alt=\"\" class=\"wp-image-7300\" srcset=\"https:\/\/www.jugend-im-berggebiet.ch\/wp-content\/uploads\/2025\/07\/Commune-de-Liddes-1024x768.jpg 1024w, https:\/\/www.jugend-im-berggebiet.ch\/wp-content\/uploads\/2025\/07\/Commune-de-Liddes-300x225.jpg 300w, https:\/\/www.jugend-im-berggebiet.ch\/wp-content\/uploads\/2025\/07\/Commune-de-Liddes-768x576.jpg 768w, https:\/\/www.jugend-im-berggebiet.ch\/wp-content\/uploads\/2025\/07\/Commune-de-Liddes-1536x1152.jpg 1536w, https:\/\/www.jugend-im-berggebiet.ch\/wp-content\/uploads\/2025\/07\/Commune-de-Liddes-2048x1536.jpg 2048w\" sizes=\"auto, (max-width: 1024px) 100vw, 1024px\" \/><\/a><figcaption class=\"wp-element-caption\">La Maison de Commune<\/figcaption><\/figure>\n\n\n\n<figure class=\"wp-block-image size-large\"><a href=\"https:\/\/www.jugend-im-berggebiet.ch\/wp-content\/uploads\/2025\/07\/Vicheres-Liddes-3-scaled.jpg\"><img loading=\"lazy\" decoding=\"async\" width=\"1024\" height=\"768\" data-id=\"7308\" src=\"https:\/\/www.jugend-im-berggebiet.ch\/wp-content\/uploads\/2025\/07\/Vicheres-Liddes-3-1024x768.jpg\" alt=\"\" class=\"wp-image-7308\" srcset=\"https:\/\/www.jugend-im-berggebiet.ch\/wp-content\/uploads\/2025\/07\/Vicheres-Liddes-3-1024x768.jpg 1024w, https:\/\/www.jugend-im-berggebiet.ch\/wp-content\/uploads\/2025\/07\/Vicheres-Liddes-3-300x225.jpg 300w, https:\/\/www.jugend-im-berggebiet.ch\/wp-content\/uploads\/2025\/07\/Vicheres-Liddes-3-768x576.jpg 768w, https:\/\/www.jugend-im-berggebiet.ch\/wp-content\/uploads\/2025\/07\/Vicheres-Liddes-3-1536x1152.jpg 1536w, https:\/\/www.jugend-im-berggebiet.ch\/wp-content\/uploads\/2025\/07\/Vicheres-Liddes-3-2048x1536.jpg 2048w\" sizes=\"auto, (max-width: 1024px) 100vw, 1024px\" \/><\/a><figcaption class=\"wp-element-caption\">Domaine skiable de Vich\u00e8res-Liddes<\/figcaption><\/figure>\n\n\n\n<figure class=\"wp-block-image size-large\"><a href=\"https:\/\/www.jugend-im-berggebiet.ch\/wp-content\/uploads\/2025\/07\/Liddes-scaled.jpg\"><img loading=\"lazy\" decoding=\"async\" width=\"1024\" height=\"768\" data-id=\"7304\" src=\"https:\/\/www.jugend-im-berggebiet.ch\/wp-content\/uploads\/2025\/07\/Liddes-1024x768.jpg\" alt=\"\" class=\"wp-image-7304\" srcset=\"https:\/\/www.jugend-im-berggebiet.ch\/wp-content\/uploads\/2025\/07\/Liddes-1024x768.jpg 1024w, https:\/\/www.jugend-im-berggebiet.ch\/wp-content\/uploads\/2025\/07\/Liddes-300x225.jpg 300w, https:\/\/www.jugend-im-berggebiet.ch\/wp-content\/uploads\/2025\/07\/Liddes-768x576.jpg 768w, https:\/\/www.jugend-im-berggebiet.ch\/wp-content\/uploads\/2025\/07\/Liddes-1536x1152.jpg 1536w, https:\/\/www.jugend-im-berggebiet.ch\/wp-content\/uploads\/2025\/07\/Liddes-2048x1536.jpg 2048w\" sizes=\"auto, (max-width: 1024px) 100vw, 1024px\" \/><\/a><figcaption class=\"wp-element-caption\">Le Forum des jeunes du SAB a eu lieu en 2024 \u00e0 Orsi\u00e8res et Liddes.<\/figcaption><\/figure>\n<\/figure>\n\n\n\n<p><\/p>\n\n\n\n<hr class=\"wp-block-separator has-alpha-channel-opacity\"\/>\n\n\n\n<h2 class=\"wp-block-heading\">Principales caract\u00e9ristiques d&rsquo;Orsi\u00e8res<\/h2>\n\n\n\n<div class=\"wp-block-columns is-layout-flex wp-container-core-columns-is-layout-9d6595d7 wp-block-columns-is-layout-flex\">\n<div class=\"wp-block-column is-layout-flow wp-block-column-is-layout-flow\" style=\"flex-basis:66.66%\">\n<ul class=\"wp-block-list\">\n<li>Canton : Valais<\/li>\n\n\n\n<li>R\u00e9gion : Bas-Valais<\/li>\n\n\n\n<li>Habitants : 3&rsquo;237 (fin 2022)<\/li>\n\n\n\n<li>Langue officielle : Fran\u00e7ais<\/li>\n\n\n\n<li>Superficie en km<sup>2<\/sup> : 165.02<\/li>\n\n\n\n<li>Point le plus haut : 3&rsquo;901 m d\u2019altitude (L\u2019Aiguille d\u2019Argenti\u00e8re)<\/li>\n\n\n\n<li>Point le plus bas : 800 m d\u2019altitude (hameau de La Douay)<\/li>\n\n\n\n<li>Site web : <a href=\"https:\/\/orsieres.ch\/\" target=\"_blank\" rel=\"noreferrer noopener\">www.orsieres.ch<\/a><\/li>\n\n\n\n<li>Obtention du label : 2019<\/li>\n<\/ul>\n\n\n\n<hr class=\"wp-block-separator has-css-opacity is-style-dots\"\/>\n\n\n\n<h2 class=\"wp-block-heading\">R\u00e9ussites<\/h2>\n\n\n\n<p>Depuis de nombreuses ann\u00e9es, la commune d\u2019Orsi\u00e8res s\u2019engage en faveur de la jeunesse, notamment en soutenant les actions des <strong>trois soci\u00e9t\u00e9s de jeunesses<\/strong>. <\/p>\n\n\n\n<p>En 2016, l\u2019engagement d\u2019une animatrice socioculturelle pour la vall\u00e9e a permis de cr\u00e9er une <strong>collaboration \u00e9troite<\/strong> entre cette derni\u00e8re et les autorit\u00e9s communales afin d\u2019\u0153uvrer ensemble, en faveur de la jeunesse. Depuis, de nombreux projets ont vu le jour. Vous pouvez les trouver sur le site internet&nbsp;: <a href=\"http:\/\/www.asdentremont.ch\" data-type=\"link\" data-id=\"www.asdentremont.ch\" target=\"_blank\" rel=\"noreferrer noopener\">www.asdentremont.ch<\/a>.<\/p>\n\n\n\n<p>En septembre 2023, un <strong>\u00e9ducateur social<\/strong> a \u00e9t\u00e9 engag\u00e9 pour tout le district. Ce dernier intervient dans le cadre familial ainsi qu\u2019en hors murs et collabore avec les \u00e9coles primaires, le cycle d\u2019orientation ainsi que tout un r\u00e9seau de professionnels sp\u00e9cialis\u00e9s. Il fournit un accompagnement pour les adolescents et les familles en difficult\u00e9.<\/p>\n\n\n\n<hr class=\"wp-block-separator has-css-opacity is-style-dots\"\/>\n\n\n\n<h2 class=\"wp-block-heading\">Projets en cours<\/h2>\n\n\n\n<p>Actuellement, la question de la <strong>mobilit\u00e9<\/strong> est centrale. Un projet d\u2019application de covoiturage est lanc\u00e9 depuis plusieurs mois et verra le jour d\u2019ici peu. Des sondages, r\u00e9alis\u00e9s par les transports publics de la r\u00e9gion (TMR), cherchent \u00e0 conna\u00eetre les besoins de la population dans ce domaine et ainsi pouvoir agir en cons\u00e9quence.<\/p>\n\n\n\n<p>La commune pr\u00e9voit d\u2019ouvrir une nouvelle <strong>structure de l\u2019enfance<\/strong> \u00e0 Orsi\u00e8res \u00e0 la rentr\u00e9e prochaine afin d\u2019accueillir journali\u00e8rement jusqu\u2019\u00e0 10 places en nurserie, 24 places en cr\u00e8che et 48 places en UAPE.<\/p>\n\n\n\n<hr class=\"wp-block-separator has-css-opacity is-style-dots\"\/>\n\n\n\n<h2 class=\"wp-block-heading\">Difficult\u00e9s<\/h2>\n\n\n\n<p>Un sondage, r\u00e9alis\u00e9 aupr\u00e8s de jeunes \u00e2g\u00e9s de 11 \u00e0 15 ans vivant dans la r\u00e9gion, a d\u00e9montr\u00e9 qu\u2019un sentiment de solitude \u00e9tait partag\u00e9 par plusieurs adolescents. Cette th\u00e9matique, li\u00e9e \u00e0 celle de la<strong> sant\u00e9 mentale<\/strong>, est au c\u0153ur des actions des travailleurs sociaux qui \u00e9changent r\u00e9guli\u00e8rement avec la jeunesse dans le but de les sensibiliser et de leur apporter un soutien.<\/p>\n\n\n\n<hr class=\"wp-block-separator has-css-opacity is-style-dots\"\/>\n<\/div>\n\n\n\n<div class=\"wp-block-column is-layout-flow wp-block-column-is-layout-flow\" style=\"flex-basis:33.33%\">\n<figure class=\"wp-block-image size-full\"><a href=\"https:\/\/www.jugend-im-berggebiet.ch\/wp-content\/uploads\/2025\/07\/Orsieres.png\"><img loading=\"lazy\" decoding=\"async\" width=\"484\" height=\"327\" src=\"https:\/\/www.jugend-im-berggebiet.ch\/wp-content\/uploads\/2025\/07\/Orsieres.png\" alt=\"\" class=\"wp-image-7227\" srcset=\"https:\/\/www.jugend-im-berggebiet.ch\/wp-content\/uploads\/2025\/07\/Orsieres.png 484w, https:\/\/www.jugend-im-berggebiet.ch\/wp-content\/uploads\/2025\/07\/Orsieres-300x203.png 300w\" sizes=\"auto, (max-width: 484px) 100vw, 484px\" \/><\/a><\/figure>\n\n\n\n<p><\/p>\n\n\n\n<p><\/p>\n\n\n\n<p><\/p>\n\n\n\n<p><\/p>\n\n\n\n<p><\/p>\n\n\n\n<p><\/p>\n\n\n\n<p><\/p>\n\n\n\n<p><\/p>\n\n\n\n<p><\/p>\n\n\n\n<p><\/p>\n\n\n\n<p><\/p>\n\n\n\n<p><\/p>\n\n\n\n<p><\/p>\n<\/div>\n<\/div>\n\n\n\n<h2 class=\"wp-block-heading\">Images<\/h2>\n\n\n\n<figure class=\"wp-block-gallery has-nested-images columns-2 is-cropped wp-block-gallery-2 is-layout-flex wp-block-gallery-is-layout-flex\">\n<figure class=\"wp-block-image size-large\"><a href=\"https:\/\/www.jugend-im-berggebiet.ch\/wp-content\/uploads\/2025\/07\/ValFerret-Orsieres-1.jpg\"><img loading=\"lazy\" decoding=\"async\" width=\"768\" height=\"1024\" data-id=\"7289\" src=\"https:\/\/www.jugend-im-berggebiet.ch\/wp-content\/uploads\/2025\/07\/ValFerret-Orsieres-1-768x1024.jpg\" alt=\"\" class=\"wp-image-7289\" srcset=\"https:\/\/www.jugend-im-berggebiet.ch\/wp-content\/uploads\/2025\/07\/ValFerret-Orsieres-1-768x1024.jpg 768w, https:\/\/www.jugend-im-berggebiet.ch\/wp-content\/uploads\/2025\/07\/ValFerret-Orsieres-1-225x300.jpg 225w, https:\/\/www.jugend-im-berggebiet.ch\/wp-content\/uploads\/2025\/07\/ValFerret-Orsieres-1-1152x1536.jpg 1152w, https:\/\/www.jugend-im-berggebiet.ch\/wp-content\/uploads\/2025\/07\/ValFerret-Orsieres-1.jpg 1200w\" sizes=\"auto, (max-width: 768px) 100vw, 768px\" \/><\/a><figcaption class=\"wp-element-caption\">Le Val Ferret, un de deux grandes vall\u00e9es<\/figcaption><\/figure>\n\n\n\n<figure class=\"wp-block-image size-large\"><a href=\"https:\/\/www.jugend-im-berggebiet.ch\/wp-content\/uploads\/2025\/07\/Orsieres-hospice-1.jpg\"><img loading=\"lazy\" decoding=\"async\" width=\"640\" height=\"553\" data-id=\"7279\" src=\"https:\/\/www.jugend-im-berggebiet.ch\/wp-content\/uploads\/2025\/07\/Orsieres-hospice-1.jpg\" alt=\"\" class=\"wp-image-7279\" srcset=\"https:\/\/www.jugend-im-berggebiet.ch\/wp-content\/uploads\/2025\/07\/Orsieres-hospice-1.jpg 640w, https:\/\/www.jugend-im-berggebiet.ch\/wp-content\/uploads\/2025\/07\/Orsieres-hospice-1-300x259.jpg 300w\" sizes=\"auto, (max-width: 640px) 100vw, 640px\" \/><\/a><figcaption class=\"wp-element-caption\">Vue sur l&rsquo;hospice du Grand-Saint-Bernard<\/figcaption><\/figure>\n\n\n\n<figure class=\"wp-block-image size-large\"><a href=\"https:\/\/www.jugend-im-berggebiet.ch\/wp-content\/uploads\/2025\/07\/Orsieres-bouquetin-1.jpg\"><img loading=\"lazy\" decoding=\"async\" width=\"1024\" height=\"686\" data-id=\"7287\" src=\"https:\/\/www.jugend-im-berggebiet.ch\/wp-content\/uploads\/2025\/07\/Orsieres-bouquetin-1-1024x686.jpg\" alt=\"\" class=\"wp-image-7287\" srcset=\"https:\/\/www.jugend-im-berggebiet.ch\/wp-content\/uploads\/2025\/07\/Orsieres-bouquetin-1-1024x686.jpg 1024w, https:\/\/www.jugend-im-berggebiet.ch\/wp-content\/uploads\/2025\/07\/Orsieres-bouquetin-1-300x201.jpg 300w, https:\/\/www.jugend-im-berggebiet.ch\/wp-content\/uploads\/2025\/07\/Orsieres-bouquetin-1-768x514.jpg 768w, https:\/\/www.jugend-im-berggebiet.ch\/wp-content\/uploads\/2025\/07\/Orsieres-bouquetin-1-1536x1028.jpg 1536w, https:\/\/www.jugend-im-berggebiet.ch\/wp-content\/uploads\/2025\/07\/Orsieres-bouquetin-1.jpg 1840w\" sizes=\"auto, (max-width: 1024px) 100vw, 1024px\" \/><\/a><figcaption class=\"wp-element-caption\">Orsi\u00e8res est situ\u00e9e au pied du&nbsp;massif du Mont-Blanc.<\/figcaption><\/figure>\n\n\n\n<figure class=\"wp-block-image size-large\"><a href=\"https:\/\/www.jugend-im-berggebiet.ch\/wp-content\/uploads\/2025\/07\/Orsieres-1-scaled.jpg\"><img loading=\"lazy\" decoding=\"async\" width=\"1024\" height=\"893\" data-id=\"7295\" src=\"https:\/\/www.jugend-im-berggebiet.ch\/wp-content\/uploads\/2025\/07\/Orsieres-1-1024x893.jpg\" alt=\"\" class=\"wp-image-7295\" srcset=\"https:\/\/www.jugend-im-berggebiet.ch\/wp-content\/uploads\/2025\/07\/Orsieres-1-1024x893.jpg 1024w, https:\/\/www.jugend-im-berggebiet.ch\/wp-content\/uploads\/2025\/07\/Orsieres-1-300x262.jpg 300w, https:\/\/www.jugend-im-berggebiet.ch\/wp-content\/uploads\/2025\/07\/Orsieres-1-768x670.jpg 768w, https:\/\/www.jugend-im-berggebiet.ch\/wp-content\/uploads\/2025\/07\/Orsieres-1-1536x1340.jpg 1536w, https:\/\/www.jugend-im-berggebiet.ch\/wp-content\/uploads\/2025\/07\/Orsieres-1-2048x1787.jpg 2048w\" sizes=\"auto, (max-width: 1024px) 100vw, 1024px\" \/><\/a><figcaption class=\"wp-element-caption\">Le Forum des jeunes du SAB a eu lieu en 2024 \u00e0 Orsi\u00e8res et Liddes.<\/figcaption><\/figure>\n<\/figure>\n","protected":false},"excerpt":{"rendered":"<p>La r\u00e9gion est compos\u00e9e de deux communes, Orsi\u00e8res et Liddes. Principales caract\u00e9ristiques de Liddes Canton : Valais R\u00e9gion : Bas-Valais Habitants : 745 (fin 2022) Langue officielle : Fran\u00e7ais Superficie en km2 : 60.16 Point le plus haut : 3&rsquo;663 m d\u2019altitude (Le Combin de Boveire) Point le plus bas : 1\u2019020 m d\u2019altitude (jonction [&hellip;]<\/p>\n","protected":false},"author":5,"featured_media":0,"parent":653,"menu_order":0,"comment_status":"closed","ping_status":"closed","template":"template-fullwidth.php","meta":{"footnotes":""},"class_list":["post-2569","page","type-page","status-publish","hentry"],"_links":{"self":[{"href":"https:\/\/www.jugend-im-berggebiet.ch\/fr\/wp-json\/wp\/v2\/pages\/2569","targetHints":{"allow":["GET"]}}],"collection":[{"href":"https:\/\/www.jugend-im-berggebiet.ch\/fr\/wp-json\/wp\/v2\/pages"}],"about":[{"href":"https:\/\/www.jugend-im-berggebiet.ch\/fr\/wp-json\/wp\/v2\/types\/page"}],"author":[{"embeddable":true,"href":"https:\/\/www.jugend-im-berggebiet.ch\/fr\/wp-json\/wp\/v2\/users\/5"}],"replies":[{"embeddable":true,"href":"https:\/\/www.jugend-im-berggebiet.ch\/fr\/wp-json\/wp\/v2\/comments?post=2569"}],"version-history":[{"count":8,"href":"https:\/\/www.jugend-im-berggebiet.ch\/fr\/wp-json\/wp\/v2\/pages\/2569\/revisions"}],"predecessor-version":[{"id":8349,"href":"https:\/\/www.jugend-im-berggebiet.ch\/fr\/wp-json\/wp\/v2\/pages\/2569\/revisions\/8349"}],"up":[{"embeddable":true,"href":"https:\/\/www.jugend-im-berggebiet.ch\/fr\/wp-json\/wp\/v2\/pages\/653"}],"wp:attachment":[{"href":"https:\/\/www.jugend-im-berggebiet.ch\/fr\/wp-json\/wp\/v2\/media?parent=2569"}],"curies":[{"name":"wp","href":"https:\/\/api.w.org\/{rel}","templated":true}]}}