{"id":2670,"date":"2019-08-20T16:20:46","date_gmt":"2019-08-20T14:20:46","guid":{"rendered":"http:\/\/www.jugend-im-berggebiet.ch\/?page_id=2670"},"modified":"2024-09-11T15:29:48","modified_gmt":"2024-09-11T13:29:48","slug":"st-martin","status":"publish","type":"page","link":"https:\/\/www.jugend-im-berggebiet.ch\/fr\/un-label-pour-les-communes__trashed\/st-martin\/","title":{"rendered":"Saint-Martin (VS)"},"content":{"rendered":"<div style=\"width: 409px\" class=\"wp-caption alignright\"><img loading=\"lazy\" decoding=\"async\" class=\"size-full\" src=\"https:\/\/www.jugend-im-berggebiet.ch\/wp-content\/uploads\/2019\/08\/Generationenhaus-St.-Martin-1.jpg\" width=\"399\" height=\"266\"><p class=\"wp-caption-text\">Maison des g\u00e9n\u00e9rations de Saint-Martin<\/p><\/div>\n<p>La commune de Saint-Martin a suivi une piste innovatrice avec le projet de la \u00ab Maison des G\u00e9n\u00e9rations \u00bb. Ce projet en soi adresse d\u00e9j\u00e0 diff\u00e9rents crit\u00e8res du Label \u00ab Commune de montagne \u2013 La jeunesse, notre avenir \u00bb et cr\u00e9e des synergies.<\/p>\n<ul>\n<li><strong>Ecole&nbsp;<\/strong>: la commune a r\u00e9alis\u00e9 le projet de la <strong>Maison des G\u00e9n\u00e9rations<\/strong> qui regroupe les \u00e9coles, la cr\u00e8che et des appartements. Auparavant, les diff\u00e9rentes classes \u00e9taient s\u00e9par\u00e9es dans deux villages diff\u00e9rents Suen et Saint-Martin.<\/li>\n<li><strong>Cr\u00e8che<\/strong>&nbsp;: La structure int\u00e9gr\u00e9e dans la Maison des G\u00e9n\u00e9rations permet d\u2019accueillir 24 enfants. Elle comprend les services de nurserie, cr\u00e8che et UAPE. La pr\u00e9c\u00e9dente structure est toujours utilis\u00e9e sur le temps de midi pour avoir assez de place pour que les enfants de l\u2019UAPE qui ne rentrent pas chez eux \u00e0 midi puissent aussi manger sur place.<\/li>\n<li><strong>Sant\u00e9&nbsp;:<\/strong> la commune prend en charge les frais des assurances de base des personnes habitant sur la commune en dessous de 18 ans.<\/li>\n<li><strong>Implication de la Jeunesse<\/strong> : la Jeunesse de la Commune organise la f\u00eate au village une ann\u00e9e sur deux, avec des activit\u00e9s et divers postes install\u00e9s \u00e0 travers le village de Saint-Martin (ateliers d\u00e9gustations, jeux de piste,\u2026). La Jeunesse a \u00e9galement \u00e9t\u00e9 active pour les travaux de r\u00e9novation du Grand Plan avec le groupe de retrait\u00e9s de la commune.<\/li>\n<\/ul>\n","protected":false},"excerpt":{"rendered":"<p>La commune de Saint-Martin a suivi une piste innovatrice avec le projet de la \u00ab Maison des G\u00e9n\u00e9rations \u00bb. Ce projet en soi adresse d\u00e9j\u00e0 diff\u00e9rents crit\u00e8res du Label \u00ab Commune de montagne \u2013 La jeunesse, notre avenir \u00bb et cr\u00e9e des synergies. Ecole&nbsp;: la commune a r\u00e9alis\u00e9 le projet de la Maison des G\u00e9n\u00e9rations [&hellip;]<\/p>\n","protected":false},"author":5,"featured_media":0,"parent":653,"menu_order":0,"comment_status":"closed","ping_status":"closed","template":"template-fullwidth.php","meta":{"footnotes":""},"class_list":["post-2670","page","type-page","status-publish","hentry"],"_links":{"self":[{"href":"https:\/\/www.jugend-im-berggebiet.ch\/fr\/wp-json\/wp\/v2\/pages\/2670","targetHints":{"allow":["GET"]}}],"collection":[{"href":"https:\/\/www.jugend-im-berggebiet.ch\/fr\/wp-json\/wp\/v2\/pages"}],"about":[{"href":"https:\/\/www.jugend-im-berggebiet.ch\/fr\/wp-json\/wp\/v2\/types\/page"}],"author":[{"embeddable":true,"href":"https:\/\/www.jugend-im-berggebiet.ch\/fr\/wp-json\/wp\/v2\/users\/5"}],"replies":[{"embeddable":true,"href":"https:\/\/www.jugend-im-berggebiet.ch\/fr\/wp-json\/wp\/v2\/comments?post=2670"}],"version-history":[{"count":5,"href":"https:\/\/www.jugend-im-berggebiet.ch\/fr\/wp-json\/wp\/v2\/pages\/2670\/revisions"}],"predecessor-version":[{"id":3837,"href":"https:\/\/www.jugend-im-berggebiet.ch\/fr\/wp-json\/wp\/v2\/pages\/2670\/revisions\/3837"}],"up":[{"embeddable":true,"href":"https:\/\/www.jugend-im-berggebiet.ch\/fr\/wp-json\/wp\/v2\/pages\/653"}],"wp:attachment":[{"href":"https:\/\/www.jugend-im-berggebiet.ch\/fr\/wp-json\/wp\/v2\/media?parent=2670"}],"curies":[{"name":"wp","href":"https:\/\/api.w.org\/{rel}","templated":true}]}}