{"id":3023,"date":"2020-08-25T14:35:56","date_gmt":"2020-08-25T12:35:56","guid":{"rendered":"https:\/\/www.jugend-im-berggebiet.ch\/?page_id=3023"},"modified":"2026-02-09T10:01:54","modified_gmt":"2026-02-09T09:01:54","slug":"guttannen-2","status":"publish","type":"page","link":"https:\/\/www.jugend-im-berggebiet.ch\/fr\/un-label-pour-les-communes__trashed\/guttannen-2\/","title":{"rendered":"Guttannen (BE)"},"content":{"rendered":"\n<h2 class=\"wp-block-heading\">Principales caract\u00e9ristiques<\/h2>\n\n\n\n<div class=\"wp-block-columns is-layout-flex wp-container-core-columns-is-layout-9d6595d7 wp-block-columns-is-layout-flex\">\n<div class=\"wp-block-column is-layout-flow wp-block-column-is-layout-flow\" style=\"flex-basis:66.66%\">\n<ul class=\"wp-block-list\">\n<li>Canton : Berne<\/li>\n\n\n\n<li>R\u00e9gion : Interlaken-Oberhasli<\/li>\n\n\n\n<li>Habitants&nbsp;: 275 (fin 2023)<\/li>\n\n\n\n<li>Langue officielle : Allemand<\/li>\n\n\n\n<li>Superficie en km<sup>2 <\/sup>: 200.85<\/li>\n\n\n\n<li>Point le plus haut : 4&rsquo;274 m d\u2019altitude (Finsteraarhorn)<\/li>\n\n\n\n<li>Point le plus bas : 749 m d\u2019altitude<\/li>\n\n\n\n<li>Site web : <a href=\"http:\/\/www.guttannen.ch\" data-type=\"link\" data-id=\"www.guttannen.ch\" target=\"_blank\" rel=\"noreferrer noopener\">www.guttannen.ch<\/a><\/li>\n\n\n\n<li>Obtention du label : 2020<\/li>\n<\/ul>\n\n\n\n<hr class=\"wp-block-separator has-css-opacity aligncenter is-style-dots\"\/>\n\n\n\n<h2 class=\"wp-block-heading\">R\u00e9ussites<\/h2>\n\n\n\n<p><strong>\u00c9cole<\/strong> : Depuis 2019, Guttannen dispose d&rsquo;une \u00e9cole priv\u00e9e, le canton ne souhaitant plus financer d&rsquo;\u00e9cole en raison de la baisse du nombre d&rsquo;\u00e9l\u00e8ves. Les \u00e9l\u00e8ves du village ne paient pas de frais de scolarit\u00e9, bien que l&rsquo;\u00e9cole soit consid\u00e9r\u00e9e comme priv\u00e9e. Elle constitue un \u00e9l\u00e9ment vital pour la commune.<\/p>\n\n\n\n<p><strong>T\u00e9l\u00e9ski<\/strong> : Depuis 2022, il existe un nouvel t\u00e9l\u00e9ski, plus facile \u00e0 utiliser que l&rsquo;ancien, m\u00eame pour les jeunes enfants. Il est exploit\u00e9 par des b\u00e9n\u00e9voles qui suivent une formation de trois heures.<\/p>\n\n\n\n<p><strong>H\u00f4tel B\u00e4ren<\/strong> : L&rsquo;h\u00f4tel et restaurant B\u00e4ren a \u00e9t\u00e9 repris par un entrepreneur innovant et est devenu un lieu de rencontre pour les personnes de tous \u00e2ges. L&rsquo;\u00e9tablissement offre un espace pour divers \u00e9v\u00e9nements attrayants.<\/p>\n\n\n\n<hr class=\"wp-block-separator has-text-color has-black-color has-css-opacity has-black-background-color has-background aligncenter is-style-dots\"\/>\n\n\n\n<h2 class=\"wp-block-heading\">Projets en cours<\/h2>\n\n\n\n<p><strong>Magasin<\/strong> : les anciens propri\u00e9taires du magasin du village ont cess\u00e9 leur activit\u00e9 \u00e0 la fin de l&rsquo;ann\u00e9e 2023. Le magasin a ensuite \u00e9t\u00e9 repris par une coop\u00e9rative nouvellement cr\u00e9\u00e9e. Celle-ci offre des possibilit\u00e9s d&#8217;emploi et des jobs de vacances aux jeunes. Depuis d\u00e9but 2025, gr\u00e2ce \u00e0 un syst\u00e8me num\u00e9rique, il est ouvert 24 heures sur 24. Pour plus d&rsquo;informations : <a href=\"http:\/\/www.laedeli-guttannen.ch\/\"><\/a><a href=\"http:\/\/www.laedeli-guttannen.ch\" data-type=\"link\" data-id=\"www.laedeli-guttannen.ch\" target=\"_blank\" rel=\"noreferrer noopener\">www.laedeli-guttannen.ch<\/a><\/p>\n\n\n\n<p><strong>Logements pour personnes \u00e2g\u00e9es<\/strong> : En raison de la p\u00e9nurie de logements, des logements pour personnes \u00e2g\u00e9es sont pr\u00e9vus en collaboration avec l&rsquo;h\u00f4tel B\u00e4ren. Les seniors ont la possibilit\u00e9 de b\u00e9n\u00e9ficier de services tels que la restauration et la blanchisserie \u00e0 l&rsquo;h\u00f4tel. Cela permet aux personnes \u00e2g\u00e9es vivant seules de lib\u00e9rer leurs grands appartements pour les jeunes familles.<\/p>\n\n\n\n<p><strong>Commission de la jeunesse<\/strong> : Il est pr\u00e9vu de renforcer la coop\u00e9ration avec la commune voisine d&rsquo;Innertkirchen et de r\u00e9aliser des projets communs.<\/p>\n\n\n\n<hr class=\"wp-block-separator has-text-color has-black-color has-css-opacity has-black-background-color has-background aligncenter is-style-dots\"\/>\n\n\n\n<h2 class=\"wp-block-heading\">Difficult\u00e9s<\/h2>\n\n\n\n<p><strong>Logement<\/strong> : Le conseil communal s&rsquo;engage activement dans la promotion de logements attractifs et abordables afin d&rsquo;inciter davantage de familles \u00e0 s&rsquo;installer dans le village.<\/p>\n\n\n\n<p><strong>Participation des jeunes<\/strong> : Les jeunes peuvent \u00eatre encore mieux inform\u00e9s et ainsi motiv\u00e9s \u00e0 saisir l&rsquo;opportunit\u00e9 de s&rsquo;engager.<br><br><strong>Tunnel<\/strong> : Le tunnel ferroviaire du Grimsel est toujours en cours de planification. Il faut attendre l&rsquo;autorisation de la Conf\u00e9d\u00e9ration. S&rsquo;il voit le jour, il constituera une grande opportunit\u00e9 pour le d\u00e9veloppement du village.<\/p>\n\n\n\n<hr class=\"wp-block-separator has-text-color has-black-color has-css-opacity has-black-background-color has-background aligncenter is-style-dots\"\/>\n<\/div>\n\n\n\n<div class=\"wp-block-column is-layout-flow wp-block-column-is-layout-flow\" style=\"flex-basis:33.33%\">\n<figure class=\"wp-block-image size-full\"><a href=\"https:\/\/www.jugend-im-berggebiet.ch\/wp-content\/uploads\/2025\/07\/Guttannen.png\"><img loading=\"lazy\" decoding=\"async\" width=\"612\" height=\"393\" src=\"https:\/\/www.jugend-im-berggebiet.ch\/wp-content\/uploads\/2025\/07\/Guttannen.png\" alt=\"\" class=\"wp-image-6865\" srcset=\"https:\/\/www.jugend-im-berggebiet.ch\/wp-content\/uploads\/2025\/07\/Guttannen.png 612w, https:\/\/www.jugend-im-berggebiet.ch\/wp-content\/uploads\/2025\/07\/Guttannen-300x193.png 300w\" sizes=\"auto, (max-width: 612px) 100vw, 612px\" \/><\/a><\/figure>\n<\/div>\n<\/div>\n\n\n\n<h2 class=\"wp-block-heading\">Images<\/h2>\n\n\n\n<figure class=\"wp-block-gallery has-nested-images columns-3 is-cropped wp-block-gallery-1 is-layout-flex wp-block-gallery-is-layout-flex\">\n<figure class=\"wp-block-image size-large\"><a href=\"https:\/\/www.jugend-im-berggebiet.ch\/wp-content\/uploads\/2025\/07\/IMG20241109142850-scaled.jpg\"><img loading=\"lazy\" decoding=\"async\" width=\"1024\" height=\"768\" data-id=\"6905\" src=\"https:\/\/www.jugend-im-berggebiet.ch\/wp-content\/uploads\/2025\/07\/IMG20241109142850-1024x768.jpg\" alt=\"\" class=\"wp-image-6905\" srcset=\"https:\/\/www.jugend-im-berggebiet.ch\/wp-content\/uploads\/2025\/07\/IMG20241109142850-1024x768.jpg 1024w, https:\/\/www.jugend-im-berggebiet.ch\/wp-content\/uploads\/2025\/07\/IMG20241109142850-300x225.jpg 300w, https:\/\/www.jugend-im-berggebiet.ch\/wp-content\/uploads\/2025\/07\/IMG20241109142850-768x576.jpg 768w, https:\/\/www.jugend-im-berggebiet.ch\/wp-content\/uploads\/2025\/07\/IMG20241109142850-1536x1152.jpg 1536w, https:\/\/www.jugend-im-berggebiet.ch\/wp-content\/uploads\/2025\/07\/IMG20241109142850-2048x1536.jpg 2048w\" sizes=\"auto, (max-width: 1024px) 100vw, 1024px\" \/><\/a><figcaption class=\"wp-element-caption\">Guttannen est nich\u00e9 au milieu de hautes montagnes.<\/figcaption><\/figure>\n\n\n\n<figure class=\"wp-block-image size-large\"><a href=\"https:\/\/www.jugend-im-berggebiet.ch\/wp-content\/uploads\/2025\/07\/image-16.png\"><img loading=\"lazy\" decoding=\"async\" width=\"945\" height=\"630\" data-id=\"6889\" src=\"https:\/\/www.jugend-im-berggebiet.ch\/wp-content\/uploads\/2025\/07\/image-16.png\" alt=\"\" class=\"wp-image-6889\" srcset=\"https:\/\/www.jugend-im-berggebiet.ch\/wp-content\/uploads\/2025\/07\/image-16.png 945w, https:\/\/www.jugend-im-berggebiet.ch\/wp-content\/uploads\/2025\/07\/image-16-300x200.png 300w, https:\/\/www.jugend-im-berggebiet.ch\/wp-content\/uploads\/2025\/07\/image-16-768x512.png 768w\" sizes=\"auto, (max-width: 945px) 100vw, 945px\" \/><\/a><figcaption class=\"wp-element-caption\">Un c\u00f4ne de glace artificiel (<em>Eisstupa<\/em>) fait partie d&rsquo;un projet de recherche de l&rsquo;Universit\u00e9 de Fribourg.<\/figcaption><\/figure>\n\n\n\n<figure class=\"wp-block-image size-large\"><a href=\"https:\/\/www.jugend-im-berggebiet.ch\/wp-content\/uploads\/2025\/07\/image-14.png\"><img loading=\"lazy\" decoding=\"async\" width=\"945\" height=\"709\" data-id=\"6881\" src=\"https:\/\/www.jugend-im-berggebiet.ch\/wp-content\/uploads\/2025\/07\/image-14.png\" alt=\"\" class=\"wp-image-6881\" srcset=\"https:\/\/www.jugend-im-berggebiet.ch\/wp-content\/uploads\/2025\/07\/image-14.png 945w, https:\/\/www.jugend-im-berggebiet.ch\/wp-content\/uploads\/2025\/07\/image-14-300x225.png 300w, https:\/\/www.jugend-im-berggebiet.ch\/wp-content\/uploads\/2025\/07\/image-14-768x576.png 768w\" sizes=\"auto, (max-width: 945px) 100vw, 945px\" \/><\/a><figcaption class=\"wp-element-caption\">La renaturation du ruisseau Islen, un projet de la corporation de protection contre les crues<\/figcaption><\/figure>\n\n\n\n<figure class=\"wp-block-image size-large\"><a href=\"https:\/\/www.jugend-im-berggebiet.ch\/wp-content\/uploads\/2025\/07\/image-17.png\"><img loading=\"lazy\" decoding=\"async\" width=\"945\" height=\"708\" data-id=\"6893\" src=\"https:\/\/www.jugend-im-berggebiet.ch\/wp-content\/uploads\/2025\/07\/image-17.png\" alt=\"\" class=\"wp-image-6893\" srcset=\"https:\/\/www.jugend-im-berggebiet.ch\/wp-content\/uploads\/2025\/07\/image-17.png 945w, https:\/\/www.jugend-im-berggebiet.ch\/wp-content\/uploads\/2025\/07\/image-17-300x225.png 300w, https:\/\/www.jugend-im-berggebiet.ch\/wp-content\/uploads\/2025\/07\/image-17-768x575.png 768w\" sizes=\"auto, (max-width: 945px) 100vw, 945px\" \/><\/a><figcaption class=\"wp-element-caption\">Une vue a\u00e9rienne du village<\/figcaption><\/figure>\n\n\n\n<figure class=\"wp-block-image size-large\"><a href=\"https:\/\/www.jugend-im-berggebiet.ch\/wp-content\/uploads\/2025\/07\/Bild-Skiclub-1-scaled.jpg\"><img loading=\"lazy\" decoding=\"async\" width=\"1024\" height=\"683\" data-id=\"6877\" src=\"https:\/\/www.jugend-im-berggebiet.ch\/wp-content\/uploads\/2025\/07\/Bild-Skiclub-1-1024x683.jpg\" alt=\"\" class=\"wp-image-6877\" srcset=\"https:\/\/www.jugend-im-berggebiet.ch\/wp-content\/uploads\/2025\/07\/Bild-Skiclub-1-1024x683.jpg 1024w, https:\/\/www.jugend-im-berggebiet.ch\/wp-content\/uploads\/2025\/07\/Bild-Skiclub-1-300x200.jpg 300w, https:\/\/www.jugend-im-berggebiet.ch\/wp-content\/uploads\/2025\/07\/Bild-Skiclub-1-768x512.jpg 768w, https:\/\/www.jugend-im-berggebiet.ch\/wp-content\/uploads\/2025\/07\/Bild-Skiclub-1-1536x1024.jpg 1536w, https:\/\/www.jugend-im-berggebiet.ch\/wp-content\/uploads\/2025\/07\/Bild-Skiclub-1-2048x1365.jpg 2048w\" sizes=\"auto, (max-width: 1024px) 100vw, 1024px\" \/><\/a><figcaption class=\"wp-element-caption\">Guttannen est le point de d\u00e9part d&rsquo;une multitude d&rsquo;itin\u00e9raires de randonn\u00e9es \u00e0 ski.<\/figcaption><\/figure>\n\n\n\n<figure class=\"wp-block-image size-large\"><a href=\"https:\/\/www.jugend-im-berggebiet.ch\/wp-content\/uploads\/2025\/07\/Logo-Gemeinde.jpg\"><img loading=\"lazy\" decoding=\"async\" width=\"335\" height=\"335\" data-id=\"6873\" src=\"https:\/\/www.jugend-im-berggebiet.ch\/wp-content\/uploads\/2025\/07\/Logo-Gemeinde.jpg\" alt=\"\" class=\"wp-image-6873\" srcset=\"https:\/\/www.jugend-im-berggebiet.ch\/wp-content\/uploads\/2025\/07\/Logo-Gemeinde.jpg 335w, https:\/\/www.jugend-im-berggebiet.ch\/wp-content\/uploads\/2025\/07\/Logo-Gemeinde-300x300.jpg 300w, https:\/\/www.jugend-im-berggebiet.ch\/wp-content\/uploads\/2025\/07\/Logo-Gemeinde-150x150.jpg 150w\" sizes=\"auto, (max-width: 335px) 100vw, 335px\" \/><\/a><figcaption class=\"wp-element-caption\">Les armoiries de la commune<\/figcaption><\/figure>\n\n\n\n<figure class=\"wp-block-image size-large\"><a href=\"https:\/\/www.jugend-im-berggebiet.ch\/wp-content\/uploads\/2025\/07\/IMG20241109142922-scaled.jpg\"><img loading=\"lazy\" decoding=\"async\" width=\"1024\" height=\"768\" data-id=\"6901\" src=\"https:\/\/www.jugend-im-berggebiet.ch\/wp-content\/uploads\/2025\/07\/IMG20241109142922-1024x768.jpg\" alt=\"\" class=\"wp-image-6901\" srcset=\"https:\/\/www.jugend-im-berggebiet.ch\/wp-content\/uploads\/2025\/07\/IMG20241109142922-1024x768.jpg 1024w, https:\/\/www.jugend-im-berggebiet.ch\/wp-content\/uploads\/2025\/07\/IMG20241109142922-300x225.jpg 300w, https:\/\/www.jugend-im-berggebiet.ch\/wp-content\/uploads\/2025\/07\/IMG20241109142922-768x576.jpg 768w, https:\/\/www.jugend-im-berggebiet.ch\/wp-content\/uploads\/2025\/07\/IMG20241109142922-1536x1152.jpg 1536w, https:\/\/www.jugend-im-berggebiet.ch\/wp-content\/uploads\/2025\/07\/IMG20241109142922-2048x1536.jpg 2048w\" sizes=\"auto, (max-width: 1024px) 100vw, 1024px\" \/><\/a><figcaption class=\"wp-element-caption\">La commune a accueilli le comit\u00e9 du Forum des jeunes en 2024 pour sa retraite.<\/figcaption><\/figure>\n\n\n\n<figure class=\"wp-block-image size-large\"><a href=\"https:\/\/www.jugend-im-berggebiet.ch\/wp-content\/uploads\/2025\/07\/image-15.png\"><img loading=\"lazy\" decoding=\"async\" width=\"908\" height=\"605\" data-id=\"6885\" src=\"https:\/\/www.jugend-im-berggebiet.ch\/wp-content\/uploads\/2025\/07\/image-15.png\" alt=\"\" class=\"wp-image-6885\" srcset=\"https:\/\/www.jugend-im-berggebiet.ch\/wp-content\/uploads\/2025\/07\/image-15.png 908w, https:\/\/www.jugend-im-berggebiet.ch\/wp-content\/uploads\/2025\/07\/image-15-300x200.png 300w, https:\/\/www.jugend-im-berggebiet.ch\/wp-content\/uploads\/2025\/07\/image-15-768x512.png 768w\" sizes=\"auto, (max-width: 908px) 100vw, 908px\" \/><\/a><figcaption class=\"wp-element-caption\">Une ancienne coutume (<em>Ubersitz<\/em>) est pratiqu\u00e9e dans le Haslital pendant la semaine de fin d&rsquo;ann\u00e9e.<\/figcaption><\/figure>\n<\/figure>\n\n\n\n<p><\/p>\n\n\n\n<p><strong>Reportage sur Radio BeO sur Guttannen<\/strong> (en allemand) : <a href=\"https:\/\/www.radiobeo.ch\/podcast-egge\/beo-thema-2026-02-07-1231-was-bedeutet-sab-label-jugendfreundliche-bergdoerfer-fuer-guttannen\/\" target=\"_blank\" rel=\"noreferrer noopener\">Lien<\/a><\/p>\n","protected":false},"excerpt":{"rendered":"<p>Principales caract\u00e9ristiques Canton : Berne R\u00e9gion : Interlaken-Oberhasli Habitants&nbsp;: 275 (fin 2023) Langue officielle : Allemand Superficie en km2 : 200.85 Point le plus haut : 4&rsquo;274 m d\u2019altitude (Finsteraarhorn) Point le plus bas : 749 m d\u2019altitude Site web : www.guttannen.ch Obtention du label : 2020 R\u00e9ussites \u00c9cole : Depuis 2019, Guttannen dispose d&rsquo;une [&hellip;]<\/p>\n","protected":false},"author":5,"featured_media":0,"parent":653,"menu_order":0,"comment_status":"closed","ping_status":"closed","template":"template-fullwidth.php","meta":{"footnotes":""},"class_list":["post-3023","page","type-page","status-publish","hentry"],"_links":{"self":[{"href":"https:\/\/www.jugend-im-berggebiet.ch\/fr\/wp-json\/wp\/v2\/pages\/3023","targetHints":{"allow":["GET"]}}],"collection":[{"href":"https:\/\/www.jugend-im-berggebiet.ch\/fr\/wp-json\/wp\/v2\/pages"}],"about":[{"href":"https:\/\/www.jugend-im-berggebiet.ch\/fr\/wp-json\/wp\/v2\/types\/page"}],"author":[{"embeddable":true,"href":"https:\/\/www.jugend-im-berggebiet.ch\/fr\/wp-json\/wp\/v2\/users\/5"}],"replies":[{"embeddable":true,"href":"https:\/\/www.jugend-im-berggebiet.ch\/fr\/wp-json\/wp\/v2\/comments?post=3023"}],"version-history":[{"count":14,"href":"https:\/\/www.jugend-im-berggebiet.ch\/fr\/wp-json\/wp\/v2\/pages\/3023\/revisions"}],"predecessor-version":[{"id":8789,"href":"https:\/\/www.jugend-im-berggebiet.ch\/fr\/wp-json\/wp\/v2\/pages\/3023\/revisions\/8789"}],"up":[{"embeddable":true,"href":"https:\/\/www.jugend-im-berggebiet.ch\/fr\/wp-json\/wp\/v2\/pages\/653"}],"wp:attachment":[{"href":"https:\/\/www.jugend-im-berggebiet.ch\/fr\/wp-json\/wp\/v2\/media?parent=3023"}],"curies":[{"name":"wp","href":"https:\/\/api.w.org\/{rel}","templated":true}]}}