{"id":3034,"date":"2020-08-25T15:22:01","date_gmt":"2020-08-25T13:22:01","guid":{"rendered":"https:\/\/www.jugend-im-berggebiet.ch\/?page_id=3034"},"modified":"2025-10-24T19:38:41","modified_gmt":"2025-10-24T17:38:41","slug":"poschiavo","status":"publish","type":"page","link":"https:\/\/www.jugend-im-berggebiet.ch\/fr\/un-label-pour-les-communes__trashed\/poschiavo\/","title":{"rendered":"Poschiavo"},"content":{"rendered":"\n<h2 class=\"wp-block-heading\">Principales caract\u00e9ristiques<\/h2>\n\n\n\n<div class=\"wp-block-columns is-layout-flex wp-container-core-columns-is-layout-9d6595d7 wp-block-columns-is-layout-flex\">\n<div class=\"wp-block-column is-layout-flow wp-block-column-is-layout-flow\" style=\"flex-basis:66.66%\">\n<ul class=\"wp-block-list\">\n<li>Canton : Grisons<\/li>\n\n\n\n<li>R\u00e9gion : Bernina<\/li>\n\n\n\n<li>Habitants : 3&rsquo;432<\/li>\n\n\n\n<li>Langue officielle : Italien<\/li>\n\n\n\n<li>Superficie en km<sup>2<\/sup>: 192<\/li>\n\n\n\n<li>Point le plus haut : 3&rsquo;905 m d\u2019altitude (Piz Pal\u00fc)<\/li>\n\n\n\n<li>Point le plus bas : 965 m d\u2019altitude (Miralago)<\/li>\n\n\n\n<li>Site web : <a href=\"http:\/\/www.poschiavo.ch\" data-type=\"link\" data-id=\"www.poschiavo.ch\" target=\"_blank\" rel=\"noreferrer noopener\">www.poschiavo.ch<\/a><\/li>\n\n\n\n<li>Obtention du label&nbsp;: 2020<\/li>\n<\/ul>\n\n\n\n<hr class=\"wp-block-separator has-css-opacity aligncenter is-style-dots\"\/>\n\n\n\n<h2 class=\"wp-block-heading\">R\u00e9ussites<\/h2>\n\n\n\n<p>La commune de Poschiavo soutient les jeunes par le biais de <strong>contributions annuelles<\/strong> vers\u00e9es aux associations qui encouragent les activit\u00e9s extrascolaires pour les jeunes.<\/p>\n\n\n\n<p>L&rsquo;implication des jeunes dans la vie sociale passe \u00e9galement par la possibilit\u00e9 d&rsquo;exprimer leurs id\u00e9es pour la r\u00e9alisation de projets, au sein du <strong>Parlement des jeunes<\/strong> qui se fait le porte-parole aupr\u00e8s des autorit\u00e9s. L&rsquo;introduction du Parlement des jeunes vise \u00e0 cr\u00e9er un lien entre les jeunes et les institutions politiques de la commune de Poschiavo.<\/p>\n\n\n\n<p>D&rsquo;autres contributions et aides de nature diff\u00e9rente sont r\u00e9guli\u00e8rement accord\u00e9es, dans la mesure du possible, comme par exemple l&rsquo;<strong>utilisation des infrastructures communales \u00e0 un co\u00fbt avantageux<\/strong> pour les 100 associations diff\u00e9rentes pr\u00e9sentes.<\/p>\n\n\n\n<p>Avec le d\u00e9but de l&rsquo;ann\u00e9e scolaire 2022-2023, tous les \u00e9l\u00e8ves ont re\u00e7u un <strong>abonnement r\u00e9gional g\u00e9n\u00e9ral gratuit<\/strong> valable sur la ligne Campocologno &#8211; Ospizio Bernina et sur les autres lignes officielles (\u00e0 l&rsquo;exception de Val di Campo et Brusio \u2013 Cavaione), tant pour le car postal que pour le train, valable pour tous les trajets domicile-\u00e9cole ainsi que pour les loisirs.<\/p>\n\n\n\n<p>Depuis plusieurs ans, organisation d&rsquo;un <strong>camp de football, de v\u00e9lo et de danse <\/strong>pendant les vacances scolaires.<\/p>\n\n\n\n<hr class=\"wp-block-separator has-text-color has-black-color has-css-opacity has-black-background-color has-background aligncenter is-style-dots\"\/>\n\n\n\n<h2 class=\"wp-block-heading\">Projets en cours<\/h2>\n\n\n\n<p>Sur recommandation du Parlement des jeunes, la commune de Poschiavo envisage la cr\u00e9ation d&rsquo;un <strong>terrain de beach-volley<\/strong> et d&rsquo;un <strong>parc de fitness<\/strong>.<\/p>\n\n\n\n<p>Le <strong>mur d&rsquo;escalade<\/strong> situ\u00e9 dans le coin nord-est du gymnase n\u00b0 1 des \u00e9coles communales de Poschiavo est en cours de restauration compl\u00e8te. Le projet pr\u00e9voit une r\u00e9novation compl\u00e8te de toute l&rsquo;infrastructure, y compris le mur lui-m\u00eame et l&rsquo;\u00e9quipement d&rsquo;escalade n\u00e9cessaire.<\/p>\n\n\n\n<p>La commune de Poschiavo organise tous les trois ans l&rsquo;\u00e9v\u00e9nement \u00ab<strong>Apprendre un m\u00e9tier dans la vall\u00e9e et pr\u00e9sentation professionnelle<\/strong>\u00bb. Tous les \u00e9l\u00e8ves du secondaire ainsi que leurs parents ont la possibilit\u00e9 de recevoir des informations sur les formations professionnelles disponibles dans la vall\u00e9e (21 m\u00e9tiers diff\u00e9rents).<\/p>\n\n\n\n<hr class=\"wp-block-separator has-text-color has-black-color has-css-opacity has-black-background-color has-background aligncenter is-style-dots\"\/>\n\n\n\n<h2 class=\"wp-block-heading\">Difficult\u00e9s<\/h2>\n\n\n\n<p>Le manque de <strong>lieux de rencontre socioculturels<\/strong> pouvant favoriser la communication et l&rsquo;int\u00e9gration, en particulier apr\u00e8s la scolarit\u00e9 obligatoire (16-18 ans).<\/p>\n\n\n\n<p>Le manque d&rsquo;<strong>emplois<\/strong> pour les jeunes de Poschiavo ayant suivi une formation universitaire.<\/p>\n\n\n\n<hr class=\"wp-block-separator has-text-color has-black-color has-css-opacity has-black-background-color has-background aligncenter is-style-dots\"\/>\n<\/div>\n\n\n\n<div class=\"wp-block-column is-layout-flow wp-block-column-is-layout-flow\" style=\"flex-basis:33.33%\">\n<figure class=\"wp-block-image size-large\"><a href=\"https:\/\/www.jugend-im-berggebiet.ch\/wp-content\/uploads\/2025\/07\/Poschiavo.png\"><img loading=\"lazy\" decoding=\"async\" width=\"1024\" height=\"696\" src=\"https:\/\/www.jugend-im-berggebiet.ch\/wp-content\/uploads\/2025\/07\/Poschiavo-1024x696.png\" alt=\"\" class=\"wp-image-6702\" srcset=\"https:\/\/www.jugend-im-berggebiet.ch\/wp-content\/uploads\/2025\/07\/Poschiavo-1024x696.png 1024w, https:\/\/www.jugend-im-berggebiet.ch\/wp-content\/uploads\/2025\/07\/Poschiavo-300x204.png 300w, https:\/\/www.jugend-im-berggebiet.ch\/wp-content\/uploads\/2025\/07\/Poschiavo-768x522.png 768w, https:\/\/www.jugend-im-berggebiet.ch\/wp-content\/uploads\/2025\/07\/Poschiavo-1536x1044.png 1536w, https:\/\/www.jugend-im-berggebiet.ch\/wp-content\/uploads\/2025\/07\/Poschiavo.png 1912w\" sizes=\"auto, (max-width: 1024px) 100vw, 1024px\" \/><\/a><\/figure>\n<\/div>\n<\/div>\n\n\n\n<h2 class=\"wp-block-heading\">Images<\/h2>\n\n\n\n<figure class=\"wp-block-gallery has-nested-images columns-default is-cropped wp-block-gallery-1 is-layout-flex wp-block-gallery-is-layout-flex\">\n<figure class=\"wp-block-image size-large\"><a href=\"https:\/\/www.jugend-im-berggebiet.ch\/wp-content\/uploads\/2025\/07\/DSF7779-Modifica.jpg\"><img loading=\"lazy\" decoding=\"async\" width=\"1024\" height=\"683\" data-id=\"6714\" src=\"https:\/\/www.jugend-im-berggebiet.ch\/wp-content\/uploads\/2025\/07\/DSF7779-Modifica-1024x683.jpg\" alt=\"\" class=\"wp-image-6714\" srcset=\"https:\/\/www.jugend-im-berggebiet.ch\/wp-content\/uploads\/2025\/07\/DSF7779-Modifica-1024x683.jpg 1024w, https:\/\/www.jugend-im-berggebiet.ch\/wp-content\/uploads\/2025\/07\/DSF7779-Modifica-300x200.jpg 300w, https:\/\/www.jugend-im-berggebiet.ch\/wp-content\/uploads\/2025\/07\/DSF7779-Modifica-768x512.jpg 768w, https:\/\/www.jugend-im-berggebiet.ch\/wp-content\/uploads\/2025\/07\/DSF7779-Modifica-1536x1024.jpg 1536w, https:\/\/www.jugend-im-berggebiet.ch\/wp-content\/uploads\/2025\/07\/DSF7779-Modifica-2048x1366.jpg 2048w\" sizes=\"auto, (max-width: 1024px) 100vw, 1024px\" \/><\/a><figcaption class=\"wp-element-caption\">La place communale<\/figcaption><\/figure>\n\n\n\n<figure class=\"wp-block-image size-large\"><a href=\"https:\/\/www.jugend-im-berggebiet.ch\/wp-content\/uploads\/2025\/07\/DSF7611.jpg\"><img loading=\"lazy\" decoding=\"async\" width=\"1024\" height=\"683\" data-id=\"6718\" src=\"https:\/\/www.jugend-im-berggebiet.ch\/wp-content\/uploads\/2025\/07\/DSF7611-1024x683.jpg\" alt=\"\" class=\"wp-image-6718\" srcset=\"https:\/\/www.jugend-im-berggebiet.ch\/wp-content\/uploads\/2025\/07\/DSF7611-1024x683.jpg 1024w, https:\/\/www.jugend-im-berggebiet.ch\/wp-content\/uploads\/2025\/07\/DSF7611-300x200.jpg 300w, https:\/\/www.jugend-im-berggebiet.ch\/wp-content\/uploads\/2025\/07\/DSF7611-768x512.jpg 768w, https:\/\/www.jugend-im-berggebiet.ch\/wp-content\/uploads\/2025\/07\/DSF7611-1536x1024.jpg 1536w, https:\/\/www.jugend-im-berggebiet.ch\/wp-content\/uploads\/2025\/07\/DSF7611-2048x1366.jpg 2048w\" sizes=\"auto, (max-width: 1024px) 100vw, 1024px\" \/><\/a><figcaption class=\"wp-element-caption\">Le bateau \u00ab Sassalbo \u00bb sur le lac de Poschiavo<\/figcaption><\/figure>\n\n\n\n<figure class=\"wp-block-image size-large\"><a href=\"https:\/\/www.jugend-im-berggebiet.ch\/wp-content\/uploads\/2025\/07\/DSF7514.jpg\"><img loading=\"lazy\" decoding=\"async\" width=\"1024\" height=\"683\" data-id=\"6726\" src=\"https:\/\/www.jugend-im-berggebiet.ch\/wp-content\/uploads\/2025\/07\/DSF7514-1024x683.jpg\" alt=\"\" class=\"wp-image-6726\" srcset=\"https:\/\/www.jugend-im-berggebiet.ch\/wp-content\/uploads\/2025\/07\/DSF7514-1024x683.jpg 1024w, https:\/\/www.jugend-im-berggebiet.ch\/wp-content\/uploads\/2025\/07\/DSF7514-300x200.jpg 300w, https:\/\/www.jugend-im-berggebiet.ch\/wp-content\/uploads\/2025\/07\/DSF7514-768x512.jpg 768w, https:\/\/www.jugend-im-berggebiet.ch\/wp-content\/uploads\/2025\/07\/DSF7514-1536x1024.jpg 1536w, https:\/\/www.jugend-im-berggebiet.ch\/wp-content\/uploads\/2025\/07\/DSF7514-2048x1366.jpg 2048w\" sizes=\"auto, (max-width: 1024px) 100vw, 1024px\" \/><\/a><figcaption class=\"wp-element-caption\">Le palais Matossi Lendi<\/figcaption><\/figure>\n\n\n\n<figure class=\"wp-block-image size-large\"><a href=\"https:\/\/www.jugend-im-berggebiet.ch\/wp-content\/uploads\/2025\/07\/AG_8074-scaled.jpg\"><img loading=\"lazy\" decoding=\"async\" width=\"1024\" height=\"683\" data-id=\"6722\" src=\"https:\/\/www.jugend-im-berggebiet.ch\/wp-content\/uploads\/2025\/07\/AG_8074-1024x683.jpg\" alt=\"\" class=\"wp-image-6722\" srcset=\"https:\/\/www.jugend-im-berggebiet.ch\/wp-content\/uploads\/2025\/07\/AG_8074-1024x683.jpg 1024w, https:\/\/www.jugend-im-berggebiet.ch\/wp-content\/uploads\/2025\/07\/AG_8074-300x200.jpg 300w, https:\/\/www.jugend-im-berggebiet.ch\/wp-content\/uploads\/2025\/07\/AG_8074-768x512.jpg 768w, https:\/\/www.jugend-im-berggebiet.ch\/wp-content\/uploads\/2025\/07\/AG_8074-1536x1024.jpg 1536w, https:\/\/www.jugend-im-berggebiet.ch\/wp-content\/uploads\/2025\/07\/AG_8074-2048x1365.jpg 2048w\" sizes=\"auto, (max-width: 1024px) 100vw, 1024px\" \/><\/a><figcaption class=\"wp-element-caption\">Vue sur le val Poschiavo et le lac<\/figcaption><\/figure>\n\n\n\n<figure class=\"wp-block-image size-large\"><a href=\"https:\/\/www.jugend-im-berggebiet.ch\/wp-content\/uploads\/2025\/07\/poschiavo_3625-scaled.jpg\"><img loading=\"lazy\" decoding=\"async\" width=\"1024\" height=\"698\" data-id=\"6730\" src=\"https:\/\/www.jugend-im-berggebiet.ch\/wp-content\/uploads\/2025\/07\/poschiavo_3625-1024x698.jpg\" alt=\"\" class=\"wp-image-6730\" srcset=\"https:\/\/www.jugend-im-berggebiet.ch\/wp-content\/uploads\/2025\/07\/poschiavo_3625-1024x698.jpg 1024w, https:\/\/www.jugend-im-berggebiet.ch\/wp-content\/uploads\/2025\/07\/poschiavo_3625-300x205.jpg 300w, https:\/\/www.jugend-im-berggebiet.ch\/wp-content\/uploads\/2025\/07\/poschiavo_3625-768x524.jpg 768w, https:\/\/www.jugend-im-berggebiet.ch\/wp-content\/uploads\/2025\/07\/poschiavo_3625-1536x1047.jpg 1536w, https:\/\/www.jugend-im-berggebiet.ch\/wp-content\/uploads\/2025\/07\/poschiavo_3625-2048x1396.jpg 2048w\" sizes=\"auto, (max-width: 1024px) 100vw, 1024px\" \/><\/a><figcaption class=\"wp-element-caption\">Le centre historique<\/figcaption><\/figure>\n\n\n\n<figure class=\"wp-block-image size-full\"><a href=\"https:\/\/www.jugend-im-berggebiet.ch\/wp-content\/uploads\/2025\/07\/DJI_0458-scaled.jpg\"><img loading=\"lazy\" decoding=\"async\" width=\"2560\" height=\"1705\" data-id=\"6750\" src=\"https:\/\/www.jugend-im-berggebiet.ch\/wp-content\/uploads\/2025\/07\/DJI_0458-scaled.jpg\" alt=\"\" class=\"wp-image-6750\" srcset=\"https:\/\/www.jugend-im-berggebiet.ch\/wp-content\/uploads\/2025\/07\/DJI_0458-scaled.jpg 2560w, https:\/\/www.jugend-im-berggebiet.ch\/wp-content\/uploads\/2025\/07\/DJI_0458-300x200.jpg 300w, https:\/\/www.jugend-im-berggebiet.ch\/wp-content\/uploads\/2025\/07\/DJI_0458-1024x682.jpg 1024w, https:\/\/www.jugend-im-berggebiet.ch\/wp-content\/uploads\/2025\/07\/DJI_0458-768x512.jpg 768w, https:\/\/www.jugend-im-berggebiet.ch\/wp-content\/uploads\/2025\/07\/DJI_0458-1536x1023.jpg 1536w, https:\/\/www.jugend-im-berggebiet.ch\/wp-content\/uploads\/2025\/07\/DJI_0458-2048x1364.jpg 2048w\" sizes=\"auto, (max-width: 2560px) 100vw, 2560px\" \/><\/a><figcaption class=\"wp-element-caption\">Vue sur le village<\/figcaption><\/figure>\n\n\n\n<figure class=\"wp-block-image size-large\"><a href=\"https:\/\/www.jugend-im-berggebiet.ch\/wp-content\/uploads\/2025\/07\/poschiavo_4062-scaled.jpg\"><img loading=\"lazy\" decoding=\"async\" width=\"1024\" height=\"683\" data-id=\"6738\" src=\"https:\/\/www.jugend-im-berggebiet.ch\/wp-content\/uploads\/2025\/07\/poschiavo_4062-1024x683.jpg\" alt=\"\" class=\"wp-image-6738\" srcset=\"https:\/\/www.jugend-im-berggebiet.ch\/wp-content\/uploads\/2025\/07\/poschiavo_4062-1024x683.jpg 1024w, https:\/\/www.jugend-im-berggebiet.ch\/wp-content\/uploads\/2025\/07\/poschiavo_4062-300x200.jpg 300w, https:\/\/www.jugend-im-berggebiet.ch\/wp-content\/uploads\/2025\/07\/poschiavo_4062-768x513.jpg 768w, https:\/\/www.jugend-im-berggebiet.ch\/wp-content\/uploads\/2025\/07\/poschiavo_4062-1536x1025.jpg 1536w, https:\/\/www.jugend-im-berggebiet.ch\/wp-content\/uploads\/2025\/07\/poschiavo_4062-2048x1367.jpg 2048w\" sizes=\"auto, (max-width: 1024px) 100vw, 1024px\" \/><\/a><figcaption class=\"wp-element-caption\">La rue Via di Palazz<\/figcaption><\/figure>\n\n\n\n<figure class=\"wp-block-image size-large\"><a href=\"https:\/\/www.jugend-im-berggebiet.ch\/wp-content\/uploads\/2025\/07\/DSF0399.jpg\"><img loading=\"lazy\" decoding=\"async\" width=\"1024\" height=\"683\" data-id=\"6710\" src=\"https:\/\/www.jugend-im-berggebiet.ch\/wp-content\/uploads\/2025\/07\/DSF0399-1024x683.jpg\" alt=\"\" class=\"wp-image-6710\" srcset=\"https:\/\/www.jugend-im-berggebiet.ch\/wp-content\/uploads\/2025\/07\/DSF0399-1024x683.jpg 1024w, https:\/\/www.jugend-im-berggebiet.ch\/wp-content\/uploads\/2025\/07\/DSF0399-300x200.jpg 300w, https:\/\/www.jugend-im-berggebiet.ch\/wp-content\/uploads\/2025\/07\/DSF0399-768x512.jpg 768w, https:\/\/www.jugend-im-berggebiet.ch\/wp-content\/uploads\/2025\/07\/DSF0399.jpg 1440w\" sizes=\"auto, (max-width: 1024px) 100vw, 1024px\" \/><\/a><figcaption class=\"wp-element-caption\">Le printemps dans le val Poschiavo<\/figcaption><\/figure>\n\n\n\n<figure class=\"wp-block-image size-large\"><a href=\"https:\/\/www.jugend-im-berggebiet.ch\/wp-content\/uploads\/2025\/07\/AG_7469-scaled.jpg\"><img loading=\"lazy\" decoding=\"async\" width=\"1024\" height=\"683\" data-id=\"6732\" src=\"https:\/\/www.jugend-im-berggebiet.ch\/wp-content\/uploads\/2025\/07\/AG_7469-1024x683.jpg\" alt=\"\" class=\"wp-image-6732\" srcset=\"https:\/\/www.jugend-im-berggebiet.ch\/wp-content\/uploads\/2025\/07\/AG_7469-1024x683.jpg 1024w, https:\/\/www.jugend-im-berggebiet.ch\/wp-content\/uploads\/2025\/07\/AG_7469-300x200.jpg 300w, https:\/\/www.jugend-im-berggebiet.ch\/wp-content\/uploads\/2025\/07\/AG_7469-768x512.jpg 768w, https:\/\/www.jugend-im-berggebiet.ch\/wp-content\/uploads\/2025\/07\/AG_7469-1536x1024.jpg 1536w, https:\/\/www.jugend-im-berggebiet.ch\/wp-content\/uploads\/2025\/07\/AG_7469-2048x1365.jpg 2048w\" sizes=\"auto, (max-width: 1024px) 100vw, 1024px\" \/><\/a><figcaption class=\"wp-element-caption\">Le lac de Saoseo<\/figcaption><\/figure>\n<\/figure>\n","protected":false},"excerpt":{"rendered":"<p>Principales caract\u00e9ristiques Canton : Grisons R\u00e9gion : Bernina Habitants : 3&rsquo;432 Langue officielle : Italien Superficie en km2: 192 Point le plus haut : 3&rsquo;905 m d\u2019altitude (Piz Pal\u00fc) Point le plus bas : 965 m d\u2019altitude (Miralago) Site web : www.poschiavo.ch Obtention du label&nbsp;: 2020 R\u00e9ussites La commune de Poschiavo soutient les jeunes par [&hellip;]<\/p>\n","protected":false},"author":5,"featured_media":0,"parent":653,"menu_order":0,"comment_status":"closed","ping_status":"closed","template":"template-fullwidth.php","meta":{"footnotes":""},"class_list":["post-3034","page","type-page","status-publish","hentry"],"_links":{"self":[{"href":"https:\/\/www.jugend-im-berggebiet.ch\/fr\/wp-json\/wp\/v2\/pages\/3034","targetHints":{"allow":["GET"]}}],"collection":[{"href":"https:\/\/www.jugend-im-berggebiet.ch\/fr\/wp-json\/wp\/v2\/pages"}],"about":[{"href":"https:\/\/www.jugend-im-berggebiet.ch\/fr\/wp-json\/wp\/v2\/types\/page"}],"author":[{"embeddable":true,"href":"https:\/\/www.jugend-im-berggebiet.ch\/fr\/wp-json\/wp\/v2\/users\/5"}],"replies":[{"embeddable":true,"href":"https:\/\/www.jugend-im-berggebiet.ch\/fr\/wp-json\/wp\/v2\/comments?post=3034"}],"version-history":[{"count":8,"href":"https:\/\/www.jugend-im-berggebiet.ch\/fr\/wp-json\/wp\/v2\/pages\/3034\/revisions"}],"predecessor-version":[{"id":7970,"href":"https:\/\/www.jugend-im-berggebiet.ch\/fr\/wp-json\/wp\/v2\/pages\/3034\/revisions\/7970"}],"up":[{"embeddable":true,"href":"https:\/\/www.jugend-im-berggebiet.ch\/fr\/wp-json\/wp\/v2\/pages\/653"}],"wp:attachment":[{"href":"https:\/\/www.jugend-im-berggebiet.ch\/fr\/wp-json\/wp\/v2\/media?parent=3034"}],"curies":[{"name":"wp","href":"https:\/\/api.w.org\/{rel}","templated":true}]}}