{"id":3059,"date":"2020-08-25T16:05:45","date_gmt":"2020-08-25T14:05:45","guid":{"rendered":"https:\/\/www.jugend-im-berggebiet.ch\/?page_id=3059"},"modified":"2026-03-24T09:25:43","modified_gmt":"2026-03-24T08:25:43","slug":"plaffeien-2","status":"publish","type":"page","link":"https:\/\/www.jugend-im-berggebiet.ch\/fr\/un-label-pour-les-communes__trashed\/plaffeien-2\/","title":{"rendered":"Planfayon (FR)"},"content":{"rendered":"\n<h2 class=\"wp-block-heading\">Principales caract\u00e9ristiques<\/h2>\n\n\n\n<div class=\"wp-block-columns is-layout-flex wp-container-core-columns-is-layout-9d6595d7 wp-block-columns-is-layout-flex\">\n<div class=\"wp-block-column is-layout-flow wp-block-column-is-layout-flow\" style=\"flex-basis:66.66%\">\n<ul class=\"wp-block-list\">\n<li>Canton : Fribourg<\/li>\n\n\n\n<li>R\u00e9gion : District de la Singine<\/li>\n\n\n\n<li>Habitants : 3&rsquo;600<\/li>\n\n\n\n<li>Langue officielle : Allemand<\/li>\n\n\n\n<li>Superficie en km<sup>2 <\/sup>: 66<\/li>\n\n\n\n<li>Point le plus haut : 2&rsquo;239 m d\u2019altitude (Schafberg)<\/li>\n\n\n\n<li>Point le plus bas : 746 m d\u2019altitude (Sensebett)<\/li>\n\n\n\n<li>Communes fusionn\u00e9es : Plaffeien, Oberschrot et Zumholz (fusion en 2017)<\/li>\n\n\n\n<li>Site web : <a href=\"https:\/\/www.plaffeien.ch\/\" target=\"_blank\" rel=\"noreferrer noopener\">www.plaffeien.ch<\/a><\/li>\n\n\n\n<li>Obtention du label : 2020<\/li>\n<\/ul>\n\n\n\n<hr class=\"wp-block-separator has-css-opacity aligncenter is-style-dots\"\/>\n\n\n\n<h2 class=\"wp-block-heading\">R\u00e9ussites<\/h2>\n\n\n\n<p>Planfayon est le <strong>centre r\u00e9gional<\/strong> du Sense-Oberland. On y trouve des entreprises artisanales vari\u00e9es, plus de 60 associations sportives et culturelles, un centre scolaire d&rsquo;orientation, de nombreux commerces et la proximit\u00e9 de la nature.<\/p>\n\n\n\n<p><strong>Travail avec les jeunes \/ loisirs<\/strong> : Gr\u00e2ce \u00e0 ses diff\u00e9rentes associations des jeunes, la commune peut r\u00e9pondre aux besoins des diff\u00e9rentes tranches d&rsquo;\u00e2ge. Depuis quelques ann\u00e9es, il existe un service professionnel d\u00e9di\u00e9 aux jeunes pour les \u00e9l\u00e8ves de l&rsquo;\u00e9cole d&rsquo;orientation. Le local des jeunes de Planfayon, g\u00e9r\u00e9e par un animateur \u00e0 50 %, est un lieu de rencontre pour les \u00e9l\u00e8ves. Il est \u00e9quip\u00e9 de si\u00e8ges, de jeux adapt\u00e9s \u00e0 l&rsquo;\u00e2ge des jeunes, d&rsquo;une cha\u00eene hi-fi et d&rsquo;un petit bar.<\/p>\n\n\n\n<p><strong>Mobilit\u00e9<\/strong> : La commune est en contact r\u00e9gulier avec le prestataire r\u00e9gional de transports publics TPF afin d&rsquo;am\u00e9liorer et d&rsquo;optimiser les liaisons par bus. Un projet pilote lanc\u00e9 en 2020 a permis \u00e0 tous les passagers d&rsquo;utiliser gratuitement les liaisons par bus de la zone 19 en direction du Schwarzsee pendant les week-ends et les vacances scolaires. Cette offre est d\u00e9sormais valable tous les jours.<\/p>\n\n\n\n<hr class=\"wp-block-separator has-text-color has-black-color has-css-opacity has-black-background-color has-background aligncenter is-style-dots\"\/>\n\n\n\n<h2 class=\"wp-block-heading\">Projets en cours<\/h2>\n\n\n\n<ul class=\"wp-block-list\">\n<li><strong>Syst\u00e8me scolaire<\/strong> : Le maintien des \u00e9coles de village est essentiel pour la commune de Planfayon. Outre l&rsquo;\u00e9cole primaire, Plaffeien accueille \u00e9galement le cycle d&rsquo;orientation. La salle polyvalente du cycle d&rsquo;orientation fait actuellement l&rsquo;objet d&rsquo;une r\u00e9novation \u00e9nerg\u00e9tique. Le b\u00e2timent scolaire \u00ab Lichtena \u00bb dans la vall\u00e9e de Schwarzsee doit \u00eatre entretenir pour l&rsquo;\u00e9cole primaire.<\/li>\n\n\n\n<li><strong>Garde d&rsquo;enfants<\/strong> : Pour Planfayon, la convivialit\u00e9 familiale est un facteur important pour une commune moderne. C&rsquo;est pourquoi la cr\u00e8che \u00ab\u00a0Seisem\u00fcsli\u00a0\u00bb a \u00e9t\u00e9 cr\u00e9\u00e9e en septembre 2020 et reprise par la commune en janvier 2025.<\/li>\n\n\n\n<li><strong>Situation de l&#8217;emploi<\/strong> : Depuis des ann\u00e9es, la chancellerie communale forme r\u00e9guli\u00e8rement des apprentis dans les domaines de l&rsquo;administration et de l&rsquo;exploitation de la voirie. Les conditions-cadres favorables soutiennent l&rsquo;artisanat afin de maintenir et de cr\u00e9er des emplois et des places d&rsquo;apprentissage.<\/li>\n\n\n\n<li><strong>D\u00e9veloppement du village <\/strong>avec le projet interg\u00e9n\u00e9rationnel concernant l&rsquo;h\u00f4tel Alpenklub<\/li>\n\n\n\n<li><strong>Piscine sportive et de loisirs<\/strong> r\u00e9gionale (en phase de pr\u00e9-planification)<\/li>\n<\/ul>\n\n\n\n<hr class=\"wp-block-separator has-text-color has-black-color has-css-opacity has-black-background-color has-background aligncenter is-style-dots\"\/>\n\n\n\n<h2 class=\"wp-block-heading\">Difficult\u00e9s<\/h2>\n\n\n\n<p>Le <strong>plan d&rsquo;am\u00e9nagement local<\/strong> soumis depuis 2018 entre dans la phase finale. La d\u00e9cision d&rsquo;approbation du canton garantit la s\u00e9curit\u00e9 juridique, des densit\u00e9s plus \u00e9lev\u00e9es dans les zones bien desservies par les transports publics et une harmonisation du plan d&rsquo;am\u00e9nagement local sur l&rsquo;ensemble du territoire communal.<\/p>\n\n\n\n<p>Toutefois, le canton n&rsquo;a pas pu donner suite \u00e0 de nombreuses demandes de la commune. En raison de l&rsquo;existence de r\u00e9serves de terrains \u00e0 b\u00e2tir suffisantes, une <strong>extension du lotissement<\/strong> n&rsquo;est pas possible. Cela limite malheureusement consid\u00e9rablement le potentiel de d\u00e9veloppement de la commune.<\/p>\n\n\n\n<hr class=\"wp-block-separator has-text-color has-black-color has-css-opacity has-black-background-color has-background aligncenter is-style-dots\"\/>\n<\/div>\n\n\n\n<div class=\"wp-block-column is-layout-flow wp-block-column-is-layout-flow\" style=\"flex-basis:33.33%\">\n<figure class=\"wp-block-image size-large\"><a href=\"https:\/\/www.jugend-im-berggebiet.ch\/wp-content\/uploads\/2025\/07\/Plaffeien.png\"><img loading=\"lazy\" decoding=\"async\" width=\"1024\" height=\"704\" src=\"https:\/\/www.jugend-im-berggebiet.ch\/wp-content\/uploads\/2025\/07\/Plaffeien-1024x704.png\" alt=\"\" class=\"wp-image-6988\" srcset=\"https:\/\/www.jugend-im-berggebiet.ch\/wp-content\/uploads\/2025\/07\/Plaffeien-1024x704.png 1024w, https:\/\/www.jugend-im-berggebiet.ch\/wp-content\/uploads\/2025\/07\/Plaffeien-300x206.png 300w, https:\/\/www.jugend-im-berggebiet.ch\/wp-content\/uploads\/2025\/07\/Plaffeien-768x528.png 768w, https:\/\/www.jugend-im-berggebiet.ch\/wp-content\/uploads\/2025\/07\/Plaffeien-1536x1056.png 1536w, https:\/\/www.jugend-im-berggebiet.ch\/wp-content\/uploads\/2025\/07\/Plaffeien.png 1597w\" sizes=\"auto, (max-width: 1024px) 100vw, 1024px\" \/><\/a><\/figure>\n<\/div>\n<\/div>\n\n\n\n<h2 class=\"wp-block-heading\">Images<\/h2>\n\n\n\n<figure class=\"wp-block-gallery has-nested-images columns-3 is-cropped wp-block-gallery-1 is-layout-flex wp-block-gallery-is-layout-flex\">\n<figure class=\"wp-block-image size-large\"><a href=\"https:\/\/www.jugend-im-berggebiet.ch\/wp-content\/uploads\/2025\/07\/Pfarrkirche-Plaffeien.jpg\"><img loading=\"lazy\" decoding=\"async\" width=\"738\" height=\"490\" data-id=\"6996\" src=\"https:\/\/www.jugend-im-berggebiet.ch\/wp-content\/uploads\/2025\/07\/Pfarrkirche-Plaffeien.jpg\" alt=\"\" class=\"wp-image-6996\" srcset=\"https:\/\/www.jugend-im-berggebiet.ch\/wp-content\/uploads\/2025\/07\/Pfarrkirche-Plaffeien.jpg 738w, https:\/\/www.jugend-im-berggebiet.ch\/wp-content\/uploads\/2025\/07\/Pfarrkirche-Plaffeien-300x199.jpg 300w\" sizes=\"auto, (max-width: 738px) 100vw, 738px\" \/><\/a><figcaption class=\"wp-element-caption\">L&rsquo;\u00e9glise paroissiale de Planfayon<\/figcaption><\/figure>\n\n\n\n<figure class=\"wp-block-image size-large\"><a href=\"https:\/\/www.jugend-im-berggebiet.ch\/wp-content\/uploads\/2025\/07\/DSC_7648-scaled.jpg\"><img loading=\"lazy\" decoding=\"async\" width=\"1024\" height=\"680\" data-id=\"7031\" src=\"https:\/\/www.jugend-im-berggebiet.ch\/wp-content\/uploads\/2025\/07\/DSC_7648-1024x680.jpg\" alt=\"\" class=\"wp-image-7031\" srcset=\"https:\/\/www.jugend-im-berggebiet.ch\/wp-content\/uploads\/2025\/07\/DSC_7648-1024x680.jpg 1024w, https:\/\/www.jugend-im-berggebiet.ch\/wp-content\/uploads\/2025\/07\/DSC_7648-300x199.jpg 300w, https:\/\/www.jugend-im-berggebiet.ch\/wp-content\/uploads\/2025\/07\/DSC_7648-768x510.jpg 768w, https:\/\/www.jugend-im-berggebiet.ch\/wp-content\/uploads\/2025\/07\/DSC_7648-1536x1020.jpg 1536w, https:\/\/www.jugend-im-berggebiet.ch\/wp-content\/uploads\/2025\/07\/DSC_7648-2048x1360.jpg 2048w\" sizes=\"auto, (max-width: 1024px) 100vw, 1024px\" \/><\/a><figcaption class=\"wp-element-caption\">Activit\u00e9s au local des jeunes de Planfayon<\/figcaption><\/figure>\n\n\n\n<figure class=\"wp-block-image size-large\"><a href=\"https:\/\/www.jugend-im-berggebiet.ch\/wp-content\/uploads\/2025\/07\/Schwarzsee-im-Herbst-1-scaled.jpg\"><img loading=\"lazy\" decoding=\"async\" width=\"1024\" height=\"768\" data-id=\"7022\" src=\"https:\/\/www.jugend-im-berggebiet.ch\/wp-content\/uploads\/2025\/07\/Schwarzsee-im-Herbst-1-1024x768.jpg\" alt=\"\" class=\"wp-image-7022\" srcset=\"https:\/\/www.jugend-im-berggebiet.ch\/wp-content\/uploads\/2025\/07\/Schwarzsee-im-Herbst-1-1024x768.jpg 1024w, https:\/\/www.jugend-im-berggebiet.ch\/wp-content\/uploads\/2025\/07\/Schwarzsee-im-Herbst-1-300x225.jpg 300w, https:\/\/www.jugend-im-berggebiet.ch\/wp-content\/uploads\/2025\/07\/Schwarzsee-im-Herbst-1-768x576.jpg 768w, https:\/\/www.jugend-im-berggebiet.ch\/wp-content\/uploads\/2025\/07\/Schwarzsee-im-Herbst-1-1536x1152.jpg 1536w, https:\/\/www.jugend-im-berggebiet.ch\/wp-content\/uploads\/2025\/07\/Schwarzsee-im-Herbst-1-2048x1536.jpg 2048w\" sizes=\"auto, (max-width: 1024px) 100vw, 1024px\" \/><\/a><figcaption class=\"wp-element-caption\">Le Forum des jeunes a eu lieu \u00e0 Lac-Noir en 2026.<\/figcaption><\/figure>\n\n\n\n<figure class=\"wp-block-image size-large\"><a href=\"https:\/\/www.jugend-im-berggebiet.ch\/wp-content\/uploads\/2025\/07\/Open-Air-Kino-Plaffeien.jpg\"><img loading=\"lazy\" decoding=\"async\" width=\"743\" height=\"495\" data-id=\"6998\" src=\"https:\/\/www.jugend-im-berggebiet.ch\/wp-content\/uploads\/2025\/07\/Open-Air-Kino-Plaffeien.jpg\" alt=\"\" class=\"wp-image-6998\" srcset=\"https:\/\/www.jugend-im-berggebiet.ch\/wp-content\/uploads\/2025\/07\/Open-Air-Kino-Plaffeien.jpg 743w, https:\/\/www.jugend-im-berggebiet.ch\/wp-content\/uploads\/2025\/07\/Open-Air-Kino-Plaffeien-300x200.jpg 300w\" sizes=\"auto, (max-width: 743px) 100vw, 743px\" \/><\/a><figcaption class=\"wp-element-caption\">Le cin\u00e9ma en plein air<\/figcaption><\/figure>\n\n\n\n<figure class=\"wp-block-image size-large\"><a href=\"https:\/\/www.jugend-im-berggebiet.ch\/wp-content\/uploads\/2025\/07\/Schwarzsee-im-Winter.jpg\"><img loading=\"lazy\" decoding=\"async\" width=\"753\" height=\"502\" data-id=\"6994\" src=\"https:\/\/www.jugend-im-berggebiet.ch\/wp-content\/uploads\/2025\/07\/Schwarzsee-im-Winter.jpg\" alt=\"\" class=\"wp-image-6994\" srcset=\"https:\/\/www.jugend-im-berggebiet.ch\/wp-content\/uploads\/2025\/07\/Schwarzsee-im-Winter.jpg 753w, https:\/\/www.jugend-im-berggebiet.ch\/wp-content\/uploads\/2025\/07\/Schwarzsee-im-Winter-300x200.jpg 300w\" sizes=\"auto, (max-width: 753px) 100vw, 753px\" \/><\/a><figcaption class=\"wp-element-caption\">La zone de loisirs de Lac-Noir<\/figcaption><\/figure>\n\n\n\n<figure class=\"wp-block-image size-large\"><a href=\"https:\/\/www.jugend-im-berggebiet.ch\/wp-content\/uploads\/2025\/07\/Alpabzug-Plaffeien.jpg\"><img loading=\"lazy\" decoding=\"async\" width=\"745\" height=\"447\" data-id=\"7000\" src=\"https:\/\/www.jugend-im-berggebiet.ch\/wp-content\/uploads\/2025\/07\/Alpabzug-Plaffeien.jpg\" alt=\"\" class=\"wp-image-7000\" srcset=\"https:\/\/www.jugend-im-berggebiet.ch\/wp-content\/uploads\/2025\/07\/Alpabzug-Plaffeien.jpg 745w, https:\/\/www.jugend-im-berggebiet.ch\/wp-content\/uploads\/2025\/07\/Alpabzug-Plaffeien-300x180.jpg 300w\" sizes=\"auto, (max-width: 745px) 100vw, 745px\" \/><\/a><figcaption class=\"wp-element-caption\">La d\u00e9salpe en septembre<\/figcaption><\/figure>\n\n\n\n<figure class=\"wp-block-image size-large\"><a href=\"https:\/\/www.jugend-im-berggebiet.ch\/wp-content\/uploads\/2025\/07\/Plaffeienmarkt.jpg\"><img loading=\"lazy\" decoding=\"async\" width=\"535\" height=\"745\" data-id=\"7001\" src=\"https:\/\/www.jugend-im-berggebiet.ch\/wp-content\/uploads\/2025\/07\/Plaffeienmarkt.jpg\" alt=\"\" class=\"wp-image-7001\" srcset=\"https:\/\/www.jugend-im-berggebiet.ch\/wp-content\/uploads\/2025\/07\/Plaffeienmarkt.jpg 535w, https:\/\/www.jugend-im-berggebiet.ch\/wp-content\/uploads\/2025\/07\/Plaffeienmarkt-215x300.jpg 215w\" sizes=\"auto, (max-width: 535px) 100vw, 535px\" \/><\/a><figcaption class=\"wp-element-caption\">Le march\u00e9 de Planfayon (<em>Plaffeie-M\u00e4\u00e4ret<\/em>) existe depuis 1805.<\/figcaption><\/figure>\n\n\n\n<figure class=\"wp-block-image size-large\"><a href=\"https:\/\/www.jugend-im-berggebiet.ch\/wp-content\/uploads\/2025\/07\/Duetschbach.jpg\"><img loading=\"lazy\" decoding=\"async\" width=\"765\" height=\"574\" data-id=\"7006\" src=\"https:\/\/www.jugend-im-berggebiet.ch\/wp-content\/uploads\/2025\/07\/Duetschbach.jpg\" alt=\"\" class=\"wp-image-7006\" srcset=\"https:\/\/www.jugend-im-berggebiet.ch\/wp-content\/uploads\/2025\/07\/Duetschbach.jpg 765w, https:\/\/www.jugend-im-berggebiet.ch\/wp-content\/uploads\/2025\/07\/Duetschbach-300x225.jpg 300w\" sizes=\"auto, (max-width: 765px) 100vw, 765px\" \/><\/a><figcaption class=\"wp-element-caption\">Le ruisseau D\u00fctschbach s\u00e9pare le centre du village en deux parties.<\/figcaption><\/figure>\n<\/figure>\n","protected":false},"excerpt":{"rendered":"<p>Principales caract\u00e9ristiques Canton : Fribourg R\u00e9gion : District de la Singine Habitants : 3&rsquo;600 Langue officielle : Allemand Superficie en km2 : 66 Point le plus haut : 2&rsquo;239 m d\u2019altitude (Schafberg) Point le plus bas : 746 m d\u2019altitude (Sensebett) Communes fusionn\u00e9es : Plaffeien, Oberschrot et Zumholz (fusion en 2017) Site web : www.plaffeien.ch [&hellip;]<\/p>\n","protected":false},"author":5,"featured_media":0,"parent":653,"menu_order":0,"comment_status":"closed","ping_status":"closed","template":"template-fullwidth.php","meta":{"footnotes":""},"class_list":["post-3059","page","type-page","status-publish","hentry"],"_links":{"self":[{"href":"https:\/\/www.jugend-im-berggebiet.ch\/fr\/wp-json\/wp\/v2\/pages\/3059","targetHints":{"allow":["GET"]}}],"collection":[{"href":"https:\/\/www.jugend-im-berggebiet.ch\/fr\/wp-json\/wp\/v2\/pages"}],"about":[{"href":"https:\/\/www.jugend-im-berggebiet.ch\/fr\/wp-json\/wp\/v2\/types\/page"}],"author":[{"embeddable":true,"href":"https:\/\/www.jugend-im-berggebiet.ch\/fr\/wp-json\/wp\/v2\/users\/5"}],"replies":[{"embeddable":true,"href":"https:\/\/www.jugend-im-berggebiet.ch\/fr\/wp-json\/wp\/v2\/comments?post=3059"}],"version-history":[{"count":19,"href":"https:\/\/www.jugend-im-berggebiet.ch\/fr\/wp-json\/wp\/v2\/pages\/3059\/revisions"}],"predecessor-version":[{"id":8965,"href":"https:\/\/www.jugend-im-berggebiet.ch\/fr\/wp-json\/wp\/v2\/pages\/3059\/revisions\/8965"}],"up":[{"embeddable":true,"href":"https:\/\/www.jugend-im-berggebiet.ch\/fr\/wp-json\/wp\/v2\/pages\/653"}],"wp:attachment":[{"href":"https:\/\/www.jugend-im-berggebiet.ch\/fr\/wp-json\/wp\/v2\/media?parent=3059"}],"curies":[{"name":"wp","href":"https:\/\/api.w.org\/{rel}","templated":true}]}}