{"id":3453,"date":"2022-08-24T07:56:57","date_gmt":"2022-08-24T05:56:57","guid":{"rendered":"https:\/\/www.jugend-im-berggebiet.ch\/?page_id=3453"},"modified":"2025-10-27T18:56:14","modified_gmt":"2025-10-27T17:56:14","slug":"val-de-bagnes-vs","status":"publish","type":"page","link":"https:\/\/www.jugend-im-berggebiet.ch\/fr\/un-label-pour-les-communes__trashed\/val-de-bagnes-vs\/","title":{"rendered":"Val de Bagnes (VS)"},"content":{"rendered":"\n<h2 class=\"wp-block-heading\">Principales caract\u00e9ristiques<\/h2>\n\n\n\n<div class=\"wp-block-columns is-layout-flex wp-container-core-columns-is-layout-9d6595d7 wp-block-columns-is-layout-flex\">\n<div class=\"wp-block-column is-layout-flow wp-block-column-is-layout-flow\" style=\"flex-basis:66.66%\">\n<ul class=\"wp-block-list\">\n<li>Canton : Valais<\/li>\n\n\n\n<li>R\u00e9gion : Bas-Valais<\/li>\n\n\n\n<li>Habitants : 10&rsquo;674 (01.01.2024)<\/li>\n\n\n\n<li>Langue officielle : Fran\u00e7ais<\/li>\n\n\n\n<li>Superficie en km<sup>2<\/sup> : 302<\/li>\n\n\n\n<li>Point le plus haut : 4\u2019314 m d\u2019altitude (Grand-Combin)<\/li>\n\n\n\n<li>Point le plus bas : 752 m d\u2019altitude (Etiez)<\/li>\n\n\n\n<li>Communes fusionn\u00e9es : Voll\u00e8ges et Bagnes au 01.01.2021<\/li>\n\n\n\n<li>Site web : <a href=\"http:\/\/www.valdebagnes.ch\" data-type=\"link\" data-id=\"www.valdebagnes.ch\" target=\"_blank\" rel=\"noreferrer noopener\">www.valdebagnes.ch<\/a><\/li>\n\n\n\n<li>Obtention du label : 2022<\/li>\n<\/ul>\n\n\n\n<hr class=\"wp-block-separator has-css-opacity aligncenter is-style-dots\"\/>\n\n\n\n<h2 class=\"wp-block-heading\">R\u00e9ussites<\/h2>\n\n\n\n<p>La commune de Val de Bagnes est dot\u00e9e de <strong>4 structures d\u2019accueil de jour<\/strong>, dont 2 nurseries, ainsi que d\u2019une structure de type \u00ab\u00a0<a href=\"https:\/\/www.facebook.com\/people\/Graines-de-marmots-Maison-Verte-%C3%A0-Val-de-Bagnes\/100081806220459\/\" data-type=\"link\" data-id=\"https:\/\/www.facebook.com\/people\/Graines-de-marmots-Maison-Verte-%C3%A0-Val-de-Bagnes\/100081806220459\/\" target=\"_blank\" rel=\"noreferrer noopener\">Maison verte<\/a>\u00a0\u00bb. Elle dispose de 4 \u00e9coles primaires et d\u2019un cycle d\u2019orientation.<\/p>\n\n\n\n<p>Un <strong>Forum des jeunes<\/strong>, mis sur pied annuellement, permet aux jeunes de moins de 25 ans d\u2019\u00e9changer au sujet de leurs pr\u00e9occupations. Afin de les soutenir financi\u00e8rement, la Commune dispose d\u2019un budget annuel de CHF&nbsp;700&rsquo;000 qu\u2019elle octroie sous formes de ch\u00e8ques \u00e0 \u00e9changer aupr\u00e8s des commerces partenaires locaux, ou d\u2019un montant vers\u00e9 en compte.<\/p>\n\n\n\n<p>En outre, l\u2019<strong>utilisation des transports publics<\/strong> est gratuite sur le territoire communal pour tous les jeunes jusqu&rsquo;\u00e0 25 ans.<\/p>\n\n\n\n<hr class=\"wp-block-separator has-text-color has-black-color has-css-opacity has-black-background-color has-background aligncenter is-style-dots\"\/>\n\n\n\n<h2 class=\"wp-block-heading\">Projets en cours<\/h2>\n\n\n\n<p>Ces 4 prochaines ann\u00e9es, la commune de Val de Bagnes a pour projets la <strong>construction d\u2019une nouvelle \u00e9cole primaire<\/strong> et l\u2019augmentation de ses capacit\u00e9s en accueil de nurserie.<\/p>\n\n\n\n<p>Sur le front du logement, une <strong>fondation d\u2019utilit\u00e9 publique<\/strong> va \u00eatre cr\u00e9e afin de favoriser la construction d\u2019appartements \u00e0 loyers mod\u00e9r\u00e9s qui devrait permettre de r\u00e9pondre en partie aux besoins connus.<\/p>\n\n\n\n<p>La Commune souhaite impliquer encore plus les soci\u00e9t\u00e9s de Jeunesses dans des <strong>projets de coh\u00e9sion sociale<\/strong> afin de renforcer leurs r\u00f4les dans les villages.<\/p>\n\n\n\n<hr class=\"wp-block-separator has-text-color has-black-color has-css-opacity has-black-background-color has-background aligncenter is-style-dots\"\/>\n\n\n\n<h2 class=\"wp-block-heading\">Difficult\u00e9s<\/h2>\n\n\n\n<p>La <strong>demande croissante de placement en structures d\u2019accueil<\/strong> d\u00e8s l\u2019\u00e2ge de 4 mois oblige la Commune \u00e0 \u00eatre active sur cette th\u00e9matique.<\/p>\n\n\n\n<p>Le <strong>logement<\/strong> reste une pr\u00e9occupation majeure pour les jeunes g\u00e9n\u00e9rations. Le prix de l\u2019immobilier ne favorise pas une implantation des jeunes dans la Commune.<\/p>\n\n\n\n<hr class=\"wp-block-separator has-text-color has-black-color has-css-opacity has-black-background-color has-background aligncenter is-style-dots\"\/>\n<\/div>\n\n\n\n<div class=\"wp-block-column is-layout-flow wp-block-column-is-layout-flow\" style=\"flex-basis:33.33%\">\n<figure class=\"wp-block-image size-full\"><a href=\"https:\/\/www.jugend-im-berggebiet.ch\/wp-content\/uploads\/2025\/07\/Val-de-Bagnes.png\"><img loading=\"lazy\" decoding=\"async\" width=\"727\" height=\"492\" src=\"https:\/\/www.jugend-im-berggebiet.ch\/wp-content\/uploads\/2025\/07\/Val-de-Bagnes.png\" alt=\"\" class=\"wp-image-6770\" srcset=\"https:\/\/www.jugend-im-berggebiet.ch\/wp-content\/uploads\/2025\/07\/Val-de-Bagnes.png 727w, https:\/\/www.jugend-im-berggebiet.ch\/wp-content\/uploads\/2025\/07\/Val-de-Bagnes-300x203.png 300w\" sizes=\"auto, (max-width: 727px) 100vw, 727px\" \/><\/a><\/figure>\n<\/div>\n<\/div>\n\n\n\n<h2 class=\"wp-block-heading\">Images<\/h2>\n\n\n\n<figure class=\"wp-block-gallery has-nested-images columns-2 is-cropped wp-block-gallery-1 is-layout-flex wp-block-gallery-is-layout-flex\">\n<figure class=\"wp-block-image size-large\"><a href=\"https:\/\/www.jugend-im-berggebiet.ch\/wp-content\/uploads\/2025\/07\/Haut-Val-de-Bagnes-ete_@Raphael-Surmont-scaled.jpg\"><img loading=\"lazy\" decoding=\"async\" width=\"1024\" height=\"683\" data-id=\"6786\" src=\"https:\/\/www.jugend-im-berggebiet.ch\/wp-content\/uploads\/2025\/07\/Haut-Val-de-Bagnes-ete_@Raphael-Surmont-1024x683.jpg\" alt=\"\" class=\"wp-image-6786\" srcset=\"https:\/\/www.jugend-im-berggebiet.ch\/wp-content\/uploads\/2025\/07\/Haut-Val-de-Bagnes-ete_@Raphael-Surmont-1024x683.jpg 1024w, https:\/\/www.jugend-im-berggebiet.ch\/wp-content\/uploads\/2025\/07\/Haut-Val-de-Bagnes-ete_@Raphael-Surmont-300x200.jpg 300w, https:\/\/www.jugend-im-berggebiet.ch\/wp-content\/uploads\/2025\/07\/Haut-Val-de-Bagnes-ete_@Raphael-Surmont-768x512.jpg 768w, https:\/\/www.jugend-im-berggebiet.ch\/wp-content\/uploads\/2025\/07\/Haut-Val-de-Bagnes-ete_@Raphael-Surmont-1536x1024.jpg 1536w, https:\/\/www.jugend-im-berggebiet.ch\/wp-content\/uploads\/2025\/07\/Haut-Val-de-Bagnes-ete_@Raphael-Surmont-2048x1365.jpg 2048w\" sizes=\"auto, (max-width: 1024px) 100vw, 1024px\" \/><\/a><figcaption class=\"wp-element-caption\">Vue sur le Haut Val de Bagnes<\/figcaption><\/figure>\n\n\n\n<figure class=\"wp-block-image size-large\"><a href=\"https:\/\/www.jugend-im-berggebiet.ch\/wp-content\/uploads\/2025\/07\/Ateliers-foret_VdB_VM03.jpg\"><img loading=\"lazy\" decoding=\"async\" width=\"1024\" height=\"683\" data-id=\"6778\" src=\"https:\/\/www.jugend-im-berggebiet.ch\/wp-content\/uploads\/2025\/07\/Ateliers-foret_VdB_VM03-1024x683.jpg\" alt=\"\" class=\"wp-image-6778\" srcset=\"https:\/\/www.jugend-im-berggebiet.ch\/wp-content\/uploads\/2025\/07\/Ateliers-foret_VdB_VM03-1024x683.jpg 1024w, https:\/\/www.jugend-im-berggebiet.ch\/wp-content\/uploads\/2025\/07\/Ateliers-foret_VdB_VM03-300x200.jpg 300w, https:\/\/www.jugend-im-berggebiet.ch\/wp-content\/uploads\/2025\/07\/Ateliers-foret_VdB_VM03-768x512.jpg 768w, https:\/\/www.jugend-im-berggebiet.ch\/wp-content\/uploads\/2025\/07\/Ateliers-foret_VdB_VM03-1536x1024.jpg 1536w, https:\/\/www.jugend-im-berggebiet.ch\/wp-content\/uploads\/2025\/07\/Ateliers-foret_VdB_VM03.jpg 1654w\" sizes=\"auto, (max-width: 1024px) 100vw, 1024px\" \/><\/a><figcaption class=\"wp-element-caption\">Un atelier de l&rsquo;\u00e9cole de la for\u00eat<\/figcaption><\/figure>\n\n\n\n<figure class=\"wp-block-image size-large\"><a href=\"https:\/\/www.jugend-im-berggebiet.ch\/wp-content\/uploads\/2025\/07\/Le_Chable-0227-\u00a9-Sebastien-Metenier-scaled.jpg\"><img loading=\"lazy\" decoding=\"async\" width=\"1024\" height=\"682\" data-id=\"6782\" src=\"https:\/\/www.jugend-im-berggebiet.ch\/wp-content\/uploads\/2025\/07\/Le_Chable-0227-\u00a9-Sebastien-Metenier-1024x682.jpg\" alt=\"\" class=\"wp-image-6782\" srcset=\"https:\/\/www.jugend-im-berggebiet.ch\/wp-content\/uploads\/2025\/07\/Le_Chable-0227-\u00a9-Sebastien-Metenier-1024x682.jpg 1024w, https:\/\/www.jugend-im-berggebiet.ch\/wp-content\/uploads\/2025\/07\/Le_Chable-0227-\u00a9-Sebastien-Metenier-300x200.jpg 300w, https:\/\/www.jugend-im-berggebiet.ch\/wp-content\/uploads\/2025\/07\/Le_Chable-0227-\u00a9-Sebastien-Metenier-768x512.jpg 768w, https:\/\/www.jugend-im-berggebiet.ch\/wp-content\/uploads\/2025\/07\/Le_Chable-0227-\u00a9-Sebastien-Metenier-1536x1023.jpg 1536w, https:\/\/www.jugend-im-berggebiet.ch\/wp-content\/uploads\/2025\/07\/Le_Chable-0227-\u00a9-Sebastien-Metenier-2048x1364.jpg 2048w\" sizes=\"auto, (max-width: 1024px) 100vw, 1024px\" \/><\/a><figcaption class=\"wp-element-caption\">Le Ch\u00e2ble, le chef-lieu<em>&nbsp;<\/em>de&nbsp;la commune de Val de Bagnes<\/figcaption><\/figure>\n<\/figure>\n\n\n\n<p><\/p>\n\n\n\n<p><em><a href=\"https:\/\/www.facebook.com\/people\/Association-des-Jeunes-de-Val-de-Bagnes\/61550661057614\/?_rdr\" data-type=\"link\" data-id=\"https:\/\/www.facebook.com\/people\/Association-des-Jeunes-de-Val-de-Bagnes\/61550661057614\/?_rdr\" target=\"_blank\" rel=\"noreferrer noopener\"><strong>Page Facebook <em>de l&rsquo;Association des Jeunes de Val de Bagnes<\/em><\/strong><\/a><\/em><\/p>\n","protected":false},"excerpt":{"rendered":"<p>Principales caract\u00e9ristiques Canton : Valais R\u00e9gion : Bas-Valais Habitants : 10&rsquo;674 (01.01.2024) Langue officielle : Fran\u00e7ais Superficie en km2 : 302 Point le plus haut : 4\u2019314 m d\u2019altitude (Grand-Combin) Point le plus bas : 752 m d\u2019altitude (Etiez) Communes fusionn\u00e9es : Voll\u00e8ges et Bagnes au 01.01.2021 Site web : www.valdebagnes.ch Obtention du label : [&hellip;]<\/p>\n","protected":false},"author":5,"featured_media":5808,"parent":653,"menu_order":0,"comment_status":"closed","ping_status":"closed","template":"template-fullwidth.php","meta":{"footnotes":""},"class_list":["post-3453","page","type-page","status-publish","has-post-thumbnail","hentry"],"_links":{"self":[{"href":"https:\/\/www.jugend-im-berggebiet.ch\/fr\/wp-json\/wp\/v2\/pages\/3453","targetHints":{"allow":["GET"]}}],"collection":[{"href":"https:\/\/www.jugend-im-berggebiet.ch\/fr\/wp-json\/wp\/v2\/pages"}],"about":[{"href":"https:\/\/www.jugend-im-berggebiet.ch\/fr\/wp-json\/wp\/v2\/types\/page"}],"author":[{"embeddable":true,"href":"https:\/\/www.jugend-im-berggebiet.ch\/fr\/wp-json\/wp\/v2\/users\/5"}],"replies":[{"embeddable":true,"href":"https:\/\/www.jugend-im-berggebiet.ch\/fr\/wp-json\/wp\/v2\/comments?post=3453"}],"version-history":[{"count":5,"href":"https:\/\/www.jugend-im-berggebiet.ch\/fr\/wp-json\/wp\/v2\/pages\/3453\/revisions"}],"predecessor-version":[{"id":7386,"href":"https:\/\/www.jugend-im-berggebiet.ch\/fr\/wp-json\/wp\/v2\/pages\/3453\/revisions\/7386"}],"up":[{"embeddable":true,"href":"https:\/\/www.jugend-im-berggebiet.ch\/fr\/wp-json\/wp\/v2\/pages\/653"}],"wp:featuredmedia":[{"embeddable":true,"href":"https:\/\/www.jugend-im-berggebiet.ch\/fr\/wp-json\/wp\/v2\/media\/5808"}],"wp:attachment":[{"href":"https:\/\/www.jugend-im-berggebiet.ch\/fr\/wp-json\/wp\/v2\/media?parent=3453"}],"curies":[{"name":"wp","href":"https:\/\/api.w.org\/{rel}","templated":true}]}}