{"id":3464,"date":"2022-08-24T08:34:40","date_gmt":"2022-08-24T06:34:40","guid":{"rendered":"https:\/\/www.jugend-im-berggebiet.ch\/?page_id=3464"},"modified":"2025-10-23T11:57:23","modified_gmt":"2025-10-23T09:57:23","slug":"tujetsch-gr","status":"publish","type":"page","link":"https:\/\/www.jugend-im-berggebiet.ch\/fr\/un-label-pour-les-communes__trashed\/tujetsch-gr\/","title":{"rendered":"Tujetsch (GR)"},"content":{"rendered":"\n<p>Dans sa charte publi\u00e9e, en 2015, la commune accorde une grande importance \u00e0 la promotion de la jeunesse. La reconnaissance du label s&rsquo;inscrit dans les principes qui y sont formul\u00e9s. Voici quelques mesures en lien avec la promotion de la jeunesse :<\/p>\n\n\n\n<ul class=\"wp-block-list\">\n<li><strong>Association jeunesse <\/strong>: le pr\u00e9sident de cette organisation a pr\u00e9sent\u00e9 l&rsquo;association aux jeunes en fin de scolarit\u00e9. La commune a invit\u00e9 tous les jeunes en fin de scolarit\u00e9, ainsi que les repr\u00e9sentants de l&rsquo;association, \u00e0 une soir\u00e9e pizza. Il a transmis symboliquement les jeunes en fin de scolarit\u00e9 \u00e0 l&rsquo;association de la jeunesse.<\/li>\n<\/ul>\n\n\n\n<ul class=\"wp-block-list\">\n<li><strong>Maisons des jeunes<\/strong> : la maison \u00ab\u00a0La Talina\u00a0\u00bb est mise \u00e0 la disposition de l&rsquo;association de jeunes par la commune qui en assure l&rsquo;entretien. Un ancien b\u00e2timent utilis\u00e9 par une entreprise d&rsquo;\u00e9lectricit\u00e9 a \u00e9t\u00e9 acquis par la commune. Il devrait prochainement servir de local pour les jeunes de 16 ans et plus.<\/li>\n<\/ul>\n\n\n\n<ul class=\"wp-block-list\">\n<li><strong>Structure de jour<\/strong> : une structure de jour, avec repas de midi et encadrement l&rsquo;apr\u00e8s-midi, a pu \u00eatre inaugur\u00e9e durant l&rsquo;ann\u00e9e scolaire 2020\/2021.<\/li>\n<\/ul>\n\n\n\n<ul class=\"wp-block-list\">\n<li><strong>Mobilit\u00e9 <\/strong>: les transports publics ont pu \u00eatre d\u00e9velopp\u00e9s, gr\u00e2ce \u00e0 un cofinancement temporaire de la commune. Un syst\u00e8me de bus \u00e0 la demande permet d\u00e9sormais aux \u00e9l\u00e8ves des \u00e9coles professionnelles d&rsquo;arriver \u00e0 temps le matin \u00e0 Coire.<\/li>\n<\/ul>\n\n\n\n<ul class=\"wp-block-list\">\n<li><strong>Espace de travail partag\u00e9<\/strong> : les anciens locaux d&rsquo;une banque ont pu \u00eatre am\u00e9nag\u00e9s en bureaux. Ouverture en ao\u00fbt 2022.<\/li>\n<\/ul>\n\n\n\n<ul class=\"wp-block-list\">\n<li><strong>Sport et loisirs<\/strong> : tous les enfants de moins de 12 ans peuvent utiliser gratuitement les remont\u00e9es m\u00e9caniques. Le Parlement a donn\u00e9 son feu vert \u00e0 la r\u00e9novation du parc aquatique de Sedrun. L&rsquo;OpenAir \u00ab\u00a0RockSeDrun\u00a0\u00bb, qui se d\u00e9roule au centre du village, est organis\u00e9 chaque ann\u00e9e.<\/li>\n<\/ul>\n\n\n\n<figure class=\"wp-block-image size-large\"><a href=\"https:\/\/www.jugend-im-berggebiet.ch\/wp-content\/uploads\/2022\/08\/Tujetsch-3.jpg\"><img loading=\"lazy\" decoding=\"async\" width=\"1024\" height=\"768\" src=\"https:\/\/www.jugend-im-berggebiet.ch\/wp-content\/uploads\/2022\/08\/Tujetsch-3-1024x768.jpg\" alt=\"\" class=\"wp-image-3465\" srcset=\"https:\/\/www.jugend-im-berggebiet.ch\/wp-content\/uploads\/2022\/08\/Tujetsch-3-1024x768.jpg 1024w, https:\/\/www.jugend-im-berggebiet.ch\/wp-content\/uploads\/2022\/08\/Tujetsch-3-300x225.jpg 300w, https:\/\/www.jugend-im-berggebiet.ch\/wp-content\/uploads\/2022\/08\/Tujetsch-3-768x576.jpg 768w, https:\/\/www.jugend-im-berggebiet.ch\/wp-content\/uploads\/2022\/08\/Tujetsch-3.jpg 1280w\" sizes=\"auto, (max-width: 1024px) 100vw, 1024px\" \/><\/a><figcaption class=\"wp-element-caption\">photo: OpenAir \u00abRockSeDrun\u00bb<\/figcaption><\/figure>\n","protected":false},"excerpt":{"rendered":"<p>Dans sa charte publi\u00e9e, en 2015, la commune accorde une grande importance \u00e0 la promotion de la jeunesse. La reconnaissance du label s&rsquo;inscrit dans les principes qui y sont formul\u00e9s. Voici quelques mesures en lien avec la promotion de la jeunesse : Association jeunesse : le pr\u00e9sident de cette organisation a pr\u00e9sent\u00e9 l&rsquo;association aux jeunes [&hellip;]<\/p>\n","protected":false},"author":5,"featured_media":0,"parent":653,"menu_order":0,"comment_status":"closed","ping_status":"closed","template":"template-fullwidth.php","meta":{"footnotes":""},"class_list":["post-3464","page","type-page","status-publish","hentry"],"_links":{"self":[{"href":"https:\/\/www.jugend-im-berggebiet.ch\/fr\/wp-json\/wp\/v2\/pages\/3464","targetHints":{"allow":["GET"]}}],"collection":[{"href":"https:\/\/www.jugend-im-berggebiet.ch\/fr\/wp-json\/wp\/v2\/pages"}],"about":[{"href":"https:\/\/www.jugend-im-berggebiet.ch\/fr\/wp-json\/wp\/v2\/types\/page"}],"author":[{"embeddable":true,"href":"https:\/\/www.jugend-im-berggebiet.ch\/fr\/wp-json\/wp\/v2\/users\/5"}],"replies":[{"embeddable":true,"href":"https:\/\/www.jugend-im-berggebiet.ch\/fr\/wp-json\/wp\/v2\/comments?post=3464"}],"version-history":[{"count":2,"href":"https:\/\/www.jugend-im-berggebiet.ch\/fr\/wp-json\/wp\/v2\/pages\/3464\/revisions"}],"predecessor-version":[{"id":7815,"href":"https:\/\/www.jugend-im-berggebiet.ch\/fr\/wp-json\/wp\/v2\/pages\/3464\/revisions\/7815"}],"up":[{"embeddable":true,"href":"https:\/\/www.jugend-im-berggebiet.ch\/fr\/wp-json\/wp\/v2\/pages\/653"}],"wp:attachment":[{"href":"https:\/\/www.jugend-im-berggebiet.ch\/fr\/wp-json\/wp\/v2\/media?parent=3464"}],"curies":[{"name":"wp","href":"https:\/\/api.w.org\/{rel}","templated":true}]}}