{"id":430,"date":"2015-09-02T10:10:57","date_gmt":"2015-09-02T08:10:57","guid":{"rendered":"http:\/\/www.jugend-im-berggebiet.ch\/?page_id=430"},"modified":"2026-04-08T14:54:07","modified_gmt":"2026-04-08T12:54:07","slug":"le-forum-des-jeunes-du-sab","status":"publish","type":"page","link":"https:\/\/www.jugend-im-berggebiet.ch\/fr\/le-forum-des-jeunes-du-sab\/","title":{"rendered":"Le Forum des jeunes du SAB"},"content":{"rendered":"<p><strong>Le Forum des jeunes du SAB<\/strong> est form\u00e9 de jeunes issus des communes ayant obtenu le label \u00ab Commune de montagne \u2013 La jeunesse, notre avenir \u00bb (deux par commune). En tant que plateforme ind\u00e9pendante, cet organe collabore avec le SAB, organisation repr\u00e9sentant les int\u00e9r\u00eats des r\u00e9gions de montagne et des espaces ruraux au niveau national. L&rsquo;utilit\u00e9 de cette collaboration est d&rsquo;informer le SAB sur les demandes des jeunes des r\u00e9gions de montagne. Le Forum formule des recommandations aupr\u00e8s du SAB, qui peut ensuite les int\u00e9grer et les d\u00e9fendre au niveau politique. Des informations compl\u00e9mentaires au sujet du Forum des jeunes du SAB sont contenues dans le document \u00ab <strong><a href=\"https:\/\/www.jugend-im-berggebiet.ch\/wp-content\/uploads\/2025\/01\/Directives.pdf\">Directives du Forum des Jeunes du SAB<\/a><\/strong> \u00bb. Pour le date du prochain Forum, voir <a href=\"https:\/\/www.jugend-im-berggebiet.ch\/fr\/agenda\/?lang=fr\">Agenda<\/a>.<\/p>\n<h3><strong>Les principales activit\u00e9s sont :<\/strong><\/h3>\n<ul>\n<li>Discussions au sujet du th\u00e8me : \u00ab Mon avenir en montagne \u00bb et \u00e9laboration de mesures afin de cr\u00e9er des perspectives pour les jeunes.<\/li>\n<li>Remise du label \u00ab Commune de montagne \u2013 La jeunesse, notre avenir \u00bb.<\/li>\n<li>Publication d\u2019articles dans la presse, en collaboration avec le service d\u2019information du SAB.<\/li>\n<li>R\u00e9daction d\u2019\u00e9tudes li\u00e9es \u00e0 la question des jeunes en r\u00e9gion de montagne.<\/li>\n<li>Exploitation du site Internet comprenant des informations relatives au forum des jeunes du SAB (notamment le recensement de \u00ab bonnes pratiques \u00bb, d\u2019adresses \u00e9lectroniques, de nouvelles concernant les jeunes).<\/li>\n<li>Collaboration avec des organisations suisses et internationales poursuivant le m\u00eame but.<\/li>\n<li>Selon les besoins, cr\u00e9ation de groupes de travail r\u00e9gionaux, ainsi que des rencontres r\u00e9gionales.<\/li>\n<\/ul>\n<h3>Le comit\u00e9 du Forum des Jeunes<\/h3>\n<p>Le comit\u00e9 contr\u00f4le le respect des crit\u00e8res par les villages labellis\u00e9s et pr\u00e9pare le Forum des Jeunes et les documents y aff\u00e9rents en collaboration avec le secr\u00e9tariat. Il peut \u00e9galement effectuer des t\u00e2ches\u00a0de repr\u00e9sentation\u00a0(par exemple, les relations avec les m\u00e9dias) ou mettre sur pied des groupes de travail. Pour plus de d\u00e9tails, voir les <a href=\"https:\/\/www.jugend-im-berggebiet.ch\/wp-content\/uploads\/2025\/01\/Directives.pdf\">Directives du Forum des Jeunes<\/a>.<\/p>\n<p><strong>Membres du comit\u00e9<\/strong><\/p>\n<ul>\n<li>C\u00e9line Pralong (Evol\u00e8ne VS) (pr\u00e9sidente)<\/li>\n<li>Andrea Canina (Andermatt UR)<\/li>\n<li>Nicola Costa (Poschiavo GR)<\/li>\n<li>Fabio Joos (Safiental GR)<\/li>\n<li>Leonie Reich (Fl\u00fchli-S\u00f6renberg LU)<\/li>\n<li>Sina Scherling (Guttannen BE)<\/li>\n<li>Valentin Witschard (Stalden VS)<\/li>\n<li>Axel Giottonini (invit\u00e9 permanent)<\/li>\n<\/ul>\n","protected":false},"excerpt":{"rendered":"<p>Le Forum des jeunes du SAB est form\u00e9 de jeunes issus des communes ayant obtenu le label \u00ab Commune de montagne \u2013 La jeunesse, notre avenir \u00bb (deux par commune). En tant que plateforme ind\u00e9pendante, cet organe collabore avec le SAB, organisation repr\u00e9sentant les int\u00e9r\u00eats des r\u00e9gions de montagne et des espaces ruraux au niveau [&hellip;]<\/p>\n","protected":false},"author":5,"featured_media":0,"parent":0,"menu_order":0,"comment_status":"closed","ping_status":"closed","template":"template-fullwidth.php","meta":{"footnotes":""},"class_list":["post-430","page","type-page","status-publish","hentry"],"_links":{"self":[{"href":"https:\/\/www.jugend-im-berggebiet.ch\/fr\/wp-json\/wp\/v2\/pages\/430","targetHints":{"allow":["GET"]}}],"collection":[{"href":"https:\/\/www.jugend-im-berggebiet.ch\/fr\/wp-json\/wp\/v2\/pages"}],"about":[{"href":"https:\/\/www.jugend-im-berggebiet.ch\/fr\/wp-json\/wp\/v2\/types\/page"}],"author":[{"embeddable":true,"href":"https:\/\/www.jugend-im-berggebiet.ch\/fr\/wp-json\/wp\/v2\/users\/5"}],"replies":[{"embeddable":true,"href":"https:\/\/www.jugend-im-berggebiet.ch\/fr\/wp-json\/wp\/v2\/comments?post=430"}],"version-history":[{"count":12,"href":"https:\/\/www.jugend-im-berggebiet.ch\/fr\/wp-json\/wp\/v2\/pages\/430\/revisions"}],"predecessor-version":[{"id":8987,"href":"https:\/\/www.jugend-im-berggebiet.ch\/fr\/wp-json\/wp\/v2\/pages\/430\/revisions\/8987"}],"wp:attachment":[{"href":"https:\/\/www.jugend-im-berggebiet.ch\/fr\/wp-json\/wp\/v2\/media?parent=430"}],"curies":[{"name":"wp","href":"https:\/\/api.w.org\/{rel}","templated":true}]}}