{"id":434,"date":"2015-09-02T11:01:28","date_gmt":"2015-09-02T09:01:28","guid":{"rendered":"http:\/\/www.jugend-im-berggebiet.ch\/?page_id=434"},"modified":"2025-04-11T14:18:50","modified_gmt":"2025-04-11T12:18:50","slug":"le-label","status":"publish","type":"page","link":"https:\/\/www.jugend-im-berggebiet.ch\/fr\/le-label\/","title":{"rendered":"Le label"},"content":{"rendered":"<p>Les communes ayant obtenu le label \u00ab Commune de montagne \u2013 La jeunesse, notre avenir \u00bb, veulent donner un avenir \u00e0 leurs jeunes. Elles soutiennent ainsi leur d\u00e9veloppement et agissent contre l\u2019exode rural. Notre label est issu du projet \u00ab Les jeunes des r\u00e9gions de montagne \u00bb. Des informations compl\u00e9mentaires sur cette \u00e9tude sont disponibles dans <strong><a href=\"https:\/\/www.jugend-im-berggebiet.ch\/wp-content\/uploads\/2015\/09\/Bericht_Gesamtprojekt_JidBG.pdf\" target=\"_blank\" rel=\"noopener noreferrer\">le rapport du projet<\/a><\/strong> (uniquement en allemand).<\/p>\n<p>Vous voulez vous engager pour la jeunesse de votre r\u00e9gion ? Vous trouverez plus d&rsquo;informations pour votre candidature <strong><a href=\"https:\/\/www.jugend-im-berggebiet.ch\/jugendfreundliche-bergdoerfer-2__trashed\/bewerbung\/?lang=fr\" target=\"_blank\" rel=\"noopener noreferrer\">ici<\/a><\/strong>.<\/p>\n<p>&nbsp;<\/p>\n<h3><strong>Le but de ce label<\/strong><\/h3>\n<ul>\n<li><strong>Am\u00e9liorer les perspectives des jeunes de mani\u00e8re durable<br \/>\n<\/strong>Les besoins des jeunes font partie int\u00e9grante des questions de d\u00e9veloppement des communes.<\/li>\n<\/ul>\n<ul>\n<li><strong>Impliquer les jeunes<br \/>\n<\/strong>Le forum des jeunes du SAB donne \u00e0 ces derniers la possibilit\u00e9 de participer activement au d\u00e9veloppement des r\u00e9gions de montagne. Ensemble, ils d\u00e9veloppent des projets et partagent leurs exp\u00e9riences.<\/li>\n<\/ul>\n<ul>\n<li><strong>Contrer l\u2019\u00e9migration des jeunes<br \/>\n<\/strong>La participation des jeunes favorise leur d\u00e9veloppement au sein des r\u00e9gions de montagne et rend ces derni\u00e8res plus attractives, notamment aupr\u00e8s des nouveaux arrivants et des familles.<\/li>\n<\/ul>\n<h3>&nbsp;<\/h3>\n<h3><strong>L\u2019int\u00e9r\u00eat d\u2019obtenir le label<\/strong><\/h3>\n<ul>\n<li><strong>Une reconnaissance pour l\u2019engagement envers les jeunes<br \/>\n<\/strong>Le label donne la possibilit\u00e9 aux communes de d\u00e9montrer leur engagement envers les jeunes.<\/li>\n<\/ul>\n<ul>\n<li><strong>Une image positive pour la commune<br \/>\n<\/strong>L\u2019attractivit\u00e9 des communes est am\u00e9lior\u00e9e, en particulier pour les nouveaux arrivants et pour les familles.<\/li>\n<\/ul>\n<ul>\n<li><strong>Un signe de reconnaissance envers les responsables de la jeunesse<br \/>\n<\/strong>Le label permet de soutenir les responsables pour leur engagement en faveur des jeunes.<\/li>\n<\/ul>\n<p>&nbsp;<\/p>\n<p>Des informations d\u00e9taill\u00e9es sur le label sont disponibles dans la brochure <a href=\"https:\/\/www.jugend-im-berggebiet.ch\/wp-content\/uploads\/2015\/09\/F_Petites-explications_Label_Commune-de-montagne-La-jeunesse-notre-avenir.pdf\" target=\"_blank\" rel=\"noopener\"><strong>br\u00e8ve pr\u00e9sentation du label<\/strong><\/a> ou dans le <strong><a href=\"https:\/\/www.jugend-im-berggebiet.ch\/wp-content\/uploads\/2025\/04\/Flyer_Francais.pdf\">flyer du label<\/a><\/strong>.<\/p>\n<h3 style=\"text-align: right;\">&nbsp;<\/h3>\n<h3 style=\"text-align: right;\">&nbsp;<\/h3>\n<h4>Dessins r\u00e9alis\u00e9s par des \u00e9l\u00e8ves d\u2019\u00e9coles primaires, dans le cadre du projet \u00ab&nbsp;Jeunes des r\u00e9gions de montagne&nbsp;\u00bb. C\u2019est ainsi que les enfants per\u00e7oivent les r\u00e9gions de montagne.<\/h4>\n<p style=\"padding-left: 30px;\"><a href=\"https:\/\/www.jugend-im-berggebiet.ch\/wp-content\/uploads\/2015\/08\/kinderzeichnung_lumnezia_mein_dorf.jpg\"><img loading=\"lazy\" decoding=\"async\" class=\"size-medium wp-image-37 alignnone\" src=\"https:\/\/www.jugend-im-berggebiet.ch\/wp-content\/uploads\/2015\/08\/kinderzeichnung_lumnezia_mein_dorf-300x212.jpg\" alt=\"Kinderzeichnung Val Lumnezia mein Dorf\" width=\"300\" height=\"212\"><\/a><a href=\"https:\/\/www.jugend-im-berggebiet.ch\/wp-content\/uploads\/2015\/08\/kinderzeichnung_lumnezia_so_sieht_mein_dorf_aus.jpg\"><img loading=\"lazy\" decoding=\"async\" class=\"wp-image-39 alignnone\" src=\"https:\/\/www.jugend-im-berggebiet.ch\/wp-content\/uploads\/2015\/08\/kinderzeichnung_lumnezia_so_sieht_mein_dorf_aus-300x212.jpg\" alt=\"kinderzeichnung_lumnezia_so_sieht_mein_dorf_aus\" width=\"300\" height=\"212\" srcset=\"https:\/\/www.jugend-im-berggebiet.ch\/wp-content\/uploads\/2015\/08\/kinderzeichnung_lumnezia_so_sieht_mein_dorf_aus-300x212.jpg 300w, https:\/\/www.jugend-im-berggebiet.ch\/wp-content\/uploads\/2015\/08\/kinderzeichnung_lumnezia_so_sieht_mein_dorf_aus-1024x725.jpg 1024w, https:\/\/www.jugend-im-berggebiet.ch\/wp-content\/uploads\/2015\/08\/kinderzeichnung_lumnezia_so_sieht_mein_dorf_aus.jpg 1385w\" sizes=\"auto, (max-width: 300px) 100vw, 300px\" \/><\/a><a href=\"https:\/\/www.jugend-im-berggebiet.ch\/wp-content\/uploads\/2015\/08\/SaasFee_2015_02_00008.jpg\"><img loading=\"lazy\" decoding=\"async\" class=\"size-medium wp-image-194 alignnone\" src=\"https:\/\/www.jugend-im-berggebiet.ch\/wp-content\/uploads\/2015\/08\/SaasFee_2015_02_00008-300x212.jpg\" alt=\"SaasFee_2015_02_00008\" width=\"300\" height=\"212\" srcset=\"https:\/\/www.jugend-im-berggebiet.ch\/wp-content\/uploads\/2015\/08\/SaasFee_2015_02_00008-300x212.jpg 300w, https:\/\/www.jugend-im-berggebiet.ch\/wp-content\/uploads\/2015\/08\/SaasFee_2015_02_00008-1024x724.jpg 1024w\" sizes=\"auto, (max-width: 300px) 100vw, 300px\" \/><\/a><\/p>\n<p style=\"padding-left: 30px;\"><a href=\"https:\/\/www.jugend-im-berggebiet.ch\/wp-content\/uploads\/2015\/08\/Lumnezia01_2015_02_00006.jpg\"><img loading=\"lazy\" decoding=\"async\" class=\"wp-image-193 alignnone\" src=\"https:\/\/www.jugend-im-berggebiet.ch\/wp-content\/uploads\/2015\/08\/Lumnezia01_2015_02_00006-300x212.jpg\" alt=\"Lumnezia01_2015_02_00006\" width=\"294\" height=\"208\" srcset=\"https:\/\/www.jugend-im-berggebiet.ch\/wp-content\/uploads\/2015\/08\/Lumnezia01_2015_02_00006-300x212.jpg 300w, https:\/\/www.jugend-im-berggebiet.ch\/wp-content\/uploads\/2015\/08\/Lumnezia01_2015_02_00006-1024x724.jpg 1024w\" sizes=\"auto, (max-width: 294px) 100vw, 294px\" \/><\/a><a href=\"https:\/\/www.jugend-im-berggebiet.ch\/wp-content\/uploads\/2015\/08\/Lumnezia01_2015_04_00003.jpg\"><img loading=\"lazy\" decoding=\"async\" class=\"size-medium wp-image-197 alignnone\" src=\"https:\/\/www.jugend-im-berggebiet.ch\/wp-content\/uploads\/2015\/08\/Lumnezia01_2015_04_00003-300x212.jpg\" alt=\"Lumnezia01_2015_04_00003\" width=\"300\" height=\"212\" srcset=\"https:\/\/www.jugend-im-berggebiet.ch\/wp-content\/uploads\/2015\/08\/Lumnezia01_2015_04_00003-300x212.jpg 300w, https:\/\/www.jugend-im-berggebiet.ch\/wp-content\/uploads\/2015\/08\/Lumnezia01_2015_04_00003-1024x724.jpg 1024w\" sizes=\"auto, (max-width: 300px) 100vw, 300px\" \/><\/a><a href=\"https:\/\/www.jugend-im-berggebiet.ch\/wp-content\/uploads\/2015\/08\/Safiental01_2015_04_00005.jpg\"><img loading=\"lazy\" decoding=\"async\" class=\"alignnone wp-image-198\" src=\"https:\/\/www.jugend-im-berggebiet.ch\/wp-content\/uploads\/2015\/08\/Safiental01_2015_04_00005-300x212.jpg\" alt=\"Safiental01_2015_04_00005\" width=\"305\" height=\"216\" srcset=\"https:\/\/www.jugend-im-berggebiet.ch\/wp-content\/uploads\/2015\/08\/Safiental01_2015_04_00005-300x212.jpg 300w, https:\/\/www.jugend-im-berggebiet.ch\/wp-content\/uploads\/2015\/08\/Safiental01_2015_04_00005-1024x724.jpg 1024w\" sizes=\"auto, (max-width: 305px) 100vw, 305px\" \/><\/a><\/p>\n<p>&nbsp;<\/p>\n<p>&nbsp;<\/p>\n<h4>&nbsp;Film d\u2019 Euromontana \u00ab Youth in Mountains \u00bb<\/h4>\n<p><iframe loading=\"lazy\" title=\"Youth in Mountains\" width=\"500\" height=\"375\" src=\"https:\/\/www.youtube.com\/embed\/P0q-dwL8h_E?feature=oembed\" frameborder=\"0\" allow=\"accelerometer; autoplay; clipboard-write; encrypted-media; gyroscope; picture-in-picture; web-share\" referrerpolicy=\"strict-origin-when-cross-origin\" allowfullscreen><\/iframe><\/p>\n<p>&nbsp;<\/p>\n<h3>&nbsp;<\/h3>\n<p>&nbsp;<\/p>\n<h3>&nbsp;<\/h3>\n<p>&nbsp;<\/p>\n","protected":false},"excerpt":{"rendered":"<p>Les communes ayant obtenu le label \u00ab Commune de montagne \u2013 La jeunesse, notre avenir \u00bb, veulent donner un avenir \u00e0 leurs jeunes. Elles soutiennent ainsi leur d\u00e9veloppement et agissent contre l\u2019exode rural. Notre label est issu du projet \u00ab Les jeunes des r\u00e9gions de montagne \u00bb. Des informations compl\u00e9mentaires sur cette \u00e9tude sont disponibles [&hellip;]<\/p>\n","protected":false},"author":5,"featured_media":0,"parent":0,"menu_order":0,"comment_status":"closed","ping_status":"closed","template":"template-fullwidth.php","meta":{"footnotes":""},"class_list":["post-434","page","type-page","status-publish","hentry"],"_links":{"self":[{"href":"https:\/\/www.jugend-im-berggebiet.ch\/fr\/wp-json\/wp\/v2\/pages\/434","targetHints":{"allow":["GET"]}}],"collection":[{"href":"https:\/\/www.jugend-im-berggebiet.ch\/fr\/wp-json\/wp\/v2\/pages"}],"about":[{"href":"https:\/\/www.jugend-im-berggebiet.ch\/fr\/wp-json\/wp\/v2\/types\/page"}],"author":[{"embeddable":true,"href":"https:\/\/www.jugend-im-berggebiet.ch\/fr\/wp-json\/wp\/v2\/users\/5"}],"replies":[{"embeddable":true,"href":"https:\/\/www.jugend-im-berggebiet.ch\/fr\/wp-json\/wp\/v2\/comments?post=434"}],"version-history":[{"count":5,"href":"https:\/\/www.jugend-im-berggebiet.ch\/fr\/wp-json\/wp\/v2\/pages\/434\/revisions"}],"predecessor-version":[{"id":4165,"href":"https:\/\/www.jugend-im-berggebiet.ch\/fr\/wp-json\/wp\/v2\/pages\/434\/revisions\/4165"}],"wp:attachment":[{"href":"https:\/\/www.jugend-im-berggebiet.ch\/fr\/wp-json\/wp\/v2\/media?parent=434"}],"curies":[{"name":"wp","href":"https:\/\/api.w.org\/{rel}","templated":true}]}}