{"id":447,"date":"2015-09-02T11:23:16","date_gmt":"2015-09-02T09:23:16","guid":{"rendered":"http:\/\/www.jugend-im-berggebiet.ch\/?page_id=447"},"modified":"2025-04-11T14:13:55","modified_gmt":"2025-04-11T12:13:55","slug":"bewerbung","status":"publish","type":"page","link":"https:\/\/www.jugend-im-berggebiet.ch\/fr\/jugendfreundliche-bergdoerfer-2__trashed\/bewerbung\/","title":{"rendered":"Candidature"},"content":{"rendered":"<p>En vue de l\u2019obtention du label <strong>\u00ab <\/strong>Commune de montagne &#8211; La jeunesse, notre avenir <strong>\u00bb,<\/strong> les communes int\u00e9ress\u00e9es peuvent s\u2019annoncer d\u00e8s le mois de septembre. Les informations relatives \u00e0 votre candidature peuvent \u00eatre transmises jusqu&rsquo;\u00e0 la fin de la premi\u00e8re semaine de d\u00e9cembre de chaque ann\u00e9e. Pass\u00e9 ce d\u00e9lai, la commune devra attendre la p\u00e9riode d&rsquo;inscription suivante. Afin d&rsquo;obtenir notre label, les communes doivent remplir certains crit\u00e8res contenus dans le catalogue des exigences. Pour nous soumettre votre candidature, veuillez t\u00e9l\u00e9charger <a href=\"https:\/\/www.jugend-im-berggebiet.ch\/wp-content\/uploads\/2025\/01\/Catalogue-des-exigences.docx\" target=\"_blank\" rel=\"noopener\"><strong>le catalogue des exigences<\/strong><\/a>, le remplir et nous le retourner \u00e0 l\u2019adresse suivante : <strong><a href=\"mailto:info@sab.ch\">info@sab.ch<\/a>.<\/strong><\/p>\n<p>Concernant le catalogue des exigences, nous vous recommandons d&rsquo;impliquer les jeunes. Notre exp\u00e9rience nous a d\u00e9montr\u00e9 que cela apportait une dynamique suppl\u00e9mentaire et constructive, surtout au d\u00e9but du processus.<\/p>\n<p>La brochure <a href=\"https:\/\/www.jugend-im-berggebiet.ch\/wp-content\/uploads\/2015\/09\/F_Petites-explications_Label_Commune-de-montagne-La-jeunesse-notre-avenir.pdf\" target=\"_blank\" rel=\"noopener noreferrer\"><strong>Label \u00ab\u00a0Commune de montagne &#8211; La jeunesse, notre avenir\u00a0\u00bb, petites explications<\/strong><\/a> donne les informations utiles sur le label, notamment par rapport aux exigences demand\u00e9es, ou encore la proc\u00e9dure \u00e0 suivre. Un r\u00e9sum\u00e9 est disponible <strong><a href=\"https:\/\/www.jugend-im-berggebiet.ch\/wp-content\/uploads\/2025\/04\/Flyer_Francais.pdf\">ici<\/a><\/strong>.<\/p>\n<p>&nbsp;<\/p>\n<h3><strong>Remise du label<\/strong><\/h3>\n<p>Chaque ann\u00e9e, le SAB examine les candidatures au mois de janvier. Ensuite, elles sont transmises au Forum des Jeunes du SAB qui se prononce en printemps, en vue de la remise du label. L\u2019attribution officielle du label a lieu dans le cadre de l\u2019Assembl\u00e9e g\u00e9n\u00e9rale du SAB, au mois d&rsquo;ao\u00fbt.<\/p>\n<p>&nbsp;<\/p>\n<h3><strong>Offre d\u2019accompagnement<\/strong><\/h3>\n<p>Le SAB propose aux communes candidates de les accompagner dans leur d\u00e9marche. Le SAB peut par exemple analyser la situation des communes candidates et indiquer si elles r\u00e9pondent aux exigences requises.<\/p>\n<p>Des informations compl\u00e9mentaires peuvent \u00eatre obtenues par t\u00e9l\u00e9phone 031 382 10 10 ou par e-mail : <strong><a href=\"mailto:info@sab.ch\">info@sab.ch<\/a><\/strong>.<\/p>\n","protected":false},"excerpt":{"rendered":"<p>En vue de l\u2019obtention du label \u00ab Commune de montagne &#8211; La jeunesse, notre avenir \u00bb, les communes int\u00e9ress\u00e9es peuvent s\u2019annoncer d\u00e8s le mois de septembre. Les informations relatives \u00e0 votre candidature peuvent \u00eatre transmises jusqu&rsquo;\u00e0 la fin de la premi\u00e8re semaine de d\u00e9cembre de chaque ann\u00e9e. Pass\u00e9 ce d\u00e9lai, la commune devra attendre la [&hellip;]<\/p>\n","protected":false},"author":5,"featured_media":0,"parent":84,"menu_order":4,"comment_status":"closed","ping_status":"closed","template":"","meta":{"footnotes":""},"class_list":["post-447","page","type-page","status-publish","hentry"],"_links":{"self":[{"href":"https:\/\/www.jugend-im-berggebiet.ch\/fr\/wp-json\/wp\/v2\/pages\/447","targetHints":{"allow":["GET"]}}],"collection":[{"href":"https:\/\/www.jugend-im-berggebiet.ch\/fr\/wp-json\/wp\/v2\/pages"}],"about":[{"href":"https:\/\/www.jugend-im-berggebiet.ch\/fr\/wp-json\/wp\/v2\/types\/page"}],"author":[{"embeddable":true,"href":"https:\/\/www.jugend-im-berggebiet.ch\/fr\/wp-json\/wp\/v2\/users\/5"}],"replies":[{"embeddable":true,"href":"https:\/\/www.jugend-im-berggebiet.ch\/fr\/wp-json\/wp\/v2\/comments?post=447"}],"version-history":[{"count":5,"href":"https:\/\/www.jugend-im-berggebiet.ch\/fr\/wp-json\/wp\/v2\/pages\/447\/revisions"}],"predecessor-version":[{"id":4159,"href":"https:\/\/www.jugend-im-berggebiet.ch\/fr\/wp-json\/wp\/v2\/pages\/447\/revisions\/4159"}],"up":[{"embeddable":true,"href":"https:\/\/www.jugend-im-berggebiet.ch\/fr\/wp-json\/wp\/v2\/pages\/84"}],"wp:attachment":[{"href":"https:\/\/www.jugend-im-berggebiet.ch\/fr\/wp-json\/wp\/v2\/media?parent=447"}],"curies":[{"name":"wp","href":"https:\/\/api.w.org\/{rel}","templated":true}]}}