{"id":451,"date":"2015-09-02T11:27:41","date_gmt":"2015-09-02T09:27:41","guid":{"rendered":"http:\/\/www.jugend-im-berggebiet.ch\/?page_id=451"},"modified":"2026-03-27T16:03:33","modified_gmt":"2026-03-27T15:03:33","slug":"gampel-bratsch-vs","status":"publish","type":"page","link":"https:\/\/www.jugend-im-berggebiet.ch\/fr\/un-label-pour-les-communes__trashed\/gampel-bratsch-vs\/","title":{"rendered":"Gampel-Bratsch (VS)"},"content":{"rendered":"\n<h2 class=\"wp-block-heading\">Principales caract\u00e9ristiques<\/h2>\n\n\n\n<div class=\"wp-block-columns is-layout-flex wp-container-core-columns-is-layout-9d6595d7 wp-block-columns-is-layout-flex\">\n<div class=\"wp-block-column is-layout-flow wp-block-column-is-layout-flow\" style=\"flex-basis:66.66%\">\n<ul class=\"wp-block-list\">\n<li>Canton : Valais<\/li>\n\n\n\n<li>R\u00e9gion : Haut-Valais<\/li>\n\n\n\n<li>Habitants : 2\u2019134 (fin 2022)<\/li>\n\n\n\n<li>Langue officielle : Allemand<\/li>\n\n\n\n<li>Superficie en km<sup>2<\/sup> : 23.1<\/li>\n\n\n\n<li>Point le plus haut : 2\u2019769 m d\u2019altitude (Nivengrad)<\/li>\n\n\n\n<li>Point le plus bas : 634 m d\u2019altitude<\/li>\n\n\n\n<li>Communes fusionn\u00e9es : Gampel et Bratsch (fusion en 2009)<\/li>\n\n\n\n<li>Site web : <a href=\"http:\/\/www.gampel-bratsch.ch\" target=\"_blank\" rel=\"noreferrer noopener\">www.gampel-bratsch.ch<\/a><\/li>\n\n\n\n<li>Obtention du label&nbsp;: 2015<\/li>\n<\/ul>\n\n\n\n<hr class=\"wp-block-separator has-css-opacity aligncenter is-style-dots\"\/>\n\n\n\n<h2 class=\"wp-block-heading\">R\u00e9ussites<\/h2>\n\n\n\n<p><strong>Garde d\u2019enfants<\/strong>\u00a0: la commune g\u00e8re une cr\u00e8che et une structure d\u2019accueil de jour en collaboration avec la commune voisine de Steg-Hohtenn. Les \u00e9l\u00e8ves qui fr\u00e9quentent une \u00e9cole \u00e0 journ\u00e9e continue auront d\u00e9sormais la possibilit\u00e9 d\u2019un accueil pendant la pause de midi au restaurant du village.<\/p>\n\n\n\n<p><strong>Logements pour colocations<\/strong>&nbsp;: la r\u00e9affectation des b\u00e2timents existants est sp\u00e9cialement adapt\u00e9e aux besoins des jeunes gr\u00e2ce \u00e0 la cr\u00e9ation de colocations. Une plateforme a \u00e9galement \u00e9t\u00e9 cr\u00e9\u00e9e sur le site web de la commune afin d\u2019informer sur les offres de location actuelles dans la commune.<\/p>\n\n\n\n<p><strong>Situation de l\u2019emploi<\/strong>&nbsp;: indication des places d\u2019apprentissage ou de stage disponibles sur le site web de la commune aupr\u00e8s d\u2019entreprises du village ou de la r\u00e9gion.<\/p>\n\n\n\n<hr class=\"wp-block-separator has-text-color has-black-color has-css-opacity has-black-background-color has-background aligncenter is-style-dots\"\/>\n\n\n\n<h2 class=\"wp-block-heading\">Projets en cours<\/h2>\n\n\n\n<p><strong>Syst\u00e8me scolaire<\/strong>&nbsp;: La r\u00e9novation de l\u2019\u00e9cole primaire \u00e0 Gampel. Le d\u00e9but des travaux \u00e9tait pr\u00e9vu pour juin 2024. L\u2019objectif, qui \u00e9tait de terminer la r\u00e9novation de l\u2019\u00e9cole en ao\u00fbt 2025, a pu \u00eatre atteint.<\/p>\n\n\n\n<hr class=\"wp-block-separator has-text-color has-black-color has-css-opacity has-black-background-color has-background aligncenter is-style-dots\"\/>\n\n\n\n<h2 class=\"wp-block-heading\">Difficult\u00e9s<\/h2>\n\n\n\n<p>La forte croissance d\u00e9mographique de ces derni\u00e8res ann\u00e9es. La cr\u00e9ation de logements locatifs attractifs et les investissements r\u00e9guliers dans les infrastructures communales constituent un d\u00e9fi pour suivre le rythme de la croissance.<\/p>\n\n\n\n<hr class=\"wp-block-separator has-text-color has-black-color has-css-opacity has-black-background-color has-background aligncenter is-style-dots\"\/>\n<\/div>\n\n\n\n<div class=\"wp-block-column is-layout-flow wp-block-column-is-layout-flow\" style=\"flex-basis:33.33%\">\n<figure class=\"wp-block-image size-large\"><a href=\"https:\/\/www.jugend-im-berggebiet.ch\/wp-content\/uploads\/2025\/07\/Gampel-Bratsch-1.png\"><img loading=\"lazy\" decoding=\"async\" width=\"1024\" height=\"697\" src=\"https:\/\/www.jugend-im-berggebiet.ch\/wp-content\/uploads\/2025\/07\/Gampel-Bratsch-1-1024x697.png\" alt=\"\" class=\"wp-image-4362\" srcset=\"https:\/\/www.jugend-im-berggebiet.ch\/wp-content\/uploads\/2025\/07\/Gampel-Bratsch-1-1024x697.png 1024w, https:\/\/www.jugend-im-berggebiet.ch\/wp-content\/uploads\/2025\/07\/Gampel-Bratsch-1-300x204.png 300w, https:\/\/www.jugend-im-berggebiet.ch\/wp-content\/uploads\/2025\/07\/Gampel-Bratsch-1-768x523.png 768w, https:\/\/www.jugend-im-berggebiet.ch\/wp-content\/uploads\/2025\/07\/Gampel-Bratsch-1.png 1424w\" sizes=\"auto, (max-width: 1024px) 100vw, 1024px\" \/><\/a><\/figure>\n<\/div>\n<\/div>\n\n\n\n<h2 class=\"wp-block-heading\">Images<\/h2>\n\n\n\n<figure class=\"wp-block-gallery has-nested-images columns-2 is-cropped wp-block-gallery-1 is-layout-flex wp-block-gallery-is-layout-flex\">\n<figure class=\"wp-block-image size-large\"><a href=\"https:\/\/www.jugend-im-berggebiet.ch\/wp-content\/uploads\/2025\/07\/Gampel-Bratsch-Kapellenfest-Engersch-1-scaled.jpg\"><img loading=\"lazy\" decoding=\"async\" width=\"1024\" height=\"683\" data-id=\"4369\" src=\"https:\/\/www.jugend-im-berggebiet.ch\/wp-content\/uploads\/2025\/07\/Gampel-Bratsch-Kapellenfest-Engersch-1-1024x683.jpg\" alt=\"\" class=\"wp-image-4369\" srcset=\"https:\/\/www.jugend-im-berggebiet.ch\/wp-content\/uploads\/2025\/07\/Gampel-Bratsch-Kapellenfest-Engersch-1-1024x683.jpg 1024w, https:\/\/www.jugend-im-berggebiet.ch\/wp-content\/uploads\/2025\/07\/Gampel-Bratsch-Kapellenfest-Engersch-1-300x200.jpg 300w, https:\/\/www.jugend-im-berggebiet.ch\/wp-content\/uploads\/2025\/07\/Gampel-Bratsch-Kapellenfest-Engersch-1-768x512.jpg 768w, https:\/\/www.jugend-im-berggebiet.ch\/wp-content\/uploads\/2025\/07\/Gampel-Bratsch-Kapellenfest-Engersch-1-1536x1024.jpg 1536w, https:\/\/www.jugend-im-berggebiet.ch\/wp-content\/uploads\/2025\/07\/Gampel-Bratsch-Kapellenfest-Engersch-1-2048x1365.jpg 2048w\" sizes=\"auto, (max-width: 1024px) 100vw, 1024px\" \/><\/a><figcaption class=\"wp-element-caption\">La f\u00eate de la chapelle \u00e0 Engersch<\/figcaption><\/figure>\n\n\n\n<figure class=\"wp-block-image size-large\"><a href=\"https:\/\/www.jugend-im-berggebiet.ch\/wp-content\/uploads\/2025\/07\/Gampel-Bratsch-Vergabe-Walk-of-Stars-1.jpg\"><img loading=\"lazy\" decoding=\"async\" width=\"1024\" height=\"818\" data-id=\"4368\" src=\"https:\/\/www.jugend-im-berggebiet.ch\/wp-content\/uploads\/2025\/07\/Gampel-Bratsch-Vergabe-Walk-of-Stars-1-1024x818.jpg\" alt=\"\" class=\"wp-image-4368\" srcset=\"https:\/\/www.jugend-im-berggebiet.ch\/wp-content\/uploads\/2025\/07\/Gampel-Bratsch-Vergabe-Walk-of-Stars-1-1024x818.jpg 1024w, https:\/\/www.jugend-im-berggebiet.ch\/wp-content\/uploads\/2025\/07\/Gampel-Bratsch-Vergabe-Walk-of-Stars-1-300x240.jpg 300w, https:\/\/www.jugend-im-berggebiet.ch\/wp-content\/uploads\/2025\/07\/Gampel-Bratsch-Vergabe-Walk-of-Stars-1-768x614.jpg 768w, https:\/\/www.jugend-im-berggebiet.ch\/wp-content\/uploads\/2025\/07\/Gampel-Bratsch-Vergabe-Walk-of-Stars-1-1536x1228.jpg 1536w, https:\/\/www.jugend-im-berggebiet.ch\/wp-content\/uploads\/2025\/07\/Gampel-Bratsch-Vergabe-Walk-of-Stars-1.jpg 1754w\" sizes=\"auto, (max-width: 1024px) 100vw, 1024px\" \/><\/a><figcaption class=\"wp-element-caption\">\u00ab Walk of Stars&nbsp;\u00bb : le groupe Hecht re\u00e7oit une \u00e9toile dans le cadre de l\u2019Open Air Gampel.<\/figcaption><\/figure>\n\n\n\n<figure class=\"wp-block-image size-large\"><a href=\"https:\/\/www.jugend-im-berggebiet.ch\/wp-content\/uploads\/2025\/07\/Gampel-Bratsch-Jeizinen-Winter-1-scaled.jpg\"><img loading=\"lazy\" decoding=\"async\" width=\"1024\" height=\"576\" data-id=\"4370\" src=\"https:\/\/www.jugend-im-berggebiet.ch\/wp-content\/uploads\/2025\/07\/Gampel-Bratsch-Jeizinen-Winter-1-1024x576.jpg\" alt=\"\" class=\"wp-image-4370\" srcset=\"https:\/\/www.jugend-im-berggebiet.ch\/wp-content\/uploads\/2025\/07\/Gampel-Bratsch-Jeizinen-Winter-1-1024x576.jpg 1024w, https:\/\/www.jugend-im-berggebiet.ch\/wp-content\/uploads\/2025\/07\/Gampel-Bratsch-Jeizinen-Winter-1-300x169.jpg 300w, https:\/\/www.jugend-im-berggebiet.ch\/wp-content\/uploads\/2025\/07\/Gampel-Bratsch-Jeizinen-Winter-1-768x432.jpg 768w, https:\/\/www.jugend-im-berggebiet.ch\/wp-content\/uploads\/2025\/07\/Gampel-Bratsch-Jeizinen-Winter-1-1536x864.jpg 1536w, https:\/\/www.jugend-im-berggebiet.ch\/wp-content\/uploads\/2025\/07\/Gampel-Bratsch-Jeizinen-Winter-1-2048x1152.jpg 2048w\" sizes=\"auto, (max-width: 1024px) 100vw, 1024px\" \/><\/a><figcaption class=\"wp-element-caption\">Le village de Jeizinen en hiver<\/figcaption><\/figure>\n\n\n\n<figure class=\"wp-block-image size-large\"><a href=\"https:\/\/www.jugend-im-berggebiet.ch\/wp-content\/uploads\/2025\/07\/Bratsch_14-scaled.jpg\"><img loading=\"lazy\" decoding=\"async\" width=\"1024\" height=\"768\" data-id=\"4367\" src=\"https:\/\/www.jugend-im-berggebiet.ch\/wp-content\/uploads\/2025\/07\/Bratsch_14-1024x768.jpg\" alt=\"\" class=\"wp-image-4367\" srcset=\"https:\/\/www.jugend-im-berggebiet.ch\/wp-content\/uploads\/2025\/07\/Bratsch_14-1024x768.jpg 1024w, https:\/\/www.jugend-im-berggebiet.ch\/wp-content\/uploads\/2025\/07\/Bratsch_14-300x225.jpg 300w, https:\/\/www.jugend-im-berggebiet.ch\/wp-content\/uploads\/2025\/07\/Bratsch_14-768x576.jpg 768w, https:\/\/www.jugend-im-berggebiet.ch\/wp-content\/uploads\/2025\/07\/Bratsch_14-1536x1152.jpg 1536w, https:\/\/www.jugend-im-berggebiet.ch\/wp-content\/uploads\/2025\/07\/Bratsch_14-2048x1536.jpg 2048w\" sizes=\"auto, (max-width: 1024px) 100vw, 1024px\" \/><\/a><figcaption class=\"wp-element-caption\">Le Forum des jeunes a eu lieu \u00e0 Bratsch en 2025.<\/figcaption><\/figure>\n<\/figure>\n\n\n\n<p><br><a href=\"https:\/\/www.jugend-im-berggebiet.ch\/wp-content\/uploads\/2025\/07\/Gampel-Bratsch-1.png\"><\/a><\/p>\n","protected":false},"excerpt":{"rendered":"<p>Principales caract\u00e9ristiques Canton : Valais R\u00e9gion : Haut-Valais Habitants : 2\u2019134 (fin 2022) Langue officielle : Allemand Superficie en km2 : 23.1 Point le plus haut : 2\u2019769 m d\u2019altitude (Nivengrad) Point le plus bas : 634 m d\u2019altitude Communes fusionn\u00e9es : Gampel et Bratsch (fusion en 2009) Site web : www.gampel-bratsch.ch Obtention du label&nbsp;: [&hellip;]<\/p>\n","protected":false},"author":5,"featured_media":0,"parent":653,"menu_order":0,"comment_status":"closed","ping_status":"closed","template":"","meta":{"footnotes":""},"class_list":["post-451","page","type-page","status-publish","hentry"],"_links":{"self":[{"href":"https:\/\/www.jugend-im-berggebiet.ch\/fr\/wp-json\/wp\/v2\/pages\/451","targetHints":{"allow":["GET"]}}],"collection":[{"href":"https:\/\/www.jugend-im-berggebiet.ch\/fr\/wp-json\/wp\/v2\/pages"}],"about":[{"href":"https:\/\/www.jugend-im-berggebiet.ch\/fr\/wp-json\/wp\/v2\/types\/page"}],"author":[{"embeddable":true,"href":"https:\/\/www.jugend-im-berggebiet.ch\/fr\/wp-json\/wp\/v2\/users\/5"}],"replies":[{"embeddable":true,"href":"https:\/\/www.jugend-im-berggebiet.ch\/fr\/wp-json\/wp\/v2\/comments?post=451"}],"version-history":[{"count":16,"href":"https:\/\/www.jugend-im-berggebiet.ch\/fr\/wp-json\/wp\/v2\/pages\/451\/revisions"}],"predecessor-version":[{"id":8974,"href":"https:\/\/www.jugend-im-berggebiet.ch\/fr\/wp-json\/wp\/v2\/pages\/451\/revisions\/8974"}],"up":[{"embeddable":true,"href":"https:\/\/www.jugend-im-berggebiet.ch\/fr\/wp-json\/wp\/v2\/pages\/653"}],"wp:attachment":[{"href":"https:\/\/www.jugend-im-berggebiet.ch\/fr\/wp-json\/wp\/v2\/media?parent=451"}],"curies":[{"name":"wp","href":"https:\/\/api.w.org\/{rel}","templated":true}]}}