{"id":453,"date":"2015-09-02T11:28:51","date_gmt":"2015-09-02T09:28:51","guid":{"rendered":"http:\/\/www.jugend-im-berggebiet.ch\/?page_id=453"},"modified":"2019-08-13T09:41:39","modified_gmt":"2019-08-13T07:41:39","slug":"safiental-gr","status":"publish","type":"page","link":"https:\/\/www.jugend-im-berggebiet.ch\/fr\/un-label-pour-les-communes__trashed\/safiental-gr\/","title":{"rendered":"Safiental (GR)"},"content":{"rendered":"<div style=\"width: 405px\" class=\"wp-caption alignright\"><img loading=\"lazy\" decoding=\"async\" src=\"https:\/\/www.jugend-im-berggebiet.ch\/wp-content\/uploads\/2018\/12\/Safiental-OpenAirzg-3.jpg\" alt=\"\" width=\"395\" height=\"264\"><p class=\"wp-caption-text\">Festival de musique \u00e0 Safiental<\/p><\/div>\n<p>La commune de Safiental doit faire face aux longues distances existant entre ses diff\u00e9rents villages. Cependant, elle est tr\u00e8s innovante, quant \u00e0 sa mani\u00e8re d&rsquo;aborder cette probl\u00e9matique. Une s\u00e9lection de mesures :<\/p>\n<ul>\n<li><strong>Journ\u00e9e de formation professionnelle<\/strong> : pr\u00e9sentation, dans le cadre de cours sur les choix professionnels, les professions et m\u00e9tiers li\u00e9s \u00e0 cette r\u00e9gion.<\/li>\n<li><strong>Espace de travail \u00ab\u00a0z\u00e4m\u00e4schaffrum\u00a0\u00bb<\/strong> : l&rsquo;offre dans le village de Versam a \u00e9t\u00e9 \u00e9largie.<\/li>\n<li><strong>OpenAir<\/strong> : l&rsquo;OpenAir Safiental, qui est organis\u00e9 par&nbsp;:<\/li>\n<li><strong>Le parlement des jeunes<\/strong> : les \u00e9l\u00e8ves du secondaire de toute la vall\u00e9e forment ensemble le Parlement des jeunes. Ils se r\u00e9unissent une fois par an avec des repr\u00e9sentants communaux.<\/li>\n<li><strong>Mise en place d&rsquo;un responsable jeunesse et recrutement d&rsquo;un animateur<\/strong> : gr\u00e2ce \u00e0 leur &nbsp;engagement, les jeunes ont r\u00e9ussi \u00e0 convaincre la commune de cr\u00e9er un poste pour la jeunesse \u00e0 20%. De plus, une commission jeunesse a \u00e9t\u00e9 form\u00e9e avec des dirigeants. La commission est responsable pour le poste en faveur de la jeunesse, y compris la dotation en personnel<\/li>\n<\/ul>\n<p><a href=\"http:\/\/www.safiental.ch\" target=\"_blank\" rel=\"noopener noreferrer\">La commune de Safiental<\/a><\/p>\n","protected":false},"excerpt":{"rendered":"<p>La commune de Safiental doit faire face aux longues distances existant entre ses diff\u00e9rents villages. Cependant, elle est tr\u00e8s innovante, quant \u00e0 sa mani\u00e8re d&rsquo;aborder cette probl\u00e9matique. Une s\u00e9lection de mesures : Journ\u00e9e de formation professionnelle : pr\u00e9sentation, dans le cadre de cours sur les choix professionnels, les professions et m\u00e9tiers li\u00e9s \u00e0 cette r\u00e9gion. [&hellip;]<\/p>\n","protected":false},"author":5,"featured_media":0,"parent":653,"menu_order":0,"comment_status":"closed","ping_status":"closed","template":"","meta":{"footnotes":""},"class_list":["post-453","page","type-page","status-publish","hentry"],"_links":{"self":[{"href":"https:\/\/www.jugend-im-berggebiet.ch\/fr\/wp-json\/wp\/v2\/pages\/453","targetHints":{"allow":["GET"]}}],"collection":[{"href":"https:\/\/www.jugend-im-berggebiet.ch\/fr\/wp-json\/wp\/v2\/pages"}],"about":[{"href":"https:\/\/www.jugend-im-berggebiet.ch\/fr\/wp-json\/wp\/v2\/types\/page"}],"author":[{"embeddable":true,"href":"https:\/\/www.jugend-im-berggebiet.ch\/fr\/wp-json\/wp\/v2\/users\/5"}],"replies":[{"embeddable":true,"href":"https:\/\/www.jugend-im-berggebiet.ch\/fr\/wp-json\/wp\/v2\/comments?post=453"}],"version-history":[{"count":5,"href":"https:\/\/www.jugend-im-berggebiet.ch\/fr\/wp-json\/wp\/v2\/pages\/453\/revisions"}],"predecessor-version":[{"id":2647,"href":"https:\/\/www.jugend-im-berggebiet.ch\/fr\/wp-json\/wp\/v2\/pages\/453\/revisions\/2647"}],"up":[{"embeddable":true,"href":"https:\/\/www.jugend-im-berggebiet.ch\/fr\/wp-json\/wp\/v2\/pages\/653"}],"wp:attachment":[{"href":"https:\/\/www.jugend-im-berggebiet.ch\/fr\/wp-json\/wp\/v2\/media?parent=453"}],"curies":[{"name":"wp","href":"https:\/\/api.w.org\/{rel}","templated":true}]}}