{"id":455,"date":"2015-09-02T11:32:45","date_gmt":"2015-09-02T09:32:45","guid":{"rendered":"http:\/\/www.jugend-im-berggebiet.ch\/?page_id=455"},"modified":"2026-03-09T14:50:59","modified_gmt":"2026-03-09T13:50:59","slug":"liens","status":"publish","type":"page","link":"https:\/\/www.jugend-im-berggebiet.ch\/fr\/liens\/","title":{"rendered":"Documents et Liens"},"content":{"rendered":"<h3>Documents de base<\/h3>\n<ul>\n<li><a href=\"https:\/\/www.jugend-im-berggebiet.ch\/wp-content\/uploads\/2025\/01\/Reglement-1.pdf\" target=\"_blank\" rel=\"noopener noreferrer\"><strong>R\u00e8glement<\/strong><\/a> pour le label \u00ab Commune de montagne \u2013 La jeunesse, notre avenir \u00bb (version actualis\u00e9e)<\/li>\n<li><strong><a href=\"https:\/\/www.jugend-im-berggebiet.ch\/wp-content\/uploads\/2025\/01\/Directives.pdf\" target=\"_blank\" rel=\"noopener noreferrer\">Directives<\/a><\/strong> du Forum des Jeunes du SAB (version actualis\u00e9e)<\/li>\n<li><a href=\"https:\/\/www.jugend-im-berggebiet.ch\/wp-content\/uploads\/2025\/01\/Rapport-devaluation.docx\" target=\"_blank\" rel=\"noopener\"><strong>Rapport d&rsquo;\u00e9valuation<\/strong><\/a> (\u00e0 remplir par la commune lors de la discussion annuelle d&rsquo;\u00e9valuation). Le rapport d&rsquo;\u00e9valuation a \u00e9t\u00e9 mis \u00e0 jour en 2025.<\/li>\n<li><a href=\"https:\/\/www.jugend-im-berggebiet.ch\/wp-content\/uploads\/2022\/11\/19_Merkblatt_Propositions_1.1_ecoles_f_.pdf\" target=\"_blank\" rel=\"noopener\"><strong>Exigences et propositions pour le crit\u00e8re 1.1 \u00ab les r\u00e9gions de montagne \u00e0 l&rsquo;\u00e9cole \u00bb<\/strong><\/a><\/li>\n<li><a href=\"https:\/\/www.jugend-im-berggebiet.ch\/wp-content\/uploads\/2025\/01\/Catalogue-des-exigences.docx\" target=\"_blank\" rel=\"noopener\"><strong>Catalogue des exigences <\/strong><\/a>(pour la candidature). Le catalogue des exigences a \u00e9t\u00e9 mis \u00e0 jour en 2025.<\/li>\n<\/ul>\n<h3>Autres documents<\/h3>\n<ul>\n<li><strong><a href=\"https:\/\/www.jugend-im-berggebiet.ch\/wp-content\/uploads\/2015\/09\/F_Petites-explications_Label_Commune-de-montagne-La-jeunesse-notre-avenir.pdf\" target=\"_blank\" rel=\"noopener noreferrer\">Explications sur le label en bref<\/a><\/strong><\/li>\n<li><a href=\"https:\/\/www.jugend-im-berggebiet.ch\/wp-content\/uploads\/2025\/04\/Flyer_Francais.pdf\"><strong>Flyer du label \u00ab Commune de montagne \u2013 La jeunesse, notre avenir \u00bb<\/strong><\/a><\/li>\n<li><strong><a href=\"https:\/\/www.jugend-im-berggebiet.ch\/wp-content\/uploads\/2022\/05\/ST251_des-recettes-a-succes-pour-repondre-aux-besoins-des-jeunes-vivant-en-montagne.pdf\">Brochure : <\/a><a href=\"https:\/\/www.jugend-im-berggebiet.ch\/wp-content\/uploads\/2015\/09\/Flyer-F.pdf\" target=\"_blank\" rel=\"noopener noreferrer\">\u00ab<\/a><a href=\"https:\/\/www.jugend-im-berggebiet.ch\/wp-content\/uploads\/2022\/05\/ST251_des-recettes-a-succes-pour-repondre-aux-besoins-des-jeunes-vivant-en-montagne.pdf\"> Des recettes \u00e0 succ\u00e8s pour r\u00e9pondre aux besoins des jeunes vivant en montagne <\/a><a href=\"https:\/\/www.jugend-im-berggebiet.ch\/wp-content\/uploads\/2015\/09\/Flyer-F.pdf\" target=\"_blank\" rel=\"noopener noreferrer\">\u00bb<\/a><\/strong><\/li>\n<li><strong><a href=\"https:\/\/www.jugend-im-berggebiet.ch\/wp-content\/uploads\/2023\/03\/Anliegen-an-die-nationale-Politik_final_F-1.pdf\">Demandes du Forum des jeunes du SAB \u00e0 la politique nationale (mars 2023)<\/a><\/strong><\/li>\n<li><a href=\"https:\/\/www.jugend-im-berggebiet.ch\/wp-content\/uploads\/2025\/01\/Guide-de-la-communication.pdf\"><strong>Guide de la communication (mars 2024)<\/strong><\/a><\/li>\n<li><a href=\"https:\/\/www.jugend-im-berggebiet.ch\/wp-content\/uploads\/2025\/01\/Principes-de-durabilite.pdf\"><strong>Prise de position : Principes de durabilit\u00e9 (mars 2024)<\/strong><\/a><\/li>\n<li><strong><a href=\"https:\/\/www.jugend-im-berggebiet.ch\/wp-content\/uploads\/2025\/03\/Guide-Offres-de-transports-publics-et-tarifs-pour-les-jeunes-dans-les-regions-de-montagne-1.pdf\">Guide sur les offres de transports publics et tarifs (mars 2025)<\/a><\/strong><\/li>\n<li><a href=\"https:\/\/www.jugend-im-berggebiet.ch\/wp-content\/uploads\/2025\/03\/Document-strategique-et-flyer-Forum-des-jeunes-1.pdf\"><strong>Document strat\u00e9gique \/ nouveau flyer du label \u00ab Commune de montage \u2013 La jeunesse notre avenir \u00bb (mars 2025)<\/strong><\/a><\/li>\n<li><a href=\"https:\/\/www.jugend-im-berggebiet.ch\/wp-content\/uploads\/2026\/03\/Publication-motivation-des-jeunes-a-assumer-des-fonctions-politiques.pdf\"><strong>Publication sur la motivation des jeunes \u00e0 assumer des fonctions politiques (mars 2026)<\/strong><\/a><\/li>\n<li><a href=\"https:\/\/www.jugend-im-berggebiet.ch\/wp-content\/uploads\/2026\/03\/Prise-de-position-lavenir-des-regions-de-montagne-1.pdf\"><strong>Prise de position : L&rsquo;avenir des r\u00e9gions de montagnes (mars 2026)<\/strong><\/a><\/li>\n<\/ul>\n<h3>Liens<\/h3>\n<ul>\n<li><a href=\"http:\/\/www.dsj.ch\/fr\/actualites\/\" target=\"_blank\" rel=\"noopener noreferrer\">F\u00e9d\u00e9ration Suisse des Parlements des Jeunes (FSPJ)<\/a><\/li>\n<li><a href=\"http:\/\/www.bsv.admin.ch\/index.html?lang=fr\" target=\"_blank\" rel=\"noopener noreferrer\">Office f\u00e9d\u00e9ral des assurances sociales (OFAS)<\/a><\/li>\n<li><a href=\"http:\/\/www.sab.ch\/fr\/home.html\" target=\"_blank\" rel=\"noopener noreferrer\">Groupement suisse pour les r\u00e9gions de montagne (SAB)<\/a><\/li>\n<li><a href=\"http:\/\/www.bergversetzer.ch\/fr\/home.html\" target=\"_blank\" rel=\"noopener noreferrer\">Volontaire montagne : ensemble nous d\u00e9pla\u00e7ons des montagne<\/a><\/li>\n<li><a href=\"http:\/\/landjugend.ch\" target=\"_blank\" rel=\"noopener noreferrer\">Schweizerische Landjugendvereinigung (SLJV)<\/a><\/li>\n<li><a href=\"http:\/\/www.agriviva.ch\/fr\/\" target=\"_blank\" rel=\"noopener noreferrer\">Agriviva<\/a><\/li>\n<\/ul>\n","protected":false},"excerpt":{"rendered":"<p>Documents de base R\u00e8glement pour le label \u00ab Commune de montagne \u2013 La jeunesse, notre avenir \u00bb (version actualis\u00e9e) Directives du Forum des Jeunes du SAB (version actualis\u00e9e) Rapport d&rsquo;\u00e9valuation (\u00e0 remplir par la commune lors de la discussion annuelle d&rsquo;\u00e9valuation). Le rapport d&rsquo;\u00e9valuation a \u00e9t\u00e9 mis \u00e0 jour en 2025. Exigences et propositions pour [&hellip;]<\/p>\n","protected":false},"author":5,"featured_media":0,"parent":0,"menu_order":0,"comment_status":"closed","ping_status":"closed","template":"template-fullwidth.php","meta":{"footnotes":""},"class_list":["post-455","page","type-page","status-publish","hentry"],"_links":{"self":[{"href":"https:\/\/www.jugend-im-berggebiet.ch\/fr\/wp-json\/wp\/v2\/pages\/455","targetHints":{"allow":["GET"]}}],"collection":[{"href":"https:\/\/www.jugend-im-berggebiet.ch\/fr\/wp-json\/wp\/v2\/pages"}],"about":[{"href":"https:\/\/www.jugend-im-berggebiet.ch\/fr\/wp-json\/wp\/v2\/types\/page"}],"author":[{"embeddable":true,"href":"https:\/\/www.jugend-im-berggebiet.ch\/fr\/wp-json\/wp\/v2\/users\/5"}],"replies":[{"embeddable":true,"href":"https:\/\/www.jugend-im-berggebiet.ch\/fr\/wp-json\/wp\/v2\/comments?post=455"}],"version-history":[{"count":6,"href":"https:\/\/www.jugend-im-berggebiet.ch\/fr\/wp-json\/wp\/v2\/pages\/455\/revisions"}],"predecessor-version":[{"id":8906,"href":"https:\/\/www.jugend-im-berggebiet.ch\/fr\/wp-json\/wp\/v2\/pages\/455\/revisions\/8906"}],"wp:attachment":[{"href":"https:\/\/www.jugend-im-berggebiet.ch\/fr\/wp-json\/wp\/v2\/media?parent=455"}],"curies":[{"name":"wp","href":"https:\/\/api.w.org\/{rel}","templated":true}]}}