{"id":457,"date":"2015-09-02T11:39:36","date_gmt":"2015-09-02T09:39:36","guid":{"rendered":"http:\/\/www.jugend-im-berggebiet.ch\/?page_id=457"},"modified":"2016-06-13T12:15:11","modified_gmt":"2016-06-13T10:15:11","slug":"medias","status":"publish","type":"page","link":"https:\/\/www.jugend-im-berggebiet.ch\/fr\/medias\/","title":{"rendered":"M\u00e9dias"},"content":{"rendered":"<p>Vous trouverez ici les rapports des m\u00e9dias au sujet des jeunes des r\u00e9gions de montagne et le label \u201eCommune de montagne \u2013 La jeunesse, notre avenir.\u00a0\u00bb<\/p>\n<hr \/>\n<h2>Rapports des m\u00e9dias<\/h2>\n<p><a href=\"http:\/\/www.rts.ch\/play\/tv\/19h30\/video\/vs-des-communes-se-mobilisent-financierement-pour-sauver-lexode-des-montagnes?id=7724723\">Reportage RTS &#8211; Des communes se mobilisent financi\u00e8rement pour sauver l\u2019exode des montagnes (t\u00e9l\u00e9journal, 15.05.2016) <\/a><\/p>\n<p><a href=\"https:\/\/www.jugend-im-berggebiet.ch\/wp-content\/uploads\/2015\/09\/Un-avenir-pour-les-jeunes-des-r\u00e9gions-de-montagne-28.08.2015.pdf\" target=\"_blank\">Communiqu\u00e9 de presse du SAB &#8211; <\/a><a href=\"https:\/\/www.jugend-im-berggebiet.ch\/wp-content\/uploads\/2015\/09\/CP1113_concoursjeunesse_13.10.2015.pdf\" target=\"_blank\">A la recherche de villages de montagne promouvant leur jeunesse (13.10.2015)<\/a><\/p>\n<p><a href=\"http:\/\/www.rtr.ch\/novitads\/grischun\/surselva\/la-lumnezia-e-ina-vischnanca-attractiva-per-giuvenils\" target=\"_blank\">Reportage RTR &#8211; La Lumnezia \u00e8 ina vischnanca attractiva per giuvenils (28. 09.2015)<\/a><\/p>\n<p><a href=\"https:\/\/www.jugend-im-berggebiet.ch\/wp-content\/uploads\/2015\/09\/Un-avenir-pour-les-jeunes-des-r\u00e9gions-de-montagne-28.08.2015.pdf\" target=\"_blank\">Communiqu\u00e9 de presse du SAB &#8211; Un avenir pour les jeunes des r\u00e9gions de montagne (28.08.2015)<\/a><\/p>\n<p><a href=\"https:\/\/www.jugend-im-berggebiet.ch\/wp-content\/uploads\/2015\/08\/Montagna_Artikel1_Juli2015.pdf\" target=\"_blank\">Article Montagna &#8211; les jeunes des r\u00e9gions de montagne (juin 2015)<\/a><\/p>\n<p><a href=\"https:\/\/www.jugend-im-berggebiet.ch\/wp-content\/uploads\/2015\/08\/Montagna_Artikel1_Juli2015.pdf\" target=\"_blank\">Article <\/a><a href=\"https:\/\/www.jugend-im-berggebiet.ch\/wp-content\/uploads\/2015\/08\/Montagna_Artikel2_Juli2015.pdf\" target=\"_blank\"> Montagna &#8211; Les jeunes : l\u2019avenir des r\u00e9gions de montagne (juin 2015)<\/a><\/p>\n<h3><\/h3>\n<p>&nbsp;<\/p>\n<h3>La journ\u00e9e d&rsquo;\u00e9tude du 28. ao\u00fbt 2015 \u00e0 Brienz<\/h3>\n<p><strong><a href=\"https:\/\/www.jugend-im-berggebiet.ch\/wp-content\/uploads\/2015\/08\/GVundFachtagung_6-e1441021280271.jpg\"><img loading=\"lazy\" decoding=\"async\" class=\"alignnone size-thumbnail wp-image-417\" src=\"https:\/\/www.jugend-im-berggebiet.ch\/wp-content\/uploads\/2015\/08\/GVundFachtagung_6-150x150.jpg\" alt=\"Vergabe des Labels an die Gemeinde Lumnezia\" width=\"150\" height=\"150\" \/><\/a> \u00a0 Foto 1: <\/strong>remise du label \u00e0 la commune de Lumnezia<\/p>\n<p><a href=\"https:\/\/www.jugend-im-berggebiet.ch\/wp-content\/uploads\/2015\/08\/GVundFachtagung_5.jpg\"><img loading=\"lazy\" decoding=\"async\" class=\"alignnone size-thumbnail wp-image-416\" src=\"https:\/\/www.jugend-im-berggebiet.ch\/wp-content\/uploads\/2015\/08\/GVundFachtagung_5-150x150.jpg\" alt=\"Vergabe des Labels an die Gemeinde Safiental\" width=\"150\" height=\"150\" \/><\/a>\u00a0\u00a0 <strong>Foto 2:<\/strong> remise du label \u00e0 la commune de Safiental<\/p>\n<p><a href=\"https:\/\/www.jugend-im-berggebiet.ch\/wp-content\/uploads\/2015\/08\/GVundFachtagung_4.jpg\"><img loading=\"lazy\" decoding=\"async\" class=\"alignnone size-thumbnail wp-image-415\" src=\"https:\/\/www.jugend-im-berggebiet.ch\/wp-content\/uploads\/2015\/08\/GVundFachtagung_4-150x150.jpg\" alt=\"Vergabe des Labels an die Gemeinde Gampel-Bratsch\" width=\"150\" height=\"150\" \/><\/a>\u00a0\u00a0 <strong>Foto 3<\/strong>: remise du label \u00e0 la commune de Gampel-Bratsch<\/p>\n<p><a href=\"https:\/\/www.jugend-im-berggebiet.ch\/wp-content\/uploads\/2015\/08\/GVundFachtagung_3.jpg\"><img loading=\"lazy\" decoding=\"async\" class=\"alignnone size-thumbnail wp-image-414\" src=\"https:\/\/www.jugend-im-berggebiet.ch\/wp-content\/uploads\/2015\/08\/GVundFachtagung_3-150x150.jpg\" alt=\"Podiumsgespr\u00e4ch an der Fachtagung\" width=\"150\" height=\"150\" \/><\/a>\u00a0\u00a0 <strong>Foto 4<\/strong>: Table ronde organis\u00e9e lors de la journ\u00e9e d\u2019\u00e9tude d\u2019ao\u00fbt 2015<\/p>\n<p><a href=\"https:\/\/www.jugend-im-berggebiet.ch\/wp-content\/uploads\/2015\/08\/GVundFachtagung_2.jpg\"><img loading=\"lazy\" decoding=\"async\" class=\"alignnone size-thumbnail wp-image-413\" src=\"https:\/\/www.jugend-im-berggebiet.ch\/wp-content\/uploads\/2015\/08\/GVundFachtagung_2-150x150.jpg\" alt=\"World Caf\u00e9 an der Fachtagung \" width=\"150\" height=\"150\" \/><\/a>\u00a0\u00a0<strong> Foto 5<\/strong>: Atelier organis\u00e9e lors de la journ\u00e9e d\u2019\u00e9tude d\u2019ao\u00fbt 2015<\/p>\n<p><a href=\"https:\/\/www.jugend-im-berggebiet.ch\/wp-content\/uploads\/2015\/08\/GVundFachtagung_1.jpg\"><img loading=\"lazy\" decoding=\"async\" class=\"alignnone size-thumbnail wp-image-412\" src=\"https:\/\/www.jugend-im-berggebiet.ch\/wp-content\/uploads\/2015\/08\/GVundFachtagung_1-150x150.jpg\" alt=\"Interview mit Jugendlichen aus Lumnezia\" width=\"150\" height=\"150\" \/><\/a>\u00a0\u00a0 <strong>Foto 6<\/strong>: Interview organis\u00e9 avec des jeunes de la commune de Lumnezia<\/p>\n<p>&nbsp;<\/p>\n<p>&nbsp;<\/p>\n","protected":false},"excerpt":{"rendered":"<p>Vous trouverez ici les rapports des m\u00e9dias au sujet des jeunes des r\u00e9gions de montagne et le label \u201eCommune de montagne \u2013 La jeunesse, notre avenir.\u00a0\u00bb Rapports des m\u00e9dias Reportage RTS &#8211; Des communes se mobilisent financi\u00e8rement pour sauver l\u2019exode des montagnes (t\u00e9l\u00e9journal, 15.05.2016) Communiqu\u00e9 de presse du SAB &#8211; A la recherche de villages [&hellip;]<\/p>\n","protected":false},"author":5,"featured_media":0,"parent":0,"menu_order":0,"comment_status":"closed","ping_status":"closed","template":"template-blog.php","meta":{"footnotes":""},"class_list":["post-457","page","type-page","status-publish","hentry"],"_links":{"self":[{"href":"https:\/\/www.jugend-im-berggebiet.ch\/fr\/wp-json\/wp\/v2\/pages\/457","targetHints":{"allow":["GET"]}}],"collection":[{"href":"https:\/\/www.jugend-im-berggebiet.ch\/fr\/wp-json\/wp\/v2\/pages"}],"about":[{"href":"https:\/\/www.jugend-im-berggebiet.ch\/fr\/wp-json\/wp\/v2\/types\/page"}],"author":[{"embeddable":true,"href":"https:\/\/www.jugend-im-berggebiet.ch\/fr\/wp-json\/wp\/v2\/users\/5"}],"replies":[{"embeddable":true,"href":"https:\/\/www.jugend-im-berggebiet.ch\/fr\/wp-json\/wp\/v2\/comments?post=457"}],"version-history":[{"count":5,"href":"https:\/\/www.jugend-im-berggebiet.ch\/fr\/wp-json\/wp\/v2\/pages\/457\/revisions"}],"predecessor-version":[{"id":1040,"href":"https:\/\/www.jugend-im-berggebiet.ch\/fr\/wp-json\/wp\/v2\/pages\/457\/revisions\/1040"}],"wp:attachment":[{"href":"https:\/\/www.jugend-im-berggebiet.ch\/fr\/wp-json\/wp\/v2\/media?parent=457"}],"curies":[{"name":"wp","href":"https:\/\/api.w.org\/{rel}","templated":true}]}}