{"id":459,"date":"2015-09-02T11:42:11","date_gmt":"2015-09-02T09:42:11","guid":{"rendered":"http:\/\/www.jugend-im-berggebiet.ch\/?page_id=459"},"modified":"2017-09-11T09:49:05","modified_gmt":"2017-09-11T07:49:05","slug":"a-notre-sujet","status":"publish","type":"page","link":"https:\/\/www.jugend-im-berggebiet.ch\/fr\/a-notre-sujet\/","title":{"rendered":"A notre sujet"},"content":{"rendered":"<p>Ce site comprend des informations relatives aux jeunes issus des r\u00e9gions de montagne. Il pr\u00e9sente aussi le label destin\u00e9 aux communes de montagne agissant au profit de leurs jeunes &#8211; \u00ab Commune de montagne \u2013 La jeunesse, notre avenir\u00bb. Il diffuse des renseignements au sujet des activit\u00e9s du forum des jeunes du SAB. Il permet encore de s\u2019informer quant aux communes ayant obtenu le label en faveur des jeunes de montagne. Les communes de montagne ont la possibilit\u00e9 de remplir \u00ab en ligne \u00bb le formulaire destin\u00e9 \u00e0 obtenir le label en faveur des jeunes et \/ ou de contacter le SAB. Ce site constitue aussi une plateforme en faveur des organisations coop\u00e9rant avec le forum des jeunes du SAB.<\/p>\n<p>Ce projet a \u00e9t\u00e9 initi\u00e9 par le<strong> Groupement suisse pour les r\u00e9gions de montagne (<a href=\"http:\/\/www.sab.ch\/fr\">SAB<\/a>)<\/strong>, une association qui d\u00e9fend les int\u00e9r\u00eats des r\u00e9gions de montagne. Fond\u00e9e en 1943, elle s\u2019engage au niveau politique pour assurer un d\u00e9veloppement durable des r\u00e9gions de montagne et de l&rsquo;espace rural. Aussi pr\u00e9sente sur le terrain, le SAB initie et concr\u00e9tise de nombreux projets de d\u00e9veloppement. Les membre du SAB sont : les cantons de montagne et les cantons ruraux, les communes de montagne et rurales, les r\u00e9gions de la NPR, des collectivit\u00e9s publiques, ainsi que de nombreux particuliers. \u00ab\u00a0<strong><a href=\"https:\/\/www.jugend-im-berggebiet.ch\/wp-content\/uploads\/2015\/09\/Pr\u00e9sentation_SAB.pdf\">Pr\u00e9sentation du SAB<\/a><\/strong>\u00a0\u00bb vous permettra d&rsquo;en apprendre plus \u00e0 notre sujet.<\/p>\n<p>Ce projet est soutenu financi\u00e8rement par <strong>l\u2019Office f\u00e9d\u00e9ral des assurances sociales (OFAS)<\/strong>, en tant que projet mod\u00e8le li\u00e9 \u00e0 l\u2019encouragement de l\u2019enfance et de la jeunesse (LEEJ).<\/p>\n","protected":false},"excerpt":{"rendered":"<p>Ce site comprend des informations relatives aux jeunes issus des r\u00e9gions de montagne. Il pr\u00e9sente aussi le label destin\u00e9 aux communes de montagne agissant au profit de leurs jeunes &#8211; \u00ab Commune de montagne \u2013 La jeunesse, notre avenir\u00bb. Il diffuse des renseignements au sujet des activit\u00e9s du forum des jeunes du SAB. Il permet [&hellip;]<\/p>\n","protected":false},"author":5,"featured_media":0,"parent":0,"menu_order":0,"comment_status":"closed","ping_status":"closed","template":"template-fullwidth.php","meta":{"footnotes":""},"class_list":["post-459","page","type-page","status-publish","hentry"],"_links":{"self":[{"href":"https:\/\/www.jugend-im-berggebiet.ch\/fr\/wp-json\/wp\/v2\/pages\/459","targetHints":{"allow":["GET"]}}],"collection":[{"href":"https:\/\/www.jugend-im-berggebiet.ch\/fr\/wp-json\/wp\/v2\/pages"}],"about":[{"href":"https:\/\/www.jugend-im-berggebiet.ch\/fr\/wp-json\/wp\/v2\/types\/page"}],"author":[{"embeddable":true,"href":"https:\/\/www.jugend-im-berggebiet.ch\/fr\/wp-json\/wp\/v2\/users\/5"}],"replies":[{"embeddable":true,"href":"https:\/\/www.jugend-im-berggebiet.ch\/fr\/wp-json\/wp\/v2\/comments?post=459"}],"version-history":[{"count":5,"href":"https:\/\/www.jugend-im-berggebiet.ch\/fr\/wp-json\/wp\/v2\/pages\/459\/revisions"}],"predecessor-version":[{"id":1948,"href":"https:\/\/www.jugend-im-berggebiet.ch\/fr\/wp-json\/wp\/v2\/pages\/459\/revisions\/1948"}],"wp:attachment":[{"href":"https:\/\/www.jugend-im-berggebiet.ch\/fr\/wp-json\/wp\/v2\/media?parent=459"}],"curies":[{"name":"wp","href":"https:\/\/api.w.org\/{rel}","templated":true}]}}