{"id":7777,"date":"2025-10-23T11:10:10","date_gmt":"2025-10-23T09:10:10","guid":{"rendered":"https:\/\/www.jugend-im-berggebiet.ch\/?page_id=7777"},"modified":"2026-01-13T11:43:22","modified_gmt":"2026-01-13T10:43:22","slug":"vallee-du-trient-vs","status":"publish","type":"page","link":"https:\/\/www.jugend-im-berggebiet.ch\/fr\/un-label-pour-les-communes__trashed\/vallee-du-trient-vs\/","title":{"rendered":"R\u00e9gion Vall\u00e9e du Trient (VS)"},"content":{"rendered":"\n<p>La r\u00e9gion est compos\u00e9e de deux communes, <strong>Salvan<\/strong> et <strong>Trient<\/strong>.<\/p>\n\n\n\n<h2 class=\"wp-block-heading\">Principales caract\u00e9ristiques de Salvan<\/h2>\n\n\n\n<div class=\"wp-block-columns is-layout-flex wp-container-core-columns-is-layout-9d6595d7 wp-block-columns-is-layout-flex\">\n<div class=\"wp-block-column is-layout-flow wp-block-column-is-layout-flow\" style=\"flex-basis:66.66%\">\n<ul class=\"wp-block-list\">\n<li>Canton : Valais<\/li>\n\n\n\n<li>R\u00e9gion : Bas-Valais<\/li>\n\n\n\n<li>Habitants : 1450<\/li>\n\n\n\n<li>Langue officielle : Fran\u00e7ais<\/li>\n\n\n\n<li>Superficie en km<sup>2<\/sup> : 53.54<\/li>\n\n\n\n<li>Point le plus haut : 3\u2019220 m d\u2019altitude (Tour Sali\u00e8re)<\/li>\n\n\n\n<li>Point le plus bas : 480 m d\u2019altitude (Gueuroz)<\/li>\n\n\n\n<li>Site web : <a href=\"https:\/\/www.salvan.ch\/\" target=\"_blank\" rel=\"noreferrer noopener\">www.salvan.ch<\/a><\/li>\n\n\n\n<li>Obtention du label : 2024<\/li>\n<\/ul>\n\n\n\n<hr class=\"wp-block-separator has-css-opacity is-style-dots\"\/>\n\n\n\n<h2 class=\"wp-block-heading\">R\u00e9ussites<\/h2>\n\n\n\n<p><strong>Forum de la Vall\u00e9e du Trient <\/strong>:<strong> <\/strong>Un forum des jeunes a \u00e9t\u00e9 organis\u00e9 en d\u00e9cembre 2022. L\u2019objectif \u00e9tait de proposer des actions concr\u00e8tes tout en cr\u00e9ant un nouvel espace participatif et de concertation citoyenne. L\u2019initiative visait \u00e0 rassembler le plus grand nombre de jeunes dans une dynamique inclusive, leur donner la parole, \u00e9couter leurs besoins, craintes et aspirations afin de recueillir des informations utiles \u00e0 la construction des politiques jeunesse communales. Ce cadre a permis d\u2019encourager l\u2019\u00e9change, la r\u00e9flexion collective et l\u2019implication des jeunes dans les d\u00e9cisions locales. La rencontre s\u2019est conclue par un moment convivial autour d\u2019un repas partag\u00e9.<\/p>\n\n\n\n<p><strong>Montage du skatepark<\/strong>&nbsp;: \u00c0 Salvan, une nouvelle rampe de skate a \u00e9t\u00e9 install\u00e9e au Tinderet \u00e0 la fin de l\u2019\u00e9t\u00e9, offrant aux jeunes un lieu attendu de longue date. Rapidement adopt\u00e9e par les amateurs de skateboard et de trottinette, elle est devenue un espace de rencontre et de convivialit\u00e9. Avant de profiter de l\u2019installation, les jeunes ont particip\u00e9 activement \u00e0 son montage, encadr\u00e9s par un professionnel et Constance Michellod de l\u2019Action socioculturelle de la Vall\u00e9e du Trient (ASVT). Le soutien des employ\u00e9s communaux a \u00e9galement \u00e9t\u00e9 essentiel pour mener \u00e0 bien ce projet collectif.<\/p>\n\n\n\n<hr class=\"wp-block-separator has-css-opacity is-style-dots\"\/>\n\n\n\n<h2 class=\"wp-block-heading\">Projets en cours<\/h2>\n\n\n\n<p><strong>Exposition productions des enfants<\/strong>&nbsp;: En 2024, les enfants de Trient et de Salvan, de la 1H \u00e0 la 8H, ont partag\u00e9 leur perception de leur village. Ils ont exprim\u00e9 ce qu\u2019ils appr\u00e9cient, ce qu\u2019ils aiment moins, et imagin\u00e9 leur \u00ab village de r\u00eave \u00bb. Chaque classe a utilis\u00e9 une m\u00e9thode diff\u00e9rente : dessins, discussions, photos prises en famille puis analys\u00e9es en classe, cartes g\u00e9antes ou courts textes. L\u2019objectif est de valoriser ces productions, notamment les dessins, \u00e0 travers une micro-exposition afin de mettre en lumi\u00e8re leur regard et leurs id\u00e9es.<\/p>\n\n\n\n<p><strong>Monitorat&nbsp;<\/strong>:<strong> <\/strong>L\u2019ASVT organise des accueils libres \u00e0 Salvan, Trient et Vernayaz pour offrir aux jeunes un espace bienveillant et dynamique. Pour les animer, l\u2019association recherche des monitrices et moniteurs de 16 \u00e0 25 ans souhaitant s\u2019engager dans leur r\u00e9gion et acqu\u00e9rir une premi\u00e8re exp\u00e9rience dans l\u2019animation socioculturelle. Leur r\u00f4le consiste \u00e0 accueillir les participant\u00b7e\u00b7s, accompagner les groupes, animer des activit\u00e9s et soutenir l\u2019\u00e9quipe. Ces engagements permettent de d\u00e9velopper des comp\u00e9tences tout en participant activement \u00e0 la vie de la vall\u00e9e.<\/p>\n\n\n\n<hr class=\"wp-block-separator has-css-opacity is-style-dots\"\/>\n\n\n\n<h2 class=\"wp-block-heading\">Difficult\u00e9s<\/h2>\n\n\n\n<p><strong>Projet de plateforme regroupant les offres d\u2019opportunit\u00e9s pour les jeunes (petits jobs, entreprises formatrices)<\/strong> : La cr\u00e9ation d\u2019une plateforme pour les jeunes, offrant petits jobs, stages et liens avec des entreprises formatrices, est un projet ambitieux. Sa mise en place n\u00e9cessite la consultation de nombreux partenaires afin de garantir un outil pertinent et adapt\u00e9 aux besoins locaux.<\/p>\n\n\n\n<p><strong>Inauguration du skatepark<\/strong> : Le skatepark n\u2019a pas pu \u00eatre inaugur\u00e9 comme pr\u00e9vu en raison de travaux. Ce retard a emp\u00each\u00e9 de valoriser pleinement le projet, qui demeure un espace essentiel de rencontre et de pratique sportive pour les jeunes de la commune.<\/p>\n\n\n\n<hr class=\"wp-block-separator has-css-opacity is-style-dots\"\/>\n<\/div>\n\n\n\n<div class=\"wp-block-column is-layout-flow wp-block-column-is-layout-flow\" style=\"flex-basis:33.33%\">\n<figure class=\"wp-block-image size-full\"><a href=\"https:\/\/www.jugend-im-berggebiet.ch\/wp-content\/uploads\/2026\/01\/Salvan.png\"><img loading=\"lazy\" decoding=\"async\" width=\"417\" height=\"284\" src=\"https:\/\/www.jugend-im-berggebiet.ch\/wp-content\/uploads\/2026\/01\/Salvan.png\" alt=\"\" class=\"wp-image-8626\" srcset=\"https:\/\/www.jugend-im-berggebiet.ch\/wp-content\/uploads\/2026\/01\/Salvan.png 417w, https:\/\/www.jugend-im-berggebiet.ch\/wp-content\/uploads\/2026\/01\/Salvan-300x204.png 300w\" sizes=\"auto, (max-width: 417px) 100vw, 417px\" \/><\/a><\/figure>\n\n\n\n<p><\/p>\n\n\n\n<p><\/p>\n\n\n\n<p><\/p>\n\n\n\n<p><\/p>\n\n\n\n<p><\/p>\n\n\n\n<p><\/p>\n\n\n\n<p><\/p>\n\n\n\n<p><\/p>\n\n\n\n<p><\/p>\n\n\n\n<p><\/p>\n\n\n\n<p><\/p>\n\n\n\n<p><\/p>\n\n\n\n<p><\/p>\n<\/div>\n<\/div>\n\n\n\n<h2 class=\"wp-block-heading\">Images<\/h2>\n\n\n\n<figure class=\"wp-block-gallery has-nested-images columns-3 is-cropped wp-block-gallery-1 is-layout-flex wp-block-gallery-is-layout-flex\">\n<figure class=\"wp-block-image size-large\"><a href=\"https:\/\/www.jugend-im-berggebiet.ch\/wp-content\/uploads\/2025\/04\/Vallee-du-Trient.jpg\"><img loading=\"lazy\" decoding=\"async\" width=\"1024\" height=\"768\" data-id=\"6318\" src=\"https:\/\/www.jugend-im-berggebiet.ch\/wp-content\/uploads\/2025\/04\/Vallee-du-Trient-1024x768.jpg\" alt=\"\" class=\"wp-image-6318\" srcset=\"https:\/\/www.jugend-im-berggebiet.ch\/wp-content\/uploads\/2025\/04\/Vallee-du-Trient-1024x768.jpg 1024w, https:\/\/www.jugend-im-berggebiet.ch\/wp-content\/uploads\/2025\/04\/Vallee-du-Trient-300x225.jpg 300w, https:\/\/www.jugend-im-berggebiet.ch\/wp-content\/uploads\/2025\/04\/Vallee-du-Trient-768x576.jpg 768w, https:\/\/www.jugend-im-berggebiet.ch\/wp-content\/uploads\/2025\/04\/Vallee-du-Trient-1536x1152.jpg 1536w, https:\/\/www.jugend-im-berggebiet.ch\/wp-content\/uploads\/2025\/04\/Vallee-du-Trient.jpg 1600w\" sizes=\"auto, (max-width: 1024px) 100vw, 1024px\" \/><\/a><figcaption class=\"wp-element-caption\">La remise du label en 2024<\/figcaption><\/figure>\n\n\n\n<figure class=\"wp-block-image size-large\"><a href=\"https:\/\/www.jugend-im-berggebiet.ch\/wp-content\/uploads\/2026\/01\/Salvan-6.jpg\"><img loading=\"lazy\" decoding=\"async\" width=\"1024\" height=\"682\" data-id=\"8679\" src=\"https:\/\/www.jugend-im-berggebiet.ch\/wp-content\/uploads\/2026\/01\/Salvan-6-1024x682.jpg\" alt=\"\" class=\"wp-image-8679\" srcset=\"https:\/\/www.jugend-im-berggebiet.ch\/wp-content\/uploads\/2026\/01\/Salvan-6-1024x682.jpg 1024w, https:\/\/www.jugend-im-berggebiet.ch\/wp-content\/uploads\/2026\/01\/Salvan-6-300x200.jpg 300w, https:\/\/www.jugend-im-berggebiet.ch\/wp-content\/uploads\/2026\/01\/Salvan-6-768x512.jpg 768w, https:\/\/www.jugend-im-berggebiet.ch\/wp-content\/uploads\/2026\/01\/Salvan-6.jpg 1379w\" sizes=\"auto, (max-width: 1024px) 100vw, 1024px\" \/><\/a><figcaption class=\"wp-element-caption\">Le centre du village de Salvan<\/figcaption><\/figure>\n\n\n\n<figure class=\"wp-block-image size-large\"><a href=\"https:\/\/www.jugend-im-berggebiet.ch\/wp-content\/uploads\/2026\/01\/Salvan-5.jpg\"><img loading=\"lazy\" decoding=\"async\" width=\"1024\" height=\"576\" data-id=\"8695\" src=\"https:\/\/www.jugend-im-berggebiet.ch\/wp-content\/uploads\/2026\/01\/Salvan-5-1024x576.jpg\" alt=\"\" class=\"wp-image-8695\" srcset=\"https:\/\/www.jugend-im-berggebiet.ch\/wp-content\/uploads\/2026\/01\/Salvan-5-1024x576.jpg 1024w, https:\/\/www.jugend-im-berggebiet.ch\/wp-content\/uploads\/2026\/01\/Salvan-5-300x169.jpg 300w, https:\/\/www.jugend-im-berggebiet.ch\/wp-content\/uploads\/2026\/01\/Salvan-5-768x432.jpg 768w, https:\/\/www.jugend-im-berggebiet.ch\/wp-content\/uploads\/2026\/01\/Salvan-5.jpg 1375w\" sizes=\"auto, (max-width: 1024px) 100vw, 1024px\" \/><\/a><figcaption class=\"wp-element-caption\">Vue a\u00e9rienne de Salvan<\/figcaption><\/figure>\n\n\n\n<figure class=\"wp-block-image size-large\"><a href=\"https:\/\/www.jugend-im-berggebiet.ch\/wp-content\/uploads\/2026\/01\/Salvan-2.jpg\"><img loading=\"lazy\" decoding=\"async\" width=\"1024\" height=\"682\" data-id=\"8687\" src=\"https:\/\/www.jugend-im-berggebiet.ch\/wp-content\/uploads\/2026\/01\/Salvan-2-1024x682.jpg\" alt=\"\" class=\"wp-image-8687\" srcset=\"https:\/\/www.jugend-im-berggebiet.ch\/wp-content\/uploads\/2026\/01\/Salvan-2-1024x682.jpg 1024w, https:\/\/www.jugend-im-berggebiet.ch\/wp-content\/uploads\/2026\/01\/Salvan-2-300x200.jpg 300w, https:\/\/www.jugend-im-berggebiet.ch\/wp-content\/uploads\/2026\/01\/Salvan-2-768x512.jpg 768w, https:\/\/www.jugend-im-berggebiet.ch\/wp-content\/uploads\/2026\/01\/Salvan-2.jpg 1270w\" sizes=\"auto, (max-width: 1024px) 100vw, 1024px\" \/><\/a><figcaption class=\"wp-element-caption\">Alpage d&rsquo;Emaney<\/figcaption><\/figure>\n\n\n\n<figure class=\"wp-block-image size-large\"><a href=\"https:\/\/www.jugend-im-berggebiet.ch\/wp-content\/uploads\/2026\/01\/Salvan-4.jpg\"><img loading=\"lazy\" decoding=\"async\" width=\"685\" height=\"1024\" data-id=\"8691\" src=\"https:\/\/www.jugend-im-berggebiet.ch\/wp-content\/uploads\/2026\/01\/Salvan-4-685x1024.jpg\" alt=\"\" class=\"wp-image-8691\" srcset=\"https:\/\/www.jugend-im-berggebiet.ch\/wp-content\/uploads\/2026\/01\/Salvan-4-685x1024.jpg 685w, https:\/\/www.jugend-im-berggebiet.ch\/wp-content\/uploads\/2026\/01\/Salvan-4-201x300.jpg 201w, https:\/\/www.jugend-im-berggebiet.ch\/wp-content\/uploads\/2026\/01\/Salvan-4-768x1147.jpg 768w, https:\/\/www.jugend-im-berggebiet.ch\/wp-content\/uploads\/2026\/01\/Salvan-4.jpg 850w\" sizes=\"auto, (max-width: 685px) 100vw, 685px\" \/><\/a><figcaption class=\"wp-element-caption\">Gorges du Dailley<\/figcaption><\/figure>\n\n\n\n<figure class=\"wp-block-image size-large\"><a href=\"https:\/\/www.jugend-im-berggebiet.ch\/wp-content\/uploads\/2026\/01\/Salvan-3.jpg\"><img loading=\"lazy\" decoding=\"async\" width=\"682\" height=\"1024\" data-id=\"8682\" src=\"https:\/\/www.jugend-im-berggebiet.ch\/wp-content\/uploads\/2026\/01\/Salvan-3-682x1024.jpg\" alt=\"\" class=\"wp-image-8682\" srcset=\"https:\/\/www.jugend-im-berggebiet.ch\/wp-content\/uploads\/2026\/01\/Salvan-3-682x1024.jpg 682w, https:\/\/www.jugend-im-berggebiet.ch\/wp-content\/uploads\/2026\/01\/Salvan-3-200x300.jpg 200w, https:\/\/www.jugend-im-berggebiet.ch\/wp-content\/uploads\/2026\/01\/Salvan-3-768x1153.jpg 768w, https:\/\/www.jugend-im-berggebiet.ch\/wp-content\/uploads\/2026\/01\/Salvan-3.jpg 846w\" sizes=\"auto, (max-width: 682px) 100vw, 682px\" \/><\/a><figcaption class=\"wp-element-caption\">Gorges du Dailley<\/figcaption><\/figure>\n<\/figure>\n\n\n\n<p><\/p>\n\n\n\n<hr class=\"wp-block-separator has-alpha-channel-opacity\"\/>\n\n\n\n<h2 class=\"wp-block-heading\">Principales caract\u00e9ristiques de Trient<\/h2>\n\n\n\n<div class=\"wp-block-columns is-layout-flex wp-container-core-columns-is-layout-9d6595d7 wp-block-columns-is-layout-flex\">\n<div class=\"wp-block-column is-layout-flow wp-block-column-is-layout-flow\" style=\"flex-basis:66.66%\">\n<ul class=\"wp-block-list\">\n<li>Canton : Valais<\/li>\n\n\n\n<li>R\u00e9gion : Bas-Valais<\/li>\n\n\n\n<li>Habitants : 174<\/li>\n\n\n\n<li>Langue officielle : Fran\u00e7ais<\/li>\n\n\n\n<li>Superficie en km<sup>2<\/sup> : 39.55<\/li>\n\n\n\n<li>Point le plus haut : 3&rsquo;519 m d\u2019altitude (Aiguilles Dor\u00e9es)<\/li>\n\n\n\n<li>Point le plus bas : 925 m d\u2019altitude (Pont-de-Pierre)<\/li>\n\n\n\n<li>Site web : <a href=\"https:\/\/www.trient.ch\/\" target=\"_blank\" rel=\"noreferrer noopener\">www.trient.ch<\/a><\/li>\n\n\n\n<li>Obtention du label : 2024<\/li>\n<\/ul>\n\n\n\n<hr class=\"wp-block-separator has-css-opacity is-style-dots\"\/>\n\n\n\n<h2 class=\"wp-block-heading\">R\u00e9ussites<\/h2>\n\n\n\n<p><strong>Forum des jeunes de la Vall\u00e9e du Trient<\/strong> : Un forum des jeunes a \u00e9t\u00e9 organis\u00e9 en d\u00e9cembre 2022. L\u2019objectif \u00e9tait de proposer des actions concr\u00e8tes tout en cr\u00e9ant un nouvel espace participatif et de concertation citoyenne. L\u2019initiative visait \u00e0 rassembler le plus grand nombre de jeunes dans une dynamique inclusive, leur donner la parole, \u00e9couter leurs besoins, craintes et aspirations afin de recueillir des informations utiles \u00e0 la construction des politiques jeunesse communales. Ce cadre a permis d\u2019encourager l\u2019\u00e9change, la r\u00e9flexion collective et l\u2019implication des jeunes dans les d\u00e9cisions locales. La rencontre s\u2019est conclue par un moment convivial autour d\u2019un repas partag\u00e9.<\/p>\n\n\n\n<hr class=\"wp-block-separator has-css-opacity is-style-dots\"\/>\n\n\n\n<h2 class=\"wp-block-heading\">Projets en cours<\/h2>\n\n\n\n<p><strong>Exposition des productions des enfants<\/strong> : En 2024, les enfants de Trient et de Salvan, de la 1H \u00e0 la 8H, ont partag\u00e9 leur perception de leur village. Ils ont exprim\u00e9 ce qu\u2019ils appr\u00e9cient, ce qu\u2019ils aiment moins, et imagin\u00e9 leur \u00ab village de r\u00eave \u00bb. Chaque classe a utilis\u00e9 une m\u00e9thode diff\u00e9rente : dessins, discussions, photos prises en famille puis analys\u00e9es en classe, cartes g\u00e9antes ou courts textes. L\u2019objectif est de valoriser ces productions, notamment les dessins, \u00e0 travers une micro-exposition afin de mettre en lumi\u00e8re leur regard et leurs id\u00e9es.<\/p>\n\n\n\n<p><strong>Travaux de l\u2019h\u00f4tel C\u0153ur du Glacier<\/strong> : Les travaux de l\u2019h\u00f4tel C\u0153ur du Glacier avancent bien. Ce b\u00e2timent multifonctionnel comprendra un caf\u00e9-restaurant, une \u00e9picerie, une salle polyvalente, une exposition permanente, des logements et un bureau touristique, contribuant \u00e0 dynamiser la vie locale. Parmi les six appartements pr\u00e9vus, quatre de 2,5 pi\u00e8ces sont sp\u00e9cialement con\u00e7us pour accueillir des jeunes \u00e0 revenus modestes, offrant ainsi des solutions de logement adapt\u00e9es tout en renfor\u00e7ant l\u2019attractivit\u00e9 et le service aux habitants de la commune.<\/p>\n\n\n\n<p><strong>Monitorat<\/strong> : L\u2019ASVT organise des accueils libres \u00e0 Salvan, Trient et Vernayaz pour offrir aux jeunes un espace bienveillant et dynamique. Pour les animer, l\u2019association recherche des monitrices et moniteurs de 16 \u00e0 25 ans souhaitant s\u2019engager dans leur r\u00e9gion et acqu\u00e9rir une premi\u00e8re exp\u00e9rience dans l\u2019animation socioculturelle. Leur r\u00f4le consiste \u00e0 accueillir les participant\u00b7e\u00b7s, accompagner les groupes, animer des activit\u00e9s et soutenir l\u2019\u00e9quipe. Ces engagements permettent de d\u00e9velopper des comp\u00e9tences tout en participant activement \u00e0 la vie de la vall\u00e9e.<\/p>\n\n\n\n<hr class=\"wp-block-separator has-css-opacity is-style-dots\"\/>\n\n\n\n<h2 class=\"wp-block-heading\">Difficult\u00e9s<\/h2>\n\n\n\n<p><strong>Projet de plateforme d\u2019offres d\u2019opportunit\u00e9s pour les jeunes (petits jobs, entreprises formatrices)<\/strong> : La cr\u00e9ation d\u2019une plateforme pour les jeunes, offrant petits jobs, stages et liens avec des entreprises formatrices, est un projet ambitieux. Sa mise en place n\u00e9cessite la consultation de nombreux partenaires afin de garantir un outil pertinent et adapt\u00e9 aux besoins locaux.<\/p>\n\n\n\n<p><strong>Mobilit\u00e9<\/strong> : La mobilit\u00e9 \u00e0 Trient reste un enjeu majeur. Le village est peu desservi par les bus et les gares voisines ne sont pas reli\u00e9es, sauf en \u00e9t\u00e9 via une navette. Les jeunes et les habitants sans permis d\u00e9pendent de la solidarit\u00e9 locale, tandis que la majorit\u00e9 se d\u00e9place en voiture.<\/p>\n\n\n\n<p><strong>Enjeux li\u00e9s \u00e0 la jeunesse<\/strong> : L\u2019\u00e9cart d\u2019\u00e2ge entre les jeunes de la commune, ainsi que le nombre peu \u00e9lev\u00e9 de cette cat\u00e9gorie de la population rend compliqu\u00e9 de mettre en place une dynamique de groupe.<\/p>\n\n\n\n<hr class=\"wp-block-separator has-css-opacity is-style-dots\"\/>\n<\/div>\n\n\n\n<div class=\"wp-block-column is-layout-flow wp-block-column-is-layout-flow\" style=\"flex-basis:33.33%\">\n<figure class=\"wp-block-image size-full\"><a href=\"https:\/\/www.jugend-im-berggebiet.ch\/wp-content\/uploads\/2026\/01\/Trient.png\"><img loading=\"lazy\" decoding=\"async\" width=\"674\" height=\"458\" src=\"https:\/\/www.jugend-im-berggebiet.ch\/wp-content\/uploads\/2026\/01\/Trient.png\" alt=\"\" class=\"wp-image-8634\" srcset=\"https:\/\/www.jugend-im-berggebiet.ch\/wp-content\/uploads\/2026\/01\/Trient.png 674w, https:\/\/www.jugend-im-berggebiet.ch\/wp-content\/uploads\/2026\/01\/Trient-300x204.png 300w\" sizes=\"auto, (max-width: 674px) 100vw, 674px\" \/><\/a><\/figure>\n\n\n\n<p><\/p>\n\n\n\n<p><\/p>\n\n\n\n<p><\/p>\n\n\n\n<p><\/p>\n\n\n\n<p><\/p>\n\n\n\n<p><\/p>\n\n\n\n<p><\/p>\n\n\n\n<p><\/p>\n\n\n\n<p><\/p>\n\n\n\n<p><\/p>\n\n\n\n<p><\/p>\n\n\n\n<p><\/p>\n\n\n\n<p><\/p>\n<\/div>\n<\/div>\n\n\n\n<h2 class=\"wp-block-heading\">Images<\/h2>\n\n\n\n<figure class=\"wp-block-gallery has-nested-images columns-2 is-cropped wp-block-gallery-2 is-layout-flex wp-block-gallery-is-layout-flex\">\n<figure class=\"wp-block-image size-large\"><a href=\"https:\/\/www.jugend-im-berggebiet.ch\/wp-content\/uploads\/2026\/01\/Trient-1.jpg\"><img loading=\"lazy\" decoding=\"async\" width=\"1024\" height=\"682\" data-id=\"8645\" src=\"https:\/\/www.jugend-im-berggebiet.ch\/wp-content\/uploads\/2026\/01\/Trient-1-1024x682.jpg\" alt=\"\" class=\"wp-image-8645\" srcset=\"https:\/\/www.jugend-im-berggebiet.ch\/wp-content\/uploads\/2026\/01\/Trient-1-1024x682.jpg 1024w, https:\/\/www.jugend-im-berggebiet.ch\/wp-content\/uploads\/2026\/01\/Trient-1-300x200.jpg 300w, https:\/\/www.jugend-im-berggebiet.ch\/wp-content\/uploads\/2026\/01\/Trient-1-768x512.jpg 768w, https:\/\/www.jugend-im-berggebiet.ch\/wp-content\/uploads\/2026\/01\/Trient-1.jpg 1379w\" sizes=\"auto, (max-width: 1024px) 100vw, 1024px\" \/><\/a><figcaption class=\"wp-element-caption\">Vue a\u00e9rienne de Trient<\/figcaption><\/figure>\n\n\n\n<figure class=\"wp-block-image size-large\"><a href=\"https:\/\/www.jugend-im-berggebiet.ch\/wp-content\/uploads\/2026\/01\/Trient-2.jpg\"><img loading=\"lazy\" decoding=\"async\" width=\"602\" height=\"338\" data-id=\"8647\" src=\"https:\/\/www.jugend-im-berggebiet.ch\/wp-content\/uploads\/2026\/01\/Trient-2.jpg\" alt=\"\" class=\"wp-image-8647\" srcset=\"https:\/\/www.jugend-im-berggebiet.ch\/wp-content\/uploads\/2026\/01\/Trient-2.jpg 602w, https:\/\/www.jugend-im-berggebiet.ch\/wp-content\/uploads\/2026\/01\/Trient-2-300x168.jpg 300w\" sizes=\"auto, (max-width: 602px) 100vw, 602px\" \/><\/a><figcaption class=\"wp-element-caption\">Chemin du bisse de Trient<\/figcaption><\/figure>\n\n\n\n<figure class=\"wp-block-image size-large\"><a href=\"https:\/\/www.jugend-im-berggebiet.ch\/wp-content\/uploads\/2026\/01\/Trient-2.png\"><img loading=\"lazy\" decoding=\"async\" width=\"602\" height=\"338\" data-id=\"8670\" src=\"https:\/\/www.jugend-im-berggebiet.ch\/wp-content\/uploads\/2026\/01\/Trient-2.png\" alt=\"\" class=\"wp-image-8670\" srcset=\"https:\/\/www.jugend-im-berggebiet.ch\/wp-content\/uploads\/2026\/01\/Trient-2.png 602w, https:\/\/www.jugend-im-berggebiet.ch\/wp-content\/uploads\/2026\/01\/Trient-2-300x168.png 300w\" sizes=\"auto, (max-width: 602px) 100vw, 602px\" \/><\/a><figcaption class=\"wp-element-caption\">Buvette du Glacier<\/figcaption><\/figure>\n\n\n\n<figure class=\"wp-block-image size-large\"><a href=\"https:\/\/www.jugend-im-berggebiet.ch\/wp-content\/uploads\/2026\/01\/Trient-4.jpg\"><img loading=\"lazy\" decoding=\"async\" width=\"682\" height=\"1024\" data-id=\"8657\" src=\"https:\/\/www.jugend-im-berggebiet.ch\/wp-content\/uploads\/2026\/01\/Trient-4-682x1024.jpg\" alt=\"\" class=\"wp-image-8657\" srcset=\"https:\/\/www.jugend-im-berggebiet.ch\/wp-content\/uploads\/2026\/01\/Trient-4-682x1024.jpg 682w, https:\/\/www.jugend-im-berggebiet.ch\/wp-content\/uploads\/2026\/01\/Trient-4-200x300.jpg 200w, https:\/\/www.jugend-im-berggebiet.ch\/wp-content\/uploads\/2026\/01\/Trient-4-768x1152.jpg 768w, https:\/\/www.jugend-im-berggebiet.ch\/wp-content\/uploads\/2026\/01\/Trient-4-1024x1536.jpg 1024w, https:\/\/www.jugend-im-berggebiet.ch\/wp-content\/uploads\/2026\/01\/Trient-4.jpg 1053w\" sizes=\"auto, (max-width: 682px) 100vw, 682px\" \/><\/a><figcaption class=\"wp-element-caption\">Les gorges myst\u00e9rieuses de T\u00eate Noire<\/figcaption><\/figure>\n<\/figure>\n\n\n\n<p><\/p>\n","protected":false},"excerpt":{"rendered":"<p>La r\u00e9gion est compos\u00e9e de deux communes, Salvan et Trient. Principales caract\u00e9ristiques de Salvan Canton : Valais R\u00e9gion : Bas-Valais Habitants : 1450 Langue officielle : Fran\u00e7ais Superficie en km2 : 53.54 Point le plus haut : 3\u2019220 m d\u2019altitude (Tour Sali\u00e8re) Point le plus bas : 480 m d\u2019altitude (Gueuroz) Site web : www.salvan.ch [&hellip;]<\/p>\n","protected":false},"author":5,"featured_media":0,"parent":653,"menu_order":0,"comment_status":"closed","ping_status":"closed","template":"template-fullwidth.php","meta":{"footnotes":""},"class_list":["post-7777","page","type-page","status-publish","hentry"],"_links":{"self":[{"href":"https:\/\/www.jugend-im-berggebiet.ch\/fr\/wp-json\/wp\/v2\/pages\/7777","targetHints":{"allow":["GET"]}}],"collection":[{"href":"https:\/\/www.jugend-im-berggebiet.ch\/fr\/wp-json\/wp\/v2\/pages"}],"about":[{"href":"https:\/\/www.jugend-im-berggebiet.ch\/fr\/wp-json\/wp\/v2\/types\/page"}],"author":[{"embeddable":true,"href":"https:\/\/www.jugend-im-berggebiet.ch\/fr\/wp-json\/wp\/v2\/users\/5"}],"replies":[{"embeddable":true,"href":"https:\/\/www.jugend-im-berggebiet.ch\/fr\/wp-json\/wp\/v2\/comments?post=7777"}],"version-history":[{"count":29,"href":"https:\/\/www.jugend-im-berggebiet.ch\/fr\/wp-json\/wp\/v2\/pages\/7777\/revisions"}],"predecessor-version":[{"id":8728,"href":"https:\/\/www.jugend-im-berggebiet.ch\/fr\/wp-json\/wp\/v2\/pages\/7777\/revisions\/8728"}],"up":[{"embeddable":true,"href":"https:\/\/www.jugend-im-berggebiet.ch\/fr\/wp-json\/wp\/v2\/pages\/653"}],"wp:attachment":[{"href":"https:\/\/www.jugend-im-berggebiet.ch\/fr\/wp-json\/wp\/v2\/media?parent=7777"}],"curies":[{"name":"wp","href":"https:\/\/api.w.org\/{rel}","templated":true}]}}