{"id":84,"date":"2015-08-19T15:28:04","date_gmt":"2015-08-19T13:28:04","guid":{"rendered":"http:\/\/www.jugend-im-berggebiet.ch\/?page_id=84"},"modified":"2025-07-16T09:57:35","modified_gmt":"2025-07-16T07:57:35","slug":"jugendfreundliche-bergdoerfer-2__trashed","status":"publish","type":"page","link":"https:\/\/www.jugend-im-berggebiet.ch\/fr\/jugendfreundliche-bergdoerfer-2__trashed\/","title":{"rendered":"Des villages de montagne en faveur des jeunes"},"content":{"rendered":"<p>Les communes ayant obtenu le label \u00ab Commune de montagne \u2013 La jeunesse, notre avenir \u00bb, veulent donner un avenir \u00e0 leurs jeunes. Elles soutiennent ainsi leur d\u00e9veloppement et agissent contre l\u2019exode rural.<\/p>\n<p>&nbsp;<\/p>\n<h4><a href=\"https:\/\/www.jugend-im-berggebiet.ch\/un-label-pour-les-communes\/?lang=fr\" class=\"woo-sc-button  custom\" style=\"background:#130080;border-color:#130080\"><span class=\"woo-\">Informations compl\u00e9mentaires<\/span><\/a><\/h4>\n<h4><a href=\"https:\/\/www.jugend-im-berggebiet.ch\/jugendfreundliche-bergdoerfer-2\/bewerbung\/?lang=fr\" class=\"woo-sc-button  custom\" style=\"background:#003300;border-color:#130080\"><span class=\"woo-\">Le concours pour les communes est lanc\u00e9<\/span><\/a><\/h4>\n\n\n<p><\/p>\n\n\n\n<p><strong>Protection des donn\u00e9es<\/strong><\/p>\n\n\n\n<p>L&rsquo;appellation \u00ab Commun de montagne \u2013 la jeunesse, notre avenir \u00bb constitue un label du SAB &#8211; Groupement suisse pour les r\u00e9gions de montagnes. Ce site Internet applique les m\u00eames conditions, quant \u00e0 la protection des donn\u00e9es, que celui du SAB (voir d\u00e9claration de protection des donn\u00e9es sur <a href=\"https:\/\/www.sab.ch\/fr\/declaration-de-protection-des-donnees\/\">www.sab.ch)<\/a>.<\/p>\n","protected":false},"excerpt":{"rendered":"<p>Les communes ayant obtenu le label \u00ab Commune de montagne \u2013 La jeunesse, notre avenir \u00bb, veulent donner un avenir \u00e0 leurs jeunes. Elles soutiennent ainsi leur d\u00e9veloppement et agissent contre l\u2019exode rural. &nbsp; Protection des donn\u00e9es L&rsquo;appellation \u00ab Commun de montagne \u2013 la jeunesse, notre avenir \u00bb constitue un label du SAB &#8211; Groupement [&hellip;]<\/p>\n","protected":false},"author":3,"featured_media":4181,"parent":0,"menu_order":0,"comment_status":"closed","ping_status":"closed","template":"","meta":{"footnotes":""},"class_list":["post-84","page","type-page","status-publish","has-post-thumbnail","hentry"],"_links":{"self":[{"href":"https:\/\/www.jugend-im-berggebiet.ch\/fr\/wp-json\/wp\/v2\/pages\/84","targetHints":{"allow":["GET"]}}],"collection":[{"href":"https:\/\/www.jugend-im-berggebiet.ch\/fr\/wp-json\/wp\/v2\/pages"}],"about":[{"href":"https:\/\/www.jugend-im-berggebiet.ch\/fr\/wp-json\/wp\/v2\/types\/page"}],"author":[{"embeddable":true,"href":"https:\/\/www.jugend-im-berggebiet.ch\/fr\/wp-json\/wp\/v2\/users\/3"}],"replies":[{"embeddable":true,"href":"https:\/\/www.jugend-im-berggebiet.ch\/fr\/wp-json\/wp\/v2\/comments?post=84"}],"version-history":[{"count":5,"href":"https:\/\/www.jugend-im-berggebiet.ch\/fr\/wp-json\/wp\/v2\/pages\/84\/revisions"}],"predecessor-version":[{"id":3687,"href":"https:\/\/www.jugend-im-berggebiet.ch\/fr\/wp-json\/wp\/v2\/pages\/84\/revisions\/3687"}],"wp:featuredmedia":[{"embeddable":true,"href":"https:\/\/www.jugend-im-berggebiet.ch\/fr\/wp-json\/wp\/v2\/media\/4181"}],"wp:attachment":[{"href":"https:\/\/www.jugend-im-berggebiet.ch\/fr\/wp-json\/wp\/v2\/media?parent=84"}],"curies":[{"name":"wp","href":"https:\/\/api.w.org\/{rel}","templated":true}]}}