{"id":1220,"date":"2016-08-23T17:36:03","date_gmt":"2016-08-23T15:36:03","guid":{"rendered":"http:\/\/www.jugend-im-berggebiet.ch\/?page_id=1220"},"modified":"2026-03-27T15:56:06","modified_gmt":"2026-03-27T14:56:06","slug":"fluehli-soerenberg-lu","status":"publish","type":"page","link":"https:\/\/www.jugend-im-berggebiet.ch\/it\/un-marchio-per-i-comuni\/fluehli-soerenberg-lu\/","title":{"rendered":"Fl\u00fchli-S\u00f6renberg (LU)"},"content":{"rendered":"\n<h2 class=\"wp-block-heading\">Dati chiave<\/h2>\n\n\n\n<div class=\"wp-block-columns is-layout-flex wp-container-core-columns-is-layout-9d6595d7 wp-block-columns-is-layout-flex\">\n<div class=\"wp-block-column is-layout-flow wp-block-column-is-layout-flow\" style=\"flex-basis:66.66%\">\n<ul class=\"wp-block-list\">\n<li>Cantone: Lucerna<\/li>\n\n\n\n<li>Regione: Entlebuch<\/li>\n\n\n\n<li>Abitanti: 1&#8217;985<\/li>\n\n\n\n<li>Lingua ufficiale: tedesco<\/li>\n\n\n\n<li>Superficie in km<sup>2<\/sup>: 108<\/li>\n\n\n\n<li>Punto pi\u00f9 alto: 2&#8217;350 m s.l.m. (Brienzer Rothorn)<\/li>\n\n\n\n<li>Punto pi\u00f9 basso: 803 m s.l.m. (Waldemme)<\/li>\n\n\n\n<li>Sito web: <a href=\"http:\/\/www.fluehli.ch\" data-type=\"link\" data-id=\"www.fluehli.ch\" target=\"_blank\" rel=\"noreferrer noopener\">www.fluehli.ch<\/a><\/li>\n\n\n\n<li>Ricezione del marchio: 2016<\/li>\n<\/ul>\n\n\n\n<hr class=\"wp-block-separator has-css-opacity aligncenter is-style-dots\"\/>\n\n\n\n<h2 class=\"wp-block-heading\">Successi<\/h2>\n\n\n\n<p>Sia per gli adolescenti della scuola secondaria, sia per i giovani adulti dai 16 anni in su, il Comune di Fl\u00fchli offre diverse <strong>opportunit\u00e0 di partecipazione<\/strong>.<\/p>\n\n\n\n<p>Un team del locale giovanile, una nuova associazione chiamata \u00ab6173 Crew\u00bb per i maggiori di 16 anni, le giornate della cultura giovanile (<a href=\"https:\/\/www.jugendkulturtage.ch\/\" target=\"_blank\" rel=\"noreferrer noopener\"><strong>Jugendkulturtage Amt Entlebuch<\/strong><\/a>), vari progetti in ambienti interni ed esterni e un punto di contatto a bassa soglia raggiungono un vasto pubblico.<\/p>\n\n\n\n<p>Il Comune di Fl\u00fchli si basa sui principi professionali dell\u2019<strong>animazione giovanile<\/strong>. Questo approccio promuove la sostenibilit\u00e0 e, di conseguenza, la partecipazione.<\/p>\n\n\n\n<p><strong>Sito web dell&#8217;animazione giovanile Sch\u00fcpfheim-Fl\u00fchli-S\u00f6renberg: <a href=\"http:\/\/www.jugendarbeit-sfs.ch\" data-type=\"link\" data-id=\"www.jugendarbeit-sfs.ch\" target=\"_blank\" rel=\"noreferrer noopener\">www.jugendarbeit-sfs.ch<\/a><\/strong><\/p>\n\n\n\n<hr class=\"wp-block-separator has-text-color has-black-color has-css-opacity has-black-background-color has-background aligncenter is-style-dots\"\/>\n\n\n\n<h2 class=\"wp-block-heading\">Progetti attuali<\/h2>\n\n\n\n<ul class=\"wp-block-list\">\n<li><strong>Ufficio giovanile Fl\u00fchli:<\/strong> valutazione di una nuova ubicazione<\/li>\n\n\n\n<li><strong>Locale giovanile <em>Reggy<\/em>:<\/strong> intensificare l&#8217;accompagnamento il venerd\u00ec sera con un&#8217; ulteriore persona qualificata; pianificare dei importanti cambiamenti nel team; offrire delle serate per i giovani dai 12 ai 15 anni <strong><u>e<\/u><\/strong> per quelli dai 16 anni in su<\/li>\n\n\n\n<li>Valutare e elencare l&#8217;<strong>offerta di spazi<\/strong> disponibili a Fl\u00fchli per eventuali feste di compleanno o sale per gruppi di amici<\/li>\n\n\n\n<li><strong>Team della cresima:<\/strong> valutazione del concetto della cresima (et\u00e0 dei cresimandi, accompagnatori, contenuto)<\/li>\n\n\n\n<li><strong>Progetti per giovani sotto i 16 anni:<\/strong> accompagnare otto progetti con l\u2019obiettivo dell\u2019auto-organizzazione<\/li>\n\n\n\n<li><strong>Progetti per giovani con pi\u00f9 di 16 anni:<\/strong> sostenere maggiormente le esigenze \/ i progetti attraverso il principio \u00abaiuto all&#8217;autoaiuto\u00bb.<\/li>\n\n\n\n<li><strong>Lanciare progetti specifici per genere:<\/strong> organizzare due corsi di autodifesa per giovani<\/li>\n\n\n\n<li><strong>Genitori:<\/strong> organizzare la serata informativa per i genitori sul tema \u00absigarette elettroniche, snus, cannabis, tabacco da fiuto\u00bb in collaborazione con la direzione scolastica e il servizio sociale scolastico.<\/li>\n\n\n\n<li><strong>Giovani 16+:<\/strong> realizzazione del workshop previsto e della prima parte del <a href=\"https:\/\/www.hslu.ch\/de-ch\/hochschule-luzern\/forschung\/projekte\/detail\/?pid=6772\" data-type=\"link\" data-id=\"https:\/\/www.hslu.ch\/de-ch\/hochschule-luzern\/forschung\/projekte\/detail\/?pid=6772\" target=\"_blank\" rel=\"noreferrer noopener\">progetto 16+<\/a> (partner HSLU, REGIO WEST)<\/li>\n<\/ul>\n\n\n\n<hr class=\"wp-block-separator has-text-color has-black-color has-css-opacity has-black-background-color has-background aligncenter is-style-dots\"\/>\n\n\n\n<h2 class=\"wp-block-heading\">Difficolt\u00e0<\/h2>\n\n\n\n<ul class=\"wp-block-list\">\n<li>Ubicazione dell\u2019ufficio giovanile \/ del punto di contatto<\/li>\n\n\n\n<li>Tempo per la valutazione e la realizzazione dei bisogni dei giovani \/ giovani adulti durante un workshop<\/li>\n<\/ul>\n\n\n\n<hr class=\"wp-block-separator has-text-color has-black-color has-css-opacity has-black-background-color has-background aligncenter is-style-dots\"\/>\n<\/div>\n\n\n\n<div class=\"wp-block-column is-layout-flow wp-block-column-is-layout-flow\" style=\"flex-basis:33.33%\">\n<figure class=\"wp-block-image size-full\"><a href=\"https:\/\/www.jugend-im-berggebiet.ch\/wp-content\/uploads\/2025\/07\/Fluehli-Soerenberg.png\"><img loading=\"lazy\" decoding=\"async\" width=\"526\" height=\"357\" src=\"https:\/\/www.jugend-im-berggebiet.ch\/wp-content\/uploads\/2025\/07\/Fluehli-Soerenberg.png\" alt=\"\" class=\"wp-image-6606\" srcset=\"https:\/\/www.jugend-im-berggebiet.ch\/wp-content\/uploads\/2025\/07\/Fluehli-Soerenberg.png 526w, https:\/\/www.jugend-im-berggebiet.ch\/wp-content\/uploads\/2025\/07\/Fluehli-Soerenberg-300x204.png 300w\" sizes=\"auto, (max-width: 526px) 100vw, 526px\" \/><\/a><\/figure>\n<\/div>\n<\/div>\n\n\n\n<h2 class=\"wp-block-heading\">Foto<\/h2>\n\n\n\n<figure class=\"wp-block-gallery has-nested-images columns-default is-cropped wp-block-gallery-1 is-layout-flex wp-block-gallery-is-layout-flex\">\n<figure class=\"wp-block-image size-large\"><a href=\"https:\/\/www.jugend-im-berggebiet.ch\/wp-content\/uploads\/2025\/07\/Vorplatzgestaltung-Jugendtreff-30.08.23-scaled.jpg\"><img loading=\"lazy\" decoding=\"async\" width=\"1024\" height=\"768\" data-id=\"6646\" src=\"https:\/\/www.jugend-im-berggebiet.ch\/wp-content\/uploads\/2025\/07\/Vorplatzgestaltung-Jugendtreff-30.08.23-1024x768.jpg\" alt=\"\" class=\"wp-image-6646\" srcset=\"https:\/\/www.jugend-im-berggebiet.ch\/wp-content\/uploads\/2025\/07\/Vorplatzgestaltung-Jugendtreff-30.08.23-1024x768.jpg 1024w, https:\/\/www.jugend-im-berggebiet.ch\/wp-content\/uploads\/2025\/07\/Vorplatzgestaltung-Jugendtreff-30.08.23-300x225.jpg 300w, https:\/\/www.jugend-im-berggebiet.ch\/wp-content\/uploads\/2025\/07\/Vorplatzgestaltung-Jugendtreff-30.08.23-768x576.jpg 768w, https:\/\/www.jugend-im-berggebiet.ch\/wp-content\/uploads\/2025\/07\/Vorplatzgestaltung-Jugendtreff-30.08.23-1536x1152.jpg 1536w, https:\/\/www.jugend-im-berggebiet.ch\/wp-content\/uploads\/2025\/07\/Vorplatzgestaltung-Jugendtreff-30.08.23-2048x1536.jpg 2048w\" sizes=\"auto, (max-width: 1024px) 100vw, 1024px\" \/><\/a><figcaption class=\"wp-element-caption\">I giovani sistemano il piazzale antistante il locale giovanile<\/figcaption><\/figure>\n\n\n\n<figure class=\"wp-block-image size-large\"><a href=\"https:\/\/www.jugend-im-berggebiet.ch\/wp-content\/uploads\/2025\/07\/Freaky-Friday-Jugendfestival-12.05.23-scaled.jpg\"><img loading=\"lazy\" decoding=\"async\" width=\"1024\" height=\"768\" data-id=\"6633\" src=\"https:\/\/www.jugend-im-berggebiet.ch\/wp-content\/uploads\/2025\/07\/Freaky-Friday-Jugendfestival-12.05.23-1024x768.jpg\" alt=\"\" class=\"wp-image-6633\" srcset=\"https:\/\/www.jugend-im-berggebiet.ch\/wp-content\/uploads\/2025\/07\/Freaky-Friday-Jugendfestival-12.05.23-1024x768.jpg 1024w, https:\/\/www.jugend-im-berggebiet.ch\/wp-content\/uploads\/2025\/07\/Freaky-Friday-Jugendfestival-12.05.23-300x225.jpg 300w, https:\/\/www.jugend-im-berggebiet.ch\/wp-content\/uploads\/2025\/07\/Freaky-Friday-Jugendfestival-12.05.23-768x576.jpg 768w, https:\/\/www.jugend-im-berggebiet.ch\/wp-content\/uploads\/2025\/07\/Freaky-Friday-Jugendfestival-12.05.23-1536x1152.jpg 1536w, https:\/\/www.jugend-im-berggebiet.ch\/wp-content\/uploads\/2025\/07\/Freaky-Friday-Jugendfestival-12.05.23-2048x1536.jpg 2048w\" sizes=\"auto, (max-width: 1024px) 100vw, 1024px\" \/><\/a><figcaption class=\"wp-element-caption\">Il festival giovanile \u00abFreaky Friday\u00bb<\/figcaption><\/figure>\n\n\n\n<figure class=\"wp-block-image size-large\"><a href=\"https:\/\/www.jugend-im-berggebiet.ch\/wp-content\/uploads\/2025\/07\/Lichtbildprojekt-29.09.23-scaled.jpg\"><img loading=\"lazy\" decoding=\"async\" width=\"1024\" height=\"768\" data-id=\"6629\" src=\"https:\/\/www.jugend-im-berggebiet.ch\/wp-content\/uploads\/2025\/07\/Lichtbildprojekt-29.09.23-1024x768.jpg\" alt=\"\" class=\"wp-image-6629\" srcset=\"https:\/\/www.jugend-im-berggebiet.ch\/wp-content\/uploads\/2025\/07\/Lichtbildprojekt-29.09.23-1024x768.jpg 1024w, https:\/\/www.jugend-im-berggebiet.ch\/wp-content\/uploads\/2025\/07\/Lichtbildprojekt-29.09.23-300x225.jpg 300w, https:\/\/www.jugend-im-berggebiet.ch\/wp-content\/uploads\/2025\/07\/Lichtbildprojekt-29.09.23-768x576.jpg 768w, https:\/\/www.jugend-im-berggebiet.ch\/wp-content\/uploads\/2025\/07\/Lichtbildprojekt-29.09.23-1536x1152.jpg 1536w, https:\/\/www.jugend-im-berggebiet.ch\/wp-content\/uploads\/2025\/07\/Lichtbildprojekt-29.09.23-2048x1536.jpg 2048w\" sizes=\"auto, (max-width: 1024px) 100vw, 1024px\" \/><\/a><figcaption class=\"wp-element-caption\">Progetto di creazione di immagini con luci<\/figcaption><\/figure>\n\n\n\n<figure class=\"wp-block-image size-large\"><a href=\"https:\/\/www.jugend-im-berggebiet.ch\/wp-content\/uploads\/2025\/07\/Schrattenfluh-mit-Dorf-Soerenberg-und-Rothornkette-vom-19.10.2024-erstellt-durch-Guido-Kueng-Fluehli-\u00a9-3-scaled.jpg\"><img loading=\"lazy\" decoding=\"async\" width=\"1024\" height=\"683\" data-id=\"6638\" src=\"https:\/\/www.jugend-im-berggebiet.ch\/wp-content\/uploads\/2025\/07\/Schrattenfluh-mit-Dorf-Soerenberg-und-Rothornkette-vom-19.10.2024-erstellt-durch-Guido-Kueng-Fluehli-\u00a9-3-1024x683.jpg\" alt=\"\" class=\"wp-image-6638\" srcset=\"https:\/\/www.jugend-im-berggebiet.ch\/wp-content\/uploads\/2025\/07\/Schrattenfluh-mit-Dorf-Soerenberg-und-Rothornkette-vom-19.10.2024-erstellt-durch-Guido-Kueng-Fluehli-\u00a9-3-1024x683.jpg 1024w, https:\/\/www.jugend-im-berggebiet.ch\/wp-content\/uploads\/2025\/07\/Schrattenfluh-mit-Dorf-Soerenberg-und-Rothornkette-vom-19.10.2024-erstellt-durch-Guido-Kueng-Fluehli-\u00a9-3-300x200.jpg 300w, https:\/\/www.jugend-im-berggebiet.ch\/wp-content\/uploads\/2025\/07\/Schrattenfluh-mit-Dorf-Soerenberg-und-Rothornkette-vom-19.10.2024-erstellt-durch-Guido-Kueng-Fluehli-\u00a9-3-768x512.jpg 768w, https:\/\/www.jugend-im-berggebiet.ch\/wp-content\/uploads\/2025\/07\/Schrattenfluh-mit-Dorf-Soerenberg-und-Rothornkette-vom-19.10.2024-erstellt-durch-Guido-Kueng-Fluehli-\u00a9-3-1536x1024.jpg 1536w, https:\/\/www.jugend-im-berggebiet.ch\/wp-content\/uploads\/2025\/07\/Schrattenfluh-mit-Dorf-Soerenberg-und-Rothornkette-vom-19.10.2024-erstellt-durch-Guido-Kueng-Fluehli-\u00a9-3-2048x1365.jpg 2048w\" sizes=\"auto, (max-width: 1024px) 100vw, 1024px\" \/><\/a><figcaption class=\"wp-element-caption\">Vista dalla Schrattenfluh su S\u00f6renberg e sulla catena del Rothorn<\/figcaption><\/figure>\n\n\n\n<figure class=\"wp-block-image size-large\"><a href=\"https:\/\/www.jugend-im-berggebiet.ch\/wp-content\/uploads\/2025\/07\/Hagleren-im-Herbst-vom-12.10.2018-erstellt-durch-Guido-Kueng-Fluehli-\u00a9-scaled.jpg\"><img loading=\"lazy\" decoding=\"async\" width=\"1024\" height=\"683\" data-id=\"6642\" src=\"https:\/\/www.jugend-im-berggebiet.ch\/wp-content\/uploads\/2025\/07\/Hagleren-im-Herbst-vom-12.10.2018-erstellt-durch-Guido-Kueng-Fluehli-\u00a9-1024x683.jpg\" alt=\"\" class=\"wp-image-6642\" srcset=\"https:\/\/www.jugend-im-berggebiet.ch\/wp-content\/uploads\/2025\/07\/Hagleren-im-Herbst-vom-12.10.2018-erstellt-durch-Guido-Kueng-Fluehli-\u00a9-1024x683.jpg 1024w, https:\/\/www.jugend-im-berggebiet.ch\/wp-content\/uploads\/2025\/07\/Hagleren-im-Herbst-vom-12.10.2018-erstellt-durch-Guido-Kueng-Fluehli-\u00a9-300x200.jpg 300w, https:\/\/www.jugend-im-berggebiet.ch\/wp-content\/uploads\/2025\/07\/Hagleren-im-Herbst-vom-12.10.2018-erstellt-durch-Guido-Kueng-Fluehli-\u00a9-768x512.jpg 768w, https:\/\/www.jugend-im-berggebiet.ch\/wp-content\/uploads\/2025\/07\/Hagleren-im-Herbst-vom-12.10.2018-erstellt-durch-Guido-Kueng-Fluehli-\u00a9-1536x1024.jpg 1536w, https:\/\/www.jugend-im-berggebiet.ch\/wp-content\/uploads\/2025\/07\/Hagleren-im-Herbst-vom-12.10.2018-erstellt-durch-Guido-Kueng-Fluehli-\u00a9-2048x1365.jpg 2048w\" sizes=\"auto, (max-width: 1024px) 100vw, 1024px\" \/><\/a><figcaption class=\"wp-element-caption\">La brughiera di Haglere in autunno<\/figcaption><\/figure>\n<figcaption class=\"blocks-gallery-caption wp-element-caption\">Immagini di Schrattenfluh e Haglere: Guido K\u00fcng, Fl\u00fchli<\/figcaption><\/figure>\n","protected":false},"excerpt":{"rendered":"<p>Dati chiave Cantone: Lucerna Regione: Entlebuch Abitanti: 1&#8217;985 Lingua ufficiale: tedesco Superficie in km2: 108 Punto pi\u00f9 alto: 2&#8217;350 m s.l.m. (Brienzer Rothorn) Punto pi\u00f9 basso: 803 m s.l.m. (Waldemme) Sito web: www.fluehli.ch Ricezione del marchio: 2016 Successi Sia per gli adolescenti della scuola secondaria, sia per i giovani adulti dai 16 anni in su, [&hellip;]<\/p>\n","protected":false},"author":5,"featured_media":0,"parent":599,"menu_order":0,"comment_status":"closed","ping_status":"closed","template":"","meta":{"footnotes":""},"class_list":["post-1220","page","type-page","status-publish","hentry"],"_links":{"self":[{"href":"https:\/\/www.jugend-im-berggebiet.ch\/it\/wp-json\/wp\/v2\/pages\/1220","targetHints":{"allow":["GET"]}}],"collection":[{"href":"https:\/\/www.jugend-im-berggebiet.ch\/it\/wp-json\/wp\/v2\/pages"}],"about":[{"href":"https:\/\/www.jugend-im-berggebiet.ch\/it\/wp-json\/wp\/v2\/types\/page"}],"author":[{"embeddable":true,"href":"https:\/\/www.jugend-im-berggebiet.ch\/it\/wp-json\/wp\/v2\/users\/5"}],"replies":[{"embeddable":true,"href":"https:\/\/www.jugend-im-berggebiet.ch\/it\/wp-json\/wp\/v2\/comments?post=1220"}],"version-history":[{"count":23,"href":"https:\/\/www.jugend-im-berggebiet.ch\/it\/wp-json\/wp\/v2\/pages\/1220\/revisions"}],"predecessor-version":[{"id":8972,"href":"https:\/\/www.jugend-im-berggebiet.ch\/it\/wp-json\/wp\/v2\/pages\/1220\/revisions\/8972"}],"up":[{"embeddable":true,"href":"https:\/\/www.jugend-im-berggebiet.ch\/it\/wp-json\/wp\/v2\/pages\/599"}],"wp:attachment":[{"href":"https:\/\/www.jugend-im-berggebiet.ch\/it\/wp-json\/wp\/v2\/media?parent=1220"}],"curies":[{"name":"wp","href":"https:\/\/api.w.org\/{rel}","templated":true}]}}