{"id":1960,"date":"2017-09-11T10:02:57","date_gmt":"2017-09-11T08:02:57","guid":{"rendered":"http:\/\/www.jugend-im-berggebiet.ch\/?page_id=1960"},"modified":"2025-11-12T14:12:49","modified_gmt":"2025-11-12T13:12:49","slug":"ernen-vs","status":"publish","type":"page","link":"https:\/\/www.jugend-im-berggebiet.ch\/it\/un-marchio-per-i-comuni\/ernen-vs\/","title":{"rendered":"Ernen (VS)"},"content":{"rendered":"\n<h2 class=\"wp-block-heading\">Dati chiave<\/h2>\n\n\n\n<div class=\"wp-block-columns is-layout-flex wp-container-core-columns-is-layout-9d6595d7 wp-block-columns-is-layout-flex\">\n<div class=\"wp-block-column is-layout-flow wp-block-column-is-layout-flow\" style=\"flex-basis:66.66%\">\n<ul class=\"wp-block-list\">\n<li>Cantone: Vallese<\/li>\n\n\n\n<li>Regione: Alto Vallese<\/li>\n\n\n\n<li>Abitanti: 550<\/li>\n\n\n\n<li>Lingua ufficiale: tedesco<\/li>\n\n\n\n<li>Superficie&nbsp;in km<sup>2<\/sup>: 35.38<\/li>\n\n\n\n<li>Punto pi\u00f9 alto: 3&#8217;175 m s.l.m. (Rappenhorn)<\/li>\n\n\n\n<li>Punto pi\u00f9 basso: 867 m s.l.m.<\/li>\n\n\n\n<li>Comuni fusi: Steinhaus, M\u00fchlebach, Ernen ed Ausserbinn (fusione nel 2005)<\/li>\n\n\n\n<li>Sito web: <a href=\"http:\/\/www.ernen.ch\" target=\"_blank\" rel=\"noreferrer noopener\">www.ernen.ch<\/a><\/li>\n\n\n\n<li>Ricezione del marchio: 2017<\/li>\n<\/ul>\n\n\n\n<hr class=\"wp-block-separator has-css-opacity is-style-dots\"\/>\n\n\n\n<h2 class=\"wp-block-heading\">Successi<\/h2>\n\n\n\n<p>Il comune \u00e8 molto avanzato nel tema dell&#8217;<strong>abitazione<\/strong> e ha costruito due edifici plurifamiliari. Altri sono ora in fase di pianificazione. Appartamenti moderni e a prezzi accessibili sono molto richiesti e fondamentali se il comune vuole continuare a mantenere la popolazione nel proprio paese d&#8217;origine.<\/p>\n\n\n\n<p>Un grande punto di forza \u00e8 la <strong>comunicazione<\/strong> semplice tra il Comune e la popolazione. I giovani portano le loro esigenze direttamente al Consiglio comunale. Allo stesso modo, il Comune pu\u00f2 rivolgersi ai giovani quando ha bisogno di sostegno, e la popolazione \u00e8 pronta a impegnarsi direttamente.<\/p>\n\n\n\n<p>Ernen \u00e8 un <strong>villaggio molto attivo, vivace e aperto<\/strong>, caratterizzato da un forte impegno comunitario. Ha splendide prospettive per il futuro. I progetti e il ricambio generazionale sono assicurati.<\/p>\n\n\n\n<p>Per Ernen, il <strong>Parco naturale della Valle di Binn<\/strong> \u00e8 una vera benedizione. Contribuisce in modo significativo al turismo sostenibile e favorisce un ambiente sano e rispettoso della natura. Grazie alla formazione e alle offerte per i bambini, questi valori vengono trasmessi fin da piccoli ai giovani abitanti del paese.<\/p>\n\n\n\n<hr class=\"wp-block-separator has-css-opacity is-style-dots\"\/>\n\n\n\n<h2 class=\"wp-block-heading\">Progetti attuali<\/h2>\n\n\n\n<p>Il comune di Ernen si \u00e8 assicurato il terreno per la costruzione della seconda fase del <em>WOGE Bieuti<\/em> (<strong>cooperativa d&#8217;abitazione<\/strong>) e sta elaborando un progetto.<\/p>\n\n\n\n<p>Il Comune sostiene con un contributo di risanamento la ristrutturazione o il completo <strong>rinnovamento di edifici ad uso abitativo<\/strong> nella zona villaggio.<\/p>\n\n\n\n<p>\u00c8 stato avviato un progetto per una <strong>scuola della natura<\/strong>. Sono in corso trattative. Il Parco naturale della Valle di Binn partecipa a questo progetto. Attualmente vengono proposte giornate nel parco agli studenti delle scuole di Untergoms.<\/p>\n\n\n\n<p>A Ernen sono gi\u00e0 stati realizzati e sono ancora previsti dei <strong>laboratori sul futuro<\/strong> con gli abitanti.<\/p>\n\n\n\n<hr class=\"wp-block-separator has-css-opacity is-style-dots\"\/>\n\n\n\n<h2 class=\"wp-block-heading\">Difficolt\u00e0<\/h2>\n\n\n\n<p>La <strong>regionalizzazione della scuola<\/strong> \u00e8 probabilmente la difficolt\u00e0 maggiore. Non ci sono pi\u00f9 attivit\u00e0 scolastiche a Ernen e dal 2023 nemmeno a Binn. Nonostante i numerosi sforzi compiuti per la creazione della scuola a Ernen, questa rimane una sfida.<\/p>\n\n\n\n<hr class=\"wp-block-separator has-css-opacity is-style-dots\"\/>\n<\/div>\n\n\n\n<div class=\"wp-block-column is-layout-flow wp-block-column-is-layout-flow\" style=\"flex-basis:33.33%\">\n<figure class=\"wp-block-image size-full\"><a href=\"https:\/\/www.jugend-im-berggebiet.ch\/wp-content\/uploads\/2025\/07\/Ernen.png\"><img loading=\"lazy\" decoding=\"async\" width=\"446\" height=\"300\" src=\"https:\/\/www.jugend-im-berggebiet.ch\/wp-content\/uploads\/2025\/07\/Ernen.png\" alt=\"\" class=\"wp-image-4429\" srcset=\"https:\/\/www.jugend-im-berggebiet.ch\/wp-content\/uploads\/2025\/07\/Ernen.png 446w, https:\/\/www.jugend-im-berggebiet.ch\/wp-content\/uploads\/2025\/07\/Ernen-300x202.png 300w\" sizes=\"auto, (max-width: 446px) 100vw, 446px\" \/><\/a><\/figure>\n<\/div>\n<\/div>\n\n\n\n<h2 class=\"wp-block-heading\">Foto<\/h2>\n\n\n\n<figure class=\"wp-block-gallery has-nested-images columns-default is-cropped wp-block-gallery-1 is-layout-flex wp-block-gallery-is-layout-flex\">\n<figure class=\"wp-block-image size-large\"><a href=\"https:\/\/www.jugend-im-berggebiet.ch\/wp-content\/uploads\/2025\/07\/Ernen.jpg\"><img loading=\"lazy\" decoding=\"async\" width=\"1024\" height=\"560\" data-id=\"4437\" src=\"https:\/\/www.jugend-im-berggebiet.ch\/wp-content\/uploads\/2025\/07\/Ernen-1024x560.jpg\" alt=\"\" class=\"wp-image-4437\" srcset=\"https:\/\/www.jugend-im-berggebiet.ch\/wp-content\/uploads\/2025\/07\/Ernen-1024x560.jpg 1024w, https:\/\/www.jugend-im-berggebiet.ch\/wp-content\/uploads\/2025\/07\/Ernen-300x164.jpg 300w, https:\/\/www.jugend-im-berggebiet.ch\/wp-content\/uploads\/2025\/07\/Ernen-768x420.jpg 768w, https:\/\/www.jugend-im-berggebiet.ch\/wp-content\/uploads\/2025\/07\/Ernen-1536x839.jpg 1536w, https:\/\/www.jugend-im-berggebiet.ch\/wp-content\/uploads\/2025\/07\/Ernen.jpg 2000w\" sizes=\"auto, (max-width: 1024px) 100vw, 1024px\" \/><\/a><figcaption class=\"wp-element-caption\">Il centro del paese di Ernen<\/figcaption><\/figure>\n\n\n\n<figure class=\"wp-block-image size-large\"><a href=\"https:\/\/www.jugend-im-berggebiet.ch\/wp-content\/uploads\/2025\/07\/20241012_CZ_Herbstmarkt-38-scaled.jpg\"><img loading=\"lazy\" decoding=\"async\" width=\"1024\" height=\"683\" data-id=\"4439\" src=\"https:\/\/www.jugend-im-berggebiet.ch\/wp-content\/uploads\/2025\/07\/20241012_CZ_Herbstmarkt-38-1024x683.jpg\" alt=\"\" class=\"wp-image-4439\" srcset=\"https:\/\/www.jugend-im-berggebiet.ch\/wp-content\/uploads\/2025\/07\/20241012_CZ_Herbstmarkt-38-1024x683.jpg 1024w, https:\/\/www.jugend-im-berggebiet.ch\/wp-content\/uploads\/2025\/07\/20241012_CZ_Herbstmarkt-38-300x200.jpg 300w, https:\/\/www.jugend-im-berggebiet.ch\/wp-content\/uploads\/2025\/07\/20241012_CZ_Herbstmarkt-38-768x512.jpg 768w, https:\/\/www.jugend-im-berggebiet.ch\/wp-content\/uploads\/2025\/07\/20241012_CZ_Herbstmarkt-38-1536x1024.jpg 1536w, https:\/\/www.jugend-im-berggebiet.ch\/wp-content\/uploads\/2025\/07\/20241012_CZ_Herbstmarkt-38-2048x1365.jpg 2048w\" sizes=\"auto, (max-width: 1024px) 100vw, 1024px\" \/><\/a><figcaption class=\"wp-element-caption\">Mercato autunnale nella piazza del paese<\/figcaption><\/figure>\n\n\n\n<figure class=\"wp-block-image size-full\"><a href=\"https:\/\/www.jugend-im-berggebiet.ch\/wp-content\/uploads\/2025\/07\/Kirche.jpg\"><img loading=\"lazy\" decoding=\"async\" width=\"950\" height=\"712\" data-id=\"4436\" src=\"https:\/\/www.jugend-im-berggebiet.ch\/wp-content\/uploads\/2025\/07\/Kirche.jpg\" alt=\"\" class=\"wp-image-4436\" srcset=\"https:\/\/www.jugend-im-berggebiet.ch\/wp-content\/uploads\/2025\/07\/Kirche.jpg 950w, https:\/\/www.jugend-im-berggebiet.ch\/wp-content\/uploads\/2025\/07\/Kirche-300x225.jpg 300w, https:\/\/www.jugend-im-berggebiet.ch\/wp-content\/uploads\/2025\/07\/Kirche-768x576.jpg 768w\" sizes=\"auto, (max-width: 950px) 100vw, 950px\" \/><\/a><figcaption class=\"wp-element-caption\">La chiesa di Ernen<\/figcaption><\/figure>\n\n\n\n<figure class=\"wp-block-image size-large\"><a href=\"https:\/\/www.jugend-im-berggebiet.ch\/wp-content\/uploads\/2025\/07\/20240504_MB_Putztag-Zauberwald-97-scaled.jpg\"><img loading=\"lazy\" decoding=\"async\" width=\"1024\" height=\"683\" data-id=\"4440\" src=\"https:\/\/www.jugend-im-berggebiet.ch\/wp-content\/uploads\/2025\/07\/20240504_MB_Putztag-Zauberwald-97-1024x683.jpg\" alt=\"\" class=\"wp-image-4440\" srcset=\"https:\/\/www.jugend-im-berggebiet.ch\/wp-content\/uploads\/2025\/07\/20240504_MB_Putztag-Zauberwald-97-1024x683.jpg 1024w, https:\/\/www.jugend-im-berggebiet.ch\/wp-content\/uploads\/2025\/07\/20240504_MB_Putztag-Zauberwald-97-300x200.jpg 300w, https:\/\/www.jugend-im-berggebiet.ch\/wp-content\/uploads\/2025\/07\/20240504_MB_Putztag-Zauberwald-97-768x512.jpg 768w, https:\/\/www.jugend-im-berggebiet.ch\/wp-content\/uploads\/2025\/07\/20240504_MB_Putztag-Zauberwald-97-1536x1024.jpg 1536w, https:\/\/www.jugend-im-berggebiet.ch\/wp-content\/uploads\/2025\/07\/20240504_MB_Putztag-Zauberwald-97-2048x1365.jpg 2048w\" sizes=\"auto, (max-width: 1024px) 100vw, 1024px\" \/><\/a><figcaption class=\"wp-element-caption\">Giornata di pulizia nella foresta incantata<\/figcaption><\/figure>\n\n\n\n<figure class=\"wp-block-image size-full\"><a href=\"https:\/\/www.jugend-im-berggebiet.ch\/wp-content\/uploads\/2025\/07\/fotos04g.jpg\"><img loading=\"lazy\" decoding=\"async\" width=\"500\" height=\"500\" data-id=\"4435\" src=\"https:\/\/www.jugend-im-berggebiet.ch\/wp-content\/uploads\/2025\/07\/fotos04g.jpg\" alt=\"\" class=\"wp-image-4435\" srcset=\"https:\/\/www.jugend-im-berggebiet.ch\/wp-content\/uploads\/2025\/07\/fotos04g.jpg 500w, https:\/\/www.jugend-im-berggebiet.ch\/wp-content\/uploads\/2025\/07\/fotos04g-300x300.jpg 300w, https:\/\/www.jugend-im-berggebiet.ch\/wp-content\/uploads\/2025\/07\/fotos04g-150x150.jpg 150w\" sizes=\"auto, (max-width: 500px) 100vw, 500px\" \/><\/a><figcaption class=\"wp-element-caption\">La chiesa di Ernen<\/figcaption><\/figure>\n\n\n\n<figure class=\"wp-block-image size-large\"><a href=\"https:\/\/www.jugend-im-berggebiet.ch\/wp-content\/uploads\/2025\/07\/20240726_Maerliabend-7-scaled.jpg\"><img loading=\"lazy\" decoding=\"async\" width=\"1024\" height=\"683\" data-id=\"4438\" src=\"https:\/\/www.jugend-im-berggebiet.ch\/wp-content\/uploads\/2025\/07\/20240726_Maerliabend-7-1024x683.jpg\" alt=\"\" class=\"wp-image-4438\" srcset=\"https:\/\/www.jugend-im-berggebiet.ch\/wp-content\/uploads\/2025\/07\/20240726_Maerliabend-7-1024x683.jpg 1024w, https:\/\/www.jugend-im-berggebiet.ch\/wp-content\/uploads\/2025\/07\/20240726_Maerliabend-7-300x200.jpg 300w, https:\/\/www.jugend-im-berggebiet.ch\/wp-content\/uploads\/2025\/07\/20240726_Maerliabend-7-768x512.jpg 768w, https:\/\/www.jugend-im-berggebiet.ch\/wp-content\/uploads\/2025\/07\/20240726_Maerliabend-7-1536x1024.jpg 1536w, https:\/\/www.jugend-im-berggebiet.ch\/wp-content\/uploads\/2025\/07\/20240726_Maerliabend-7-2048x1365.jpg 2048w\" sizes=\"auto, (max-width: 1024px) 100vw, 1024px\" \/><\/a><figcaption class=\"wp-element-caption\">Serata di fiabe nella foresta incantata<\/figcaption><\/figure>\n<\/figure>\n","protected":false},"excerpt":{"rendered":"<p>Dati chiave Cantone: Vallese Regione: Alto Vallese Abitanti: 550 Lingua ufficiale: tedesco Superficie&nbsp;in km2: 35.38 Punto pi\u00f9 alto: 3&#8217;175 m s.l.m. (Rappenhorn) Punto pi\u00f9 basso: 867 m s.l.m. Comuni fusi: Steinhaus, M\u00fchlebach, Ernen ed Ausserbinn (fusione nel 2005) Sito web: www.ernen.ch Ricezione del marchio: 2017 Successi Il comune \u00e8 molto avanzato nel tema dell&#8217;abitazione e [&hellip;]<\/p>\n","protected":false},"author":5,"featured_media":0,"parent":599,"menu_order":0,"comment_status":"closed","ping_status":"closed","template":"","meta":{"footnotes":""},"class_list":["post-1960","page","type-page","status-publish","hentry"],"_links":{"self":[{"href":"https:\/\/www.jugend-im-berggebiet.ch\/it\/wp-json\/wp\/v2\/pages\/1960","targetHints":{"allow":["GET"]}}],"collection":[{"href":"https:\/\/www.jugend-im-berggebiet.ch\/it\/wp-json\/wp\/v2\/pages"}],"about":[{"href":"https:\/\/www.jugend-im-berggebiet.ch\/it\/wp-json\/wp\/v2\/types\/page"}],"author":[{"embeddable":true,"href":"https:\/\/www.jugend-im-berggebiet.ch\/it\/wp-json\/wp\/v2\/users\/5"}],"replies":[{"embeddable":true,"href":"https:\/\/www.jugend-im-berggebiet.ch\/it\/wp-json\/wp\/v2\/comments?post=1960"}],"version-history":[{"count":15,"href":"https:\/\/www.jugend-im-berggebiet.ch\/it\/wp-json\/wp\/v2\/pages\/1960\/revisions"}],"predecessor-version":[{"id":8551,"href":"https:\/\/www.jugend-im-berggebiet.ch\/it\/wp-json\/wp\/v2\/pages\/1960\/revisions\/8551"}],"up":[{"embeddable":true,"href":"https:\/\/www.jugend-im-berggebiet.ch\/it\/wp-json\/wp\/v2\/pages\/599"}],"wp:attachment":[{"href":"https:\/\/www.jugend-im-berggebiet.ch\/it\/wp-json\/wp\/v2\/media?parent=1960"}],"curies":[{"name":"wp","href":"https:\/\/api.w.org\/{rel}","templated":true}]}}