{"id":2013,"date":"2017-10-25T09:38:26","date_gmt":"2017-10-25T07:38:26","guid":{"rendered":"http:\/\/www.jugend-im-berggebiet.ch\/?page_id=2013"},"modified":"2019-08-27T13:21:33","modified_gmt":"2019-08-27T11:21:33","slug":"saas-grund-vs","status":"publish","type":"page","link":"https:\/\/www.jugend-im-berggebiet.ch\/it\/un-marchio-per-i-comuni\/saas-grund-vs\/","title":{"rendered":"Saas-Grund (VS)"},"content":{"rendered":"<p><a href=\"https:\/\/www.jugend-im-berggebiet.ch\/wp-content\/uploads\/2017\/07\/Clipboard01.jpg\"><img loading=\"lazy\" decoding=\"async\" class=\"wp-image-1762 alignright\" src=\"https:\/\/www.jugend-im-berggebiet.ch\/wp-content\/uploads\/2017\/07\/Clipboard01.jpg\" alt=\"\" width=\"210\" height=\"372\" srcset=\"https:\/\/www.jugend-im-berggebiet.ch\/wp-content\/uploads\/2017\/07\/Clipboard01.jpg 1758w, https:\/\/www.jugend-im-berggebiet.ch\/wp-content\/uploads\/2017\/07\/Clipboard01-169x300.jpg 169w, https:\/\/www.jugend-im-berggebiet.ch\/wp-content\/uploads\/2017\/07\/Clipboard01-768x1360.jpg 768w, https:\/\/www.jugend-im-berggebiet.ch\/wp-content\/uploads\/2017\/07\/Clipboard01-578x1024.jpg 578w\" sizes=\"auto, (max-width: 210px) 100vw, 210px\" \/><\/a><a href=\"https:\/\/www.jugend-im-berggebiet.ch\/wp-content\/uploads\/2017\/07\/Saas-grund.jpg\"><img loading=\"lazy\" decoding=\"async\" class=\"wp-image-1760 alignright\" src=\"https:\/\/www.jugend-im-berggebiet.ch\/wp-content\/uploads\/2017\/07\/Saas-grund.jpg\" alt=\"\" width=\"428\" height=\"257\" srcset=\"https:\/\/www.jugend-im-berggebiet.ch\/wp-content\/uploads\/2017\/07\/Saas-grund.jpg 2000w, https:\/\/www.jugend-im-berggebiet.ch\/wp-content\/uploads\/2017\/07\/Saas-grund-300x180.jpg 300w, https:\/\/www.jugend-im-berggebiet.ch\/wp-content\/uploads\/2017\/07\/Saas-grund-768x461.jpg 768w, https:\/\/www.jugend-im-berggebiet.ch\/wp-content\/uploads\/2017\/07\/Saas-grund-1024x614.jpg 1024w\" sizes=\"auto, (max-width: 428px) 100vw, 428px\" \/><\/a>I&nbsp; giovani di Saas-Grund beneficiano di un\u2019offerta per il tempo libero molto diversificata. Sono disponibili un campo di calcio, di tennis e di pallavolo, oltre ad una sala dedicata all\u2019arrampicata per soddisfare tutti i tipi di sportivi. Esistono anche numerosi sentieri turistici particolarmente ben attrezzati, oltre a numerose possibilit\u00e0 di scalata da scoprire nella valle di Saas.<\/p>\n<p>Per accompagnare i giovani, i comuni di Saas si sono uniti. Ecco alcune delle loro misure&nbsp;:<\/p>\n<ul>\n<li><strong>Il tema della giovent\u00f9 in montagna a scuola :<\/strong> le scuole di tutta la vallata di Saas affrontano ogni anno il tema della \u201cgiovent\u00f9\u201d. Gli argomenti trattati sono la scuola, la vita nei villaggi di montagna, i villaggi di montagna e il turismo, la scelta della carriera con delle giornate di stage all\u2019interno delle imprese locali \u2026<\/li>\n<li><strong>Promozione dei giovani<\/strong> : un animatore per la giovent\u00f9 della valle di Saas \u00e8 sostenuto dal comune di Saas-Grund. Il suo ufficio \u00e8 situato al centro del villaggio (informazioni su Internet; cortometraggio \u201cJAST Saas\u201d sulle attivit\u00e0 della giovent\u00f9).<\/li>\n<li><strong>Pranzo di mezzogiorno al ristorante per i bambini in et\u00e0 scolare : <\/strong>sono proposti dei pranzi a mezzogiorno, con la presa a carico dei bambini. Questo servizio \u00e8 proposto dal comune e dalla scuola. Una volta la settimana, i bambini possono pranzare assieme al ristorante del villaggio e fare i loro compiti prima della ripresa delle lezioni all\u2019inizio del pomeriggio.<\/li>\n<\/ul>\n<p><a href=\"http:\/\/www.3910.ch\/\">Commune de Saas-Grund<\/a><\/p>\n","protected":false},"excerpt":{"rendered":"<p>I&nbsp; giovani di Saas-Grund beneficiano di un\u2019offerta per il tempo libero molto diversificata. Sono disponibili un campo di calcio, di tennis e di pallavolo, oltre ad una sala dedicata all\u2019arrampicata per soddisfare tutti i tipi di sportivi. Esistono anche numerosi sentieri turistici particolarmente ben attrezzati, oltre a numerose possibilit\u00e0 di scalata da scoprire nella valle [&hellip;]<\/p>\n","protected":false},"author":5,"featured_media":0,"parent":599,"menu_order":0,"comment_status":"closed","ping_status":"closed","template":"","meta":{"footnotes":""},"class_list":["post-2013","page","type-page","status-publish","hentry"],"_links":{"self":[{"href":"https:\/\/www.jugend-im-berggebiet.ch\/it\/wp-json\/wp\/v2\/pages\/2013","targetHints":{"allow":["GET"]}}],"collection":[{"href":"https:\/\/www.jugend-im-berggebiet.ch\/it\/wp-json\/wp\/v2\/pages"}],"about":[{"href":"https:\/\/www.jugend-im-berggebiet.ch\/it\/wp-json\/wp\/v2\/types\/page"}],"author":[{"embeddable":true,"href":"https:\/\/www.jugend-im-berggebiet.ch\/it\/wp-json\/wp\/v2\/users\/5"}],"replies":[{"embeddable":true,"href":"https:\/\/www.jugend-im-berggebiet.ch\/it\/wp-json\/wp\/v2\/comments?post=2013"}],"version-history":[{"count":4,"href":"https:\/\/www.jugend-im-berggebiet.ch\/it\/wp-json\/wp\/v2\/pages\/2013\/revisions"}],"predecessor-version":[{"id":2737,"href":"https:\/\/www.jugend-im-berggebiet.ch\/it\/wp-json\/wp\/v2\/pages\/2013\/revisions\/2737"}],"up":[{"embeddable":true,"href":"https:\/\/www.jugend-im-berggebiet.ch\/it\/wp-json\/wp\/v2\/pages\/599"}],"wp:attachment":[{"href":"https:\/\/www.jugend-im-berggebiet.ch\/it\/wp-json\/wp\/v2\/media?parent=2013"}],"curies":[{"name":"wp","href":"https:\/\/api.w.org\/{rel}","templated":true}]}}