{"id":2139,"date":"2018-09-06T14:38:01","date_gmt":"2018-09-06T12:38:01","guid":{"rendered":"http:\/\/www.jugend-im-berggebiet.ch\/?page_id=2139"},"modified":"2025-11-06T19:17:00","modified_gmt":"2025-11-06T18:17:00","slug":"andermatt-ur","status":"publish","type":"page","link":"https:\/\/www.jugend-im-berggebiet.ch\/it\/un-marchio-per-i-comuni\/andermatt-ur\/","title":{"rendered":"Andermatt (UR)"},"content":{"rendered":"\n<h2 class=\"wp-block-heading\">Dati chiave<\/h2>\n\n\n\n<div class=\"wp-block-columns is-layout-flex wp-container-core-columns-is-layout-9d6595d7 wp-block-columns-is-layout-flex\">\n<div class=\"wp-block-column is-layout-flow wp-block-column-is-layout-flow\" style=\"flex-basis:66.66%\">\n<ul class=\"wp-block-list\">\n<li>Cantone: Uri<\/li>\n\n\n\n<li>Regione: &#8211;<\/li>\n\n\n\n<li>Abitanti: 1&#8217;665<\/li>\n\n\n\n<li>Lingua ufficiale: tedesco<\/li>\n\n\n\n<li>Superficie&nbsp;in km<sup>2<\/sup>: 62.26<\/li>\n\n\n\n<li>Punto pi\u00f9 alto: 3&#8217;001 m s.l.m. (Piz Centrale)<\/li>\n\n\n\n<li>Punto pi\u00f9 basso: 1&#8217;327 m s.l.m. (Br\u00fcggwald)<\/li>\n\n\n\n<li>Sito web: <a href=\"http:\/\/www.gemeinde-andermatt.ch\" data-type=\"link\" data-id=\"www.gemeinde-andermatt.ch\" target=\"_blank\" rel=\"noreferrer noopener\">www.gemeinde-andermatt.ch<\/a><\/li>\n\n\n\n<li>Ricezione del marchio: 2018<\/li>\n<\/ul>\n\n\n\n<hr class=\"wp-block-separator has-css-opacity aligncenter is-style-dots\"\/>\n\n\n\n<h2 class=\"wp-block-heading\">Successi<\/h2>\n\n\n\n<p>Il Comune di Andermatt<strong> si impegna attivamente a favore dei giovani<\/strong>. Le infrastrutture scolastiche sono state rinnovate e ampliate, vengono creati sempre pi\u00f9 posti di apprendistato interessanti e l\u2019offerta di aree gioco viene costantemente allargata. Inoltre, vengono garantiti i collegamenti con i trasporti pubblici, adattandooli alle esigenze dei pendolari.<\/p>\n\n\n\n<p><strong>Scuola del villaggio<\/strong>: Andermatt mantiene la collaborazione provata della scuola distrettuale di Orsera con i Comuni di Hospental e Realp. I servizi di trasporto scolastico contribuiscono al liscio funzionamento della attivit\u00e0 scolastica. Il servizio di accoglienza pre- e post-scolastica completa l&#8217;offerta. Qualche anno fa, il Comune ha investito nel risanamento delle aule scolastiche e nell\u2019ampliamento dei laboratori e delle sale polivalenti. Queste ultime offrono adesso pi\u00f9 spazio per gli eventi organizzati dalle associazioni.<\/p>\n\n\n\n<p><strong>Locale giovanile:<\/strong> Il locale giovanile \u00e8 stato ristrutturato e arredato insieme ai giovani. Dal 2014, nell&#8217;ambito dell&#8217;iniziativa <em>Midnight Point<\/em>, due sere al mese la palestra \u00e8 a disposizione dei giovani per lo sport, il divertimento e la comunit\u00e0.<\/p>\n\n\n\n<hr class=\"wp-block-separator has-text-color has-black-color has-css-opacity has-black-background-color has-background aligncenter is-style-dots\"\/>\n\n\n\n<h2 class=\"wp-block-heading\">Progetti attuali<\/h2>\n\n\n\n<p><strong>Progetto pilota per una struttura diurna:<\/strong> Da alcuni anni, le famiglie beneficiano dell\u2019offerta di un servizio professionale di assistenza diurna per bambini dai 3 mesi ai 12 anni. Recentemente, l\u2019offerta \u00e8 stata ampliata con un servizio di pranzo nella struttura diurna.<\/p>\n\n\n\n<p><strong>Partecipazione alla politica<\/strong>: Andermatt punta sulla partecipazione. Chi vive qui deve poter contribuire attivamente \u2013 anche i pi\u00f9 giovani. Di recente, si \u00e8 tenuta ad Andermatt la prima conferenza dei bambini. Bambini e ragazzi dalla quinta alla nona classe hanno potuto presentare direttamente al Comune le proprie idee e i propri desideri. Inoltre, ogni anno si svolge un Parlamento giovanile.<\/p>\n\n\n\n<p><strong>Formazione sul territorio<\/strong>: Andermatt non \u00e8 solo un luogo di lavoro in crescita, ma attribuisce anche grande importanza a un\u2019ampia offerta formativa per i suoi diplomati. Il Comune cura una stretta collaborazione con le autorit\u00e0 cantonali e le aziende locali per garantire dei posti di apprendistato e, soprattutto, per crearne di nuovi.<\/p>\n\n\n\n<hr class=\"wp-block-separator has-text-color has-black-color has-css-opacity has-black-background-color has-background aligncenter is-style-dots\"\/>\n\n\n\n<h2 class=\"wp-block-heading\">Difficolt\u00e0<\/h2>\n\n\n\n<p>Con il resort turistico, Andermatt \u00e8 <strong>cambiato rapidamente<\/strong> negli ultimi anni. Ci\u00f2 rappresenta una sfida per il Comune, poich\u00e9 l\u2019obiettivo non \u00e8 solo di stare al passo con i tempi, ma di rimanere attraente per le famiglie, gli anziani, le persone attive professionalmente e per i giovani. Per quest\u2019ultimo gruppo, il Comune di Andermatt punta su misure specifiche.<\/p>\n\n\n\n<p>Non \u00e8 sempre facile incoraggiare i giovani adulti ad avviare, realizzare o gestire progetti propri e suscitare il loro <strong>interesse per la politica<\/strong>.<\/p>\n\n\n\n<hr class=\"wp-block-separator has-text-color has-black-color has-css-opacity has-black-background-color has-background aligncenter is-style-dots\"\/>\n<\/div>\n\n\n\n<div class=\"wp-block-column is-layout-flow wp-block-column-is-layout-flow\" style=\"flex-basis:33.33%\">\n<figure class=\"wp-block-image size-full\"><a href=\"https:\/\/www.jugend-im-berggebiet.ch\/wp-content\/uploads\/2025\/07\/Andermatt-2.png\"><img loading=\"lazy\" decoding=\"async\" width=\"655\" height=\"444\" src=\"https:\/\/www.jugend-im-berggebiet.ch\/wp-content\/uploads\/2025\/07\/Andermatt-2.png\" alt=\"\" class=\"wp-image-6932\" srcset=\"https:\/\/www.jugend-im-berggebiet.ch\/wp-content\/uploads\/2025\/07\/Andermatt-2.png 655w, https:\/\/www.jugend-im-berggebiet.ch\/wp-content\/uploads\/2025\/07\/Andermatt-2-300x203.png 300w\" sizes=\"auto, (max-width: 655px) 100vw, 655px\" \/><\/a><\/figure>\n<\/div>\n<\/div>\n\n\n\n<h2 class=\"wp-block-heading\">Foto<\/h2>\n\n\n\n<figure class=\"wp-block-gallery has-nested-images columns-3 is-cropped wp-block-gallery-1 is-layout-flex wp-block-gallery-is-layout-flex\">\n<figure class=\"wp-block-image size-large\"><a href=\"https:\/\/www.jugend-im-berggebiet.ch\/wp-content\/uploads\/2025\/08\/Andermatt-bild-3-1-scaled.jpg\"><img loading=\"lazy\" decoding=\"async\" width=\"1024\" height=\"683\" data-id=\"7449\" src=\"https:\/\/www.jugend-im-berggebiet.ch\/wp-content\/uploads\/2025\/08\/Andermatt-bild-3-1-1024x683.jpg\" alt=\"\" class=\"wp-image-7449\" srcset=\"https:\/\/www.jugend-im-berggebiet.ch\/wp-content\/uploads\/2025\/08\/Andermatt-bild-3-1-1024x683.jpg 1024w, https:\/\/www.jugend-im-berggebiet.ch\/wp-content\/uploads\/2025\/08\/Andermatt-bild-3-1-300x200.jpg 300w, https:\/\/www.jugend-im-berggebiet.ch\/wp-content\/uploads\/2025\/08\/Andermatt-bild-3-1-768x512.jpg 768w, https:\/\/www.jugend-im-berggebiet.ch\/wp-content\/uploads\/2025\/08\/Andermatt-bild-3-1-1536x1024.jpg 1536w, https:\/\/www.jugend-im-berggebiet.ch\/wp-content\/uploads\/2025\/08\/Andermatt-bild-3-1-2048x1365.jpg 2048w\" sizes=\"auto, (max-width: 1024px) 100vw, 1024px\" \/><\/a><figcaption class=\"wp-element-caption\">Il villaggio di Andermatt<\/figcaption><\/figure>\n\n\n\n<figure class=\"wp-block-image size-large\"><a href=\"https:\/\/www.jugend-im-berggebiet.ch\/wp-content\/uploads\/2025\/08\/04-Hockeynight_01-scaled.jpg\"><img loading=\"lazy\" decoding=\"async\" width=\"1024\" height=\"768\" data-id=\"7445\" src=\"https:\/\/www.jugend-im-berggebiet.ch\/wp-content\/uploads\/2025\/08\/04-Hockeynight_01-1024x768.jpg\" alt=\"\" class=\"wp-image-7445\" srcset=\"https:\/\/www.jugend-im-berggebiet.ch\/wp-content\/uploads\/2025\/08\/04-Hockeynight_01-1024x768.jpg 1024w, https:\/\/www.jugend-im-berggebiet.ch\/wp-content\/uploads\/2025\/08\/04-Hockeynight_01-300x225.jpg 300w, https:\/\/www.jugend-im-berggebiet.ch\/wp-content\/uploads\/2025\/08\/04-Hockeynight_01-768x576.jpg 768w, https:\/\/www.jugend-im-berggebiet.ch\/wp-content\/uploads\/2025\/08\/04-Hockeynight_01-1536x1152.jpg 1536w, https:\/\/www.jugend-im-berggebiet.ch\/wp-content\/uploads\/2025\/08\/04-Hockeynight_01-2048x1536.jpg 2048w\" sizes=\"auto, (max-width: 1024px) 100vw, 1024px\" \/><\/a><figcaption class=\"wp-element-caption\">Serata hockey<\/figcaption><\/figure>\n\n\n\n<figure class=\"wp-block-image size-large\"><a href=\"https:\/\/www.jugend-im-berggebiet.ch\/wp-content\/uploads\/2025\/08\/08-Spielplatz-Bodenstrasse-scaled.jpg\"><img loading=\"lazy\" decoding=\"async\" width=\"1024\" height=\"768\" data-id=\"7454\" src=\"https:\/\/www.jugend-im-berggebiet.ch\/wp-content\/uploads\/2025\/08\/08-Spielplatz-Bodenstrasse-1024x768.jpg\" alt=\"\" class=\"wp-image-7454\" srcset=\"https:\/\/www.jugend-im-berggebiet.ch\/wp-content\/uploads\/2025\/08\/08-Spielplatz-Bodenstrasse-1024x768.jpg 1024w, https:\/\/www.jugend-im-berggebiet.ch\/wp-content\/uploads\/2025\/08\/08-Spielplatz-Bodenstrasse-300x225.jpg 300w, https:\/\/www.jugend-im-berggebiet.ch\/wp-content\/uploads\/2025\/08\/08-Spielplatz-Bodenstrasse-768x576.jpg 768w, https:\/\/www.jugend-im-berggebiet.ch\/wp-content\/uploads\/2025\/08\/08-Spielplatz-Bodenstrasse-1536x1152.jpg 1536w, https:\/\/www.jugend-im-berggebiet.ch\/wp-content\/uploads\/2025\/08\/08-Spielplatz-Bodenstrasse-2048x1536.jpg 2048w\" sizes=\"auto, (max-width: 1024px) 100vw, 1024px\" \/><\/a><figcaption class=\"wp-element-caption\">L&#8217;area giochi allestita in modo naturale<\/figcaption><\/figure>\n\n\n\n<figure class=\"wp-block-image size-large\"><a href=\"https:\/\/www.jugend-im-berggebiet.ch\/wp-content\/uploads\/2025\/08\/Schneeschuh-laufen-Andermatt-Unteralp-scaled.jpg\"><img loading=\"lazy\" decoding=\"async\" width=\"1024\" height=\"683\" data-id=\"7462\" src=\"https:\/\/www.jugend-im-berggebiet.ch\/wp-content\/uploads\/2025\/08\/Schneeschuh-laufen-Andermatt-Unteralp-1024x683.jpg\" alt=\"\" class=\"wp-image-7462\" srcset=\"https:\/\/www.jugend-im-berggebiet.ch\/wp-content\/uploads\/2025\/08\/Schneeschuh-laufen-Andermatt-Unteralp-1024x683.jpg 1024w, https:\/\/www.jugend-im-berggebiet.ch\/wp-content\/uploads\/2025\/08\/Schneeschuh-laufen-Andermatt-Unteralp-300x200.jpg 300w, https:\/\/www.jugend-im-berggebiet.ch\/wp-content\/uploads\/2025\/08\/Schneeschuh-laufen-Andermatt-Unteralp-768x512.jpg 768w, https:\/\/www.jugend-im-berggebiet.ch\/wp-content\/uploads\/2025\/08\/Schneeschuh-laufen-Andermatt-Unteralp-1536x1024.jpg 1536w, https:\/\/www.jugend-im-berggebiet.ch\/wp-content\/uploads\/2025\/08\/Schneeschuh-laufen-Andermatt-Unteralp-2048x1365.jpg 2048w\" sizes=\"auto, (max-width: 1024px) 100vw, 1024px\" \/><\/a><figcaption class=\"wp-element-caption\">Vista sul villaggio da Unteralp<\/figcaption><\/figure>\n\n\n\n<figure class=\"wp-block-image size-large\"><a href=\"https:\/\/www.jugend-im-berggebiet.ch\/wp-content\/uploads\/2025\/08\/18-Wooldmanndli_2019-8-scaled.jpeg\"><img loading=\"lazy\" decoding=\"async\" width=\"1024\" height=\"768\" data-id=\"7461\" src=\"https:\/\/www.jugend-im-berggebiet.ch\/wp-content\/uploads\/2025\/08\/18-Wooldmanndli_2019-8-1024x768.jpeg\" alt=\"\" class=\"wp-image-7461\" srcset=\"https:\/\/www.jugend-im-berggebiet.ch\/wp-content\/uploads\/2025\/08\/18-Wooldmanndli_2019-8-1024x768.jpeg 1024w, https:\/\/www.jugend-im-berggebiet.ch\/wp-content\/uploads\/2025\/08\/18-Wooldmanndli_2019-8-300x225.jpeg 300w, https:\/\/www.jugend-im-berggebiet.ch\/wp-content\/uploads\/2025\/08\/18-Wooldmanndli_2019-8-768x576.jpeg 768w, https:\/\/www.jugend-im-berggebiet.ch\/wp-content\/uploads\/2025\/08\/18-Wooldmanndli_2019-8-1536x1152.jpeg 1536w, https:\/\/www.jugend-im-berggebiet.ch\/wp-content\/uploads\/2025\/08\/18-Wooldmanndli_2019-8-2048x1536.jpeg 2048w\" sizes=\"auto, (max-width: 1024px) 100vw, 1024px\" \/><\/a><figcaption class=\"wp-element-caption\">La tradizionale sfilata dei piccoli uomini dei boschi (<em>Woldmanndli<\/em>)<\/figcaption><\/figure>\n\n\n\n<figure class=\"wp-block-image size-large\"><a href=\"https:\/\/www.jugend-im-berggebiet.ch\/wp-content\/uploads\/2025\/08\/Bild2-Homepage-scaled.jpg\"><img loading=\"lazy\" decoding=\"async\" width=\"1024\" height=\"768\" data-id=\"7453\" src=\"https:\/\/www.jugend-im-berggebiet.ch\/wp-content\/uploads\/2025\/08\/Bild2-Homepage-1024x768.jpg\" alt=\"\" class=\"wp-image-7453\" srcset=\"https:\/\/www.jugend-im-berggebiet.ch\/wp-content\/uploads\/2025\/08\/Bild2-Homepage-1024x768.jpg 1024w, https:\/\/www.jugend-im-berggebiet.ch\/wp-content\/uploads\/2025\/08\/Bild2-Homepage-300x225.jpg 300w, https:\/\/www.jugend-im-berggebiet.ch\/wp-content\/uploads\/2025\/08\/Bild2-Homepage-768x576.jpg 768w, https:\/\/www.jugend-im-berggebiet.ch\/wp-content\/uploads\/2025\/08\/Bild2-Homepage-1536x1152.jpg 1536w, https:\/\/www.jugend-im-berggebiet.ch\/wp-content\/uploads\/2025\/08\/Bild2-Homepage-2048x1536.jpg 2048w\" sizes=\"auto, (max-width: 1024px) 100vw, 1024px\" \/><\/a><figcaption class=\"wp-element-caption\">Andermatt, capoluogo della valle di Orsera<\/figcaption><\/figure>\n<\/figure>\n","protected":false},"excerpt":{"rendered":"<p>Dati chiave Cantone: Uri Regione: &#8211; Abitanti: 1&#8217;665 Lingua ufficiale: tedesco Superficie&nbsp;in km2: 62.26 Punto pi\u00f9 alto: 3&#8217;001 m s.l.m. (Piz Centrale) Punto pi\u00f9 basso: 1&#8217;327 m s.l.m. (Br\u00fcggwald) Sito web: www.gemeinde-andermatt.ch Ricezione del marchio: 2018 Successi Il Comune di Andermatt si impegna attivamente a favore dei giovani. Le infrastrutture scolastiche sono state rinnovate e [&hellip;]<\/p>\n","protected":false},"author":5,"featured_media":5281,"parent":599,"menu_order":0,"comment_status":"closed","ping_status":"closed","template":"template-fullwidth.php","meta":{"footnotes":""},"class_list":["post-2139","page","type-page","status-publish","has-post-thumbnail","hentry"],"_links":{"self":[{"href":"https:\/\/www.jugend-im-berggebiet.ch\/it\/wp-json\/wp\/v2\/pages\/2139","targetHints":{"allow":["GET"]}}],"collection":[{"href":"https:\/\/www.jugend-im-berggebiet.ch\/it\/wp-json\/wp\/v2\/pages"}],"about":[{"href":"https:\/\/www.jugend-im-berggebiet.ch\/it\/wp-json\/wp\/v2\/types\/page"}],"author":[{"embeddable":true,"href":"https:\/\/www.jugend-im-berggebiet.ch\/it\/wp-json\/wp\/v2\/users\/5"}],"replies":[{"embeddable":true,"href":"https:\/\/www.jugend-im-berggebiet.ch\/it\/wp-json\/wp\/v2\/comments?post=2139"}],"version-history":[{"count":17,"href":"https:\/\/www.jugend-im-berggebiet.ch\/it\/wp-json\/wp\/v2\/pages\/2139\/revisions"}],"predecessor-version":[{"id":8226,"href":"https:\/\/www.jugend-im-berggebiet.ch\/it\/wp-json\/wp\/v2\/pages\/2139\/revisions\/8226"}],"up":[{"embeddable":true,"href":"https:\/\/www.jugend-im-berggebiet.ch\/it\/wp-json\/wp\/v2\/pages\/599"}],"wp:featuredmedia":[{"embeddable":true,"href":"https:\/\/www.jugend-im-berggebiet.ch\/it\/wp-json\/wp\/v2\/media\/5281"}],"wp:attachment":[{"href":"https:\/\/www.jugend-im-berggebiet.ch\/it\/wp-json\/wp\/v2\/media?parent=2139"}],"curies":[{"name":"wp","href":"https:\/\/api.w.org\/{rel}","templated":true}]}}