{"id":2143,"date":"2018-09-06T14:41:13","date_gmt":"2018-09-06T12:41:13","guid":{"rendered":"http:\/\/www.jugend-im-berggebiet.ch\/?page_id=2143"},"modified":"2025-12-05T15:39:22","modified_gmt":"2025-12-05T14:39:22","slug":"hergiswil-b-w-lu","status":"publish","type":"page","link":"https:\/\/www.jugend-im-berggebiet.ch\/it\/un-marchio-per-i-comuni\/hergiswil-b-w-lu\/","title":{"rendered":"Hergiswil b. W. (LU)"},"content":{"rendered":"\n<h2 class=\"wp-block-heading\">Dati chiave<\/h2>\n\n\n\n<div class=\"wp-block-columns is-layout-flex wp-container-core-columns-is-layout-9d6595d7 wp-block-columns-is-layout-flex\">\n<div class=\"wp-block-column is-layout-flow wp-block-column-is-layout-flow\" style=\"flex-basis:66.66%\">\n<ul class=\"wp-block-list\">\n<li>Cantone: Lucerna<\/li>\n\n\n\n<li>Regione: Luzern West<\/li>\n\n\n\n<li>Abitanti: 1&#8217;942<\/li>\n\n\n\n<li>Lingua ufficiale: tedesco<\/li>\n\n\n\n<li>Superficie in km<sup>2<\/sup>: 31.34<\/li>\n\n\n\n<li>Punto pi\u00f9 alto: 1&#8217;380 m s.l.m. (Dreil\u00e4nderstein Napf)<\/li>\n\n\n\n<li>Punto pi\u00f9 basso: 612 m s.l.m. (Feldmatt)<\/li>\n\n\n\n<li>Sito web: <a href=\"http:\/\/www.hergiswil-lu.ch\" target=\"_blank\" rel=\"noreferrer noopener\">www.hergiswil-lu.ch<\/a><\/li>\n\n\n\n<li>Ricezione del marchio: 2018<\/li>\n<\/ul>\n\n\n\n<hr class=\"wp-block-separator has-css-opacity is-style-dots\"\/>\n\n\n\n<h2 class=\"wp-block-heading\">Successi<\/h2>\n\n\n\n<p><strong>Locale giovanile: La gestione \u00e8 organizzata dai giovani<\/strong><br>Il locale giovanile viene messo a disposizione gratuitamente all&#8217;associazione giovanile, che esiste da oltre 50 anni, come luogo di scambio e di incontro. L&#8217;associazione pu\u00f2 organizzare autonomamente la gestione del locale (<a href=\"https:\/\/www.jugend-im-berggebiet.ch\/wp-content\/uploads\/2025\/12\/Willisauer-Bote_Hergiswil-Dorfjugend_28.11.2025.pdf\" data-type=\"link\" data-id=\"https:\/\/www.jugend-im-berggebiet.ch\/wp-content\/uploads\/2025\/12\/Willisauer-Bote_Hergiswil-Dorfjugend_28.11.2025.pdf\" target=\"_blank\" rel=\"noreferrer noopener\">articolo nel \u00abWillisauer Bote\u00bb<\/a>). Cos\u00ec i giovani hanno la possibilit\u00e0 di confrontarsi per la prima volta con l&#8217;organizzazione e la gestione di un&#8217;associazione. Ci\u00f2 \u00e8 molto apprezzato da entrambe le parti e contribuisce allo sviluppo personale dei giovani, che imparano ad assumersi responsabilit\u00e0.<\/p>\n\n\n\n<p><strong>Trasporto pubblico \u2013 orario cadenzato<\/strong><br>Con la nuova piazzola di svolta per gli autobus realizzata nel 2018\/2019 nella frazione di H\u00fcbeli \u00e8 stato possibile migliorare i collegamenti del trasporto pubblico. Ogni ora i giovani possono raggiungere Willisau e tornare indietro in sicurezza. Un autobus notturno garantisce inoltre il rientro dei giovani il fine settimana fino all&#8217;una di notte. Per anni i giovani hanno richiesto ripetutamente un autobus notturno. La sua introduzione, avvenuta il 1\u00b0 dicembre 2019 in collaborazione con la rete di trasporto regionale, \u00e8 stato un traguardo importante per i giovani.<\/p>\n\n\n\n<p><strong>Collaborazione tra scuola e associazione delle imprese artigiane e commerciali<\/strong><br>Per preparare al meglio i giovani alla loro futura vita professionale, si svolgono regolarmente incontri tra l\u2019associazione delle imprese artigiane e commerciali e la scuola. In queste occasioni i giovani possono ottenere informazioni sulle aziende locali e raccogliere consigli utili per la candidatura a un posto di lavoro.<\/p>\n\n\n\n<p><strong>Sostegno per i campi giovanili<\/strong><br>I campi giovanili sono sostenuti dal Comune attraverso un fondo destinato per progetti per i giovani. Quindi i giovani possono partecipare a campi vacanze di loro scelta. Ogni due anni, durante le vacanze autunnali, si svolge inoltre il progetto <em>FerienSpass<\/em> (divertenti attivit\u00e0 per le vacanze). Tutti i bambini, dalla scuola dell&#8217;infanzia fino alla scuola secondaria, partecipano a diversi laboratori e attivit\u00e0 (in tedesco: Ateliers).<\/p>\n\n\n\n<hr class=\"wp-block-separator has-css-opacity is-style-dots\"\/>\n\n\n\n<h2 class=\"wp-block-heading\">Progetti attuali<\/h2>\n\n\n\n<p>In relazione all\u2019ampliamento dell\u2019edificio scolastico, concluso nel 2021, il <strong>parco giochi e campo sportivo<\/strong> sono stati rinnovati nell\u2019estate del 2024. In tale occasione \u00e8 stato realizzato anche un campo da beach volley, desiderato da molti giovani da anni. Questo offre nuove opportunit\u00e0 di svago e, poich\u00e9 accanto si trova anche un campo di bocce per la generazione \u00abpi\u00f9 anziana\u00bb, vengono rafforzati anche gli scambi intergenerazionali.<\/p>\n\n\n\n<hr class=\"wp-block-separator has-css-opacity is-style-dots\"\/>\n\n\n\n<h2 class=\"wp-block-heading\">Difficolt\u00e0<\/h2>\n\n\n\n<p>Dalle discussioni annuali di feedback e dai commenti in occasione della cerimonia di cittadinanza (in tedesco: Jungb\u00fcrgerfeier) diventa chiaro che attualmente i giovani sono molto soddisfatti della loro situazione. La sfida consiste nel fatto che continuino a impegnarsi per il locale giovanile e la giovent\u00f9 in generale, cio\u00e8 per il futuro. <strong>Le associazioni e la societ\u00e0 hanno bisogno di giovani attivi e innovativi.<\/strong> \u00c8 necessario motivare e sostenere i giovani.<\/p>\n\n\n\n<hr class=\"wp-block-separator has-css-opacity is-style-dots\"\/>\n<\/div>\n\n\n\n<div class=\"wp-block-column is-layout-flow wp-block-column-is-layout-flow\" style=\"flex-basis:33.33%\">\n<figure class=\"wp-block-image size-full\"><a href=\"https:\/\/www.jugend-im-berggebiet.ch\/wp-content\/uploads\/2025\/07\/Hergiswil-b.-W..png\"><img loading=\"lazy\" decoding=\"async\" width=\"544\" height=\"373\" src=\"https:\/\/www.jugend-im-berggebiet.ch\/wp-content\/uploads\/2025\/07\/Hergiswil-b.-W..png\" alt=\"\" class=\"wp-image-4447\" srcset=\"https:\/\/www.jugend-im-berggebiet.ch\/wp-content\/uploads\/2025\/07\/Hergiswil-b.-W..png 544w, https:\/\/www.jugend-im-berggebiet.ch\/wp-content\/uploads\/2025\/07\/Hergiswil-b.-W.-300x206.png 300w\" sizes=\"auto, (max-width: 544px) 100vw, 544px\" \/><\/a><\/figure>\n<\/div>\n<\/div>\n\n\n\n<h2 class=\"wp-block-heading\">Foto<\/h2>\n\n\n\n<figure class=\"wp-block-gallery has-nested-images columns-default is-cropped wp-block-gallery-1 is-layout-flex wp-block-gallery-is-layout-flex\">\n<figure class=\"wp-block-image size-large\"><a href=\"https:\/\/www.jugend-im-berggebiet.ch\/wp-content\/uploads\/2025\/07\/Winter-Hergiswil.jpg\"><img loading=\"lazy\" decoding=\"async\" width=\"1024\" height=\"682\" data-id=\"4453\" src=\"https:\/\/www.jugend-im-berggebiet.ch\/wp-content\/uploads\/2025\/07\/Winter-Hergiswil-1024x682.jpg\" alt=\"\" class=\"wp-image-4453\" srcset=\"https:\/\/www.jugend-im-berggebiet.ch\/wp-content\/uploads\/2025\/07\/Winter-Hergiswil-1024x682.jpg 1024w, https:\/\/www.jugend-im-berggebiet.ch\/wp-content\/uploads\/2025\/07\/Winter-Hergiswil-300x200.jpg 300w, https:\/\/www.jugend-im-berggebiet.ch\/wp-content\/uploads\/2025\/07\/Winter-Hergiswil-768x512.jpg 768w, https:\/\/www.jugend-im-berggebiet.ch\/wp-content\/uploads\/2025\/07\/Winter-Hergiswil.jpg 1280w\" sizes=\"auto, (max-width: 1024px) 100vw, 1024px\" \/><\/a><figcaption class=\"wp-element-caption\">Hergiswil in inverno<\/figcaption><\/figure>\n\n\n\n<figure class=\"wp-block-image size-large\"><a href=\"https:\/\/www.jugend-im-berggebiet.ch\/wp-content\/uploads\/2025\/07\/20180830_160824-scaled.jpg\"><img loading=\"lazy\" decoding=\"async\" width=\"1024\" height=\"576\" data-id=\"4455\" src=\"https:\/\/www.jugend-im-berggebiet.ch\/wp-content\/uploads\/2025\/07\/20180830_160824-1024x576.jpg\" alt=\"\" class=\"wp-image-4455\" srcset=\"https:\/\/www.jugend-im-berggebiet.ch\/wp-content\/uploads\/2025\/07\/20180830_160824-1024x576.jpg 1024w, https:\/\/www.jugend-im-berggebiet.ch\/wp-content\/uploads\/2025\/07\/20180830_160824-300x169.jpg 300w, https:\/\/www.jugend-im-berggebiet.ch\/wp-content\/uploads\/2025\/07\/20180830_160824-768x432.jpg 768w, https:\/\/www.jugend-im-berggebiet.ch\/wp-content\/uploads\/2025\/07\/20180830_160824-1536x864.jpg 1536w, https:\/\/www.jugend-im-berggebiet.ch\/wp-content\/uploads\/2025\/07\/20180830_160824-2048x1152.jpg 2048w\" sizes=\"auto, (max-width: 1024px) 100vw, 1024px\" \/><\/a><figcaption class=\"wp-element-caption\">La consegna del marchio nel 2018<\/figcaption><\/figure>\n\n\n\n<figure class=\"wp-block-image size-large\"><a href=\"https:\/\/www.jugend-im-berggebiet.ch\/wp-content\/uploads\/2025\/07\/Dorf-vom-Kirchenturm-scaled.jpg\"><img loading=\"lazy\" decoding=\"async\" width=\"1024\" height=\"921\" data-id=\"4454\" src=\"https:\/\/www.jugend-im-berggebiet.ch\/wp-content\/uploads\/2025\/07\/Dorf-vom-Kirchenturm-1024x921.jpg\" alt=\"\" class=\"wp-image-4454\" srcset=\"https:\/\/www.jugend-im-berggebiet.ch\/wp-content\/uploads\/2025\/07\/Dorf-vom-Kirchenturm-1024x921.jpg 1024w, https:\/\/www.jugend-im-berggebiet.ch\/wp-content\/uploads\/2025\/07\/Dorf-vom-Kirchenturm-300x270.jpg 300w, https:\/\/www.jugend-im-berggebiet.ch\/wp-content\/uploads\/2025\/07\/Dorf-vom-Kirchenturm-768x690.jpg 768w, https:\/\/www.jugend-im-berggebiet.ch\/wp-content\/uploads\/2025\/07\/Dorf-vom-Kirchenturm-1536x1381.jpg 1536w, https:\/\/www.jugend-im-berggebiet.ch\/wp-content\/uploads\/2025\/07\/Dorf-vom-Kirchenturm-2048x1841.jpg 2048w\" sizes=\"auto, (max-width: 1024px) 100vw, 1024px\" \/><\/a><figcaption class=\"wp-element-caption\">Il Forum dei giovani si \u00e8 tenuto nel 2023 a Hergiswil.<\/figcaption><\/figure>\n\n\n\n<figure class=\"wp-block-image size-large\"><a href=\"https:\/\/www.jugend-im-berggebiet.ch\/wp-content\/uploads\/2025\/07\/Sagiacher-2017-scaled.jpg\"><img loading=\"lazy\" decoding=\"async\" width=\"1024\" height=\"592\" data-id=\"4458\" src=\"https:\/\/www.jugend-im-berggebiet.ch\/wp-content\/uploads\/2025\/07\/Sagiacher-2017-1024x592.jpg\" alt=\"\" class=\"wp-image-4458\" srcset=\"https:\/\/www.jugend-im-berggebiet.ch\/wp-content\/uploads\/2025\/07\/Sagiacher-2017-1024x592.jpg 1024w, https:\/\/www.jugend-im-berggebiet.ch\/wp-content\/uploads\/2025\/07\/Sagiacher-2017-300x173.jpg 300w, https:\/\/www.jugend-im-berggebiet.ch\/wp-content\/uploads\/2025\/07\/Sagiacher-2017-768x444.jpg 768w, https:\/\/www.jugend-im-berggebiet.ch\/wp-content\/uploads\/2025\/07\/Sagiacher-2017-1536x888.jpg 1536w, https:\/\/www.jugend-im-berggebiet.ch\/wp-content\/uploads\/2025\/07\/Sagiacher-2017-2048x1184.jpg 2048w\" sizes=\"auto, (max-width: 1024px) 100vw, 1024px\" \/><\/a><figcaption class=\"wp-element-caption\">La frazione di Sagiacher<\/figcaption><\/figure>\n\n\n\n<figure class=\"wp-block-image size-large\"><a href=\"https:\/\/www.jugend-im-berggebiet.ch\/wp-content\/uploads\/2025\/07\/Buchaer-2019-Original-scaled.jpg\"><img loading=\"lazy\" decoding=\"async\" width=\"1024\" height=\"683\" data-id=\"4457\" src=\"https:\/\/www.jugend-im-berggebiet.ch\/wp-content\/uploads\/2025\/07\/Buchaer-2019-Original-1024x683.jpg\" alt=\"\" class=\"wp-image-4457\" srcset=\"https:\/\/www.jugend-im-berggebiet.ch\/wp-content\/uploads\/2025\/07\/Buchaer-2019-Original-1024x683.jpg 1024w, https:\/\/www.jugend-im-berggebiet.ch\/wp-content\/uploads\/2025\/07\/Buchaer-2019-Original-300x200.jpg 300w, https:\/\/www.jugend-im-berggebiet.ch\/wp-content\/uploads\/2025\/07\/Buchaer-2019-Original-768x512.jpg 768w, https:\/\/www.jugend-im-berggebiet.ch\/wp-content\/uploads\/2025\/07\/Buchaer-2019-Original-1536x1024.jpg 1536w, https:\/\/www.jugend-im-berggebiet.ch\/wp-content\/uploads\/2025\/07\/Buchaer-2019-Original-2048x1365.jpg 2048w\" sizes=\"auto, (max-width: 1024px) 100vw, 1024px\" \/><\/a><figcaption class=\"wp-element-caption\">Vista da Buacher<\/figcaption><\/figure>\n\n\n\n<figure class=\"wp-block-image size-large\"><a href=\"https:\/\/www.jugend-im-berggebiet.ch\/wp-content\/uploads\/2025\/07\/DSC_1532k-Steinacherareal-scaled.jpg\"><img loading=\"lazy\" decoding=\"async\" width=\"1024\" height=\"788\" data-id=\"4456\" src=\"https:\/\/www.jugend-im-berggebiet.ch\/wp-content\/uploads\/2025\/07\/DSC_1532k-Steinacherareal-1024x788.jpg\" alt=\"\" class=\"wp-image-4456\" srcset=\"https:\/\/www.jugend-im-berggebiet.ch\/wp-content\/uploads\/2025\/07\/DSC_1532k-Steinacherareal-1024x788.jpg 1024w, https:\/\/www.jugend-im-berggebiet.ch\/wp-content\/uploads\/2025\/07\/DSC_1532k-Steinacherareal-300x231.jpg 300w, https:\/\/www.jugend-im-berggebiet.ch\/wp-content\/uploads\/2025\/07\/DSC_1532k-Steinacherareal-768x591.jpg 768w, https:\/\/www.jugend-im-berggebiet.ch\/wp-content\/uploads\/2025\/07\/DSC_1532k-Steinacherareal-1536x1182.jpg 1536w, https:\/\/www.jugend-im-berggebiet.ch\/wp-content\/uploads\/2025\/07\/DSC_1532k-Steinacherareal-2048x1576.jpg 2048w\" sizes=\"auto, (max-width: 1024px) 100vw, 1024px\" \/><\/a><figcaption class=\"wp-element-caption\">L&#8217;area Steinacher<\/figcaption><\/figure>\n<\/figure>\n","protected":false},"excerpt":{"rendered":"<p>Dati chiave Cantone: Lucerna Regione: Luzern West Abitanti: 1&#8217;942 Lingua ufficiale: tedesco Superficie in km2: 31.34 Punto pi\u00f9 alto: 1&#8217;380 m s.l.m. (Dreil\u00e4nderstein Napf) Punto pi\u00f9 basso: 612 m s.l.m. (Feldmatt) Sito web: www.hergiswil-lu.ch Ricezione del marchio: 2018 Successi Locale giovanile: La gestione \u00e8 organizzata dai giovaniIl locale giovanile viene messo a disposizione gratuitamente all&#8217;associazione [&hellip;]<\/p>\n","protected":false},"author":5,"featured_media":0,"parent":599,"menu_order":0,"comment_status":"closed","ping_status":"closed","template":"template-fullwidth.php","meta":{"footnotes":""},"class_list":["post-2143","page","type-page","status-publish","hentry"],"_links":{"self":[{"href":"https:\/\/www.jugend-im-berggebiet.ch\/it\/wp-json\/wp\/v2\/pages\/2143","targetHints":{"allow":["GET"]}}],"collection":[{"href":"https:\/\/www.jugend-im-berggebiet.ch\/it\/wp-json\/wp\/v2\/pages"}],"about":[{"href":"https:\/\/www.jugend-im-berggebiet.ch\/it\/wp-json\/wp\/v2\/types\/page"}],"author":[{"embeddable":true,"href":"https:\/\/www.jugend-im-berggebiet.ch\/it\/wp-json\/wp\/v2\/users\/5"}],"replies":[{"embeddable":true,"href":"https:\/\/www.jugend-im-berggebiet.ch\/it\/wp-json\/wp\/v2\/comments?post=2143"}],"version-history":[{"count":18,"href":"https:\/\/www.jugend-im-berggebiet.ch\/it\/wp-json\/wp\/v2\/pages\/2143\/revisions"}],"predecessor-version":[{"id":8621,"href":"https:\/\/www.jugend-im-berggebiet.ch\/it\/wp-json\/wp\/v2\/pages\/2143\/revisions\/8621"}],"up":[{"embeddable":true,"href":"https:\/\/www.jugend-im-berggebiet.ch\/it\/wp-json\/wp\/v2\/pages\/599"}],"wp:attachment":[{"href":"https:\/\/www.jugend-im-berggebiet.ch\/it\/wp-json\/wp\/v2\/media?parent=2143"}],"curies":[{"name":"wp","href":"https:\/\/api.w.org\/{rel}","templated":true}]}}