{"id":2687,"date":"2019-08-21T09:27:33","date_gmt":"2019-08-21T07:27:33","guid":{"rendered":"http:\/\/www.jugend-im-berggebiet.ch\/?page_id=2687"},"modified":"2019-08-27T12:59:53","modified_gmt":"2019-08-27T10:59:53","slug":"heremence","status":"publish","type":"page","link":"https:\/\/www.jugend-im-berggebiet.ch\/it\/un-marchio-per-i-comuni\/heremence\/","title":{"rendered":"H\u00e9r\u00e9mence (VS)"},"content":{"rendered":"<p><img loading=\"lazy\" decoding=\"async\" class=\" alignright\" src=\"https:\/\/www.jugend-im-berggebiet.ch\/wp-content\/uploads\/2019\/08\/Spielplatz-2.jpg\" width=\"296\" height=\"222\">Il comune di H\u00e9r\u00e9mence si \u00e8 fortemente impegnato per i giovani e le famiglie in differenti settori e cerca di sondare e di rispondere ai bisogni della popolazione giovane. L&#8217;offerta dei servizi di custodia dei bambini \u00e8 una delle grandi realizzazioni degli ultimi tempi.<\/p>\n<ul>\n<li><strong>Assistenza all\u2019infanzia: <\/strong>Il Comune ha aperto un asilo nido municipale alla fine di gennaio 2019 e offre 16 posti da 4 mesi a 4 anni.<\/li>\n<li><strong>Tempo libero&nbsp;: <\/strong>un nuovo parco giochi in un villaggio del Comune&nbsp;; degli stage di \u00ab&nbsp;arti circensi\u00bb a luglio; un nuovo luogo d\u2019incontro per la societ\u00e0 H\u00e9r\u00e9mence Giovent\u00f9, un progetto da incrementare per i nostri giovani, il nostro gemellaggio con la citt\u00e0 di Esperanza in Argentina, un progetto di costruzione di una parete per scalate (blocco) nella palestra, un progetto di un parco giochi all\u2019esterno per l\u2019asilo nido.<\/li>\n<li><strong>Scambi intergenerazionali: <\/strong>integrazione di un membro della societ\u00e0 H\u00e9r\u00e9mence Giovent\u00f9 e di una persona anziana nella commissione comunale \u00ab&nbsp;Vita comunitaria e sociale&nbsp;\u00bb per creare delle sinergie tra i giovani, gli anziani e le autorit\u00e0 e realizzare delle azioni auspicate sia dagli uni che dagli altri. Inoltre, alcune rappresentazioni dei film \u00ab&nbsp;Esplorazione del <img loading=\"lazy\" decoding=\"async\" class=\" alignright\" src=\"https:\/\/www.jugend-im-berggebiet.ch\/wp-content\/uploads\/2019\/08\/Cr%C3%A8che-vue-g%C3%A9n%C3%A9rale-768x512.jpeg\" width=\"298\" height=\"198\">mondo&nbsp;\u00bb sono programmate alla mattina, per la popolazione e gli allievi.<\/li>\n<li><strong>Situazione dell\u2019impiego<\/strong>: il Comune diventer\u00e0 un luogo di formazione per apprendisti e offrir\u00e0 dei posti di apprendistato e di stage all\u2019asilo nido e nell\u2019amministrazione. Offre anche dei lavori estivi per i giovani.<\/li>\n<li><strong>Situazione degli alloggi: <\/strong>Progetto di partenariato pubblico\/privato in vista della creazione di appartamenti di 2-3 stanze ad affitti moderati per i giovani e gli anziani.<\/li>\n<\/ul>\n","protected":false},"excerpt":{"rendered":"<p>Il comune di H\u00e9r\u00e9mence si \u00e8 fortemente impegnato per i giovani e le famiglie in differenti settori e cerca di sondare e di rispondere ai bisogni della popolazione giovane. L&#8217;offerta dei servizi di custodia dei bambini \u00e8 una delle grandi realizzazioni degli ultimi tempi. Assistenza all\u2019infanzia: Il Comune ha aperto un asilo nido municipale alla [&hellip;]<\/p>\n","protected":false},"author":5,"featured_media":0,"parent":599,"menu_order":0,"comment_status":"closed","ping_status":"closed","template":"template-fullwidth.php","meta":{"footnotes":""},"class_list":["post-2687","page","type-page","status-publish","hentry"],"_links":{"self":[{"href":"https:\/\/www.jugend-im-berggebiet.ch\/it\/wp-json\/wp\/v2\/pages\/2687","targetHints":{"allow":["GET"]}}],"collection":[{"href":"https:\/\/www.jugend-im-berggebiet.ch\/it\/wp-json\/wp\/v2\/pages"}],"about":[{"href":"https:\/\/www.jugend-im-berggebiet.ch\/it\/wp-json\/wp\/v2\/types\/page"}],"author":[{"embeddable":true,"href":"https:\/\/www.jugend-im-berggebiet.ch\/it\/wp-json\/wp\/v2\/users\/5"}],"replies":[{"embeddable":true,"href":"https:\/\/www.jugend-im-berggebiet.ch\/it\/wp-json\/wp\/v2\/comments?post=2687"}],"version-history":[{"count":4,"href":"https:\/\/www.jugend-im-berggebiet.ch\/it\/wp-json\/wp\/v2\/pages\/2687\/revisions"}],"predecessor-version":[{"id":2727,"href":"https:\/\/www.jugend-im-berggebiet.ch\/it\/wp-json\/wp\/v2\/pages\/2687\/revisions\/2727"}],"up":[{"embeddable":true,"href":"https:\/\/www.jugend-im-berggebiet.ch\/it\/wp-json\/wp\/v2\/pages\/599"}],"wp:attachment":[{"href":"https:\/\/www.jugend-im-berggebiet.ch\/it\/wp-json\/wp\/v2\/media?parent=2687"}],"curies":[{"name":"wp","href":"https:\/\/api.w.org\/{rel}","templated":true}]}}