{"id":2706,"date":"2019-08-21T14:33:03","date_gmt":"2019-08-21T12:33:03","guid":{"rendered":"http:\/\/www.jugend-im-berggebiet.ch\/?page_id=2706"},"modified":"2025-11-09T20:48:44","modified_gmt":"2025-11-09T19:48:44","slug":"orsieres-liddes","status":"publish","type":"page","link":"https:\/\/www.jugend-im-berggebiet.ch\/it\/un-marchio-per-i-comuni\/orsieres-liddes\/","title":{"rendered":"Regione Orsi\u00e8res-Liddes (VS)"},"content":{"rendered":"\n<p>La regione \u00e8 costituita da due comuni, <strong>Orsi\u00e8res<\/strong> e <strong>Liddes<\/strong>.<\/p>\n\n\n\n<h2 class=\"wp-block-heading\">Dati chiave di Liddes<\/h2>\n\n\n\n<div class=\"wp-block-columns is-layout-flex wp-container-core-columns-is-layout-9d6595d7 wp-block-columns-is-layout-flex\">\n<div class=\"wp-block-column is-layout-flow wp-block-column-is-layout-flow\" style=\"flex-basis:66.66%\">\n<ul class=\"wp-block-list\">\n<li>Cantone: Vallese<\/li>\n\n\n\n<li>Regione: Basso Vallese<\/li>\n\n\n\n<li>Abitanti: 745 (fine 2022)<\/li>\n\n\n\n<li>Lingua ufficiale: francese<\/li>\n\n\n\n<li>Superficie in km<sup>2<\/sup>: 60.16<\/li>\n\n\n\n<li>Punto pi\u00f9 alto: 3&#8217;663 m s.l.m. (Le Combin de Boveire)<\/li>\n\n\n\n<li>Punto pi\u00f9 basso: 1\u2019020 m s.l.m. (confluenza dei torrenti Pont-Sec e Dranse)<\/li>\n\n\n\n<li>Sito web: <a href=\"https:\/\/www.liddes.ch\/\" target=\"_blank\" rel=\"noreferrer noopener\">www.liddes.ch<\/a><\/li>\n\n\n\n<li>Ricezione del marchio: 2019<\/li>\n<\/ul>\n\n\n\n<hr class=\"wp-block-separator has-css-opacity is-style-dots\"\/>\n\n\n\n<h2 class=\"wp-block-heading\">Successi<\/h2>\n\n\n\n<p><strong>Forum dei giovani<\/strong>: Nel 2019, il Comune di Liddes ha organizzato, in collaborazione con Orsi\u00e8res, il primo Forum dei giovani della Val d&#8217;Entremont. Alla serata hanno partecipato circa 70 giovani, di et\u00e0 compresa tra i 12 e i 30 anni, ed \u00e8 stata la prima del suo genere in un comune di montagna del Vallese. I responsabili hanno raccolto le richieste dei giovani e nel 2022, hanno organizzato una serata per informare i giovani delle misure che erano gi\u00e0 state realizzate, di quelle in corso di realizzazione e di quelle impossibili da realizzare. Una volta completato l&#8217;intero processo, \u00e8 stato organizzato un secondo Forum dei giovani.<\/p>\n\n\n\n<p><strong>Natale per gli anziani<\/strong>: La comunicazione tra la scuola e la parrocchia di Liddes, che organizza il Natale per le persone anziane, era interrotta da diversi anni. Dopo l&#8217;assunzione di un&#8217;animatrice socio-culturale, il Comune le ha chiesto di rinnovare il dialogo tra le due parti. Ora che funziona di nuovo, i bambini in et\u00e0 scolare conducono il Natale degli anziani, per la gioia di tutti.<\/p>\n\n\n\n<hr class=\"wp-block-separator has-css-opacity is-style-dots\"\/>\n\n\n\n<h2 class=\"wp-block-heading\">Progetti attuali<\/h2>\n\n\n\n<p><strong>\u00abAbri du Martinet\u00bb<\/strong>: Attualmente nel villaggio esiste un riparo in rovina. Il Comune intende ristrutturarlo completamente, aggiungendo un valore aggiunto sotto forma di un parco giochi dedicato al tema dell&#8217;acqua e ai suoi diversi utilizzi. L&#8217;obiettivo finale \u00e8 creare uno spazio piacevole dove poter organizzare feste di famiglia o altre manifestazioni, e dove i giovani e i bambini possano divertirsi nel parco imparando al contempo qualcosa sull&#8217;acqua, i suoi pericoli e i suoi usi.<\/p>\n\n\n\n<p><strong>Generazioni<\/strong>: A Liddes dovrebbe essere creata una casa delle generazioni. Per rispondere ai bisogni di un sistema di assistenza all&#8217;infanzia e di assistenza agli anziani, il Comune sta avviando un progetto di ristrutturazione dell&#8217;edificio della canonica con l\u2019obiettivo di riunire in un unico luogo una struttura d&#8217;accoglienza per bambini e degli abitazioni per anziani.<\/p>\n\n\n\n<hr class=\"wp-block-separator has-css-opacity is-style-dots\"\/>\n\n\n\n<h2 class=\"wp-block-heading\">Difficolt\u00e0<\/h2>\n\n\n\n<p>Le principali difficolt\u00e0 di questo comune di montagna per i giovani sono la <strong>mobilit\u00e0<\/strong> e l&#8217;<strong>alloggio<\/strong>. \u00c8 in corso una revisione completa del regolamento edilizio e del piano di zonizzazione. Parallelamente, si sta riflettendo sulla creazione di una promozione della costruzione di abitazioni destinato ai giovani che desiderano stabilirsi nel comune. Intervenire direttamente sulla questione degli alloggi \u00e8 complicato, ma regna l&#8217;ottimismo perch\u00e9 i vantaggi di Liddes sono pi\u00f9 numerosi della difficolt\u00e0 di trovare un alloggio.<\/p>\n\n\n\n<hr class=\"wp-block-separator has-css-opacity is-style-dots\"\/>\n<\/div>\n\n\n\n<div class=\"wp-block-column is-layout-flow wp-block-column-is-layout-flow\" style=\"flex-basis:33.33%\">\n<figure class=\"wp-block-image size-full\"><a href=\"https:\/\/www.jugend-im-berggebiet.ch\/wp-content\/uploads\/2025\/07\/Liddes-5.png\"><img loading=\"lazy\" decoding=\"async\" width=\"604\" height=\"415\" src=\"https:\/\/www.jugend-im-berggebiet.ch\/wp-content\/uploads\/2025\/07\/Liddes-5.png\" alt=\"\" class=\"wp-image-7214\" srcset=\"https:\/\/www.jugend-im-berggebiet.ch\/wp-content\/uploads\/2025\/07\/Liddes-5.png 604w, https:\/\/www.jugend-im-berggebiet.ch\/wp-content\/uploads\/2025\/07\/Liddes-5-300x206.png 300w\" sizes=\"auto, (max-width: 604px) 100vw, 604px\" \/><\/a><\/figure>\n\n\n\n<p><\/p>\n\n\n\n<p><\/p>\n\n\n\n<p><\/p>\n\n\n\n<p><\/p>\n\n\n\n<p><\/p>\n\n\n\n<p><\/p>\n\n\n\n<p><\/p>\n\n\n\n<p><\/p>\n\n\n\n<p><\/p>\n\n\n\n<p><\/p>\n\n\n\n<p><\/p>\n\n\n\n<p><\/p>\n\n\n\n<p><\/p>\n<\/div>\n<\/div>\n\n\n\n<h2 class=\"wp-block-heading\">Foto<\/h2>\n\n\n\n<figure class=\"wp-block-gallery has-nested-images columns-2 is-cropped wp-block-gallery-1 is-layout-flex wp-block-gallery-is-layout-flex\">\n<figure class=\"wp-block-image size-large\"><a href=\"https:\/\/www.jugend-im-berggebiet.ch\/wp-content\/uploads\/2025\/07\/Liddes-hiver-3-scaled.jpg\"><img loading=\"lazy\" decoding=\"async\" width=\"1024\" height=\"683\" data-id=\"7312\" src=\"https:\/\/www.jugend-im-berggebiet.ch\/wp-content\/uploads\/2025\/07\/Liddes-hiver-3-1024x683.jpg\" alt=\"\" class=\"wp-image-7312\" srcset=\"https:\/\/www.jugend-im-berggebiet.ch\/wp-content\/uploads\/2025\/07\/Liddes-hiver-3-1024x683.jpg 1024w, https:\/\/www.jugend-im-berggebiet.ch\/wp-content\/uploads\/2025\/07\/Liddes-hiver-3-300x200.jpg 300w, https:\/\/www.jugend-im-berggebiet.ch\/wp-content\/uploads\/2025\/07\/Liddes-hiver-3-768x512.jpg 768w, https:\/\/www.jugend-im-berggebiet.ch\/wp-content\/uploads\/2025\/07\/Liddes-hiver-3-1536x1024.jpg 1536w, https:\/\/www.jugend-im-berggebiet.ch\/wp-content\/uploads\/2025\/07\/Liddes-hiver-3-2048x1365.jpg 2048w\" sizes=\"auto, (max-width: 1024px) 100vw, 1024px\" \/><\/a><figcaption class=\"wp-element-caption\">Liddes si trova sull&#8217;asse internazionale del Gran San Bernardo.<\/figcaption><\/figure>\n\n\n\n<figure class=\"wp-block-image size-large\"><a href=\"https:\/\/www.jugend-im-berggebiet.ch\/wp-content\/uploads\/2025\/07\/Commune-de-Liddes-scaled.jpg\"><img loading=\"lazy\" decoding=\"async\" width=\"1024\" height=\"768\" data-id=\"7300\" src=\"https:\/\/www.jugend-im-berggebiet.ch\/wp-content\/uploads\/2025\/07\/Commune-de-Liddes-1024x768.jpg\" alt=\"\" class=\"wp-image-7300\" srcset=\"https:\/\/www.jugend-im-berggebiet.ch\/wp-content\/uploads\/2025\/07\/Commune-de-Liddes-1024x768.jpg 1024w, https:\/\/www.jugend-im-berggebiet.ch\/wp-content\/uploads\/2025\/07\/Commune-de-Liddes-300x225.jpg 300w, https:\/\/www.jugend-im-berggebiet.ch\/wp-content\/uploads\/2025\/07\/Commune-de-Liddes-768x576.jpg 768w, https:\/\/www.jugend-im-berggebiet.ch\/wp-content\/uploads\/2025\/07\/Commune-de-Liddes-1536x1152.jpg 1536w, https:\/\/www.jugend-im-berggebiet.ch\/wp-content\/uploads\/2025\/07\/Commune-de-Liddes-2048x1536.jpg 2048w\" sizes=\"auto, (max-width: 1024px) 100vw, 1024px\" \/><\/a><figcaption class=\"wp-element-caption\">La Casa comunale<\/figcaption><\/figure>\n\n\n\n<figure class=\"wp-block-image size-large\"><a href=\"https:\/\/www.jugend-im-berggebiet.ch\/wp-content\/uploads\/2025\/07\/Vicheres-Liddes-3-scaled.jpg\"><img loading=\"lazy\" decoding=\"async\" width=\"1024\" height=\"768\" data-id=\"7308\" src=\"https:\/\/www.jugend-im-berggebiet.ch\/wp-content\/uploads\/2025\/07\/Vicheres-Liddes-3-1024x768.jpg\" alt=\"\" class=\"wp-image-7308\" srcset=\"https:\/\/www.jugend-im-berggebiet.ch\/wp-content\/uploads\/2025\/07\/Vicheres-Liddes-3-1024x768.jpg 1024w, https:\/\/www.jugend-im-berggebiet.ch\/wp-content\/uploads\/2025\/07\/Vicheres-Liddes-3-300x225.jpg 300w, https:\/\/www.jugend-im-berggebiet.ch\/wp-content\/uploads\/2025\/07\/Vicheres-Liddes-3-768x576.jpg 768w, https:\/\/www.jugend-im-berggebiet.ch\/wp-content\/uploads\/2025\/07\/Vicheres-Liddes-3-1536x1152.jpg 1536w, https:\/\/www.jugend-im-berggebiet.ch\/wp-content\/uploads\/2025\/07\/Vicheres-Liddes-3-2048x1536.jpg 2048w\" sizes=\"auto, (max-width: 1024px) 100vw, 1024px\" \/><\/a><figcaption class=\"wp-element-caption\">Il comprensorio sciistico di Vich\u00e8res-Liddes<\/figcaption><\/figure>\n\n\n\n<figure class=\"wp-block-image size-large\"><a href=\"https:\/\/www.jugend-im-berggebiet.ch\/wp-content\/uploads\/2025\/07\/Liddes-scaled.jpg\"><img loading=\"lazy\" decoding=\"async\" width=\"1024\" height=\"768\" data-id=\"7304\" src=\"https:\/\/www.jugend-im-berggebiet.ch\/wp-content\/uploads\/2025\/07\/Liddes-1024x768.jpg\" alt=\"\" class=\"wp-image-7304\" srcset=\"https:\/\/www.jugend-im-berggebiet.ch\/wp-content\/uploads\/2025\/07\/Liddes-1024x768.jpg 1024w, https:\/\/www.jugend-im-berggebiet.ch\/wp-content\/uploads\/2025\/07\/Liddes-300x225.jpg 300w, https:\/\/www.jugend-im-berggebiet.ch\/wp-content\/uploads\/2025\/07\/Liddes-768x576.jpg 768w, https:\/\/www.jugend-im-berggebiet.ch\/wp-content\/uploads\/2025\/07\/Liddes-1536x1152.jpg 1536w, https:\/\/www.jugend-im-berggebiet.ch\/wp-content\/uploads\/2025\/07\/Liddes-2048x1536.jpg 2048w\" sizes=\"auto, (max-width: 1024px) 100vw, 1024px\" \/><\/a><figcaption class=\"wp-element-caption\">Il Forum dei giovani del SAB si \u00e8 tenuto nel 2024 a Orsi\u00e8res e Liddes.<\/figcaption><\/figure>\n<\/figure>\n\n\n\n<p><\/p>\n\n\n\n<hr class=\"wp-block-separator has-alpha-channel-opacity\"\/>\n\n\n\n<h2 class=\"wp-block-heading\">Dati chiave di Orsi\u00e8res<\/h2>\n\n\n\n<div class=\"wp-block-columns is-layout-flex wp-container-core-columns-is-layout-9d6595d7 wp-block-columns-is-layout-flex\">\n<div class=\"wp-block-column is-layout-flow wp-block-column-is-layout-flow\" style=\"flex-basis:66.66%\">\n<ul class=\"wp-block-list\">\n<li>Cantone: Vallese<\/li>\n\n\n\n<li>Regione: Basso Vallese<\/li>\n\n\n\n<li>Abitanti: 3&#8217;237 (fine 2022)<\/li>\n\n\n\n<li>Lingua ufficiale: francese<\/li>\n\n\n\n<li>Superficie in km<sup>2<\/sup>: 165.02<\/li>\n\n\n\n<li>Punto pi\u00f9 alto: 3&#8217;901 m s.l.m. (L\u2019Aiguille d\u2019Argenti\u00e8re)<\/li>\n\n\n\n<li>Punto pi\u00f9 basso: 800 m s.l.m. (frazione di La Douay)<\/li>\n\n\n\n<li>Sito web: <a href=\"https:\/\/orsieres.ch\/\" target=\"_blank\" rel=\"noreferrer noopener\">www.orsieres.ch<\/a><\/li>\n\n\n\n<li>Ricezione del marchio: 2019<\/li>\n<\/ul>\n\n\n\n<hr class=\"wp-block-separator has-css-opacity is-style-dots\"\/>\n\n\n\n<h2 class=\"wp-block-heading\">Successi<\/h2>\n\n\n\n<p>Da molti anni il Comune di Orsi\u00e8res si impegna a favore dei giovani, in particolare sostenendo le attivit\u00e0 delle <strong>tre associazioni giovanili<\/strong>.<\/p>\n\n\n\n<p>Nel 2016, l\u2019assunzione di un\u2019animatrice socioculturale per la Val d\u2019Entremont ha permesso di creare una <strong>stretta collaborazione<\/strong> tra lei e le autorit\u00e0 comunali, al fine di lavorare insieme a favore della giovent\u00f9. Da allora sono stati realizzati numerosi progetti, che si possono trovare sul sito web: <a href=\"http:\/\/www.asdentremont.ch\/\" target=\"_blank\" rel=\"noreferrer noopener\">www.asdentremont.ch<\/a>.<\/p>\n\n\n\n<p>Nel settembre 2023, \u00e8 stato assunto un <strong>educatore sociale<\/strong> per tutto il distretto. Opera sia in ambito familiare che in diverse istituzioni e collabora con le scuole elementari, le scuole medie e una rete di professionisti specializzati. Fornisce assistenza agli adolescenti e alle famiglie in situazioni di vita difficili.<\/p>\n\n\n\n<hr class=\"wp-block-separator has-css-opacity is-style-dots\"\/>\n\n\n\n<h2 class=\"wp-block-heading\">Progetti attuali<\/h2>\n\n\n\n<p>Attualmente, la questione della <strong>mobilit\u00e0<\/strong> \u00e8 centrale. Un progetto di un&#8217; applicazione per il carpooling \u00e8 stato avviato da diversi mesi e vedr\u00e0 la luce a breve. I sondaggi, realizzati dall&#8217;azienda di trasporti della regione (<em>Transports Martigny et R\u00e9gions SA<\/em>), hanno lo scopo di conoscere le esigenze della popolazione in questo settore, al fine di poter adottare misure adeguate.<\/p>\n\n\n\n<p>Il comune prevede di aprire una nuova <strong>struttura d&#8217;accoglienza<\/strong> a Orsi\u00e8res all&#8217;inizio del prossimo anno scolastico, per accogliere ogni giorno fino a 10 bambini nell&#8217;asilo nido, 24 nell&#8217;asilo nido e 48 nella scuola diurna.<\/p>\n\n\n\n<hr class=\"wp-block-separator has-css-opacity is-style-dots\"\/>\n\n\n\n<h2 class=\"wp-block-heading\">Difficolt\u00e0<\/h2>\n\n\n\n<p>Un sondaggio condotto tra i giovani di et\u00e0 compresa tra gli 11 e i 15 anni che vivono nella regione ha dimostrato che molti giovani condividono un sentimento di solitudine. Questa tematica, legato a quello della <strong>salute mentale<\/strong>, \u00e8 al centro delle azioni degli assistenti sociali che dialogano regolarmente con i giovani con l&#8217;obiettivo di sensibilizzarli e offrire loro sostegno.<\/p>\n\n\n\n<hr class=\"wp-block-separator has-css-opacity is-style-dots\"\/>\n<\/div>\n\n\n\n<div class=\"wp-block-column is-layout-flow wp-block-column-is-layout-flow\" style=\"flex-basis:33.33%\">\n<figure class=\"wp-block-image size-full\"><a href=\"https:\/\/www.jugend-im-berggebiet.ch\/wp-content\/uploads\/2025\/07\/Orsieres.png\"><img loading=\"lazy\" decoding=\"async\" width=\"484\" height=\"327\" src=\"https:\/\/www.jugend-im-berggebiet.ch\/wp-content\/uploads\/2025\/07\/Orsieres.png\" alt=\"\" class=\"wp-image-7227\" srcset=\"https:\/\/www.jugend-im-berggebiet.ch\/wp-content\/uploads\/2025\/07\/Orsieres.png 484w, https:\/\/www.jugend-im-berggebiet.ch\/wp-content\/uploads\/2025\/07\/Orsieres-300x203.png 300w\" sizes=\"auto, (max-width: 484px) 100vw, 484px\" \/><\/a><\/figure>\n\n\n\n<p><\/p>\n\n\n\n<p><\/p>\n\n\n\n<p><\/p>\n\n\n\n<p><\/p>\n\n\n\n<p><\/p>\n\n\n\n<p><\/p>\n\n\n\n<p><\/p>\n\n\n\n<p><\/p>\n\n\n\n<p><\/p>\n\n\n\n<p><\/p>\n\n\n\n<p><\/p>\n\n\n\n<p><\/p>\n\n\n\n<p><\/p>\n<\/div>\n<\/div>\n\n\n\n<h2 class=\"wp-block-heading\">Foto<\/h2>\n\n\n\n<figure class=\"wp-block-gallery has-nested-images columns-2 is-cropped wp-block-gallery-2 is-layout-flex wp-block-gallery-is-layout-flex\">\n<figure class=\"wp-block-image size-large\"><a href=\"https:\/\/www.jugend-im-berggebiet.ch\/wp-content\/uploads\/2025\/07\/ValFerret-Orsieres-1.jpg\"><img loading=\"lazy\" decoding=\"async\" width=\"768\" height=\"1024\" data-id=\"7289\" src=\"https:\/\/www.jugend-im-berggebiet.ch\/wp-content\/uploads\/2025\/07\/ValFerret-Orsieres-1-768x1024.jpg\" alt=\"\" class=\"wp-image-7289\" srcset=\"https:\/\/www.jugend-im-berggebiet.ch\/wp-content\/uploads\/2025\/07\/ValFerret-Orsieres-1-768x1024.jpg 768w, https:\/\/www.jugend-im-berggebiet.ch\/wp-content\/uploads\/2025\/07\/ValFerret-Orsieres-1-225x300.jpg 225w, https:\/\/www.jugend-im-berggebiet.ch\/wp-content\/uploads\/2025\/07\/ValFerret-Orsieres-1-1152x1536.jpg 1152w, https:\/\/www.jugend-im-berggebiet.ch\/wp-content\/uploads\/2025\/07\/ValFerret-Orsieres-1.jpg 1200w\" sizes=\"auto, (max-width: 768px) 100vw, 768px\" \/><\/a><figcaption class=\"wp-element-caption\">La Val Ferret, una delle due grandi valli<\/figcaption><\/figure>\n\n\n\n<figure class=\"wp-block-image size-large\"><a href=\"https:\/\/www.jugend-im-berggebiet.ch\/wp-content\/uploads\/2025\/07\/Orsieres-hospice-1.jpg\"><img loading=\"lazy\" decoding=\"async\" width=\"640\" height=\"553\" data-id=\"7279\" src=\"https:\/\/www.jugend-im-berggebiet.ch\/wp-content\/uploads\/2025\/07\/Orsieres-hospice-1.jpg\" alt=\"\" class=\"wp-image-7279\" srcset=\"https:\/\/www.jugend-im-berggebiet.ch\/wp-content\/uploads\/2025\/07\/Orsieres-hospice-1.jpg 640w, https:\/\/www.jugend-im-berggebiet.ch\/wp-content\/uploads\/2025\/07\/Orsieres-hospice-1-300x259.jpg 300w\" sizes=\"auto, (max-width: 640px) 100vw, 640px\" \/><\/a><figcaption class=\"wp-element-caption\">Vista sull&#8217;ospizio del Gran San Bernardo<\/figcaption><\/figure>\n\n\n\n<figure class=\"wp-block-image size-large\"><a href=\"https:\/\/www.jugend-im-berggebiet.ch\/wp-content\/uploads\/2025\/07\/Orsieres-bouquetin-1.jpg\"><img loading=\"lazy\" decoding=\"async\" width=\"1024\" height=\"686\" data-id=\"7287\" src=\"https:\/\/www.jugend-im-berggebiet.ch\/wp-content\/uploads\/2025\/07\/Orsieres-bouquetin-1-1024x686.jpg\" alt=\"\" class=\"wp-image-7287\" srcset=\"https:\/\/www.jugend-im-berggebiet.ch\/wp-content\/uploads\/2025\/07\/Orsieres-bouquetin-1-1024x686.jpg 1024w, https:\/\/www.jugend-im-berggebiet.ch\/wp-content\/uploads\/2025\/07\/Orsieres-bouquetin-1-300x201.jpg 300w, https:\/\/www.jugend-im-berggebiet.ch\/wp-content\/uploads\/2025\/07\/Orsieres-bouquetin-1-768x514.jpg 768w, https:\/\/www.jugend-im-berggebiet.ch\/wp-content\/uploads\/2025\/07\/Orsieres-bouquetin-1-1536x1028.jpg 1536w, https:\/\/www.jugend-im-berggebiet.ch\/wp-content\/uploads\/2025\/07\/Orsieres-bouquetin-1.jpg 1840w\" sizes=\"auto, (max-width: 1024px) 100vw, 1024px\" \/><\/a><figcaption class=\"wp-element-caption\">Orsi\u00e8res si trova ai piedi del Massiccio del Monte Bianco.<\/figcaption><\/figure>\n\n\n\n<figure class=\"wp-block-image size-large\"><a href=\"https:\/\/www.jugend-im-berggebiet.ch\/wp-content\/uploads\/2025\/07\/Orsieres-1-scaled.jpg\"><img loading=\"lazy\" decoding=\"async\" width=\"1024\" height=\"893\" data-id=\"7295\" src=\"https:\/\/www.jugend-im-berggebiet.ch\/wp-content\/uploads\/2025\/07\/Orsieres-1-1024x893.jpg\" alt=\"\" class=\"wp-image-7295\" srcset=\"https:\/\/www.jugend-im-berggebiet.ch\/wp-content\/uploads\/2025\/07\/Orsieres-1-1024x893.jpg 1024w, https:\/\/www.jugend-im-berggebiet.ch\/wp-content\/uploads\/2025\/07\/Orsieres-1-300x262.jpg 300w, https:\/\/www.jugend-im-berggebiet.ch\/wp-content\/uploads\/2025\/07\/Orsieres-1-768x670.jpg 768w, https:\/\/www.jugend-im-berggebiet.ch\/wp-content\/uploads\/2025\/07\/Orsieres-1-1536x1340.jpg 1536w, https:\/\/www.jugend-im-berggebiet.ch\/wp-content\/uploads\/2025\/07\/Orsieres-1-2048x1787.jpg 2048w\" sizes=\"auto, (max-width: 1024px) 100vw, 1024px\" \/><\/a><figcaption class=\"wp-element-caption\">Il Forum dei giovani del SAB si \u00e8 tenuto nel 2024 a Orsi\u00e8res e Liddes.<\/figcaption><\/figure>\n<\/figure>\n","protected":false},"excerpt":{"rendered":"<p>La regione \u00e8 costituita da due comuni, Orsi\u00e8res e Liddes. Dati chiave di Liddes Cantone: Vallese Regione: Basso Vallese Abitanti: 745 (fine 2022) Lingua ufficiale: francese Superficie in km2: 60.16 Punto pi\u00f9 alto: 3&#8217;663 m s.l.m. (Le Combin de Boveire) Punto pi\u00f9 basso: 1\u2019020 m s.l.m. (confluenza dei torrenti Pont-Sec e Dranse) Sito web: www.liddes.ch [&hellip;]<\/p>\n","protected":false},"author":5,"featured_media":0,"parent":599,"menu_order":0,"comment_status":"closed","ping_status":"closed","template":"template-fullwidth.php","meta":{"footnotes":""},"class_list":["post-2706","page","type-page","status-publish","hentry"],"_links":{"self":[{"href":"https:\/\/www.jugend-im-berggebiet.ch\/it\/wp-json\/wp\/v2\/pages\/2706","targetHints":{"allow":["GET"]}}],"collection":[{"href":"https:\/\/www.jugend-im-berggebiet.ch\/it\/wp-json\/wp\/v2\/pages"}],"about":[{"href":"https:\/\/www.jugend-im-berggebiet.ch\/it\/wp-json\/wp\/v2\/types\/page"}],"author":[{"embeddable":true,"href":"https:\/\/www.jugend-im-berggebiet.ch\/it\/wp-json\/wp\/v2\/users\/5"}],"replies":[{"embeddable":true,"href":"https:\/\/www.jugend-im-berggebiet.ch\/it\/wp-json\/wp\/v2\/comments?post=2706"}],"version-history":[{"count":21,"href":"https:\/\/www.jugend-im-berggebiet.ch\/it\/wp-json\/wp\/v2\/pages\/2706\/revisions"}],"predecessor-version":[{"id":8375,"href":"https:\/\/www.jugend-im-berggebiet.ch\/it\/wp-json\/wp\/v2\/pages\/2706\/revisions\/8375"}],"up":[{"embeddable":true,"href":"https:\/\/www.jugend-im-berggebiet.ch\/it\/wp-json\/wp\/v2\/pages\/599"}],"wp:attachment":[{"href":"https:\/\/www.jugend-im-berggebiet.ch\/it\/wp-json\/wp\/v2\/media?parent=2706"}],"curies":[{"name":"wp","href":"https:\/\/api.w.org\/{rel}","templated":true}]}}