{"id":3013,"date":"2020-08-25T14:28:31","date_gmt":"2020-08-25T12:28:31","guid":{"rendered":"https:\/\/www.jugend-im-berggebiet.ch\/?page_id=3013"},"modified":"2026-01-29T10:57:34","modified_gmt":"2026-01-29T09:57:34","slug":"evolene-2","status":"publish","type":"page","link":"https:\/\/www.jugend-im-berggebiet.ch\/it\/un-marchio-per-i-comuni\/evolene-2\/","title":{"rendered":"Evol\u00e8ne (VS)"},"content":{"rendered":"\n<h2 class=\"wp-block-heading\">Dati chiave<\/h2>\n\n\n\n<div class=\"wp-block-columns is-layout-flex wp-container-core-columns-is-layout-9d6595d7 wp-block-columns-is-layout-flex\">\n<div class=\"wp-block-column is-layout-flow wp-block-column-is-layout-flow\" style=\"flex-basis:66.66%\">\n<ul class=\"wp-block-list\">\n<li>Cantone: Vallese<\/li>\n\n\n\n<li>Regione: Vallese centrale<\/li>\n\n\n\n<li>Abitanti: 1&#8217;669<\/li>\n\n\n\n<li>Lingua ufficiale: francese<\/li>\n\n\n\n<li>Superficie in km<sup>2<\/sup>: 209.8<\/li>\n\n\n\n<li>Punto pi\u00f9 alto: 4&#8217;357 m s.l.m. (Dent-Blanche)<\/li>\n\n\n\n<li>Punto pi\u00f9 basso: 1&#8217;180 m s.l.m. (frazione di La Villette)<\/li>\n\n\n\n<li>Sito web: <a href=\"https:\/\/www.commune-evolene.ch\/\">www.commune-evolene.ch<\/a><\/li>\n\n\n\n<li>Ricezione del marchio: 2020<\/li>\n<\/ul>\n\n\n\n<hr class=\"wp-block-separator has-css-opacity is-style-dots\"\/>\n\n\n\n<h2 class=\"wp-block-heading\">Successi<\/h2>\n\n\n\n<p><strong>Istruzione<\/strong>: il centro scolastico di Evol\u00e8ne accoglie un centinaio di bambini. Risalente agli anni &#8217;80, \u00e8 stato completamente rinnovato di recente e le infrastrutture e le strutture soddisfano le esigenze attuali. Il sito dispone di tanti servizi: parco giochi, palestra, biblioteca, ludoteca e una scuola diurna in loco. Nel villaggio di Evol\u00e8ne \u00e8 disponibile un asilo nido per bambini dai 3 mesi ai 4 anni.<\/p>\n\n\n\n<figure class=\"wp-block-gallery has-nested-images columns-default is-cropped wp-block-gallery-1 is-layout-flex wp-block-gallery-is-layout-flex\">\n<figure class=\"wp-block-image size-full\"><a href=\"https:\/\/www.jugend-im-berggebiet.ch\/wp-content\/uploads\/2025\/07\/Evolene-1.jpg\"><img loading=\"lazy\" decoding=\"async\" width=\"444\" height=\"292\" data-id=\"4500\" src=\"https:\/\/www.jugend-im-berggebiet.ch\/wp-content\/uploads\/2025\/07\/Evolene-1.jpg\" alt=\"\" class=\"wp-image-4500\" srcset=\"https:\/\/www.jugend-im-berggebiet.ch\/wp-content\/uploads\/2025\/07\/Evolene-1.jpg 444w, https:\/\/www.jugend-im-berggebiet.ch\/wp-content\/uploads\/2025\/07\/Evolene-1-300x197.jpg 300w\" sizes=\"auto, (max-width: 444px) 100vw, 444px\" \/><\/a><\/figure>\n\n\n\n<figure class=\"wp-block-image size-full\"><a href=\"https:\/\/www.jugend-im-berggebiet.ch\/wp-content\/uploads\/2025\/07\/Evolene-2.jpg\"><img loading=\"lazy\" decoding=\"async\" width=\"404\" height=\"303\" data-id=\"4499\" src=\"https:\/\/www.jugend-im-berggebiet.ch\/wp-content\/uploads\/2025\/07\/Evolene-2.jpg\" alt=\"\" class=\"wp-image-4499\" srcset=\"https:\/\/www.jugend-im-berggebiet.ch\/wp-content\/uploads\/2025\/07\/Evolene-2.jpg 404w, https:\/\/www.jugend-im-berggebiet.ch\/wp-content\/uploads\/2025\/07\/Evolene-2-300x225.jpg 300w\" sizes=\"auto, (max-width: 404px) 100vw, 404px\" \/><\/a><\/figure>\n\n\n\n<figure class=\"wp-block-image size-full\"><a href=\"https:\/\/www.jugend-im-berggebiet.ch\/wp-content\/uploads\/2025\/07\/Evolene-3.jpg\"><img loading=\"lazy\" decoding=\"async\" width=\"416\" height=\"298\" data-id=\"4501\" src=\"https:\/\/www.jugend-im-berggebiet.ch\/wp-content\/uploads\/2025\/07\/Evolene-3.jpg\" alt=\"\" class=\"wp-image-4501\" srcset=\"https:\/\/www.jugend-im-berggebiet.ch\/wp-content\/uploads\/2025\/07\/Evolene-3.jpg 416w, https:\/\/www.jugend-im-berggebiet.ch\/wp-content\/uploads\/2025\/07\/Evolene-3-300x215.jpg 300w\" sizes=\"auto, (max-width: 416px) 100vw, 416px\" \/><\/a><\/figure>\n<\/figure>\n\n\n\n<p><strong>Svaghi<\/strong>: il Comune dispone di 3 parchi giochi, a Evol\u00e8ne, Les Haud\u00e8res e La Sage. Molte associazioni locali offrono un&#8217;ampia gamma di attivit\u00e0: calcio, tennis, palestra, musica, danza, sci, ecc. Il Comune sovvenziona fortemente i 3 comprensori sciistici e gli skipass per i giovani.<\/p>\n\n\n\n<p><strong>Coesione sociale<\/strong>: grazie all&#8217;attaccamento della gente di Evol\u00e8ne al suo patrimonio culturale (in particolare il dialetto \u00abpatois\u00bb, costume e carnevale) e al suo forte coinvolgimento nelle associazioni locali, i giovani del villaggio desiderano di continuare a vivere a Evol\u00e8ne, nonostante il basso numero di posti di lavoro e le crescenti difficolt\u00e0 legate all&#8217;alloggio. La qualit\u00e0 della vita a Evol\u00e8ne \u00e8 ampiamente riconosciuta, grazie ai servizi offerti (negozi, ristoranti, medici, strutture per l&#8217;infanzia, ecc.) e ai numerosi eventi che garantiscono che non ci si annoi mai.<\/p>\n\n\n\n<hr class=\"wp-block-separator has-css-opacity is-style-dots\"\/>\n\n\n\n<h2 class=\"wp-block-heading\">Progetti attuali<\/h2>\n\n\n\n<p>Il Comune di Evol\u00e8ne sta attualmente portando avanti due progetti principali:<\/p>\n\n\n\n<div class=\"wp-block-columns is-layout-flex wp-container-core-columns-is-layout-9d6595d7 wp-block-columns-is-layout-flex\">\n<div class=\"wp-block-column is-layout-flow wp-block-column-is-layout-flow\" style=\"flex-basis:66.66%\">\n<p>Un progetto per la costruzione di nuovi locali per le <strong>strutture di assistenza all&#8217;infanzia<\/strong> e per gli <strong>ambulatori medici e paramedici<\/strong> \u00e8 stato approvato dal pubblico nell&#8217;aprile del 2023 e la costruzione dovrebbe iniziare nel 2024, con l&#8217;apertura prevista per la fine del 2026.<\/p>\n<\/div>\n\n\n\n<div class=\"wp-block-column is-layout-flow wp-block-column-is-layout-flow\" style=\"flex-basis:33.33%\">\n<figure class=\"wp-block-image size-full\"><a href=\"https:\/\/www.jugend-im-berggebiet.ch\/wp-content\/uploads\/2026\/01\/Complexe-sante-Evolene.png\"><img loading=\"lazy\" decoding=\"async\" width=\"896\" height=\"374\" src=\"https:\/\/www.jugend-im-berggebiet.ch\/wp-content\/uploads\/2026\/01\/Complexe-sante-Evolene.png\" alt=\"\" class=\"wp-image-8773\" srcset=\"https:\/\/www.jugend-im-berggebiet.ch\/wp-content\/uploads\/2026\/01\/Complexe-sante-Evolene.png 896w, https:\/\/www.jugend-im-berggebiet.ch\/wp-content\/uploads\/2026\/01\/Complexe-sante-Evolene-300x125.png 300w, https:\/\/www.jugend-im-berggebiet.ch\/wp-content\/uploads\/2026\/01\/Complexe-sante-Evolene-768x321.png 768w\" sizes=\"auto, (max-width: 896px) 100vw, 896px\" \/><\/a><\/figure>\n<\/div>\n<\/div>\n\n\n\n<div class=\"wp-block-columns is-layout-flex wp-container-core-columns-is-layout-9d6595d7 wp-block-columns-is-layout-flex\">\n<div class=\"wp-block-column is-layout-flow wp-block-column-is-layout-flow\" style=\"flex-basis:66.66%\">\n<p>Accanto al campo da calcio \u00e8 in corso un progetto di ricostruzione degli spogliatoi dell&#8217;AC Evol\u00e8ne e di ampliamento dell&#8217;edificio per realizzare una \u00ab<strong>Maison des associations<\/strong>\u00bb (casa delle associazioni) che andr\u00e0 a beneficio anche della giovent\u00f9 locale e di altre associazioni culturali e sportive.<\/p>\n<\/div>\n\n\n\n<div class=\"wp-block-column is-layout-flow wp-block-column-is-layout-flow\" style=\"flex-basis:33.33%\">\n<figure class=\"wp-block-image size-full\"><a href=\"https:\/\/www.jugend-im-berggebiet.ch\/wp-content\/uploads\/2025\/07\/image-9.png\"><img loading=\"lazy\" decoding=\"async\" width=\"553\" height=\"204\" src=\"https:\/\/www.jugend-im-berggebiet.ch\/wp-content\/uploads\/2025\/07\/image-9.png\" alt=\"\" class=\"wp-image-4490\" srcset=\"https:\/\/www.jugend-im-berggebiet.ch\/wp-content\/uploads\/2025\/07\/image-9.png 553w, https:\/\/www.jugend-im-berggebiet.ch\/wp-content\/uploads\/2025\/07\/image-9-300x111.png 300w\" sizes=\"auto, (max-width: 553px) 100vw, 553px\" \/><\/a><\/figure>\n<\/div>\n<\/div>\n<\/div>\n\n\n\n<div class=\"wp-block-column is-layout-flow wp-block-column-is-layout-flow\" style=\"flex-basis:33.33%\">\n<figure class=\"wp-block-image size-full\"><a href=\"https:\/\/www.jugend-im-berggebiet.ch\/wp-content\/uploads\/2025\/07\/Evolene-1.png\"><img loading=\"lazy\" decoding=\"async\" width=\"610\" height=\"411\" src=\"https:\/\/www.jugend-im-berggebiet.ch\/wp-content\/uploads\/2025\/07\/Evolene-1.png\" alt=\"\" class=\"wp-image-4539\" srcset=\"https:\/\/www.jugend-im-berggebiet.ch\/wp-content\/uploads\/2025\/07\/Evolene-1.png 610w, https:\/\/www.jugend-im-berggebiet.ch\/wp-content\/uploads\/2025\/07\/Evolene-1-300x202.png 300w\" sizes=\"auto, (max-width: 610px) 100vw, 610px\" \/><\/a><\/figure>\n<\/div>\n<\/div>\n\n\n\n<div class=\"wp-block-columns is-layout-flex wp-container-core-columns-is-layout-9d6595d7 wp-block-columns-is-layout-flex\">\n<div class=\"wp-block-column is-layout-flow wp-block-column-is-layout-flow\" style=\"flex-basis:66.66%\">\n<hr class=\"wp-block-separator has-css-opacity is-style-dots\"\/>\n\n\n\n<h2 class=\"wp-block-heading\">Difficolt\u00e0<\/h2>\n\n\n\n<p>I <strong>servizi di trasporto pubblico<\/strong> devono essere migliorati. Nonostante il miglioramento del servizio sulle linee di AutoPostale, c&#8217;\u00e8 ancora spazio per un miglioramento, soprattutto nelle ore serali, in modo che i giovani possano vivere una vita normale nelle regioni di montagna.<\/p>\n\n\n\n<p>C&#8217;\u00e8 ancora una <strong>carenza di alloggi<\/strong> a causa della situazione creata dalla Legge sulla pianificazione del territorio e dalla Lex Weber.<\/p>\n\n\n\n<p>Il problema del <strong>mantenimento delle attivit\u00e0 commerciali<\/strong> (negozi, ristoranti, alberghi) e dell&#8217;attrazione di nuovi inquilini minaccia la vita locale e ha un impatto sull&#8217;intera popolazione del Comune. Come si fa ad attirare nuovi inquilini nelle regioni di montagna?<\/p>\n<\/div>\n\n\n\n<div class=\"wp-block-column is-layout-flow wp-block-column-is-layout-flow\" style=\"flex-basis:33.33%\"><\/div>\n<\/div>\n\n\n\n<h2 class=\"wp-block-heading\">Foto<\/h2>\n\n\n\n<figure class=\"wp-block-gallery has-nested-images columns-default is-cropped wp-block-gallery-2 is-layout-flex wp-block-gallery-is-layout-flex\">\n<figure class=\"wp-block-image size-full\"><a href=\"https:\/\/www.jugend-im-berggebiet.ch\/wp-content\/uploads\/2025\/07\/image-1.png\"><img loading=\"lazy\" decoding=\"async\" width=\"327\" height=\"219\" data-id=\"4473\" src=\"https:\/\/www.jugend-im-berggebiet.ch\/wp-content\/uploads\/2025\/07\/image-1.png\" alt=\"\" class=\"wp-image-4473\" srcset=\"https:\/\/www.jugend-im-berggebiet.ch\/wp-content\/uploads\/2025\/07\/image-1.png 327w, https:\/\/www.jugend-im-berggebiet.ch\/wp-content\/uploads\/2025\/07\/image-1-300x201.png 300w\" sizes=\"auto, (max-width: 327px) 100vw, 327px\" \/><\/a><figcaption class=\"wp-element-caption\">Il villaggio di Evol\u00e8ne<\/figcaption><\/figure>\n\n\n\n<figure class=\"wp-block-image size-full\"><a href=\"https:\/\/www.jugend-im-berggebiet.ch\/wp-content\/uploads\/2025\/07\/image-2.png\"><img loading=\"lazy\" decoding=\"async\" width=\"284\" height=\"213\" data-id=\"4475\" src=\"https:\/\/www.jugend-im-berggebiet.ch\/wp-content\/uploads\/2025\/07\/image-2.png\" alt=\"\" class=\"wp-image-4475\"\/><\/a><figcaption class=\"wp-element-caption\">Bambini del gruppo d&#8217;arte tradizionale \u00abArc-en-ciel\u00bb a Evol\u00e8ne<\/figcaption><\/figure>\n\n\n\n<figure class=\"wp-block-image size-full\"><a href=\"https:\/\/www.jugend-im-berggebiet.ch\/wp-content\/uploads\/2025\/07\/image-3.png\"><img loading=\"lazy\" decoding=\"async\" width=\"293\" height=\"220\" data-id=\"4477\" src=\"https:\/\/www.jugend-im-berggebiet.ch\/wp-content\/uploads\/2025\/07\/image-3.png\" alt=\"\" class=\"wp-image-4477\"\/><\/a><figcaption class=\"wp-element-caption\">Parco giochi di La Sage<\/figcaption><\/figure>\n\n\n\n<figure class=\"wp-block-image size-full\"><a href=\"https:\/\/www.jugend-im-berggebiet.ch\/wp-content\/uploads\/2025\/07\/image-4.png\"><img loading=\"lazy\" decoding=\"async\" width=\"269\" height=\"202\" data-id=\"4478\" src=\"https:\/\/www.jugend-im-berggebiet.ch\/wp-content\/uploads\/2025\/07\/image-4.png\" alt=\"\" class=\"wp-image-4478\"\/><\/a><figcaption class=\"wp-element-caption\">Pista di sci di fondo che passa davanti al centro scolastico e al parco giochi di Evol\u00e8ne<\/figcaption><\/figure>\n\n\n\n<figure class=\"wp-block-image size-full\"><a href=\"https:\/\/www.jugend-im-berggebiet.ch\/wp-content\/uploads\/2025\/07\/image-6.png\"><img loading=\"lazy\" decoding=\"async\" width=\"453\" height=\"254\" data-id=\"4480\" src=\"https:\/\/www.jugend-im-berggebiet.ch\/wp-content\/uploads\/2025\/07\/image-6.png\" alt=\"\" class=\"wp-image-4480\" srcset=\"https:\/\/www.jugend-im-berggebiet.ch\/wp-content\/uploads\/2025\/07\/image-6.png 453w, https:\/\/www.jugend-im-berggebiet.ch\/wp-content\/uploads\/2025\/07\/image-6-300x168.png 300w\" sizes=\"auto, (max-width: 453px) 100vw, 453px\" \/><\/a><figcaption class=\"wp-element-caption\">Il festival CIME (Celebrazioni interculturali di montagna Evol\u00e8ne)<\/figcaption><\/figure>\n\n\n\n<figure class=\"wp-block-image size-full\"><a href=\"https:\/\/www.jugend-im-berggebiet.ch\/wp-content\/uploads\/2025\/07\/image-5.png\"><img loading=\"lazy\" decoding=\"async\" width=\"288\" height=\"216\" data-id=\"4479\" src=\"https:\/\/www.jugend-im-berggebiet.ch\/wp-content\/uploads\/2025\/07\/image-5.png\" alt=\"\" class=\"wp-image-4479\"\/><\/a><figcaption class=\"wp-element-caption\">La banda&nbsp;musicalel \u00abEcho de la Dent-Blanche\u00bb a La Sage<\/figcaption><\/figure>\n\n\n\n<figure class=\"wp-block-image size-large\"><a href=\"https:\/\/www.jugend-im-berggebiet.ch\/wp-content\/uploads\/2025\/07\/Jeunesse-Evolenarde-2023.jpg\"><img loading=\"lazy\" decoding=\"async\" width=\"1024\" height=\"549\" data-id=\"4470\" src=\"https:\/\/www.jugend-im-berggebiet.ch\/wp-content\/uploads\/2025\/07\/Jeunesse-Evolenarde-2023-1024x549.jpg\" alt=\"\" class=\"wp-image-4470\" srcset=\"https:\/\/www.jugend-im-berggebiet.ch\/wp-content\/uploads\/2025\/07\/Jeunesse-Evolenarde-2023-1024x549.jpg 1024w, https:\/\/www.jugend-im-berggebiet.ch\/wp-content\/uploads\/2025\/07\/Jeunesse-Evolenarde-2023-300x161.jpg 300w, https:\/\/www.jugend-im-berggebiet.ch\/wp-content\/uploads\/2025\/07\/Jeunesse-Evolenarde-2023-768x412.jpg 768w, https:\/\/www.jugend-im-berggebiet.ch\/wp-content\/uploads\/2025\/07\/Jeunesse-Evolenarde-2023.jpg 1080w\" sizes=\"auto, (max-width: 1024px) 100vw, 1024px\" \/><\/a><figcaption class=\"wp-element-caption\">Associazione dei giovani \u00abJeunesse Evol\u00e9narde\u00bb nel 2023<\/figcaption><\/figure>\n<\/figure>\n","protected":false},"excerpt":{"rendered":"<p>Dati chiave Cantone: Vallese Regione: Vallese centrale Abitanti: 1&#8217;669 Lingua ufficiale: francese Superficie in km2: 209.8 Punto pi\u00f9 alto: 4&#8217;357 m s.l.m. (Dent-Blanche) Punto pi\u00f9 basso: 1&#8217;180 m s.l.m. (frazione di La Villette) Sito web: www.commune-evolene.ch Ricezione del marchio: 2020 Successi Istruzione: il centro scolastico di Evol\u00e8ne accoglie un centinaio di bambini. Risalente agli anni [&hellip;]<\/p>\n","protected":false},"author":5,"featured_media":0,"parent":599,"menu_order":0,"comment_status":"closed","ping_status":"closed","template":"template-fullwidth.php","meta":{"footnotes":""},"class_list":["post-3013","page","type-page","status-publish","hentry"],"_links":{"self":[{"href":"https:\/\/www.jugend-im-berggebiet.ch\/it\/wp-json\/wp\/v2\/pages\/3013","targetHints":{"allow":["GET"]}}],"collection":[{"href":"https:\/\/www.jugend-im-berggebiet.ch\/it\/wp-json\/wp\/v2\/pages"}],"about":[{"href":"https:\/\/www.jugend-im-berggebiet.ch\/it\/wp-json\/wp\/v2\/types\/page"}],"author":[{"embeddable":true,"href":"https:\/\/www.jugend-im-berggebiet.ch\/it\/wp-json\/wp\/v2\/users\/5"}],"replies":[{"embeddable":true,"href":"https:\/\/www.jugend-im-berggebiet.ch\/it\/wp-json\/wp\/v2\/comments?post=3013"}],"version-history":[{"count":7,"href":"https:\/\/www.jugend-im-berggebiet.ch\/it\/wp-json\/wp\/v2\/pages\/3013\/revisions"}],"predecessor-version":[{"id":8777,"href":"https:\/\/www.jugend-im-berggebiet.ch\/it\/wp-json\/wp\/v2\/pages\/3013\/revisions\/8777"}],"up":[{"embeddable":true,"href":"https:\/\/www.jugend-im-berggebiet.ch\/it\/wp-json\/wp\/v2\/pages\/599"}],"wp:attachment":[{"href":"https:\/\/www.jugend-im-berggebiet.ch\/it\/wp-json\/wp\/v2\/media?parent=3013"}],"curies":[{"name":"wp","href":"https:\/\/api.w.org\/{rel}","templated":true}]}}