{"id":3026,"date":"2020-08-25T14:58:05","date_gmt":"2020-08-25T12:58:05","guid":{"rendered":"https:\/\/www.jugend-im-berggebiet.ch\/?page_id=3026"},"modified":"2026-02-09T10:03:31","modified_gmt":"2026-02-09T09:03:31","slug":"guttannen","status":"publish","type":"page","link":"https:\/\/www.jugend-im-berggebiet.ch\/it\/un-marchio-per-i-comuni\/guttannen\/","title":{"rendered":"Guttannen (BE)"},"content":{"rendered":"\n<h2 class=\"wp-block-heading\">Dati chiave<\/h2>\n\n\n\n<div class=\"wp-block-columns is-layout-flex wp-container-core-columns-is-layout-9d6595d7 wp-block-columns-is-layout-flex\">\n<div class=\"wp-block-column is-layout-flow wp-block-column-is-layout-flow\" style=\"flex-basis:66.66%\">\n<ul class=\"wp-block-list\">\n<li>Cantone: Berna<\/li>\n\n\n\n<li>Regione: Interlaken-Oberhasli<\/li>\n\n\n\n<li>Abitanti: 275 (fine 2023)<\/li>\n\n\n\n<li>Lingua ufficiale: tedesco<\/li>\n\n\n\n<li>Superficie in km<sup>2<\/sup>: 200.85<\/li>\n\n\n\n<li>Punto pi\u00f9 alto: 4&#8217;274 m s.l.m. (Finsteraarhorn)<\/li>\n\n\n\n<li>Punto pi\u00f9 basso: 749 m s.l.m.<\/li>\n\n\n\n<li>Sito web: <a href=\"http:\/\/www.guttannen.ch\" data-type=\"link\" data-id=\"www.guttannen.ch\" target=\"_blank\" rel=\"noreferrer noopener\">www.guttannen.ch<\/a><\/li>\n\n\n\n<li>Ricezione del marchio: 2020<\/li>\n<\/ul>\n\n\n\n<hr class=\"wp-block-separator has-css-opacity aligncenter is-style-dots\"\/>\n\n\n\n<h2 class=\"wp-block-heading\">Successi<\/h2>\n\n\n\n<p><strong>Scuola:<\/strong> A Guttannen, dal 2019 esiste una scuola privata, poich\u00e9 il cantone non ha pi\u00f9 voluto finanziare la scuola pubblica a causa del calo del numero di alunni. Gli studenti del villaggio non pagano alcuna retta scolastica, sebbene la scuola sia considerata privata. Essa rappresenta un elemento vitale per il paese.<\/p>\n\n\n\n<p><strong>Sciovia:<\/strong> Dal 2022 \u00e8 in funzione una nuova sciovia, pi\u00f9 facile da usare anche per i bambini piccoli rispetto alla precedente. \u00c8 gestita da volontari che hanno completato un corso di tre ore per poterla gestire.<\/p>\n\n\n\n<p><strong>Albergo B\u00e4ren:<\/strong> L\u2019albergo e ristorante B\u00e4ren \u00e8 stato rilevato da un imprenditore innovativo ed \u00e8 un punto d\u2019incontro per le persone di tutte le et\u00e0. Il locale offre spazio per diversi eventi interessanti.<\/p>\n\n\n\n<hr class=\"wp-block-separator has-text-color has-black-color has-css-opacity has-black-background-color has-background aligncenter is-style-dots\"\/>\n\n\n\n<h2 class=\"wp-block-heading\">Progetti attuali<\/h2>\n\n\n\n<p><strong>Negozietto:<\/strong> Gli ex proprietari del negozio del villaggio hanno cessato l\u2019attivit\u00e0 alla fine del 2023. Successivamente, il negozio \u00e8 stato rilevato da una cooperativa di nuova costituzione. Essa offre opportunit\u00e0 di lavoro e impieghi durante le vacanze per i giovani. Dall\u2019inizio del 2025, grazie a un sistema digitale, il negozietto \u00e8 aperto 24 ore su 24. Ulteriori informazioni: <a href=\"http:\/\/www.laedeli-guttannen.ch\" data-type=\"link\" data-id=\"www.laedeli-guttannen.ch\" target=\"_blank\" rel=\"noreferrer noopener\">www.laedeli-guttannen.ch<\/a><\/p>\n\n\n\n<p><strong>Abitazioni per anziani:<\/strong> A causa della carenza di alloggi, sono in programma abitazioni per anziani in collaborazione con l&#8217;albergo B\u00e4ren. Le persone anziane avranno la possibilit\u00e0 di usufruire di servizi come la ristorazione e la lavanderia offerti dall\u2019albergo. In questo modo, gli anziani che vivono soli potranno liberare i loro grandi appartamenti per le famiglie.<\/p>\n\n\n\n<p><strong>Commissione giovanile:<\/strong> Si prevede di promuovere la collaborazione con il comune limitrofo di Innertkirchen e di realizzare progetti comuni.<\/p>\n\n\n\n<hr class=\"wp-block-separator has-text-color has-black-color has-css-opacity has-black-background-color has-background aligncenter is-style-dots\"\/>\n\n\n\n<h2 class=\"wp-block-heading\">Difficolt\u00e0<\/h2>\n\n\n\n<p><strong>Alloggi:<\/strong> Il Consiglio comunale si occupa intensamente della promozione di alloggi attrattivi e a prezzi accessibili, al fine di motivare altre famiglie a vivere nel villaggio.<\/p>\n\n\n\n<p><strong>Partecipazione dei giovani:<\/strong> I giovani possono essere ancora meglio informati dal Comune e quindi motivati a sfruttare le opportunit\u00e0 di impegnarsi per la comunit\u00e0.<\/p>\n\n\n\n<p><strong>Tunnel<\/strong>: Il tunnel ferroviario del Grimsel \u00e8 ancora in fase di pianificazione. Si deve attendere l&#8217;autorizzazione della Confederazione. Se realizzato, rappresenterebbe una grande opportunit\u00e0 per lo sviluppo del villaggio.<\/p>\n\n\n\n<hr class=\"wp-block-separator has-text-color has-black-color has-css-opacity has-black-background-color has-background aligncenter is-style-dots\"\/>\n<\/div>\n\n\n\n<div class=\"wp-block-column is-layout-flow wp-block-column-is-layout-flow\" style=\"flex-basis:33.33%\">\n<figure class=\"wp-block-image size-full\"><a href=\"https:\/\/www.jugend-im-berggebiet.ch\/wp-content\/uploads\/2025\/07\/Guttannen.png\"><img loading=\"lazy\" decoding=\"async\" width=\"612\" height=\"393\" src=\"https:\/\/www.jugend-im-berggebiet.ch\/wp-content\/uploads\/2025\/07\/Guttannen.png\" alt=\"\" class=\"wp-image-6865\" srcset=\"https:\/\/www.jugend-im-berggebiet.ch\/wp-content\/uploads\/2025\/07\/Guttannen.png 612w, https:\/\/www.jugend-im-berggebiet.ch\/wp-content\/uploads\/2025\/07\/Guttannen-300x193.png 300w\" sizes=\"auto, (max-width: 612px) 100vw, 612px\" \/><\/a><\/figure>\n<\/div>\n<\/div>\n\n\n\n<h2 class=\"wp-block-heading\">Foto<\/h2>\n\n\n\n<figure class=\"wp-block-gallery has-nested-images columns-3 is-cropped wp-block-gallery-1 is-layout-flex wp-block-gallery-is-layout-flex\">\n<figure class=\"wp-block-image size-large\"><a href=\"https:\/\/www.jugend-im-berggebiet.ch\/wp-content\/uploads\/2025\/07\/IMG20241109142850-scaled.jpg\"><img loading=\"lazy\" decoding=\"async\" width=\"1024\" height=\"768\" data-id=\"6905\" src=\"https:\/\/www.jugend-im-berggebiet.ch\/wp-content\/uploads\/2025\/07\/IMG20241109142850-1024x768.jpg\" alt=\"\" class=\"wp-image-6905\" srcset=\"https:\/\/www.jugend-im-berggebiet.ch\/wp-content\/uploads\/2025\/07\/IMG20241109142850-1024x768.jpg 1024w, https:\/\/www.jugend-im-berggebiet.ch\/wp-content\/uploads\/2025\/07\/IMG20241109142850-300x225.jpg 300w, https:\/\/www.jugend-im-berggebiet.ch\/wp-content\/uploads\/2025\/07\/IMG20241109142850-768x576.jpg 768w, https:\/\/www.jugend-im-berggebiet.ch\/wp-content\/uploads\/2025\/07\/IMG20241109142850-1536x1152.jpg 1536w, https:\/\/www.jugend-im-berggebiet.ch\/wp-content\/uploads\/2025\/07\/IMG20241109142850-2048x1536.jpg 2048w\" sizes=\"auto, (max-width: 1024px) 100vw, 1024px\" \/><\/a><figcaption class=\"wp-element-caption\">Guttannen \u00e8 circondato da alte montagne.<\/figcaption><\/figure>\n\n\n\n<figure class=\"wp-block-image size-large\"><a href=\"https:\/\/www.jugend-im-berggebiet.ch\/wp-content\/uploads\/2025\/07\/image-16.png\"><img loading=\"lazy\" decoding=\"async\" width=\"945\" height=\"630\" data-id=\"6889\" src=\"https:\/\/www.jugend-im-berggebiet.ch\/wp-content\/uploads\/2025\/07\/image-16.png\" alt=\"\" class=\"wp-image-6889\" srcset=\"https:\/\/www.jugend-im-berggebiet.ch\/wp-content\/uploads\/2025\/07\/image-16.png 945w, https:\/\/www.jugend-im-berggebiet.ch\/wp-content\/uploads\/2025\/07\/image-16-300x200.png 300w, https:\/\/www.jugend-im-berggebiet.ch\/wp-content\/uploads\/2025\/07\/image-16-768x512.png 768w\" sizes=\"auto, (max-width: 945px) 100vw, 945px\" \/><\/a><figcaption class=\"wp-element-caption\">Un cono di ghiaccio artificiale (<em>Eisstupa<\/em>) fa parte di un progetto di ricerca dell&#8217;Universit\u00e0 di Friburgo.<\/figcaption><\/figure>\n\n\n\n<figure class=\"wp-block-image size-large\"><a href=\"https:\/\/www.jugend-im-berggebiet.ch\/wp-content\/uploads\/2025\/07\/image-14.png\"><img loading=\"lazy\" decoding=\"async\" width=\"945\" height=\"709\" data-id=\"6881\" src=\"https:\/\/www.jugend-im-berggebiet.ch\/wp-content\/uploads\/2025\/07\/image-14.png\" alt=\"\" class=\"wp-image-6881\" srcset=\"https:\/\/www.jugend-im-berggebiet.ch\/wp-content\/uploads\/2025\/07\/image-14.png 945w, https:\/\/www.jugend-im-berggebiet.ch\/wp-content\/uploads\/2025\/07\/image-14-300x225.png 300w, https:\/\/www.jugend-im-berggebiet.ch\/wp-content\/uploads\/2025\/07\/image-14-768x576.png 768w\" sizes=\"auto, (max-width: 945px) 100vw, 945px\" \/><\/a><figcaption class=\"wp-element-caption\">La rinaturalizzazione del ruscello Islen, un progetto della ente consorziale<\/figcaption><\/figure>\n\n\n\n<figure class=\"wp-block-image size-large\"><a href=\"https:\/\/www.jugend-im-berggebiet.ch\/wp-content\/uploads\/2025\/07\/image-17.png\"><img loading=\"lazy\" decoding=\"async\" width=\"945\" height=\"708\" data-id=\"6893\" src=\"https:\/\/www.jugend-im-berggebiet.ch\/wp-content\/uploads\/2025\/07\/image-17.png\" alt=\"\" class=\"wp-image-6893\" srcset=\"https:\/\/www.jugend-im-berggebiet.ch\/wp-content\/uploads\/2025\/07\/image-17.png 945w, https:\/\/www.jugend-im-berggebiet.ch\/wp-content\/uploads\/2025\/07\/image-17-300x225.png 300w, https:\/\/www.jugend-im-berggebiet.ch\/wp-content\/uploads\/2025\/07\/image-17-768x575.png 768w\" sizes=\"auto, (max-width: 945px) 100vw, 945px\" \/><\/a><figcaption class=\"wp-element-caption\">Una vista aerea del villaggio<\/figcaption><\/figure>\n\n\n\n<figure class=\"wp-block-image size-large\"><a href=\"https:\/\/www.jugend-im-berggebiet.ch\/wp-content\/uploads\/2025\/07\/Bild-Skiclub-1-scaled.jpg\"><img loading=\"lazy\" decoding=\"async\" width=\"1024\" height=\"683\" data-id=\"6877\" src=\"https:\/\/www.jugend-im-berggebiet.ch\/wp-content\/uploads\/2025\/07\/Bild-Skiclub-1-1024x683.jpg\" alt=\"\" class=\"wp-image-6877\" srcset=\"https:\/\/www.jugend-im-berggebiet.ch\/wp-content\/uploads\/2025\/07\/Bild-Skiclub-1-1024x683.jpg 1024w, https:\/\/www.jugend-im-berggebiet.ch\/wp-content\/uploads\/2025\/07\/Bild-Skiclub-1-300x200.jpg 300w, https:\/\/www.jugend-im-berggebiet.ch\/wp-content\/uploads\/2025\/07\/Bild-Skiclub-1-768x512.jpg 768w, https:\/\/www.jugend-im-berggebiet.ch\/wp-content\/uploads\/2025\/07\/Bild-Skiclub-1-1536x1024.jpg 1536w, https:\/\/www.jugend-im-berggebiet.ch\/wp-content\/uploads\/2025\/07\/Bild-Skiclub-1-2048x1365.jpg 2048w\" sizes=\"auto, (max-width: 1024px) 100vw, 1024px\" \/><\/a><figcaption class=\"wp-element-caption\">Guttannen \u00e8 il punto di partenza di una moltitudine di itinerari per escursioni con gli sci.<\/figcaption><\/figure>\n\n\n\n<figure class=\"wp-block-image size-large\"><a href=\"https:\/\/www.jugend-im-berggebiet.ch\/wp-content\/uploads\/2025\/07\/Logo-Gemeinde.jpg\"><img loading=\"lazy\" decoding=\"async\" width=\"335\" height=\"335\" data-id=\"6873\" src=\"https:\/\/www.jugend-im-berggebiet.ch\/wp-content\/uploads\/2025\/07\/Logo-Gemeinde.jpg\" alt=\"\" class=\"wp-image-6873\" srcset=\"https:\/\/www.jugend-im-berggebiet.ch\/wp-content\/uploads\/2025\/07\/Logo-Gemeinde.jpg 335w, https:\/\/www.jugend-im-berggebiet.ch\/wp-content\/uploads\/2025\/07\/Logo-Gemeinde-300x300.jpg 300w, https:\/\/www.jugend-im-berggebiet.ch\/wp-content\/uploads\/2025\/07\/Logo-Gemeinde-150x150.jpg 150w\" sizes=\"auto, (max-width: 335px) 100vw, 335px\" \/><\/a><figcaption class=\"wp-element-caption\">Lo stemma del Comune<\/figcaption><\/figure>\n\n\n\n<figure class=\"wp-block-image size-large\"><a href=\"https:\/\/www.jugend-im-berggebiet.ch\/wp-content\/uploads\/2025\/07\/IMG20241109142922-scaled.jpg\"><img loading=\"lazy\" decoding=\"async\" width=\"1024\" height=\"768\" data-id=\"6901\" src=\"https:\/\/www.jugend-im-berggebiet.ch\/wp-content\/uploads\/2025\/07\/IMG20241109142922-1024x768.jpg\" alt=\"\" class=\"wp-image-6901\" srcset=\"https:\/\/www.jugend-im-berggebiet.ch\/wp-content\/uploads\/2025\/07\/IMG20241109142922-1024x768.jpg 1024w, https:\/\/www.jugend-im-berggebiet.ch\/wp-content\/uploads\/2025\/07\/IMG20241109142922-300x225.jpg 300w, https:\/\/www.jugend-im-berggebiet.ch\/wp-content\/uploads\/2025\/07\/IMG20241109142922-768x576.jpg 768w, https:\/\/www.jugend-im-berggebiet.ch\/wp-content\/uploads\/2025\/07\/IMG20241109142922-1536x1152.jpg 1536w, https:\/\/www.jugend-im-berggebiet.ch\/wp-content\/uploads\/2025\/07\/IMG20241109142922-2048x1536.jpg 2048w\" sizes=\"auto, (max-width: 1024px) 100vw, 1024px\" \/><\/a><figcaption class=\"wp-element-caption\">Il Comune ha ospitato il comitato del Forum dei giovani nel 2024 per la sua clausura.<\/figcaption><\/figure>\n\n\n\n<figure class=\"wp-block-image size-large\"><a href=\"https:\/\/www.jugend-im-berggebiet.ch\/wp-content\/uploads\/2025\/07\/image-15.png\"><img loading=\"lazy\" decoding=\"async\" width=\"908\" height=\"605\" data-id=\"6885\" src=\"https:\/\/www.jugend-im-berggebiet.ch\/wp-content\/uploads\/2025\/07\/image-15.png\" alt=\"\" class=\"wp-image-6885\" srcset=\"https:\/\/www.jugend-im-berggebiet.ch\/wp-content\/uploads\/2025\/07\/image-15.png 908w, https:\/\/www.jugend-im-berggebiet.ch\/wp-content\/uploads\/2025\/07\/image-15-300x200.png 300w, https:\/\/www.jugend-im-berggebiet.ch\/wp-content\/uploads\/2025\/07\/image-15-768x512.png 768w\" sizes=\"auto, (max-width: 908px) 100vw, 908px\" \/><\/a><figcaption class=\"wp-element-caption\">Nella valle dell\u2019Hasli si pratica un&#8217;antica usanza (<em>Ubersitz<\/em>) durante la settimana di fine anno.<\/figcaption><\/figure>\n<\/figure>\n\n\n\n<p><\/p>\n\n\n\n<p><strong>Contributo su Radio BeO su Guttannen <\/strong>(in tedesco): <a href=\"https:\/\/www.radiobeo.ch\/podcast-egge\/beo-thema-2026-02-07-1231-was-bedeutet-sab-label-jugendfreundliche-bergdoerfer-fuer-guttannen\/\" target=\"_blank\" rel=\"noreferrer noopener\">Link<\/a><\/p>\n","protected":false},"excerpt":{"rendered":"<p>Dati chiave Cantone: Berna Regione: Interlaken-Oberhasli Abitanti: 275 (fine 2023) Lingua ufficiale: tedesco Superficie in km2: 200.85 Punto pi\u00f9 alto: 4&#8217;274 m s.l.m. (Finsteraarhorn) Punto pi\u00f9 basso: 749 m s.l.m. Sito web: www.guttannen.ch Ricezione del marchio: 2020 Successi Scuola: A Guttannen, dal 2019 esiste una scuola privata, poich\u00e9 il cantone non ha pi\u00f9 voluto finanziare [&hellip;]<\/p>\n","protected":false},"author":5,"featured_media":0,"parent":599,"menu_order":0,"comment_status":"closed","ping_status":"closed","template":"template-fullwidth.php","meta":{"footnotes":""},"class_list":["post-3026","page","type-page","status-publish","hentry"],"_links":{"self":[{"href":"https:\/\/www.jugend-im-berggebiet.ch\/it\/wp-json\/wp\/v2\/pages\/3026","targetHints":{"allow":["GET"]}}],"collection":[{"href":"https:\/\/www.jugend-im-berggebiet.ch\/it\/wp-json\/wp\/v2\/pages"}],"about":[{"href":"https:\/\/www.jugend-im-berggebiet.ch\/it\/wp-json\/wp\/v2\/types\/page"}],"author":[{"embeddable":true,"href":"https:\/\/www.jugend-im-berggebiet.ch\/it\/wp-json\/wp\/v2\/users\/5"}],"replies":[{"embeddable":true,"href":"https:\/\/www.jugend-im-berggebiet.ch\/it\/wp-json\/wp\/v2\/comments?post=3026"}],"version-history":[{"count":13,"href":"https:\/\/www.jugend-im-berggebiet.ch\/it\/wp-json\/wp\/v2\/pages\/3026\/revisions"}],"predecessor-version":[{"id":8791,"href":"https:\/\/www.jugend-im-berggebiet.ch\/it\/wp-json\/wp\/v2\/pages\/3026\/revisions\/8791"}],"up":[{"embeddable":true,"href":"https:\/\/www.jugend-im-berggebiet.ch\/it\/wp-json\/wp\/v2\/pages\/599"}],"wp:attachment":[{"href":"https:\/\/www.jugend-im-berggebiet.ch\/it\/wp-json\/wp\/v2\/media?parent=3026"}],"curies":[{"name":"wp","href":"https:\/\/api.w.org\/{rel}","templated":true}]}}