{"id":3041,"date":"2020-08-25T15:30:54","date_gmt":"2020-08-25T13:30:54","guid":{"rendered":"https:\/\/www.jugend-im-berggebiet.ch\/?page_id=3041"},"modified":"2025-11-05T14:01:24","modified_gmt":"2025-11-05T13:01:24","slug":"poschiavo-3","status":"publish","type":"page","link":"https:\/\/www.jugend-im-berggebiet.ch\/it\/un-marchio-per-i-comuni\/poschiavo-3\/","title":{"rendered":"Poschiavo (GR)"},"content":{"rendered":"\n<h2 class=\"wp-block-heading\">Dati chiave<\/h2>\n\n\n\n<div class=\"wp-block-columns is-layout-flex wp-container-core-columns-is-layout-9d6595d7 wp-block-columns-is-layout-flex\">\n<div class=\"wp-block-column is-layout-flow wp-block-column-is-layout-flow\" style=\"flex-basis:66.66%\">\n<ul class=\"wp-block-list\">\n<li>Cantone: Grigioni<\/li>\n\n\n\n<li>Regione: Bernina<\/li>\n\n\n\n<li>Abitanti: 3&#8217;432<\/li>\n\n\n\n<li>Lingua ufficiale: italiano<\/li>\n\n\n\n<li>Superficie in km<sup>2<\/sup>: 192<\/li>\n\n\n\n<li>Punto pi\u00f9 alto: 3&#8217;905 m s.l.m. (Piz Pal\u00fc)<\/li>\n\n\n\n<li>Punto pi\u00f9 basso: 965 m s.l.m. (Miralago)<\/li>\n\n\n\n<li>Sito web: <a href=\"http:\/\/www.poschiavo.ch\" data-type=\"link\" data-id=\"www.poschiavo.ch\" target=\"_blank\" rel=\"noreferrer noopener\">www.poschiavo.ch<\/a><\/li>\n\n\n\n<li>Ricezione del marchio: 2020<\/li>\n<\/ul>\n\n\n\n<hr class=\"wp-block-separator has-css-opacity aligncenter is-style-dots\"\/>\n\n\n\n<h2 class=\"wp-block-heading\">Successi<\/h2>\n\n\n\n<p>Il Comune di Poschiavo sostiene i giovani attraverso i <strong>contributi annui<\/strong> elargiti alle associazioni che promuovono le attivit\u00e0 giovanili extrascolastiche.<\/p>\n\n\n\n<p>Il coinvolgimento dei ragazzi nella vita sociale avviene anche mediante l\u2019opportunit\u00e0 di esprimere idee per la realizzazione progetti, all\u2019interno del <strong>Parlamento giovanile<\/strong> che si fa portavoce verso le Autorit\u00e0. Con l\u2019introduzione del Parlamento giovanile si vuole creare un legame tra i giovani e le istituzioni politiche del Comune di Poschiavo.<\/p>\n\n\n\n<p>Ulteriori contributi e sostegno di altra natura vengono regolarmente, nel limite del possibile, garantiti, come ad esempio l\u2019<strong>uso delle infrastrutture comunali a costo favorevole<\/strong> alle presenti 100 associazioni differenti.<\/p>\n\n\n\n<p>Con l\u2019inizio dell\u2019anno scolastico 2022 \u2013 2023 tutti gli allievi hanno ricevuto un <strong>abbonamento regionale generale gratuito<\/strong> valevole sulla tratta Campocologno &#8211; Ospizio Bernina e sulle altre tratte ufficiali (eccetto Val di Campo e Brusio \u2013 Cavaione) sia per l&#8217;auto postale che per il treno, valido per tutti i trasporti casa-scuola cos\u00ec come pure per il tempo libero.<\/p>\n\n\n\n<p>Da alcuni anni organizzazione di un <strong>campo di calcio, di bike e di danza <\/strong>durante il periodo delle vacanze scolastiche.<\/p>\n\n\n\n<hr class=\"wp-block-separator has-text-color has-black-color has-css-opacity has-black-background-color has-background aligncenter is-style-dots\"\/>\n\n\n\n<h2 class=\"wp-block-heading\">Progetti attuali<\/h2>\n\n\n\n<p>Su segnalazione del Parlamento giovanile, il Comune di Poschiavo sta valutando la realizzazione di un <strong>campo da beach volley<\/strong> e un <strong>fitness park<\/strong>.<\/p>\n\n\n\n<p>La <strong>parete d&#8217;arrampicata<\/strong> situata nell&#8217;angolo nord-est della palestra n. 1\u00b0 delle scuole comunali di Poschiavo viene completamente restaurata. Il progetto prevede un risanamento completo di tutta l&#8217;infrastruttura compresa la parete stessa e l&#8217;attrezzatura d&#8217;arrampicata necessaria.<\/p>\n\n\n\n<p>Il Comune di Poschiavo organizza ogni 3 anni il seguente evento \u00ab<strong>Imparare una professione in Valle e presentazione professionale<\/strong>\u00bb. Tutti gli allievi e le allieve del grado superiore assieme ai genitori hanno la possibilit\u00e0 di ricevere delle informazioni riguardanti la formazione professionale che si pu\u00f2 svolgere in valle (21 differenti professioni).<\/p>\n\n\n\n<hr class=\"wp-block-separator has-text-color has-black-color has-css-opacity has-black-background-color has-background aligncenter is-style-dots\"\/>\n\n\n\n<h2 class=\"wp-block-heading\">Difficolt\u00e0<\/h2>\n\n\n\n<p>La mancanza di <strong>luoghi d\u2019aggregazione socio-culturali<\/strong> che possano favorire comunicazione e integrazione, specialmente dopo l\u2019obbligo scolastico et\u00e0 16 \u2013 18 anni. <\/p>\n\n\n\n<p>Mancanza di <strong>posti di lavoro<\/strong> per poschiavine e poschiavini con una formazione accademica.<\/p>\n\n\n\n<hr class=\"wp-block-separator has-text-color has-black-color has-css-opacity has-black-background-color has-background aligncenter is-style-dots\"\/>\n<\/div>\n\n\n\n<div class=\"wp-block-column is-layout-flow wp-block-column-is-layout-flow\" style=\"flex-basis:33.33%\">\n<figure class=\"wp-block-image size-large\"><a href=\"https:\/\/www.jugend-im-berggebiet.ch\/wp-content\/uploads\/2025\/07\/Poschiavo.png\"><img loading=\"lazy\" decoding=\"async\" width=\"1024\" height=\"696\" src=\"https:\/\/www.jugend-im-berggebiet.ch\/wp-content\/uploads\/2025\/07\/Poschiavo-1024x696.png\" alt=\"\" class=\"wp-image-6702\" srcset=\"https:\/\/www.jugend-im-berggebiet.ch\/wp-content\/uploads\/2025\/07\/Poschiavo-1024x696.png 1024w, https:\/\/www.jugend-im-berggebiet.ch\/wp-content\/uploads\/2025\/07\/Poschiavo-300x204.png 300w, https:\/\/www.jugend-im-berggebiet.ch\/wp-content\/uploads\/2025\/07\/Poschiavo-768x522.png 768w, https:\/\/www.jugend-im-berggebiet.ch\/wp-content\/uploads\/2025\/07\/Poschiavo-1536x1044.png 1536w, https:\/\/www.jugend-im-berggebiet.ch\/wp-content\/uploads\/2025\/07\/Poschiavo.png 1912w\" sizes=\"auto, (max-width: 1024px) 100vw, 1024px\" \/><\/a><\/figure>\n<\/div>\n<\/div>\n\n\n\n<h2 class=\"wp-block-heading\">Foto<\/h2>\n\n\n\n<figure class=\"wp-block-gallery has-nested-images columns-default is-cropped wp-block-gallery-1 is-layout-flex wp-block-gallery-is-layout-flex\">\n<figure class=\"wp-block-image size-large\"><a href=\"https:\/\/www.jugend-im-berggebiet.ch\/wp-content\/uploads\/2025\/07\/DSF7779-Modifica.jpg\"><img loading=\"lazy\" decoding=\"async\" width=\"1024\" height=\"683\" data-id=\"6714\" src=\"https:\/\/www.jugend-im-berggebiet.ch\/wp-content\/uploads\/2025\/07\/DSF7779-Modifica-1024x683.jpg\" alt=\"\" class=\"wp-image-6714\" srcset=\"https:\/\/www.jugend-im-berggebiet.ch\/wp-content\/uploads\/2025\/07\/DSF7779-Modifica-1024x683.jpg 1024w, https:\/\/www.jugend-im-berggebiet.ch\/wp-content\/uploads\/2025\/07\/DSF7779-Modifica-300x200.jpg 300w, https:\/\/www.jugend-im-berggebiet.ch\/wp-content\/uploads\/2025\/07\/DSF7779-Modifica-768x512.jpg 768w, https:\/\/www.jugend-im-berggebiet.ch\/wp-content\/uploads\/2025\/07\/DSF7779-Modifica-1536x1024.jpg 1536w, https:\/\/www.jugend-im-berggebiet.ch\/wp-content\/uploads\/2025\/07\/DSF7779-Modifica-2048x1366.jpg 2048w\" sizes=\"auto, (max-width: 1024px) 100vw, 1024px\" \/><\/a><figcaption class=\"wp-element-caption\">Piazza comunale<\/figcaption><\/figure>\n\n\n\n<figure class=\"wp-block-image size-large\"><a href=\"https:\/\/www.jugend-im-berggebiet.ch\/wp-content\/uploads\/2025\/07\/DSF7611.jpg\"><img loading=\"lazy\" decoding=\"async\" width=\"1024\" height=\"683\" data-id=\"6718\" src=\"https:\/\/www.jugend-im-berggebiet.ch\/wp-content\/uploads\/2025\/07\/DSF7611-1024x683.jpg\" alt=\"\" class=\"wp-image-6718\" srcset=\"https:\/\/www.jugend-im-berggebiet.ch\/wp-content\/uploads\/2025\/07\/DSF7611-1024x683.jpg 1024w, https:\/\/www.jugend-im-berggebiet.ch\/wp-content\/uploads\/2025\/07\/DSF7611-300x200.jpg 300w, https:\/\/www.jugend-im-berggebiet.ch\/wp-content\/uploads\/2025\/07\/DSF7611-768x512.jpg 768w, https:\/\/www.jugend-im-berggebiet.ch\/wp-content\/uploads\/2025\/07\/DSF7611-1536x1024.jpg 1536w, https:\/\/www.jugend-im-berggebiet.ch\/wp-content\/uploads\/2025\/07\/DSF7611-2048x1366.jpg 2048w\" sizes=\"auto, (max-width: 1024px) 100vw, 1024px\" \/><\/a><figcaption class=\"wp-element-caption\">La barca \u00abSassalbo\u00bb sul Lago di Poschiavo<\/figcaption><\/figure>\n\n\n\n<figure class=\"wp-block-image size-large\"><a href=\"https:\/\/www.jugend-im-berggebiet.ch\/wp-content\/uploads\/2025\/07\/DSF7514.jpg\"><img loading=\"lazy\" decoding=\"async\" width=\"1024\" height=\"683\" data-id=\"6726\" src=\"https:\/\/www.jugend-im-berggebiet.ch\/wp-content\/uploads\/2025\/07\/DSF7514-1024x683.jpg\" alt=\"\" class=\"wp-image-6726\" srcset=\"https:\/\/www.jugend-im-berggebiet.ch\/wp-content\/uploads\/2025\/07\/DSF7514-1024x683.jpg 1024w, https:\/\/www.jugend-im-berggebiet.ch\/wp-content\/uploads\/2025\/07\/DSF7514-300x200.jpg 300w, https:\/\/www.jugend-im-berggebiet.ch\/wp-content\/uploads\/2025\/07\/DSF7514-768x512.jpg 768w, https:\/\/www.jugend-im-berggebiet.ch\/wp-content\/uploads\/2025\/07\/DSF7514-1536x1024.jpg 1536w, https:\/\/www.jugend-im-berggebiet.ch\/wp-content\/uploads\/2025\/07\/DSF7514-2048x1366.jpg 2048w\" sizes=\"auto, (max-width: 1024px) 100vw, 1024px\" \/><\/a><figcaption class=\"wp-element-caption\">Palazzo Matossi Lendi<\/figcaption><\/figure>\n\n\n\n<figure class=\"wp-block-image size-large\"><a href=\"https:\/\/www.jugend-im-berggebiet.ch\/wp-content\/uploads\/2025\/07\/AG_8074-scaled.jpg\"><img loading=\"lazy\" decoding=\"async\" width=\"1024\" height=\"683\" data-id=\"6722\" src=\"https:\/\/www.jugend-im-berggebiet.ch\/wp-content\/uploads\/2025\/07\/AG_8074-1024x683.jpg\" alt=\"\" class=\"wp-image-6722\" srcset=\"https:\/\/www.jugend-im-berggebiet.ch\/wp-content\/uploads\/2025\/07\/AG_8074-1024x683.jpg 1024w, https:\/\/www.jugend-im-berggebiet.ch\/wp-content\/uploads\/2025\/07\/AG_8074-300x200.jpg 300w, https:\/\/www.jugend-im-berggebiet.ch\/wp-content\/uploads\/2025\/07\/AG_8074-768x512.jpg 768w, https:\/\/www.jugend-im-berggebiet.ch\/wp-content\/uploads\/2025\/07\/AG_8074-1536x1024.jpg 1536w, https:\/\/www.jugend-im-berggebiet.ch\/wp-content\/uploads\/2025\/07\/AG_8074-2048x1365.jpg 2048w\" sizes=\"auto, (max-width: 1024px) 100vw, 1024px\" \/><\/a><figcaption class=\"wp-element-caption\">Vista sulla Val Poschiavo e il lago<\/figcaption><\/figure>\n\n\n\n<figure class=\"wp-block-image size-large\"><a href=\"https:\/\/www.jugend-im-berggebiet.ch\/wp-content\/uploads\/2025\/07\/poschiavo_3625-scaled.jpg\"><img loading=\"lazy\" decoding=\"async\" width=\"1024\" height=\"698\" data-id=\"6730\" src=\"https:\/\/www.jugend-im-berggebiet.ch\/wp-content\/uploads\/2025\/07\/poschiavo_3625-1024x698.jpg\" alt=\"\" class=\"wp-image-6730\" srcset=\"https:\/\/www.jugend-im-berggebiet.ch\/wp-content\/uploads\/2025\/07\/poschiavo_3625-1024x698.jpg 1024w, https:\/\/www.jugend-im-berggebiet.ch\/wp-content\/uploads\/2025\/07\/poschiavo_3625-300x205.jpg 300w, https:\/\/www.jugend-im-berggebiet.ch\/wp-content\/uploads\/2025\/07\/poschiavo_3625-768x524.jpg 768w, https:\/\/www.jugend-im-berggebiet.ch\/wp-content\/uploads\/2025\/07\/poschiavo_3625-1536x1047.jpg 1536w, https:\/\/www.jugend-im-berggebiet.ch\/wp-content\/uploads\/2025\/07\/poschiavo_3625-2048x1396.jpg 2048w\" sizes=\"auto, (max-width: 1024px) 100vw, 1024px\" \/><\/a><figcaption class=\"wp-element-caption\">Il centro storico<\/figcaption><\/figure>\n\n\n\n<figure class=\"wp-block-image size-full\"><a href=\"https:\/\/www.jugend-im-berggebiet.ch\/wp-content\/uploads\/2025\/07\/DJI_0458-scaled.jpg\"><img loading=\"lazy\" decoding=\"async\" width=\"2560\" height=\"1705\" data-id=\"6750\" src=\"https:\/\/www.jugend-im-berggebiet.ch\/wp-content\/uploads\/2025\/07\/DJI_0458-scaled.jpg\" alt=\"\" class=\"wp-image-6750\" srcset=\"https:\/\/www.jugend-im-berggebiet.ch\/wp-content\/uploads\/2025\/07\/DJI_0458-scaled.jpg 2560w, https:\/\/www.jugend-im-berggebiet.ch\/wp-content\/uploads\/2025\/07\/DJI_0458-300x200.jpg 300w, https:\/\/www.jugend-im-berggebiet.ch\/wp-content\/uploads\/2025\/07\/DJI_0458-1024x682.jpg 1024w, https:\/\/www.jugend-im-berggebiet.ch\/wp-content\/uploads\/2025\/07\/DJI_0458-768x512.jpg 768w, https:\/\/www.jugend-im-berggebiet.ch\/wp-content\/uploads\/2025\/07\/DJI_0458-1536x1023.jpg 1536w, https:\/\/www.jugend-im-berggebiet.ch\/wp-content\/uploads\/2025\/07\/DJI_0458-2048x1364.jpg 2048w\" sizes=\"auto, (max-width: 2560px) 100vw, 2560px\" \/><\/a><figcaption class=\"wp-element-caption\">Vista sul borgo<\/figcaption><\/figure>\n\n\n\n<figure class=\"wp-block-image size-large\"><a href=\"https:\/\/www.jugend-im-berggebiet.ch\/wp-content\/uploads\/2025\/07\/poschiavo_4062-scaled.jpg\"><img loading=\"lazy\" decoding=\"async\" width=\"1024\" height=\"683\" data-id=\"6738\" src=\"https:\/\/www.jugend-im-berggebiet.ch\/wp-content\/uploads\/2025\/07\/poschiavo_4062-1024x683.jpg\" alt=\"\" class=\"wp-image-6738\" srcset=\"https:\/\/www.jugend-im-berggebiet.ch\/wp-content\/uploads\/2025\/07\/poschiavo_4062-1024x683.jpg 1024w, https:\/\/www.jugend-im-berggebiet.ch\/wp-content\/uploads\/2025\/07\/poschiavo_4062-300x200.jpg 300w, https:\/\/www.jugend-im-berggebiet.ch\/wp-content\/uploads\/2025\/07\/poschiavo_4062-768x513.jpg 768w, https:\/\/www.jugend-im-berggebiet.ch\/wp-content\/uploads\/2025\/07\/poschiavo_4062-1536x1025.jpg 1536w, https:\/\/www.jugend-im-berggebiet.ch\/wp-content\/uploads\/2025\/07\/poschiavo_4062-2048x1367.jpg 2048w\" sizes=\"auto, (max-width: 1024px) 100vw, 1024px\" \/><\/a><figcaption class=\"wp-element-caption\">Via di Palazz<\/figcaption><\/figure>\n\n\n\n<figure class=\"wp-block-image size-large\"><a href=\"https:\/\/www.jugend-im-berggebiet.ch\/wp-content\/uploads\/2025\/07\/DSF0399.jpg\"><img loading=\"lazy\" decoding=\"async\" width=\"1024\" height=\"683\" data-id=\"6710\" src=\"https:\/\/www.jugend-im-berggebiet.ch\/wp-content\/uploads\/2025\/07\/DSF0399-1024x683.jpg\" alt=\"\" class=\"wp-image-6710\" srcset=\"https:\/\/www.jugend-im-berggebiet.ch\/wp-content\/uploads\/2025\/07\/DSF0399-1024x683.jpg 1024w, https:\/\/www.jugend-im-berggebiet.ch\/wp-content\/uploads\/2025\/07\/DSF0399-300x200.jpg 300w, https:\/\/www.jugend-im-berggebiet.ch\/wp-content\/uploads\/2025\/07\/DSF0399-768x512.jpg 768w, https:\/\/www.jugend-im-berggebiet.ch\/wp-content\/uploads\/2025\/07\/DSF0399.jpg 1440w\" sizes=\"auto, (max-width: 1024px) 100vw, 1024px\" \/><\/a><figcaption class=\"wp-element-caption\">Primavera in Val Poschiavo<\/figcaption><\/figure>\n\n\n\n<figure class=\"wp-block-image size-large\"><a href=\"https:\/\/www.jugend-im-berggebiet.ch\/wp-content\/uploads\/2025\/07\/AG_7469-scaled.jpg\"><img loading=\"lazy\" decoding=\"async\" width=\"1024\" height=\"683\" data-id=\"6732\" src=\"https:\/\/www.jugend-im-berggebiet.ch\/wp-content\/uploads\/2025\/07\/AG_7469-1024x683.jpg\" alt=\"\" class=\"wp-image-6732\" srcset=\"https:\/\/www.jugend-im-berggebiet.ch\/wp-content\/uploads\/2025\/07\/AG_7469-1024x683.jpg 1024w, https:\/\/www.jugend-im-berggebiet.ch\/wp-content\/uploads\/2025\/07\/AG_7469-300x200.jpg 300w, https:\/\/www.jugend-im-berggebiet.ch\/wp-content\/uploads\/2025\/07\/AG_7469-768x512.jpg 768w, https:\/\/www.jugend-im-berggebiet.ch\/wp-content\/uploads\/2025\/07\/AG_7469-1536x1024.jpg 1536w, https:\/\/www.jugend-im-berggebiet.ch\/wp-content\/uploads\/2025\/07\/AG_7469-2048x1365.jpg 2048w\" sizes=\"auto, (max-width: 1024px) 100vw, 1024px\" \/><\/a><figcaption class=\"wp-element-caption\">Il Lago di Saoseo<\/figcaption><\/figure>\n<\/figure>\n","protected":false},"excerpt":{"rendered":"<p>Dati chiave Cantone: Grigioni Regione: Bernina Abitanti: 3&#8217;432 Lingua ufficiale: italiano Superficie in km2: 192 Punto pi\u00f9 alto: 3&#8217;905 m s.l.m. (Piz Pal\u00fc) Punto pi\u00f9 basso: 965 m s.l.m. (Miralago) Sito web: www.poschiavo.ch Ricezione del marchio: 2020 Successi Il Comune di Poschiavo sostiene i giovani attraverso i contributi annui elargiti alle associazioni che promuovono le [&hellip;]<\/p>\n","protected":false},"author":5,"featured_media":0,"parent":599,"menu_order":0,"comment_status":"closed","ping_status":"closed","template":"template-fullwidth.php","meta":{"footnotes":""},"class_list":["post-3041","page","type-page","status-publish","hentry"],"_links":{"self":[{"href":"https:\/\/www.jugend-im-berggebiet.ch\/it\/wp-json\/wp\/v2\/pages\/3041","targetHints":{"allow":["GET"]}}],"collection":[{"href":"https:\/\/www.jugend-im-berggebiet.ch\/it\/wp-json\/wp\/v2\/pages"}],"about":[{"href":"https:\/\/www.jugend-im-berggebiet.ch\/it\/wp-json\/wp\/v2\/types\/page"}],"author":[{"embeddable":true,"href":"https:\/\/www.jugend-im-berggebiet.ch\/it\/wp-json\/wp\/v2\/users\/5"}],"replies":[{"embeddable":true,"href":"https:\/\/www.jugend-im-berggebiet.ch\/it\/wp-json\/wp\/v2\/comments?post=3041"}],"version-history":[{"count":10,"href":"https:\/\/www.jugend-im-berggebiet.ch\/it\/wp-json\/wp\/v2\/pages\/3041\/revisions"}],"predecessor-version":[{"id":8138,"href":"https:\/\/www.jugend-im-berggebiet.ch\/it\/wp-json\/wp\/v2\/pages\/3041\/revisions\/8138"}],"up":[{"embeddable":true,"href":"https:\/\/www.jugend-im-berggebiet.ch\/it\/wp-json\/wp\/v2\/pages\/599"}],"wp:attachment":[{"href":"https:\/\/www.jugend-im-berggebiet.ch\/it\/wp-json\/wp\/v2\/media?parent=3041"}],"curies":[{"name":"wp","href":"https:\/\/api.w.org\/{rel}","templated":true}]}}