{"id":3051,"date":"2020-08-25T15:48:02","date_gmt":"2020-08-25T13:48:02","guid":{"rendered":"https:\/\/www.jugend-im-berggebiet.ch\/?page_id=3051"},"modified":"2026-03-27T16:59:20","modified_gmt":"2026-03-27T15:59:20","slug":"isenthal","status":"publish","type":"page","link":"https:\/\/www.jugend-im-berggebiet.ch\/it\/un-marchio-per-i-comuni\/isenthal\/","title":{"rendered":"Isenthal (UR)"},"content":{"rendered":"\n<h2 class=\"wp-block-heading\">Dati chiave<\/h2>\n\n\n\n<div class=\"wp-block-columns is-layout-flex wp-container-core-columns-is-layout-9d6595d7 wp-block-columns-is-layout-flex\">\n<div class=\"wp-block-column is-layout-flow wp-block-column-is-layout-flow\" style=\"flex-basis:66.66%\">\n<ul class=\"wp-block-list\">\n<li>Cantone: Uri<\/li>\n\n\n\n<li>Regione: \u2013<\/li>\n\n\n\n<li>Abitanti: 457 (fine 2023)<\/li>\n\n\n\n<li>Lingua ufficiale: tedesco<\/li>\n\n\n\n<li>Superficie&nbsp;in km<sup>2<\/sup>: 60.97<\/li>\n\n\n\n<li>Punto pi\u00f9 alto: 2&#8217;952 m s.l.m. (Brunnistock)<\/li>\n\n\n\n<li>Punto pi\u00f9 basso: 436 m s.l.m. (Isleten)<\/li>\n\n\n\n<li>Sito web: <a href=\"http:\/\/www.isenthal.ch\" data-type=\"link\" data-id=\"www.isenthal.ch\" target=\"_blank\" rel=\"noreferrer noopener\">www.isenthal.ch<\/a><\/li>\n\n\n\n<li>Ricezione del marchio: 2020<\/li>\n<\/ul>\n\n\n\n<hr class=\"wp-block-separator has-css-opacity aligncenter is-style-dots\"\/>\n\n\n\n<h2 class=\"wp-block-heading\">Successi<\/h2>\n\n\n\n<p>Il Comune di Isenthal si impegna moltissimo per rimanere attrattivo per bambini, giovani e famiglie. La <strong>buona collaborazione<\/strong> tra autorit\u00e0, associazioni, partecipazione dei cittadini e iniziative private ha portato regolarmente al lancio e alla realizzazione di numerosi progetti. Negli ultimi anni, ad esempio, sono stati ristrutturati e ridisegnati l&#8217;edificio scolastico e la sala comunale.<\/p>\n\n\n\n<p>Anche l&#8217;<strong>introduzione del servizio orario<\/strong> della Auto AG Uri sulla tratta Altdorf \u2013 Isenthal pu\u00f2 essere considerata un grande successo, reso possibile solo grazie al grande impegno e a innumerevoli discussioni. In questo modo l&#8217;offerta di trasporto pubblico si \u00e8 raddoppiata. Per il momento l&#8217;obiettivo \u00e8 mantenere l&#8217;offerta. Con il complesso turistico \u00abIsleten-Resort\u00bb, l&#8217;orario cadenzato dovrebbe essere ampliato la sera e durante il fine settimana.<\/p>\n\n\n\n<p><strong>Mercato artigianale e scambio intergenerazionale<\/strong>: Persone di tutte le et\u00e0 partecipano al tradizionale mercato artigianale di Isenthal, che si tiene in autunno con 30 bancarelle e circa 1&#8217;000 visitatori. Il gruppo giovanile si occupa del servizio di ristorazione.<\/p>\n\n\n\n<p><strong>Giovent\u00f9 di Isenthal<\/strong>: Nel 2025 il gruppo giovanile di Isenthal ha potuto festeggiare il suo trentesimo anniversario (<a href=\"https:\/\/www.jugend-im-berggebiet.ch\/wp-content\/uploads\/2025\/12\/MM-30-Jahre-Jugendgruppe-Isenthal.pdf\" target=\"_blank\" rel=\"noreferrer noopener\">comunicato stampa<\/a>). Nel 2023, la <a href=\"https:\/\/isenthaler.ch\/project\/chilbi-ausstellung-2023\/\" data-type=\"link\" data-id=\"https:\/\/isenthaler.ch\/project\/chilbi-ausstellung-2023\/\" target=\"_blank\" rel=\"noreferrer noopener\">cronaca fotografica dedicata ai giovani<\/a> ha presentato un villaggio vivace attraverso una mostra e un film. Nel 2024 \u00e8 seguita una seconda cronaca fotografica dedicata alla <a href=\"https:\/\/isenthaler.ch\/project\/chilbi-ausstellung-2024\/\" data-type=\"link\" data-id=\"https:\/\/isenthaler.ch\/project\/chilbi-ausstellung-2024\/\" target=\"_blank\" rel=\"noreferrer noopener\">mostra sulla musica popolare<\/a>, con il <a href=\"https:\/\/muelirad.ch\/de\/startseite\/179-volksmusik-fuer-anfaenger.html\" data-type=\"link\" data-id=\"https:\/\/muelirad.ch\/de\/startseite\/179-volksmusik-fuer-anfaenger.html\" target=\"_blank\" rel=\"noreferrer noopener\">quaderno di musica<\/a> e un <a href=\"https:\/\/phono-schop.ch\/produkt\/isenthaler-volks-muesig\/\" data-type=\"link\" data-id=\"https:\/\/phono-schop.ch\/produkt\/isenthaler-volks-muesig\/\" target=\"_blank\" rel=\"noreferrer noopener\">CD di musica popolare di Isenthal<\/a>. Molto frequentati sono l\u2019<a href=\"https:\/\/www.urnerzeitung.ch\/zentralschweiz\/uri\/jubilaeumsprojekt-isenthaler-musikantinnen-und-musikanten-machen-fuer-eine-cd-gemeinsame-sache-ld.2266544\" data-type=\"link\" data-id=\"https:\/\/www.urnerzeitung.ch\/zentralschweiz\/uri\/jubilaeumsprojekt-isenthaler-musikantinnen-und-musikanten-machen-fuer-eine-cd-gemeinsame-sache-ld.2266544\" target=\"_blank\" rel=\"noreferrer noopener\">incontro annuale dei musicisti<\/a> di Isenthal e il <a href=\"https:\/\/www.urnerzeitung.ch\/zentralschweiz\/uri\/isenthal-das-haus-der-volksmusik-traegt-zur-lebendigen-weiterentwicklung-bei-ld.2494048\" data-type=\"link\" data-id=\"https:\/\/www.urnerzeitung.ch\/zentralschweiz\/uri\/isenthal-das-haus-der-volksmusik-traegt-zur-lebendigen-weiterentwicklung-bei-ld.2494048\" target=\"_blank\" rel=\"noreferrer noopener\">campo nazionale di musica popolare per bambini<\/a>.<\/p>\n\n\n\n<p><strong>Isenthal \u2013 Villaggio di svago<\/strong>: 100 chilometri di sentieri escursionistici ben curati, otto percorsi didattici con sette piccole funivie e aree giochi e picnic fanno parte dell&#8217;offerta di tempo libero, oltre alla spiaggia di Isleten e il comprensorio sciistico per famiglie di Gitschenen. Tutto \u00e8 gestito su base volontaria.<\/p>\n\n\n\n<p><a href=\"https:\/\/www.jugend-im-berggebiet.ch\/wp-content\/uploads\/2025\/12\/Montagna-11-2025_Isenthal.pdf\" target=\"_blank\" rel=\"noreferrer noopener\"><em><strong>Articolo<\/strong><\/em><\/a><strong><em> <\/em><\/strong><em><strong>su Isenthal nella rivista <\/strong><\/em><strong><em>\u00abmontagna\u00bb<\/em><\/strong><em> (la rivista del SAB)<\/em><\/p>\n\n\n\n<hr class=\"wp-block-separator has-text-color has-black-color has-css-opacity has-black-background-color has-background aligncenter is-style-dots\"\/>\n\n\n\n<h2 class=\"wp-block-heading\">Progetti attuali<\/h2>\n\n\n\n<p><strong>Strutture di accoglienza extrascolastica<\/strong>: Nell&#8217;agosto 2023, il Comune di Isenthal \u00e8 stato il primo villaggio di montagna del Canton Uri ad avviare il progetto pilota \u00abStrutture di accoglienza extrascolastica\u00bb. L&#8217;offerta comprende l&#8217;accoglienza al mattino, un servizio di pranzo e l&#8217;accoglienza al pomeriggio con personale pedagogicamente qualificato.<\/p>\n\n\n\n<p><strong>Ristrutturazione del campo sportivo <em>Gubeli<\/em><\/strong>: Il campo sportivo <em>Gubeli<\/em> \u00e8 un luogo d\u2019incontro apprezzato dai giovani e dai bambini del comune. Poich\u00e9 la pavimentazione del campo era ormai datata, il Comune ha deciso di procedere alla ristrutturazione. Grazie al sostegno del Patronato svizzero per comuni di montagna e di numerosi finanziatori, questo progetto \u00e8 stato realizzato nell\u2019estate del 2024. I giovani possono utilizzare gratuitamente le strutture ricreative e sportive.<\/p>\n\n\n\n<p><strong>Ristrutturazione dell&#8217;alloggio per gruppi<\/strong>: L&#8217;alloggio per gruppi sopra la palestra della scuola di Isenthal viene spesso utilizzato da associazioni e gruppi giovanili per settimane di campo. Per adattarlo alle esigenze attuali, le stanze sono state rinnovate nel 2024. Il tetto \u00e8 stato rifatto e meglio isolato e gli spazi interni sono stati ridisegnati, rendendo la struttura ancora pi\u00f9 attraente per le settimane di campo per bambini e giovani.<\/p>\n\n\n\n<p><strong>Coworking-Tourist 2.0<\/strong>: Il proseguimento dell&#8217;attivit\u00e0 della pensione con il nome di \u00abCoworking-Tourist 2.0\u00bb nel 2025 permetter\u00e0 anche ai giovani di partecipare. \u00c8 prevista la realizzazione di un caff\u00e8.<\/p>\n\n\n\n<hr class=\"wp-block-separator has-text-color has-black-color has-css-opacity has-black-background-color has-background aligncenter is-style-dots\"\/>\n\n\n\n<h2 class=\"wp-block-heading\">Difficolt\u00e0<\/h2>\n\n\n\n<p><strong>Finanze<\/strong>: Il Comune di Isenthal \u00e8 uno dei comuni pi\u00f9 poveri della Svizzera. Solo grazie al grande impegno nella ricerca di donazioni e alla generosit\u00e0 di molti generosi finanziatori, il Comune pu\u00f2 realizzare i progetti urgentemente necessari. Con il progetto \u00abIsleten-Resort\u00bb si spera di ricevere impulsi di sviluppo.<\/p>\n\n\n\n<p><strong>Esodo rurale<\/strong>: Come molti altri comuni di montagna, anche il Comune di Isenthal deve affrontare seri problemi di esodo rurale. Negli ultimi 10 anni la popolazione \u00e8 diminuita di circa 65 persone. Sono necessarie iniziative, posti di lavoro, residenze primarie e maggiori investimenti nella costruzione di abitazioni. Un aspetto positivo \u00e8 l&#8217;autoaiuto, ad esempio nella gestione collettiva del negozio del villaggio, della sciovia e della pensione \u00abTourist\u00bb.<\/p>\n\n\n\n<p><strong>Mantenimento della scuola e del negozio del villaggio:<\/strong> Per continuare ad essere attrattivi per le famiglie anche in futuro, \u00e8 estremamente importante che la scuola e il negozio del villaggio rimangano nel comune.<\/p>\n\n\n\n<hr class=\"wp-block-separator has-text-color has-black-color has-css-opacity has-black-background-color has-background aligncenter is-style-dots\"\/>\n<\/div>\n\n\n\n<div class=\"wp-block-column is-layout-flow wp-block-column-is-layout-flow\" style=\"flex-basis:33.33%\">\n<figure class=\"wp-block-image size-large\"><a href=\"https:\/\/www.jugend-im-berggebiet.ch\/wp-content\/uploads\/2025\/07\/Isenthal.png\"><img loading=\"lazy\" decoding=\"async\" width=\"1024\" height=\"685\" src=\"https:\/\/www.jugend-im-berggebiet.ch\/wp-content\/uploads\/2025\/07\/Isenthal-1024x685.png\" alt=\"\" class=\"wp-image-6803\" srcset=\"https:\/\/www.jugend-im-berggebiet.ch\/wp-content\/uploads\/2025\/07\/Isenthal-1024x685.png 1024w, https:\/\/www.jugend-im-berggebiet.ch\/wp-content\/uploads\/2025\/07\/Isenthal-300x201.png 300w, https:\/\/www.jugend-im-berggebiet.ch\/wp-content\/uploads\/2025\/07\/Isenthal-768x513.png 768w, https:\/\/www.jugend-im-berggebiet.ch\/wp-content\/uploads\/2025\/07\/Isenthal.png 1077w\" sizes=\"auto, (max-width: 1024px) 100vw, 1024px\" \/><\/a><\/figure>\n<\/div>\n<\/div>\n\n\n\n<h2 class=\"wp-block-heading\">Foto<\/h2>\n\n\n\n<figure class=\"wp-block-gallery has-nested-images columns-3 is-cropped wp-block-gallery-1 is-layout-flex wp-block-gallery-is-layout-flex\">\n<figure class=\"wp-block-image size-large\"><a href=\"https:\/\/www.jugend-im-berggebiet.ch\/wp-content\/uploads\/2025\/07\/Isenthal-3-1-scaled.jpg\"><img loading=\"lazy\" decoding=\"async\" width=\"1024\" height=\"768\" data-id=\"6844\" src=\"https:\/\/www.jugend-im-berggebiet.ch\/wp-content\/uploads\/2025\/07\/Isenthal-3-1-1024x768.jpg\" alt=\"\" class=\"wp-image-6844\" srcset=\"https:\/\/www.jugend-im-berggebiet.ch\/wp-content\/uploads\/2025\/07\/Isenthal-3-1-1024x768.jpg 1024w, https:\/\/www.jugend-im-berggebiet.ch\/wp-content\/uploads\/2025\/07\/Isenthal-3-1-300x225.jpg 300w, https:\/\/www.jugend-im-berggebiet.ch\/wp-content\/uploads\/2025\/07\/Isenthal-3-1-768x576.jpg 768w, https:\/\/www.jugend-im-berggebiet.ch\/wp-content\/uploads\/2025\/07\/Isenthal-3-1-1536x1152.jpg 1536w, https:\/\/www.jugend-im-berggebiet.ch\/wp-content\/uploads\/2025\/07\/Isenthal-3-1-2048x1536.jpg 2048w\" sizes=\"auto, (max-width: 1024px) 100vw, 1024px\" \/><\/a><figcaption class=\"wp-element-caption\">Il villaggio di Isenthal con il lago artificiale<\/figcaption><\/figure>\n\n\n\n<figure class=\"wp-block-image size-large\"><a href=\"https:\/\/www.jugend-im-berggebiet.ch\/wp-content\/uploads\/2025\/07\/Labeluebergabe-1.jpg\"><img loading=\"lazy\" decoding=\"async\" width=\"1024\" height=\"687\" data-id=\"6840\" src=\"https:\/\/www.jugend-im-berggebiet.ch\/wp-content\/uploads\/2025\/07\/Labeluebergabe-1-1024x687.jpg\" alt=\"\" class=\"wp-image-6840\" srcset=\"https:\/\/www.jugend-im-berggebiet.ch\/wp-content\/uploads\/2025\/07\/Labeluebergabe-1-1024x687.jpg 1024w, https:\/\/www.jugend-im-berggebiet.ch\/wp-content\/uploads\/2025\/07\/Labeluebergabe-1-300x201.jpg 300w, https:\/\/www.jugend-im-berggebiet.ch\/wp-content\/uploads\/2025\/07\/Labeluebergabe-1-768x516.jpg 768w, https:\/\/www.jugend-im-berggebiet.ch\/wp-content\/uploads\/2025\/07\/Labeluebergabe-1-1536x1031.jpg 1536w, https:\/\/www.jugend-im-berggebiet.ch\/wp-content\/uploads\/2025\/07\/Labeluebergabe-1-2048x1375.jpg 2048w\" sizes=\"auto, (max-width: 1024px) 100vw, 1024px\" \/><\/a><figcaption class=\"wp-element-caption\">La consegna del marchio nel 2020<\/figcaption><\/figure>\n\n\n\n<figure class=\"wp-block-image size-large\"><a href=\"https:\/\/www.jugend-im-berggebiet.ch\/wp-content\/uploads\/2025\/07\/2018-Eroeff-ViaUrschweiz-vor-Lager-Ballonwettbewerb.jpg\"><img loading=\"lazy\" decoding=\"async\" width=\"1024\" height=\"680\" data-id=\"6816\" src=\"https:\/\/www.jugend-im-berggebiet.ch\/wp-content\/uploads\/2025\/07\/2018-Eroeff-ViaUrschweiz-vor-Lager-Ballonwettbewerb-1024x680.jpg\" alt=\"\" class=\"wp-image-6816\" srcset=\"https:\/\/www.jugend-im-berggebiet.ch\/wp-content\/uploads\/2025\/07\/2018-Eroeff-ViaUrschweiz-vor-Lager-Ballonwettbewerb-1024x680.jpg 1024w, https:\/\/www.jugend-im-berggebiet.ch\/wp-content\/uploads\/2025\/07\/2018-Eroeff-ViaUrschweiz-vor-Lager-Ballonwettbewerb-300x199.jpg 300w, https:\/\/www.jugend-im-berggebiet.ch\/wp-content\/uploads\/2025\/07\/2018-Eroeff-ViaUrschweiz-vor-Lager-Ballonwettbewerb-768x510.jpg 768w, https:\/\/www.jugend-im-berggebiet.ch\/wp-content\/uploads\/2025\/07\/2018-Eroeff-ViaUrschweiz-vor-Lager-Ballonwettbewerb-1536x1020.jpg 1536w, https:\/\/www.jugend-im-berggebiet.ch\/wp-content\/uploads\/2025\/07\/2018-Eroeff-ViaUrschweiz-vor-Lager-Ballonwettbewerb-2048x1360.jpg 2048w\" sizes=\"auto, (max-width: 1024px) 100vw, 1024px\" \/><\/a><figcaption class=\"wp-element-caption\">Il gruppo giovanile di Isenthal in viaggio verso il campo estivo<\/figcaption><\/figure>\n\n\n\n<figure class=\"wp-block-image size-large\"><a href=\"https:\/\/www.jugend-im-berggebiet.ch\/wp-content\/uploads\/2025\/07\/Isenthal-ob-Dorf-Wanderer-Baerenweg-scaled.jpg\"><img loading=\"lazy\" decoding=\"async\" width=\"1024\" height=\"686\" data-id=\"6836\" src=\"https:\/\/www.jugend-im-berggebiet.ch\/wp-content\/uploads\/2025\/07\/Isenthal-ob-Dorf-Wanderer-Baerenweg-1024x686.jpg\" alt=\"\" class=\"wp-image-6836\" srcset=\"https:\/\/www.jugend-im-berggebiet.ch\/wp-content\/uploads\/2025\/07\/Isenthal-ob-Dorf-Wanderer-Baerenweg-1024x686.jpg 1024w, https:\/\/www.jugend-im-berggebiet.ch\/wp-content\/uploads\/2025\/07\/Isenthal-ob-Dorf-Wanderer-Baerenweg-300x201.jpg 300w, https:\/\/www.jugend-im-berggebiet.ch\/wp-content\/uploads\/2025\/07\/Isenthal-ob-Dorf-Wanderer-Baerenweg-768x515.jpg 768w, https:\/\/www.jugend-im-berggebiet.ch\/wp-content\/uploads\/2025\/07\/Isenthal-ob-Dorf-Wanderer-Baerenweg-1536x1029.jpg 1536w, https:\/\/www.jugend-im-berggebiet.ch\/wp-content\/uploads\/2025\/07\/Isenthal-ob-Dorf-Wanderer-Baerenweg-2048x1372.jpg 2048w\" sizes=\"auto, (max-width: 1024px) 100vw, 1024px\" \/><\/a><figcaption class=\"wp-element-caption\">Il sentiero degli orsi sopra il paese<\/figcaption><\/figure>\n\n\n\n<figure class=\"wp-block-image size-large\"><a href=\"https:\/\/www.jugend-im-berggebiet.ch\/wp-content\/uploads\/2025\/07\/Tagesstrukturen-Mittagstisch-scaled.jpg\"><img loading=\"lazy\" decoding=\"async\" width=\"1024\" height=\"880\" data-id=\"6820\" src=\"https:\/\/www.jugend-im-berggebiet.ch\/wp-content\/uploads\/2025\/07\/Tagesstrukturen-Mittagstisch-1024x880.jpg\" alt=\"\" class=\"wp-image-6820\" srcset=\"https:\/\/www.jugend-im-berggebiet.ch\/wp-content\/uploads\/2025\/07\/Tagesstrukturen-Mittagstisch-1024x880.jpg 1024w, https:\/\/www.jugend-im-berggebiet.ch\/wp-content\/uploads\/2025\/07\/Tagesstrukturen-Mittagstisch-300x258.jpg 300w, https:\/\/www.jugend-im-berggebiet.ch\/wp-content\/uploads\/2025\/07\/Tagesstrukturen-Mittagstisch-768x660.jpg 768w, https:\/\/www.jugend-im-berggebiet.ch\/wp-content\/uploads\/2025\/07\/Tagesstrukturen-Mittagstisch-1536x1320.jpg 1536w, https:\/\/www.jugend-im-berggebiet.ch\/wp-content\/uploads\/2025\/07\/Tagesstrukturen-Mittagstisch-2048x1759.jpg 2048w\" sizes=\"auto, (max-width: 1024px) 100vw, 1024px\" \/><\/a><figcaption class=\"wp-element-caption\">Il servizio di pranzo fa parte delle strutture di accoglienza extrascolastica.<\/figcaption><\/figure>\n\n\n\n<figure class=\"wp-block-image size-large\"><a href=\"https:\/\/www.jugend-im-berggebiet.ch\/wp-content\/uploads\/2025\/12\/GV-Jugendgruppe-12.11-11-scaled.jpg\"><img loading=\"lazy\" decoding=\"async\" width=\"1024\" height=\"768\" data-id=\"8561\" src=\"https:\/\/www.jugend-im-berggebiet.ch\/wp-content\/uploads\/2025\/12\/GV-Jugendgruppe-12.11-11-1024x768.jpg\" alt=\"\" class=\"wp-image-8561\" srcset=\"https:\/\/www.jugend-im-berggebiet.ch\/wp-content\/uploads\/2025\/12\/GV-Jugendgruppe-12.11-11-1024x768.jpg 1024w, https:\/\/www.jugend-im-berggebiet.ch\/wp-content\/uploads\/2025\/12\/GV-Jugendgruppe-12.11-11-300x225.jpg 300w, https:\/\/www.jugend-im-berggebiet.ch\/wp-content\/uploads\/2025\/12\/GV-Jugendgruppe-12.11-11-768x576.jpg 768w, https:\/\/www.jugend-im-berggebiet.ch\/wp-content\/uploads\/2025\/12\/GV-Jugendgruppe-12.11-11-1536x1152.jpg 1536w, https:\/\/www.jugend-im-berggebiet.ch\/wp-content\/uploads\/2025\/12\/GV-Jugendgruppe-12.11-11-2048x1536.jpg 2048w\" sizes=\"auto, (max-width: 1024px) 100vw, 1024px\" \/><\/a><figcaption class=\"wp-element-caption\">L&#8217;assemblea generale del gruppo giovanile<\/figcaption><\/figure>\n\n\n\n<figure class=\"wp-block-image size-large\"><a href=\"https:\/\/www.jugend-im-berggebiet.ch\/wp-content\/uploads\/2025\/12\/Foto-2019-Kinderkilbi-2-Staende-Haeimae-Ausstellung-scaled.jpg\"><img loading=\"lazy\" decoding=\"async\" width=\"1024\" height=\"729\" data-id=\"8565\" src=\"https:\/\/www.jugend-im-berggebiet.ch\/wp-content\/uploads\/2025\/12\/Foto-2019-Kinderkilbi-2-Staende-Haeimae-Ausstellung-1024x729.jpg\" alt=\"\" class=\"wp-image-8565\" srcset=\"https:\/\/www.jugend-im-berggebiet.ch\/wp-content\/uploads\/2025\/12\/Foto-2019-Kinderkilbi-2-Staende-Haeimae-Ausstellung-1024x729.jpg 1024w, https:\/\/www.jugend-im-berggebiet.ch\/wp-content\/uploads\/2025\/12\/Foto-2019-Kinderkilbi-2-Staende-Haeimae-Ausstellung-300x214.jpg 300w, https:\/\/www.jugend-im-berggebiet.ch\/wp-content\/uploads\/2025\/12\/Foto-2019-Kinderkilbi-2-Staende-Haeimae-Ausstellung-768x547.jpg 768w, https:\/\/www.jugend-im-berggebiet.ch\/wp-content\/uploads\/2025\/12\/Foto-2019-Kinderkilbi-2-Staende-Haeimae-Ausstellung-1536x1094.jpg 1536w, https:\/\/www.jugend-im-berggebiet.ch\/wp-content\/uploads\/2025\/12\/Foto-2019-Kinderkilbi-2-Staende-Haeimae-Ausstellung-2048x1459.jpg 2048w\" sizes=\"auto, (max-width: 1024px) 100vw, 1024px\" \/><\/a><figcaption class=\"wp-element-caption\">I bambini si divertono alla fiera.<\/figcaption><\/figure>\n\n\n\n<figure class=\"wp-block-image size-large\"><a href=\"https:\/\/www.jugend-im-berggebiet.ch\/wp-content\/uploads\/2025\/12\/Foto-2025-5-Gemeindearbeitstag-Schule-Baerenweg-Kleintal-scaled.jpg\"><img loading=\"lazy\" decoding=\"async\" width=\"1024\" height=\"768\" data-id=\"8569\" src=\"https:\/\/www.jugend-im-berggebiet.ch\/wp-content\/uploads\/2025\/12\/Foto-2025-5-Gemeindearbeitstag-Schule-Baerenweg-Kleintal-1024x768.jpg\" alt=\"\" class=\"wp-image-8569\" srcset=\"https:\/\/www.jugend-im-berggebiet.ch\/wp-content\/uploads\/2025\/12\/Foto-2025-5-Gemeindearbeitstag-Schule-Baerenweg-Kleintal-1024x768.jpg 1024w, https:\/\/www.jugend-im-berggebiet.ch\/wp-content\/uploads\/2025\/12\/Foto-2025-5-Gemeindearbeitstag-Schule-Baerenweg-Kleintal-300x225.jpg 300w, https:\/\/www.jugend-im-berggebiet.ch\/wp-content\/uploads\/2025\/12\/Foto-2025-5-Gemeindearbeitstag-Schule-Baerenweg-Kleintal-768x576.jpg 768w, https:\/\/www.jugend-im-berggebiet.ch\/wp-content\/uploads\/2025\/12\/Foto-2025-5-Gemeindearbeitstag-Schule-Baerenweg-Kleintal-1536x1152.jpg 1536w, https:\/\/www.jugend-im-berggebiet.ch\/wp-content\/uploads\/2025\/12\/Foto-2025-5-Gemeindearbeitstag-Schule-Baerenweg-Kleintal-2048x1536.jpg 2048w\" sizes=\"auto, (max-width: 1024px) 100vw, 1024px\" \/><\/a><figcaption class=\"wp-element-caption\">Giornata di lavoro comunitario con la scuola<\/figcaption><\/figure>\n\n\n\n<figure class=\"wp-block-image size-large\"><a href=\"https:\/\/www.jugend-im-berggebiet.ch\/wp-content\/uploads\/2025\/07\/Flueelen-Iselten-Delta-Isleten-gegen-Sueden-scaled.jpg\"><img loading=\"lazy\" decoding=\"async\" width=\"1024\" height=\"683\" data-id=\"6832\" src=\"https:\/\/www.jugend-im-berggebiet.ch\/wp-content\/uploads\/2025\/07\/Flueelen-Iselten-Delta-Isleten-gegen-Sueden-1024x683.jpg\" alt=\"\" class=\"wp-image-6832\" srcset=\"https:\/\/www.jugend-im-berggebiet.ch\/wp-content\/uploads\/2025\/07\/Flueelen-Iselten-Delta-Isleten-gegen-Sueden-1024x683.jpg 1024w, https:\/\/www.jugend-im-berggebiet.ch\/wp-content\/uploads\/2025\/07\/Flueelen-Iselten-Delta-Isleten-gegen-Sueden-300x200.jpg 300w, https:\/\/www.jugend-im-berggebiet.ch\/wp-content\/uploads\/2025\/07\/Flueelen-Iselten-Delta-Isleten-gegen-Sueden-768x513.jpg 768w, https:\/\/www.jugend-im-berggebiet.ch\/wp-content\/uploads\/2025\/07\/Flueelen-Iselten-Delta-Isleten-gegen-Sueden-1536x1025.jpg 1536w, https:\/\/www.jugend-im-berggebiet.ch\/wp-content\/uploads\/2025\/07\/Flueelen-Iselten-Delta-Isleten-gegen-Sueden-2048x1367.jpg 2048w\" sizes=\"auto, (max-width: 1024px) 100vw, 1024px\" \/><\/a><figcaption class=\"wp-element-caption\">Il delta del torrente Isitaler \u00e8 la porta d\u2019accesso alla valle Isenthal.<\/figcaption><\/figure>\n<\/figure>\n\n\n\n<p><\/p>\n\n\n\n<p><strong>Ulteriori informazioni sulla cultura e sulla giovent\u00f9 di Isenthal: <a href=\"https:\/\/isenthaler.ch\/\" target=\"_blank\" rel=\"noreferrer noopener\">www.isenthaler.ch<\/a><\/strong><\/p>\n","protected":false},"excerpt":{"rendered":"<p>Dati chiave Cantone: Uri Regione: \u2013 Abitanti: 457 (fine 2023) Lingua ufficiale: tedesco Superficie&nbsp;in km2: 60.97 Punto pi\u00f9 alto: 2&#8217;952 m s.l.m. (Brunnistock) Punto pi\u00f9 basso: 436 m s.l.m. (Isleten) Sito web: www.isenthal.ch Ricezione del marchio: 2020 Successi Il Comune di Isenthal si impegna moltissimo per rimanere attrattivo per bambini, giovani e famiglie. La buona [&hellip;]<\/p>\n","protected":false},"author":5,"featured_media":0,"parent":599,"menu_order":0,"comment_status":"closed","ping_status":"closed","template":"template-fullwidth.php","meta":{"footnotes":""},"class_list":["post-3051","page","type-page","status-publish","hentry"],"_links":{"self":[{"href":"https:\/\/www.jugend-im-berggebiet.ch\/it\/wp-json\/wp\/v2\/pages\/3051","targetHints":{"allow":["GET"]}}],"collection":[{"href":"https:\/\/www.jugend-im-berggebiet.ch\/it\/wp-json\/wp\/v2\/pages"}],"about":[{"href":"https:\/\/www.jugend-im-berggebiet.ch\/it\/wp-json\/wp\/v2\/types\/page"}],"author":[{"embeddable":true,"href":"https:\/\/www.jugend-im-berggebiet.ch\/it\/wp-json\/wp\/v2\/users\/5"}],"replies":[{"embeddable":true,"href":"https:\/\/www.jugend-im-berggebiet.ch\/it\/wp-json\/wp\/v2\/comments?post=3051"}],"version-history":[{"count":25,"href":"https:\/\/www.jugend-im-berggebiet.ch\/it\/wp-json\/wp\/v2\/pages\/3051\/revisions"}],"predecessor-version":[{"id":8984,"href":"https:\/\/www.jugend-im-berggebiet.ch\/it\/wp-json\/wp\/v2\/pages\/3051\/revisions\/8984"}],"up":[{"embeddable":true,"href":"https:\/\/www.jugend-im-berggebiet.ch\/it\/wp-json\/wp\/v2\/pages\/599"}],"wp:attachment":[{"href":"https:\/\/www.jugend-im-berggebiet.ch\/it\/wp-json\/wp\/v2\/media?parent=3051"}],"curies":[{"name":"wp","href":"https:\/\/api.w.org\/{rel}","templated":true}]}}