{"id":3311,"date":"2021-08-27T13:27:26","date_gmt":"2021-08-27T11:27:26","guid":{"rendered":"https:\/\/www.jugend-im-berggebiet.ch\/?page_id=3311"},"modified":"2025-11-07T16:50:37","modified_gmt":"2025-11-07T15:50:37","slug":"unterschaechen","status":"publish","type":"page","link":"https:\/\/www.jugend-im-berggebiet.ch\/it\/un-marchio-per-i-comuni\/unterschaechen\/","title":{"rendered":"Untersch\u00e4chen (UR)"},"content":{"rendered":"\n<h2 class=\"wp-block-heading\">Dati chiave<\/h2>\n\n\n\n<div class=\"wp-block-columns is-layout-flex wp-container-core-columns-is-layout-9d6595d7 wp-block-columns-is-layout-flex\">\n<div class=\"wp-block-column is-layout-flow wp-block-column-is-layout-flow\" style=\"flex-basis:66.66%\">\n<ul class=\"wp-block-list\">\n<li>Cantone: Uri<\/li>\n\n\n\n<li>Regione: &#8211;<\/li>\n\n\n\n<li>Abitanti: 726<\/li>\n\n\n\n<li>Lingua ufficiale: tedesco<\/li>\n\n\n\n<li>Superficie in km<sup>2<\/sup>: 80.28<\/li>\n\n\n\n<li>Punto pi\u00f9 alto: 3&#8217;296 m s.l.m. (Gross Sch\u00e4rhorn)<\/li>\n\n\n\n<li>Punto pi\u00f9 basso: 990 m s.l.m. (Utzigmatte)<\/li>\n\n\n\n<li>Sito web: <a href=\"http:\/\/www.unterschaechen.ch\" data-type=\"link\" data-id=\"www.unterschaechen.ch\" target=\"_blank\" rel=\"noreferrer noopener\"><\/a><a href=\"http:\/\/www.unterschaechen.ch\" target=\"_blank\" rel=\"noreferrer noopener\">www.unterschaechen.ch<\/a><\/li>\n\n\n\n<li>Ricezione del marchio: 2021<\/li>\n<\/ul>\n\n\n\n<hr class=\"wp-block-separator has-css-opacity aligncenter is-style-dots\"\/>\n\n\n\n<h2 class=\"wp-block-heading\">Successi<\/h2>\n\n\n\n<p>Nonostante le previsioni contrarie, Untersch\u00e4chen \u00e8 riuscito a mantenere stabile il numero dei suoi abitanti. Alcune <strong>giovani famiglie<\/strong> hanno deciso di trasferirsi nel Comune. In questo modo la scuola e le oltre venti associazioni locali hanno trovato nuova vitalit\u00e0, contribuendo in modo significativo a una vita di paese attiva.<\/p>\n\n\n\n<p>l comune cerca di essere poco burocratico e innovativo, offrendo ad esempio un <strong>servizio di pranzo gratuito<\/strong>, un\u2019<strong>app<\/strong> dedicata specificamente agli abitanti di Untersch\u00e4chen e una <strong>macchina elettrica<\/strong> a noleggio.<\/p>\n\n\n\n<p>Il <strong>servizio di trasporto organizzato<\/strong> <em>Sch\u00e4ch\u00e4-Express<\/em> accompagna i giovani a casa in modo sicuro da ottobre a maggio, anche dopo l&#8217;ultima corsa dell&#8217;autopostale. L&#8217;offerta \u00e8 stata ampliata con un gruppo WhatsApp, attraverso il quale si pu\u00f2 cercare o offrire passaggi.<\/p>\n\n\n\n<p>L\u2019associazione giovanile propone ai giovani un programma annuale interessante. Il <strong>locale giovanile<\/strong>, inaugurato nel 2014, apre una volta al mese e accoglie i giovani, offrendo loro uno spazio d\u2019incontro e di scambio.<\/p>\n\n\n\n<hr class=\"wp-block-separator has-text-color has-black-color has-css-opacity has-black-background-color has-background aligncenter is-style-dots\"\/>\n\n\n\n<h2 class=\"wp-block-heading\">Progetti attuali<\/h2>\n\n\n\n<p>Attualmente il Comune concentra i sforzi sulla creazione e l\u2019<strong>ottimizzazione delle strutture<\/strong>, al fine di far fronte alle sfide finanziarie nel settore scolastico.<\/p>\n\n\n\n<p>Un altro grande progetto \u00e8 la <strong>creazione di nuovi alloggi<\/strong>, per rimanere attraente anche in futuro per la giovane generazione e le loro famiglie.<\/p>\n\n\n\n<hr class=\"wp-block-separator has-text-color has-black-color has-css-opacity has-black-background-color has-background aligncenter is-style-dots\"\/>\n\n\n\n<h2 class=\"wp-block-heading\">Difficolt\u00e0<\/h2>\n\n\n\n<p>Purtroppo il Comune di Untersch\u00e4chen dispone di pochissime imprese e, di conseguenza, di <strong>pochissimi posti di lavoro<\/strong>. Per questo motivo gran parte della popolazione si sposta quotidianamente verso il fondovalle. La digitalizzazione potrebbe offrire delle opportunit\u00e0 per rendere anche un villaggio di montagna pi\u00f9 attrattivo per il mercato del lavoro.<\/p>\n\n\n\n<hr class=\"wp-block-separator has-text-color has-black-color has-css-opacity has-black-background-color has-background aligncenter is-style-dots\"\/>\n<\/div>\n\n\n\n<div class=\"wp-block-column is-layout-flow wp-block-column-is-layout-flow\" style=\"flex-basis:33.33%\">\n<figure class=\"wp-block-image size-full\"><a href=\"https:\/\/www.jugend-im-berggebiet.ch\/wp-content\/uploads\/2025\/07\/Unterschaechen.png\"><img loading=\"lazy\" decoding=\"async\" width=\"458\" height=\"306\" src=\"https:\/\/www.jugend-im-berggebiet.ch\/wp-content\/uploads\/2025\/07\/Unterschaechen.png\" alt=\"\" class=\"wp-image-6659\" srcset=\"https:\/\/www.jugend-im-berggebiet.ch\/wp-content\/uploads\/2025\/07\/Unterschaechen.png 458w, https:\/\/www.jugend-im-berggebiet.ch\/wp-content\/uploads\/2025\/07\/Unterschaechen-300x200.png 300w\" sizes=\"auto, (max-width: 458px) 100vw, 458px\" \/><\/a><\/figure>\n<\/div>\n<\/div>\n\n\n\n<h2 class=\"wp-block-heading\">Foto<\/h2>\n\n\n\n<figure class=\"wp-block-gallery has-nested-images columns-2 is-cropped wp-block-gallery-1 is-layout-flex wp-block-gallery-is-layout-flex\">\n<figure class=\"wp-block-image size-large\"><a href=\"https:\/\/www.jugend-im-berggebiet.ch\/wp-content\/uploads\/2025\/07\/20230605_162435-scaled.jpg\"><img loading=\"lazy\" decoding=\"async\" width=\"1024\" height=\"576\" data-id=\"6680\" src=\"https:\/\/www.jugend-im-berggebiet.ch\/wp-content\/uploads\/2025\/07\/20230605_162435-1024x576.jpg\" alt=\"\" class=\"wp-image-6680\" srcset=\"https:\/\/www.jugend-im-berggebiet.ch\/wp-content\/uploads\/2025\/07\/20230605_162435-1024x576.jpg 1024w, https:\/\/www.jugend-im-berggebiet.ch\/wp-content\/uploads\/2025\/07\/20230605_162435-300x169.jpg 300w, https:\/\/www.jugend-im-berggebiet.ch\/wp-content\/uploads\/2025\/07\/20230605_162435-768x432.jpg 768w, https:\/\/www.jugend-im-berggebiet.ch\/wp-content\/uploads\/2025\/07\/20230605_162435-1536x864.jpg 1536w, https:\/\/www.jugend-im-berggebiet.ch\/wp-content\/uploads\/2025\/07\/20230605_162435-2048x1152.jpg 2048w\" sizes=\"auto, (max-width: 1024px) 100vw, 1024px\" \/><\/a><figcaption class=\"wp-element-caption\">Villaggio di Untersch\u00e4chen, sullo sfondo la frazione di Bielen, vista in direzione di Brunnital<\/figcaption><\/figure>\n\n\n\n<figure class=\"wp-block-image size-large\"><a href=\"https:\/\/www.jugend-im-berggebiet.ch\/wp-content\/uploads\/2025\/07\/20201207_181849-scaled.jpg\"><img loading=\"lazy\" decoding=\"async\" width=\"1024\" height=\"576\" data-id=\"6676\" src=\"https:\/\/www.jugend-im-berggebiet.ch\/wp-content\/uploads\/2025\/07\/20201207_181849-1024x576.jpg\" alt=\"\" class=\"wp-image-6676\" srcset=\"https:\/\/www.jugend-im-berggebiet.ch\/wp-content\/uploads\/2025\/07\/20201207_181849-1024x576.jpg 1024w, https:\/\/www.jugend-im-berggebiet.ch\/wp-content\/uploads\/2025\/07\/20201207_181849-300x169.jpg 300w, https:\/\/www.jugend-im-berggebiet.ch\/wp-content\/uploads\/2025\/07\/20201207_181849-768x432.jpg 768w, https:\/\/www.jugend-im-berggebiet.ch\/wp-content\/uploads\/2025\/07\/20201207_181849-1536x864.jpg 1536w, https:\/\/www.jugend-im-berggebiet.ch\/wp-content\/uploads\/2025\/07\/20201207_181849-2048x1152.jpg 2048w\" sizes=\"auto, (max-width: 1024px) 100vw, 1024px\" \/><\/a><figcaption class=\"wp-element-caption\">Pista da sci di fondo (illuminata durante la sera), vista verso il Passo del Klausen<\/figcaption><\/figure>\n\n\n\n<figure class=\"wp-block-image size-large\"><a href=\"https:\/\/www.jugend-im-berggebiet.ch\/wp-content\/uploads\/2025\/07\/20190805_143315-scaled.jpg\"><img loading=\"lazy\" decoding=\"async\" width=\"1024\" height=\"498\" data-id=\"6668\" src=\"https:\/\/www.jugend-im-berggebiet.ch\/wp-content\/uploads\/2025\/07\/20190805_143315-1024x498.jpg\" alt=\"\" class=\"wp-image-6668\" srcset=\"https:\/\/www.jugend-im-berggebiet.ch\/wp-content\/uploads\/2025\/07\/20190805_143315-1024x498.jpg 1024w, https:\/\/www.jugend-im-berggebiet.ch\/wp-content\/uploads\/2025\/07\/20190805_143315-300x146.jpg 300w, https:\/\/www.jugend-im-berggebiet.ch\/wp-content\/uploads\/2025\/07\/20190805_143315-768x373.jpg 768w, https:\/\/www.jugend-im-berggebiet.ch\/wp-content\/uploads\/2025\/07\/20190805_143315-1536x747.jpg 1536w, https:\/\/www.jugend-im-berggebiet.ch\/wp-content\/uploads\/2025\/07\/20190805_143315-2048x996.jpg 2048w\" sizes=\"auto, (max-width: 1024px) 100vw, 1024px\" \/><\/a><figcaption class=\"wp-element-caption\">Alp Chammli, con la strada verso il Passo del Klausen sulla destra, vista in direzione di Altdorf<\/figcaption><\/figure>\n\n\n\n<figure class=\"wp-block-image size-large\"><a href=\"https:\/\/www.jugend-im-berggebiet.ch\/wp-content\/uploads\/2025\/07\/20181013_122440-scaled.jpg\"><img loading=\"lazy\" decoding=\"async\" width=\"1024\" height=\"498\" data-id=\"6672\" src=\"https:\/\/www.jugend-im-berggebiet.ch\/wp-content\/uploads\/2025\/07\/20181013_122440-1024x498.jpg\" alt=\"\" class=\"wp-image-6672\" srcset=\"https:\/\/www.jugend-im-berggebiet.ch\/wp-content\/uploads\/2025\/07\/20181013_122440-1024x498.jpg 1024w, https:\/\/www.jugend-im-berggebiet.ch\/wp-content\/uploads\/2025\/07\/20181013_122440-300x146.jpg 300w, https:\/\/www.jugend-im-berggebiet.ch\/wp-content\/uploads\/2025\/07\/20181013_122440-768x373.jpg 768w, https:\/\/www.jugend-im-berggebiet.ch\/wp-content\/uploads\/2025\/07\/20181013_122440-1536x747.jpg 1536w, https:\/\/www.jugend-im-berggebiet.ch\/wp-content\/uploads\/2025\/07\/20181013_122440-2048x996.jpg 2048w\" sizes=\"auto, (max-width: 1024px) 100vw, 1024px\" \/><\/a><figcaption class=\"wp-element-caption\">Quartiere di Bielen (a destra), centro del paese (a sinistra)<\/figcaption><\/figure>\n\n\n\n<figure class=\"wp-block-image size-large\"><a href=\"https:\/\/www.jugend-im-berggebiet.ch\/wp-content\/uploads\/2025\/07\/20200503_110108-scaled.jpg\"><img loading=\"lazy\" decoding=\"async\" width=\"1024\" height=\"498\" data-id=\"6664\" src=\"https:\/\/www.jugend-im-berggebiet.ch\/wp-content\/uploads\/2025\/07\/20200503_110108-1024x498.jpg\" alt=\"\" class=\"wp-image-6664\" srcset=\"https:\/\/www.jugend-im-berggebiet.ch\/wp-content\/uploads\/2025\/07\/20200503_110108-1024x498.jpg 1024w, https:\/\/www.jugend-im-berggebiet.ch\/wp-content\/uploads\/2025\/07\/20200503_110108-300x146.jpg 300w, https:\/\/www.jugend-im-berggebiet.ch\/wp-content\/uploads\/2025\/07\/20200503_110108-768x373.jpg 768w, https:\/\/www.jugend-im-berggebiet.ch\/wp-content\/uploads\/2025\/07\/20200503_110108-1536x747.jpg 1536w, https:\/\/www.jugend-im-berggebiet.ch\/wp-content\/uploads\/2025\/07\/20200503_110108-2048x996.jpg 2048w\" sizes=\"auto, (max-width: 1024px) 100vw, 1024px\" \/><\/a><figcaption class=\"wp-element-caption\">Il monte Gross Ruchen (3137 m)<\/figcaption><\/figure>\n<\/figure>\n","protected":false},"excerpt":{"rendered":"<p>Dati chiave Cantone: Uri Regione: &#8211; Abitanti: 726 Lingua ufficiale: tedesco Superficie in km2: 80.28 Punto pi\u00f9 alto: 3&#8217;296 m s.l.m. (Gross Sch\u00e4rhorn) Punto pi\u00f9 basso: 990 m s.l.m. (Utzigmatte) Sito web: www.unterschaechen.ch Ricezione del marchio: 2021 Successi Nonostante le previsioni contrarie, Untersch\u00e4chen \u00e8 riuscito a mantenere stabile il numero dei suoi abitanti. Alcune giovani [&hellip;]<\/p>\n","protected":false},"author":5,"featured_media":0,"parent":599,"menu_order":0,"comment_status":"closed","ping_status":"closed","template":"template-fullwidth.php","meta":{"footnotes":""},"class_list":["post-3311","page","type-page","status-publish","hentry"],"_links":{"self":[{"href":"https:\/\/www.jugend-im-berggebiet.ch\/it\/wp-json\/wp\/v2\/pages\/3311","targetHints":{"allow":["GET"]}}],"collection":[{"href":"https:\/\/www.jugend-im-berggebiet.ch\/it\/wp-json\/wp\/v2\/pages"}],"about":[{"href":"https:\/\/www.jugend-im-berggebiet.ch\/it\/wp-json\/wp\/v2\/types\/page"}],"author":[{"embeddable":true,"href":"https:\/\/www.jugend-im-berggebiet.ch\/it\/wp-json\/wp\/v2\/users\/5"}],"replies":[{"embeddable":true,"href":"https:\/\/www.jugend-im-berggebiet.ch\/it\/wp-json\/wp\/v2\/comments?post=3311"}],"version-history":[{"count":9,"href":"https:\/\/www.jugend-im-berggebiet.ch\/it\/wp-json\/wp\/v2\/pages\/3311\/revisions"}],"predecessor-version":[{"id":8272,"href":"https:\/\/www.jugend-im-berggebiet.ch\/it\/wp-json\/wp\/v2\/pages\/3311\/revisions\/8272"}],"up":[{"embeddable":true,"href":"https:\/\/www.jugend-im-berggebiet.ch\/it\/wp-json\/wp\/v2\/pages\/599"}],"wp:attachment":[{"href":"https:\/\/www.jugend-im-berggebiet.ch\/it\/wp-json\/wp\/v2\/media?parent=3311"}],"curies":[{"name":"wp","href":"https:\/\/api.w.org\/{rel}","templated":true}]}}