{"id":7780,"date":"2025-10-23T11:12:13","date_gmt":"2025-10-23T09:12:13","guid":{"rendered":"https:\/\/www.jugend-im-berggebiet.ch\/?page_id=7780"},"modified":"2026-01-14T16:37:37","modified_gmt":"2026-01-14T15:37:37","slug":"vallee-du-trient-vs","status":"publish","type":"page","link":"https:\/\/www.jugend-im-berggebiet.ch\/it\/un-marchio-per-i-comuni\/vallee-du-trient-vs\/","title":{"rendered":"Regione Vall\u00e9e du Trient (VS)"},"content":{"rendered":"\n<p>La regione \u00e8 costituita da due comuni, <strong>Salvan<\/strong> e <strong>Trient<\/strong>.<\/p>\n\n\n\n<h2 class=\"wp-block-heading\">Dati chiave di Salvan<\/h2>\n\n\n\n<div class=\"wp-block-columns is-layout-flex wp-container-core-columns-is-layout-9d6595d7 wp-block-columns-is-layout-flex\">\n<div class=\"wp-block-column is-layout-flow wp-block-column-is-layout-flow\" style=\"flex-basis:66.66%\">\n<ul class=\"wp-block-list\">\n<li>Cantone: Vallese<\/li>\n\n\n\n<li>Regione: Basso Vallese<\/li>\n\n\n\n<li>Abitanti: 1450<\/li>\n\n\n\n<li>Lingua ufficiale: francese<\/li>\n\n\n\n<li>Superficie in km<sup>2<\/sup>: 53.54<\/li>\n\n\n\n<li>Punto pi\u00f9 alto: 3\u2019220 m \u00fc. M. (Tour Sali\u00e8re)<\/li>\n\n\n\n<li>Punto pi\u00f9 basso: 480 m \u00fc. M. (Gueuroz)<\/li>\n\n\n\n<li>Sito web: <a href=\"https:\/\/www.salvan.ch\/\" target=\"_blank\" rel=\"noreferrer noopener\">www.salvan.ch<\/a><\/li>\n\n\n\n<li>Ricezione del marchio: 2024<\/li>\n<\/ul>\n\n\n\n<hr class=\"wp-block-separator has-css-opacity is-style-dots\"\/>\n\n\n\n<h2 class=\"wp-block-heading\">Successi<\/h2>\n\n\n\n<p><strong>Forum dei giovani della Valle di Trient<\/strong>: Nel dicembre 2022 si \u00e8 tenuto un forum regionale dei giovani. L&#8217;obiettivo era quello di elaborare misure concrete e, allo stesso tempo, creare un nuovo spazio di partecipazione e di dialogo. L&#8217;iniziativa mirava a riunire il maggior numero possibile di giovani, a dare loro voce e ad ascoltare i loro bisogni, le loro preoccupazioni e i loro desideri, al fine di raccogliere informazioni utili per l&#8217;elaborazione della politica giovanile comunale. Questo contesto ha permesso lo scambio in una dinamica inclusiva, la riflessione comune e il coinvolgimento dei giovani nelle decisioni locali. L&#8217;incontro si \u00e8 concluso con un momento conviviale durante un pasto condiviso.<\/p>\n\n\n\n<p><strong>Realizzazione dello skatepark<\/strong>: Nell&#8217;estate del 2025, \u00e8 stata installata a Salvan, nella localit\u00e0 di Tinderet, una nuova rampa per skateboard che offre ai giovani un lungo atteso punto di incontro. \u00c8 stata subito apprezzata dagli appassionati di skateboard e monopattino ed \u00e8 diventata un luogo di incontro e convivialit\u00e0. Prima di poter utilizzare l&#8217;impianto, i giovani hanno partecipato attivamente alla sua costruzione sotto la guida di un esperto e di Constance Michellod dell&#8217;<em>Action socioculturelle de la Vall\u00e9e du Trient<\/em> (ASVT). Anche il sostegno dei collaboratori comunali \u00e8 stato fondamentale per la buona riuscita di questo progetto comunitario.<\/p>\n\n\n\n<hr class=\"wp-block-separator has-css-opacity is-style-dots\"\/>\n\n\n\n<h2 class=\"wp-block-heading\">Progetti attuali<\/h2>\n\n\n\n<p><strong>Mostra nella scuola<\/strong>: Nel 2024 i bambini di Trient e Salvan, dalla 1\u00aa alla 8\u00aa classe, hanno condiviso le loro impressioni sul proprio villaggio. Hanno rappresentato ci\u00f2 che gli piace, ci\u00f2 che gli piace meno e come immaginano il loro \u00abvillaggio dei sogni\u00bb. Ogni classe ha utilizzato un metodo diverso: disegni, discussioni, foto scattate in famiglia e poi analizzate in classe, mappe giganti o testi brevi. L&#8217;obiettivo \u00e8 quello di presentare questi lavori \u2013 in particolare i disegni \u2013 in una piccola mostra per rendere accessibili i punti di vista e le idee degli studenti.<\/p>\n\n\n\n<p><strong>Accompagnamento<\/strong>: L&#8217;ASVT organizza incontri a Salvan, Trient e Vernayaz per offrire ai giovani uno spazio aperto e dinamico. Per l&#8217;accompagnamento di questi incontri, l&#8217;associazione \u00e8 alla ricerca di persone tra i 16 e i 25 anni che desiderano impegnarsi nella propria regione e acquisire le prime esperienze nell&#8217;animazione socioculturale. Il loro compito consiste nell&#8217;accogliere i partecipanti, accompagnare i gruppi, condurre le attivit\u00e0 e sostenere la squadra. Questo impegno permette loro di sviluppare diverse competenze e, allo stesso tempo, di partecipare attivamente alla vita della Valle di Trient.<\/p>\n\n\n\n<hr class=\"wp-block-separator has-css-opacity is-style-dots\"\/>\n\n\n\n<h2 class=\"wp-block-heading\">Difficolt\u00e0<\/h2>\n\n\n\n<p><strong>Piattaforma con offerte di lavoro (lavori part-time, posti di tirocinio)<\/strong>: La creazione di una piattaforma per i giovani con lavori part-time, stage e contatti con aziende che offrono tirocini \u00e8 un progetto ambizioso. Per la sua realizzazione \u00e8 necessario consultare numerosi partner, al fine di sviluppare uno strumento utile e adeguato alle esigenze locali.<\/p>\n\n\n\n<p><strong>Inaugurazione dello skatepark<\/strong>: Lo skatepark non ha potuto essere inaugurato come previsto, a causa dei lavori di costruzione. Questo ritardo ha impedito il pieno successo del progetto. Tuttavia, il parco rimane un punto d&#8217;i ritrovo&#8217;incontro importante e un luogo centrale per le attivit\u00e0 sportive dei giovani del comune.<\/p>\n\n\n\n<hr class=\"wp-block-separator has-css-opacity is-style-dots\"\/>\n<\/div>\n\n\n\n<div class=\"wp-block-column is-layout-flow wp-block-column-is-layout-flow\" style=\"flex-basis:33.33%\">\n<figure class=\"wp-block-image size-full\"><a href=\"https:\/\/www.jugend-im-berggebiet.ch\/wp-content\/uploads\/2026\/01\/Salvan.png\"><img loading=\"lazy\" decoding=\"async\" width=\"417\" height=\"284\" src=\"https:\/\/www.jugend-im-berggebiet.ch\/wp-content\/uploads\/2026\/01\/Salvan.png\" alt=\"\" class=\"wp-image-8626\" srcset=\"https:\/\/www.jugend-im-berggebiet.ch\/wp-content\/uploads\/2026\/01\/Salvan.png 417w, https:\/\/www.jugend-im-berggebiet.ch\/wp-content\/uploads\/2026\/01\/Salvan-300x204.png 300w\" sizes=\"auto, (max-width: 417px) 100vw, 417px\" \/><\/a><\/figure>\n\n\n\n<p><\/p>\n\n\n\n<p><\/p>\n\n\n\n<p><\/p>\n\n\n\n<p><\/p>\n\n\n\n<p><\/p>\n\n\n\n<p><\/p>\n\n\n\n<p><\/p>\n\n\n\n<p><\/p>\n\n\n\n<p><\/p>\n\n\n\n<p><\/p>\n\n\n\n<p><\/p>\n\n\n\n<p><\/p>\n\n\n\n<p><\/p>\n<\/div>\n<\/div>\n\n\n\n<h2 class=\"wp-block-heading\">Foto<\/h2>\n\n\n\n<figure class=\"wp-block-gallery has-nested-images columns-3 is-cropped wp-block-gallery-1 is-layout-flex wp-block-gallery-is-layout-flex\">\n<figure class=\"wp-block-image size-large\"><a href=\"https:\/\/www.jugend-im-berggebiet.ch\/wp-content\/uploads\/2025\/04\/Vallee-du-Trient.jpg\"><img loading=\"lazy\" decoding=\"async\" width=\"1024\" height=\"768\" data-id=\"6318\" src=\"https:\/\/www.jugend-im-berggebiet.ch\/wp-content\/uploads\/2025\/04\/Vallee-du-Trient-1024x768.jpg\" alt=\"\" class=\"wp-image-6318\" srcset=\"https:\/\/www.jugend-im-berggebiet.ch\/wp-content\/uploads\/2025\/04\/Vallee-du-Trient-1024x768.jpg 1024w, https:\/\/www.jugend-im-berggebiet.ch\/wp-content\/uploads\/2025\/04\/Vallee-du-Trient-300x225.jpg 300w, https:\/\/www.jugend-im-berggebiet.ch\/wp-content\/uploads\/2025\/04\/Vallee-du-Trient-768x576.jpg 768w, https:\/\/www.jugend-im-berggebiet.ch\/wp-content\/uploads\/2025\/04\/Vallee-du-Trient-1536x1152.jpg 1536w, https:\/\/www.jugend-im-berggebiet.ch\/wp-content\/uploads\/2025\/04\/Vallee-du-Trient.jpg 1600w\" sizes=\"auto, (max-width: 1024px) 100vw, 1024px\" \/><\/a><figcaption class=\"wp-element-caption\">La consegna del marchio nel 2024<\/figcaption><\/figure>\n\n\n\n<figure class=\"wp-block-image size-large\"><a href=\"https:\/\/www.jugend-im-berggebiet.ch\/wp-content\/uploads\/2026\/01\/Salvan-6.jpg\"><img loading=\"lazy\" decoding=\"async\" width=\"1024\" height=\"682\" data-id=\"8679\" src=\"https:\/\/www.jugend-im-berggebiet.ch\/wp-content\/uploads\/2026\/01\/Salvan-6-1024x682.jpg\" alt=\"\" class=\"wp-image-8679\" srcset=\"https:\/\/www.jugend-im-berggebiet.ch\/wp-content\/uploads\/2026\/01\/Salvan-6-1024x682.jpg 1024w, https:\/\/www.jugend-im-berggebiet.ch\/wp-content\/uploads\/2026\/01\/Salvan-6-300x200.jpg 300w, https:\/\/www.jugend-im-berggebiet.ch\/wp-content\/uploads\/2026\/01\/Salvan-6-768x512.jpg 768w, https:\/\/www.jugend-im-berggebiet.ch\/wp-content\/uploads\/2026\/01\/Salvan-6.jpg 1379w\" sizes=\"auto, (max-width: 1024px) 100vw, 1024px\" \/><\/a><figcaption class=\"wp-element-caption\">Il centro del paese di Salvan<\/figcaption><\/figure>\n\n\n\n<figure class=\"wp-block-image size-large\"><a href=\"https:\/\/www.jugend-im-berggebiet.ch\/wp-content\/uploads\/2026\/01\/Salvan-5.jpg\"><img loading=\"lazy\" decoding=\"async\" width=\"1024\" height=\"576\" data-id=\"8695\" src=\"https:\/\/www.jugend-im-berggebiet.ch\/wp-content\/uploads\/2026\/01\/Salvan-5-1024x576.jpg\" alt=\"\" class=\"wp-image-8695\" srcset=\"https:\/\/www.jugend-im-berggebiet.ch\/wp-content\/uploads\/2026\/01\/Salvan-5-1024x576.jpg 1024w, https:\/\/www.jugend-im-berggebiet.ch\/wp-content\/uploads\/2026\/01\/Salvan-5-300x169.jpg 300w, https:\/\/www.jugend-im-berggebiet.ch\/wp-content\/uploads\/2026\/01\/Salvan-5-768x432.jpg 768w, https:\/\/www.jugend-im-berggebiet.ch\/wp-content\/uploads\/2026\/01\/Salvan-5.jpg 1375w\" sizes=\"auto, (max-width: 1024px) 100vw, 1024px\" \/><\/a><figcaption class=\"wp-element-caption\">Vista aerea di Salvan<\/figcaption><\/figure>\n\n\n\n<figure class=\"wp-block-image size-large\"><a href=\"https:\/\/www.jugend-im-berggebiet.ch\/wp-content\/uploads\/2026\/01\/Salvan-2.jpg\"><img loading=\"lazy\" decoding=\"async\" width=\"1024\" height=\"682\" data-id=\"8687\" src=\"https:\/\/www.jugend-im-berggebiet.ch\/wp-content\/uploads\/2026\/01\/Salvan-2-1024x682.jpg\" alt=\"\" class=\"wp-image-8687\" srcset=\"https:\/\/www.jugend-im-berggebiet.ch\/wp-content\/uploads\/2026\/01\/Salvan-2-1024x682.jpg 1024w, https:\/\/www.jugend-im-berggebiet.ch\/wp-content\/uploads\/2026\/01\/Salvan-2-300x200.jpg 300w, https:\/\/www.jugend-im-berggebiet.ch\/wp-content\/uploads\/2026\/01\/Salvan-2-768x512.jpg 768w, https:\/\/www.jugend-im-berggebiet.ch\/wp-content\/uploads\/2026\/01\/Salvan-2.jpg 1270w\" sizes=\"auto, (max-width: 1024px) 100vw, 1024px\" \/><\/a><figcaption class=\"wp-element-caption\">Alpe di Emaney<\/figcaption><\/figure>\n\n\n\n<figure class=\"wp-block-image size-large\"><a href=\"https:\/\/www.jugend-im-berggebiet.ch\/wp-content\/uploads\/2026\/01\/Salvan-4.jpg\"><img loading=\"lazy\" decoding=\"async\" width=\"685\" height=\"1024\" data-id=\"8691\" src=\"https:\/\/www.jugend-im-berggebiet.ch\/wp-content\/uploads\/2026\/01\/Salvan-4-685x1024.jpg\" alt=\"\" class=\"wp-image-8691\" srcset=\"https:\/\/www.jugend-im-berggebiet.ch\/wp-content\/uploads\/2026\/01\/Salvan-4-685x1024.jpg 685w, https:\/\/www.jugend-im-berggebiet.ch\/wp-content\/uploads\/2026\/01\/Salvan-4-201x300.jpg 201w, https:\/\/www.jugend-im-berggebiet.ch\/wp-content\/uploads\/2026\/01\/Salvan-4-768x1147.jpg 768w, https:\/\/www.jugend-im-berggebiet.ch\/wp-content\/uploads\/2026\/01\/Salvan-4.jpg 850w\" sizes=\"auto, (max-width: 685px) 100vw, 685px\" \/><\/a><figcaption class=\"wp-element-caption\">Sentiero attraverso la gola di Dailley<\/figcaption><\/figure>\n\n\n\n<figure class=\"wp-block-image size-large\"><a href=\"https:\/\/www.jugend-im-berggebiet.ch\/wp-content\/uploads\/2026\/01\/Salvan-3.jpg\"><img loading=\"lazy\" decoding=\"async\" width=\"682\" height=\"1024\" data-id=\"8682\" src=\"https:\/\/www.jugend-im-berggebiet.ch\/wp-content\/uploads\/2026\/01\/Salvan-3-682x1024.jpg\" alt=\"\" class=\"wp-image-8682\" srcset=\"https:\/\/www.jugend-im-berggebiet.ch\/wp-content\/uploads\/2026\/01\/Salvan-3-682x1024.jpg 682w, https:\/\/www.jugend-im-berggebiet.ch\/wp-content\/uploads\/2026\/01\/Salvan-3-200x300.jpg 200w, https:\/\/www.jugend-im-berggebiet.ch\/wp-content\/uploads\/2026\/01\/Salvan-3-768x1153.jpg 768w, https:\/\/www.jugend-im-berggebiet.ch\/wp-content\/uploads\/2026\/01\/Salvan-3.jpg 846w\" sizes=\"auto, (max-width: 682px) 100vw, 682px\" \/><\/a><figcaption class=\"wp-element-caption\">Gola di Dailley<\/figcaption><\/figure>\n<\/figure>\n\n\n\n<p><\/p>\n\n\n\n<hr class=\"wp-block-separator has-alpha-channel-opacity\"\/>\n\n\n\n<h2 class=\"wp-block-heading\">Dati chiave di Trient<\/h2>\n\n\n\n<div class=\"wp-block-columns is-layout-flex wp-container-core-columns-is-layout-9d6595d7 wp-block-columns-is-layout-flex\">\n<div class=\"wp-block-column is-layout-flow wp-block-column-is-layout-flow\" style=\"flex-basis:66.66%\">\n<ul class=\"wp-block-list\">\n<li>Cantone: Vallese<\/li>\n\n\n\n<li>Regione: Basso Vallese<\/li>\n\n\n\n<li>Abitanti: 174<\/li>\n\n\n\n<li>Lingua ufficiale: francese<\/li>\n\n\n\n<li>Superficie&nbsp;in km<sup>2<\/sup>: 39.55<\/li>\n\n\n\n<li>Punto pi\u00f9 alto: 3&#8217;519 m \u00fc. M. (Aiguilles Dor\u00e9es)<\/li>\n\n\n\n<li>Punto pi\u00f9 basso: 925 m \u00fc. M. (Pont-de-Pierre)<\/li>\n\n\n\n<li>Sito web: <a href=\"https:\/\/www.trient.ch\/\" target=\"_blank\" rel=\"noreferrer noopener\">www.trient.ch<\/a><\/li>\n\n\n\n<li>Ricezione del marchio: 2024<\/li>\n<\/ul>\n\n\n\n<hr class=\"wp-block-separator has-css-opacity is-style-dots\"\/>\n\n\n\n<h2 class=\"wp-block-heading\">Successi<\/h2>\n\n\n\n<p><strong>Forum dei giovani della Valle di Trient<\/strong>: Nel dicembre 2022 si \u00e8 tenuto un forum regionale dei giovani. L&#8217;obiettivo era quello di elaborare misure concrete e, allo stesso tempo, creare un nuovo spazio di partecipazione e di dialogo. L&#8217;iniziativa mirava a riunire il maggior numero possibile di giovani, a dare loro voce e ad ascoltare i loro bisogni, le loro preoccupazioni e i loro desideri, al fine di raccogliere informazioni utili per l&#8217;elaborazione della politica giovanile comunale. Questo contesto ha permesso lo scambio in una dinamica inclusiva, la riflessione comune e il coinvolgimento dei giovani nelle decisioni locali. L&#8217;incontro si \u00e8 concluso con un momento conviviale durante un pasto condiviso.<\/p>\n\n\n\n<hr class=\"wp-block-separator has-css-opacity is-style-dots\"\/>\n\n\n\n<h2 class=\"wp-block-heading\">Progetti attuali<\/h2>\n\n\n\n<p><strong>Mostra nella scuola<\/strong>: Nel 2024 i bambini di Trient e Salvan, dalla 1\u00aa alla 8\u00aa classe, hanno condiviso le loro impressioni sul proprio villaggio. Hanno rappresentato ci\u00f2 che gli piace, ci\u00f2 che gli piace meno e come immaginano il loro \u00abvillaggio dei sogni\u00bb. Ogni classe ha utilizzato un metodo diverso: disegni, discussioni, foto scattate in famiglia e poi analizzate in classe, mappe giganti o testi brevi. L&#8217;obiettivo \u00e8 quello di presentare questi lavori \u2013 in particolare i disegni \u2013 in una piccola mostra per rendere accessibili i punti di vista e le idee degli studenti.<\/p>\n\n\n\n<p><strong>Hotel \u00abC\u0153ur du Glacier\u00bb<\/strong>: I lavori di costruzione dell&#8217;hotel procedono bene. Questo edificio multifunzionale comprender\u00e0 un caff\u00e8 con ristorante, un negozio di alimentari, una sala polivalente, una mostra permanente, appartamenti e un ufficio turistico, arricchendo cos\u00ec la vita del villaggio. Dei sei appartamenti previsti, quattro appartamenti di 2,5 locali saranno specificamente per i giovani con reddito modesto. Essi offrono quindi soluzioni abitative adeguate, migliorando al contempo l&#8217;attrattivit\u00e0 del comune e l&#8217;offerta di servizi per la popolazione.<\/p>\n\n\n\n<p><strong>Accompagnamento<\/strong>: L&#8217;ASVT organizza incontri a Salvan, Trient e Vernayaz per offrire ai giovani uno spazio aperto e dinamico. Per l&#8217;accompagnamento di questi incontri, l&#8217;associazione \u00e8 alla ricerca di persone tra i 16 e i 25 anni che desiderano impegnarsi nella propria regione e acquisire le prime esperienze nell&#8217;animazione socioculturale. Il loro compito consiste nell&#8217;accogliere i partecipanti, accompagnare i gruppi, condurre le attivit\u00e0 e sostenere la squadra. Questo impegno permette loro di sviluppare diverse competenze e, allo stesso tempo, di partecipare attivamente alla vita della Valle di Trient.<\/p>\n\n\n\n<hr class=\"wp-block-separator has-css-opacity is-style-dots\"\/>\n\n\n\n<h2 class=\"wp-block-heading\">Difficolt\u00e0<\/h2>\n\n\n\n<p><strong>Piattaforma con offerte di lavoro (lavori part-time, posti di tirocinio)<\/strong>: La creazione di una piattaforma per i giovani con lavori part-time, stage e contatti con aziende che offrono tirocini \u00e8 un progetto ambizioso. Per la sua realizzazione \u00e8 necessario consultare numerosi partner, al fine di sviluppare uno strumento utile e adeguato alle esigenze locali.<\/p>\n\n\n\n<p><strong>Mobilit\u00e0<\/strong>: La mobilit\u00e0 rimane una grande sfida a Trient. Il paese \u00e8 collegato in modo insufficiente al servizio autobus e le stazioni ferroviarie vicine non sono collegate, tranne che in estate tramite un bus navetta. I giovani e gli abitanti senza patente dipendono dalla solidarit\u00e0 degli altri, poich\u00e9 la maggior parte delle persone si sposta in macchina.<\/p>\n\n\n\n<p><strong>Sviluppo demografico<\/strong>: Le differenze di et\u00e0 tra i giovani del comune e il basso numero di bambini e adolescenti rendono difficile creare una dinamica di gruppo.<\/p>\n\n\n\n<hr class=\"wp-block-separator has-css-opacity is-style-dots\"\/>\n<\/div>\n\n\n\n<div class=\"wp-block-column is-layout-flow wp-block-column-is-layout-flow\" style=\"flex-basis:33.33%\">\n<figure class=\"wp-block-image size-full\"><a href=\"https:\/\/www.jugend-im-berggebiet.ch\/wp-content\/uploads\/2026\/01\/Trient.png\"><img loading=\"lazy\" decoding=\"async\" width=\"674\" height=\"458\" src=\"https:\/\/www.jugend-im-berggebiet.ch\/wp-content\/uploads\/2026\/01\/Trient.png\" alt=\"\" class=\"wp-image-8634\" srcset=\"https:\/\/www.jugend-im-berggebiet.ch\/wp-content\/uploads\/2026\/01\/Trient.png 674w, https:\/\/www.jugend-im-berggebiet.ch\/wp-content\/uploads\/2026\/01\/Trient-300x204.png 300w\" sizes=\"auto, (max-width: 674px) 100vw, 674px\" \/><\/a><\/figure>\n\n\n\n<p><\/p>\n\n\n\n<p><\/p>\n\n\n\n<p><\/p>\n\n\n\n<p><\/p>\n\n\n\n<p><\/p>\n\n\n\n<p><\/p>\n\n\n\n<p><\/p>\n\n\n\n<p><\/p>\n\n\n\n<p><\/p>\n\n\n\n<p><\/p>\n\n\n\n<p><\/p>\n\n\n\n<p><\/p>\n\n\n\n<p><\/p>\n<\/div>\n<\/div>\n\n\n\n<h2 class=\"wp-block-heading\">Foto<\/h2>\n\n\n\n<figure class=\"wp-block-gallery has-nested-images columns-2 is-cropped wp-block-gallery-2 is-layout-flex wp-block-gallery-is-layout-flex\">\n<figure class=\"wp-block-image size-large\"><a href=\"https:\/\/www.jugend-im-berggebiet.ch\/wp-content\/uploads\/2026\/01\/Trient-1.jpg\"><img loading=\"lazy\" decoding=\"async\" width=\"1024\" height=\"682\" data-id=\"8645\" src=\"https:\/\/www.jugend-im-berggebiet.ch\/wp-content\/uploads\/2026\/01\/Trient-1-1024x682.jpg\" alt=\"\" class=\"wp-image-8645\" srcset=\"https:\/\/www.jugend-im-berggebiet.ch\/wp-content\/uploads\/2026\/01\/Trient-1-1024x682.jpg 1024w, https:\/\/www.jugend-im-berggebiet.ch\/wp-content\/uploads\/2026\/01\/Trient-1-300x200.jpg 300w, https:\/\/www.jugend-im-berggebiet.ch\/wp-content\/uploads\/2026\/01\/Trient-1-768x512.jpg 768w, https:\/\/www.jugend-im-berggebiet.ch\/wp-content\/uploads\/2026\/01\/Trient-1.jpg 1379w\" sizes=\"auto, (max-width: 1024px) 100vw, 1024px\" \/><\/a><figcaption class=\"wp-element-caption\">Vista aerea di Trient<\/figcaption><\/figure>\n\n\n\n<figure class=\"wp-block-image size-large\"><a href=\"https:\/\/www.jugend-im-berggebiet.ch\/wp-content\/uploads\/2026\/01\/Trient-2.jpg\"><img loading=\"lazy\" decoding=\"async\" width=\"602\" height=\"338\" data-id=\"8647\" src=\"https:\/\/www.jugend-im-berggebiet.ch\/wp-content\/uploads\/2026\/01\/Trient-2.jpg\" alt=\"\" class=\"wp-image-8647\" srcset=\"https:\/\/www.jugend-im-berggebiet.ch\/wp-content\/uploads\/2026\/01\/Trient-2.jpg 602w, https:\/\/www.jugend-im-berggebiet.ch\/wp-content\/uploads\/2026\/01\/Trient-2-300x168.jpg 300w\" sizes=\"auto, (max-width: 602px) 100vw, 602px\" \/><\/a><figcaption class=\"wp-element-caption\">Sentiero lungo i canali di irrigazione (<em>bisses<\/em>) di Trient<\/figcaption><\/figure>\n\n\n\n<figure class=\"wp-block-image size-large\"><a href=\"https:\/\/www.jugend-im-berggebiet.ch\/wp-content\/uploads\/2026\/01\/Trient-2.png\"><img loading=\"lazy\" decoding=\"async\" width=\"602\" height=\"338\" data-id=\"8670\" src=\"https:\/\/www.jugend-im-berggebiet.ch\/wp-content\/uploads\/2026\/01\/Trient-2.png\" alt=\"\" class=\"wp-image-8670\" srcset=\"https:\/\/www.jugend-im-berggebiet.ch\/wp-content\/uploads\/2026\/01\/Trient-2.png 602w, https:\/\/www.jugend-im-berggebiet.ch\/wp-content\/uploads\/2026\/01\/Trient-2-300x168.png 300w\" sizes=\"auto, (max-width: 602px) 100vw, 602px\" \/><\/a><figcaption class=\"wp-element-caption\">Il locale \u00abBuvette du Glacier\u00bb nei pressi del ghiacciaio<\/figcaption><\/figure>\n\n\n\n<figure class=\"wp-block-image size-large\"><a href=\"https:\/\/www.jugend-im-berggebiet.ch\/wp-content\/uploads\/2026\/01\/Trient-4.jpg\"><img loading=\"lazy\" decoding=\"async\" width=\"682\" height=\"1024\" data-id=\"8657\" src=\"https:\/\/www.jugend-im-berggebiet.ch\/wp-content\/uploads\/2026\/01\/Trient-4-682x1024.jpg\" alt=\"\" class=\"wp-image-8657\" srcset=\"https:\/\/www.jugend-im-berggebiet.ch\/wp-content\/uploads\/2026\/01\/Trient-4-682x1024.jpg 682w, https:\/\/www.jugend-im-berggebiet.ch\/wp-content\/uploads\/2026\/01\/Trient-4-200x300.jpg 200w, https:\/\/www.jugend-im-berggebiet.ch\/wp-content\/uploads\/2026\/01\/Trient-4-768x1152.jpg 768w, https:\/\/www.jugend-im-berggebiet.ch\/wp-content\/uploads\/2026\/01\/Trient-4-1024x1536.jpg 1024w, https:\/\/www.jugend-im-berggebiet.ch\/wp-content\/uploads\/2026\/01\/Trient-4.jpg 1053w\" sizes=\"auto, (max-width: 682px) 100vw, 682px\" \/><\/a><figcaption class=\"wp-element-caption\">Da <em>T\u00eate Noire<\/em> c&#8217;\u00e8 un sentiero attraverso le <em>Gorges Myst\u00e9rieuses<\/em> (gole misteriose).<\/figcaption><\/figure>\n<\/figure>\n\n\n\n<p><\/p>\n","protected":false},"excerpt":{"rendered":"<p>La regione \u00e8 costituita da due comuni, Salvan e Trient. Dati chiave di Salvan Cantone: Vallese Regione: Basso Vallese Abitanti: 1450 Lingua ufficiale: francese Superficie in km2: 53.54 Punto pi\u00f9 alto: 3\u2019220 m \u00fc. M. (Tour Sali\u00e8re) Punto pi\u00f9 basso: 480 m \u00fc. M. (Gueuroz) Sito web: www.salvan.ch Ricezione del marchio: 2024 Successi Forum dei [&hellip;]<\/p>\n","protected":false},"author":5,"featured_media":0,"parent":599,"menu_order":0,"comment_status":"closed","ping_status":"closed","template":"template-fullwidth.php","meta":{"footnotes":""},"class_list":["post-7780","page","type-page","status-publish","hentry"],"_links":{"self":[{"href":"https:\/\/www.jugend-im-berggebiet.ch\/it\/wp-json\/wp\/v2\/pages\/7780","targetHints":{"allow":["GET"]}}],"collection":[{"href":"https:\/\/www.jugend-im-berggebiet.ch\/it\/wp-json\/wp\/v2\/pages"}],"about":[{"href":"https:\/\/www.jugend-im-berggebiet.ch\/it\/wp-json\/wp\/v2\/types\/page"}],"author":[{"embeddable":true,"href":"https:\/\/www.jugend-im-berggebiet.ch\/it\/wp-json\/wp\/v2\/users\/5"}],"replies":[{"embeddable":true,"href":"https:\/\/www.jugend-im-berggebiet.ch\/it\/wp-json\/wp\/v2\/comments?post=7780"}],"version-history":[{"count":16,"href":"https:\/\/www.jugend-im-berggebiet.ch\/it\/wp-json\/wp\/v2\/pages\/7780\/revisions"}],"predecessor-version":[{"id":8769,"href":"https:\/\/www.jugend-im-berggebiet.ch\/it\/wp-json\/wp\/v2\/pages\/7780\/revisions\/8769"}],"up":[{"embeddable":true,"href":"https:\/\/www.jugend-im-berggebiet.ch\/it\/wp-json\/wp\/v2\/pages\/599"}],"wp:attachment":[{"href":"https:\/\/www.jugend-im-berggebiet.ch\/it\/wp-json\/wp\/v2\/media?parent=7780"}],"curies":[{"name":"wp","href":"https:\/\/api.w.org\/{rel}","templated":true}]}}